{"id":18036,"date":"2025-09-20T03:37:47","date_gmt":"2025-09-20T03:37:47","guid":{"rendered":"https:\/\/fumot-vaping.de\/?post_type=product&#038;p=18036"},"modified":"2025-09-20T03:37:47","modified_gmt":"2025-09-20T03:37:47","slug":"lavie-bar-1600-puffs-vape","status":"publish","type":"product","link":"https:\/\/fumot-vaping.de\/nl\/product\/lavie-bar-1600-puffs-vape\/","title":{"rendered":"Lavie Bar 1600 Puffs  Vape"},"content":{"rendered":"<p data-start=\"268\" data-end=\"899\">Erleben Sie die <strong data-start=\"284\" data-end=\"308\">Lavie Bar 1600 Puffs<\/strong>, die perfekte Einweg-E-Zigarette f\u00fcr unterwegs. Mit bis zu <strong data-start=\"368\" data-end=\"383\">1.600 Z\u00fcgen<\/strong> liefert sie intensiven Dampfgenuss und eine gleichbleibende Nikotinaufnahme. Der handliche, leichte Stab ist ideal f\u00fcr Einsteiger und erfahrene Dampfer gleicherma\u00dfen. W\u00e4hlen Sie aus <strong data-start=\"566\" data-end=\"607\">20 einzigartigen Geschmacksrichtungen<\/strong>, von fruchtig-s\u00fc\u00df bis exotisch-cremig, darunter <strong data-start=\"656\" data-end=\"702\">Strawberry Coco, Mango Ice, Watermelon Ice<\/strong> und viele mehr. Die Lavie Bar \u00fcberzeugt durch ihre einfache Handhabung, sofortige Einsatzbereitschaft ohne Nachf\u00fcllen oder Aufladen und sorgt f\u00fcr ein komfortables, langanhaltendes Dampferlebnis.<\/p>\n<h2 data-start=\"906\" data-end=\"932\"><strong data-start=\"910\" data-end=\"930\">Lavie Bar 1600 Produktparameter<\/strong><\/h2>\n<ul data-start=\"933\" data-end=\"1230\">\n<li data-start=\"933\" data-end=\"965\">\n<p data-start=\"935\" data-end=\"965\"><strong data-start=\"935\" data-end=\"951\">Puff-Anzahl:<\/strong> 1.600 Puffs<\/p>\n<\/li>\n<li data-start=\"966\" data-end=\"1014\">\n<p data-start=\"968\" data-end=\"1014\"><strong data-start=\"968\" data-end=\"1002\">E-Liquid-Geschmacksrichtungen:<\/strong> 20 Sorten<\/p>\n<\/li>\n<li data-start=\"1015\" data-end=\"1073\">\n<p data-start=\"1017\" data-end=\"1073\"><strong data-start=\"1017\" data-end=\"1035\">Nicotinegehalte:<\/strong> Standard 2% \/ 5% (je nach Variante)<\/p>\n<\/li>\n<li data-start=\"1074\" data-end=\"1122\">\n<p data-start=\"1076\" data-end=\"1122\"><strong data-start=\"1076\" data-end=\"1089\">Batterij:<\/strong> Nicht wiederaufladbar (Einweg)<\/p>\n<\/li>\n<li data-start=\"1123\" data-end=\"1171\">\n<p data-start=\"1125\" data-end=\"1171\"><strong data-start=\"1125\" data-end=\"1136\">System:<\/strong> Vorgef\u00fcllt, sofort einsatzbereit<\/p>\n<\/li>\n<li data-start=\"1172\" data-end=\"1230\">\n<p data-start=\"1174\" data-end=\"1230\"><strong data-start=\"1174\" data-end=\"1194\">Gr\u00f6\u00dfe &amp; Gewicht:<\/strong> Kompakt, leicht zu transportieren<\/p>\n<\/li>\n<\/ul>\n<h2 data-start=\"1237\" data-end=\"1278\"><strong data-start=\"1241\" data-end=\"1276\">Lavie Bar 1600 Verf\u00fcgbare Geschmacksrichtungen<\/strong><\/h2>\n<ol data-start=\"1279\" data-end=\"1659\">\n<li data-start=\"1279\" data-end=\"1296\">\n<p data-start=\"1282\" data-end=\"1296\">Suikerspin<\/p>\n<\/li>\n<li data-start=\"1297\" data-end=\"1317\">\n<p data-start=\"1300\" data-end=\"1317\">Strawberry Coco<\/p>\n<\/li>\n<li data-start=\"1318\" data-end=\"1332\">\n<p data-start=\"1321\" data-end=\"1332\">Pineapple<\/p>\n<\/li>\n<li data-start=\"1333\" data-end=\"1347\">\n<p data-start=\"1336\" data-end=\"1347\">Mango-ijs<\/p>\n<\/li>\n<li data-start=\"1348\" data-end=\"1362\">\n<p data-start=\"1351\" data-end=\"1362\">Perzik ijs<\/p>\n<\/li>\n<li data-start=\"1363\" data-end=\"1382\">\n<p data-start=\"1366\" data-end=\"1382\">Watermeloen ijs<\/p>\n<\/li>\n<li data-start=\"1383\" data-end=\"1399\">\n<p data-start=\"1386\" data-end=\"1399\">Gemengde bes<\/p>\n<\/li>\n<li data-start=\"1400\" data-end=\"1423\">\n<p data-start=\"1403\" data-end=\"1423\">Grape Orange Apple<\/p>\n<\/li>\n<li data-start=\"1424\" data-end=\"1447\">\n<p data-start=\"1427\" data-end=\"1447\">Orange Mango Guava<\/p>\n<\/li>\n<li data-start=\"1448\" data-end=\"1467\">\n<p data-start=\"1452\" data-end=\"1467\">Bosbessen ijs<\/p>\n<\/li>\n<li data-start=\"1468\" data-end=\"1486\">\n<p data-start=\"1472\" data-end=\"1486\">Coconut Milk<\/p>\n<\/li>\n<li data-start=\"1487\" data-end=\"1499\">\n<p data-start=\"1491\" data-end=\"1499\">Litchi<\/p>\n<\/li>\n<li data-start=\"1500\" data-end=\"1515\">\n<p data-start=\"1504\" data-end=\"1515\">Meloenijs<\/p>\n<\/li>\n<li data-start=\"1516\" data-end=\"1531\">\n<p data-start=\"1520\" data-end=\"1531\">Guava Ice<\/p>\n<\/li>\n<li data-start=\"1532\" data-end=\"1550\">\n<p data-start=\"1536\" data-end=\"1550\">Purple Grape<\/p>\n<\/li>\n<li data-start=\"1551\" data-end=\"1563\">\n<p data-start=\"1555\" data-end=\"1563\">Yakult<\/p>\n<\/li>\n<li data-start=\"1564\" data-end=\"1598\">\n<p data-start=\"1568\" data-end=\"1598\">Greenbeans Coconutmilk (GCM)<\/p>\n<\/li>\n<li data-start=\"1599\" data-end=\"1613\">\n<p data-start=\"1603\" data-end=\"1613\">Cola Ijs<\/p>\n<\/li>\n<li data-start=\"1614\" data-end=\"1632\">\n<p data-start=\"1618\" data-end=\"1632\">Dubbele appel<\/p>\n<\/li>\n<li data-start=\"1633\" data-end=\"1659\">\n<p data-start=\"1637\" data-end=\"1659\">Strawberry Mango Ice<\/p>\n<\/li>\n<\/ol>","protected":false},"excerpt":{"rendered":"<p><strong>Lavie Bar 1600 Puffs<\/strong> \u2013 Einweg E-Zigarette mit 20 leckeren Geschmacksrichtungen wie Mango Ice, Strawberry Coco &amp; Watermelon Ice. Einfach, kompakt &amp; nikotinhaltig.<\/p>","protected":false},"featured_media":18085,"comment_status":"open","ping_status":"closed","template":"","meta":[],"product_brand":[],"product_cat":[115],"product_tag":[94,91,96,97],"class_list":{"0":"post-18036","1":"product","2":"type-product","3":"status-publish","4":"has-post-thumbnail","6":"product_cat-lavie-disposable-vape","7":"product_tag-big-puffs-vape","8":"product_tag-box-stil-fumot-vape","9":"product_tag-nicotine-free-vape","10":"product_tag-rechargeable-vape","12":"first","13":"instock","14":"shipping-taxable","15":"purchasable","16":"product-type-variable"},"_links":{"self":[{"href":"https:\/\/fumot-vaping.de\/nl\/wp-json\/wp\/v2\/product\/18036","targetHints":{"allow":["GET"]}}],"collection":[{"href":"https:\/\/fumot-vaping.de\/nl\/wp-json\/wp\/v2\/product"}],"about":[{"href":"https:\/\/fumot-vaping.de\/nl\/wp-json\/wp\/v2\/types\/product"}],"replies":[{"embeddable":true,"href":"https:\/\/fumot-vaping.de\/nl\/wp-json\/wp\/v2\/comments?post=18036"}],"version-history":[{"count":1,"href":"https:\/\/fumot-vaping.de\/nl\/wp-json\/wp\/v2\/product\/18036\/revisions"}],"predecessor-version":[{"id":18088,"href":"https:\/\/fumot-vaping.de\/nl\/wp-json\/wp\/v2\/product\/18036\/revisions\/18088"}],"wp:featuredmedia":[{"embeddable":true,"href":"https:\/\/fumot-vaping.de\/nl\/wp-json\/wp\/v2\/media\/18085"}],"wp:attachment":[{"href":"https:\/\/fumot-vaping.de\/nl\/wp-json\/wp\/v2\/media?parent=18036"}],"wp:term":[{"taxonomy":"product_brand","embeddable":true,"href":"https:\/\/fumot-vaping.de\/nl\/wp-json\/wp\/v2\/product_brand?post=18036"},{"taxonomy":"product_cat","embeddable":true,"href":"https:\/\/fumot-vaping.de\/nl\/wp-json\/wp\/v2\/product_cat?post=18036"},{"taxonomy":"product_tag","embeddable":true,"href":"https:\/\/fumot-vaping.de\/nl\/wp-json\/wp\/v2\/product_tag?post=18036"}],"curies":[{"name":"wp","href":"https:\/\/api.w.org\/{rel}","templated":true}]}}