{"id":16539,"date":"2025-08-12T00:55:49","date_gmt":"2025-08-12T00:55:49","guid":{"rendered":"https:\/\/fumot-vaping.de\/?post_type=product&#038;p=16539"},"modified":"2025-11-20T02:58:54","modified_gmt":"2025-11-20T02:58:54","slug":"jnr-infinity-box-10700-puff-einweg-vape","status":"publish","type":"product","link":"https:\/\/fumot-vaping.de\/nl\/product\/jnr-infinity-box-10700-puff-einweg-vape\/","title":{"rendered":"JNR INFINITY-BOX 10700 PUFF Einweg Vape"},"content":{"rendered":"<h2 data-start=\"140\" data-end=\"239\"><strong data-start=\"143\" data-end=\"239\">JNR INFINITY-BOX 10700 PUFF \u2013 Maximales Dampferlebnis ohne Laden | Jetzt bei fumot-vaping.de<\/strong><\/h2>\n<p data-start=\"241\" data-end=\"600\">De <strong data-start=\"245\" data-end=\"276\">JNR INFINITY-BOX 10700 PUFF<\/strong> ist die perfekte Wahl f\u00fcr alle, die ein leistungsstarkes, komfortables und stilvolles <strong data-start=\"363\" data-end=\"384\">Einweg-Vape-Ger\u00e4t<\/strong> suchen. Mit <strong data-start=\"397\" data-end=\"417\">ca. 10.700 Z\u00fcgen<\/strong>, einem besonders <strong data-start=\"435\" data-end=\"465\">ausdauernden 2200\u202fmAh Akku<\/strong> und einem gro\u00dfz\u00fcgigen <strong data-start=\"488\" data-end=\"511\">15\u202fml E-Liquid-Tank<\/strong> garantiert dieses Ger\u00e4t ein langes und gleichm\u00e4\u00dfiges Dampferlebnis \u2013 ganz ohne Aufladen!<\/p>\n<p data-start=\"602\" data-end=\"906\">De combinatie van <strong data-start=\"622\" data-end=\"653\">konstanter Ausgangsleistung<\/strong>, <strong data-start=\"655\" data-end=\"679\">ergonomischem Design<\/strong> und der edlen <strong data-start=\"694\" data-end=\"725\">Hi-Tech-Magmatic-Oberfl\u00e4che<\/strong> macht das Dampfen nicht nur komfortabel, sondern auch optisch ansprechend. Dank des <strong data-start=\"810\" data-end=\"831\">kompakten Formats<\/strong> ist die INFINITY-BOX ideal f\u00fcr unterwegs \u2013 einfach auspacken und loslegen!<\/p>\n<h2 data-start=\"913\" data-end=\"954\"><strong data-start=\"920\" data-end=\"954\">JNR INFINITY-BOX 10700 Technische Daten im \u00dcberblick:<\/strong><\/h2>\n<ul data-start=\"956\" data-end=\"1345\">\n<li data-start=\"956\" data-end=\"991\">\n<p data-start=\"958\" data-end=\"991\"><strong data-start=\"958\" data-end=\"972\">Aantal treinen:<\/strong> ca. 10.700 Puffs<\/p>\n<\/li>\n<li data-start=\"992\" data-end=\"1026\">\n<p data-start=\"994\" data-end=\"1026\"><strong data-start=\"994\" data-end=\"1007\">E-vloeistof:<\/strong> 15\u202fml vorgef\u00fcllt<\/p>\n<\/li>\n<li data-start=\"1027\" data-end=\"1067\">\n<p data-start=\"1029\" data-end=\"1067\"><strong data-start=\"1029\" data-end=\"1038\">Batterij:<\/strong> 2200\u202fmAh (nicht aufladbar)<\/p>\n<\/li>\n<li data-start=\"1068\" data-end=\"1113\">\n<p data-start=\"1070\" data-end=\"1113\"><strong data-start=\"1070\" data-end=\"1087\">Ladefunktion:<\/strong> Kein Aufladen notwendig<\/p>\n<\/li>\n<li data-start=\"1114\" data-end=\"1185\">\n<p data-start=\"1116\" data-end=\"1185\"><strong data-start=\"1116\" data-end=\"1129\">Prestaties:<\/strong> Konstante Ausgangsleistung f\u00fcr gleichbleibenden Dampf<\/p>\n<\/li>\n<li data-start=\"1186\" data-end=\"1231\">\n<p data-start=\"1188\" data-end=\"1231\"><strong data-start=\"1188\" data-end=\"1199\">Ontwerp:<\/strong> Kompakt, ergonomisch &amp; modern<\/p>\n<\/li>\n<li data-start=\"1232\" data-end=\"1295\">\n<p data-start=\"1234\" data-end=\"1295\"><strong data-start=\"1234\" data-end=\"1249\">Oberfl\u00e4che:<\/strong> Hi-Tech Magmatic Finishing \u2013 edel &amp; griffig<\/p>\n<\/li>\n<li data-start=\"1296\" data-end=\"1345\">\n<p data-start=\"1298\" data-end=\"1345\"><strong data-start=\"1298\" data-end=\"1306\">Type:<\/strong> E-sigaret voor eenmalig gebruik (vape voor eenmalig gebruik)<\/p>\n<\/li>\n<\/ul>\n<h2 data-start=\"1352\" data-end=\"1384\"><strong data-start=\"1359\" data-end=\"1382\">Opmerking over nicotine:<\/strong><\/h2>\n<p data-start=\"1385\" data-end=\"1569\">Dieses Ger\u00e4t kann je nach Ausf\u00fchrung Nikotin enthalten. <strong data-start=\"1441\" data-end=\"1493\">Nikotinsalz ist ein stark suchterzeugender Stoff<\/strong>. Nicht geeignet f\u00fcr Nichtraucher, Schwangere oder Personen unter 18 Jahren.<\/p>\n<h2 data-start=\"1576\" data-end=\"1619\"><strong data-start=\"1583\" data-end=\"1619\">JNR INFINITY-BOX 10700 Verf\u00fcgbare Geschmacksrichtungen:<\/strong><\/h2>\n<ul data-start=\"1621\" data-end=\"2015\">\n<li data-start=\"1621\" data-end=\"1639\">\n<p data-start=\"1623\" data-end=\"1639\">Driedubbele bessen<\/p>\n<\/li>\n<li data-start=\"1640\" data-end=\"1669\">\n<p data-start=\"1642\" data-end=\"1669\">Aardbeienwatermeloenijs<\/p>\n<\/li>\n<li data-start=\"1670\" data-end=\"1689\">\n<p data-start=\"1672\" data-end=\"1689\">Aardbei Kiwi<\/p>\n<\/li>\n<li data-start=\"1690\" data-end=\"1707\">\n<p data-start=\"1692\" data-end=\"1707\">Ananas-ijs<\/p>\n<\/li>\n<li data-start=\"1708\" data-end=\"1720\">\n<p data-start=\"1710\" data-end=\"1720\">Liefde 419<\/p>\n<\/li>\n<li data-start=\"1721\" data-end=\"1744\">\n<p data-start=\"1723\" data-end=\"1744\">Kiwi watermeloen ijs<\/p>\n<\/li>\n<li data-start=\"1745\" data-end=\"1763\">\n<p data-start=\"1747\" data-end=\"1763\">Watermeloen ijs<\/p>\n<\/li>\n<li data-start=\"1764\" data-end=\"1783\">\n<p data-start=\"1766\" data-end=\"1783\">Bosbes Perzik<\/p>\n<\/li>\n<li data-start=\"1784\" data-end=\"1804\">\n<p data-start=\"1786\" data-end=\"1804\">Blauwe kers<\/p>\n<\/li>\n<li data-start=\"1805\" data-end=\"1830\">\n<p data-start=\"1807\" data-end=\"1830\">Bosbes Granaatappel<\/p>\n<\/li>\n<li data-start=\"1831\" data-end=\"1843\">\n<p data-start=\"1833\" data-end=\"1843\">Mr Blauw<\/p>\n<\/li>\n<li data-start=\"1844\" data-end=\"1864\">\n<p data-start=\"1846\" data-end=\"1864\">Aardbei Druif<\/p>\n<\/li>\n<li data-start=\"1865\" data-end=\"1884\">\n<p data-start=\"1867\" data-end=\"1884\">Passiemonster<\/p>\n<\/li>\n<li data-start=\"1885\" data-end=\"1913\">\n<p data-start=\"1887\" data-end=\"1913\">Bosbes Zure Framboos<\/p>\n<\/li>\n<li data-start=\"1914\" data-end=\"1934\">\n<p data-start=\"1916\" data-end=\"1934\">Bosbes op ijs<\/p>\n<\/li>\n<li data-start=\"1935\" data-end=\"1949\">\n<p data-start=\"1937\" data-end=\"1949\">Zure appel<\/p>\n<\/li>\n<li data-start=\"1950\" data-end=\"1968\">\n<p data-start=\"1952\" data-end=\"1968\">Aardbeienijs<\/p>\n<\/li>\n<li data-start=\"1969\" data-end=\"1984\">\n<p data-start=\"1971\" data-end=\"1984\">Perzik Mango<\/p>\n<\/li>\n<li data-start=\"1985\" data-end=\"2001\">\n<p data-start=\"1987\" data-end=\"2001\">Citroen &amp; Limoen<\/p>\n<\/li>\n<li data-start=\"2002\" data-end=\"2015\">\n<p data-start=\"2004\" data-end=\"2015\">Druivenijs<\/p>\n<\/li>\n<\/ul>\n<h2 data-start=\"2022\" data-end=\"2091\"><strong data-start=\"2028\" data-end=\"2091\">Warum JNR INFINITY-BOX 10700 bei fumot-vaping.de bestellen?<\/strong><\/h2>\n<ul data-start=\"2093\" data-end=\"2336\">\n<li data-start=\"2093\" data-end=\"2139\">\n<p data-start=\"2095\" data-end=\"2139\">Hohe Zuganzahl: ca. 10.700 Puffs pro Ger\u00e4t<\/p>\n<\/li>\n<li data-start=\"2140\" data-end=\"2186\">\n<p data-start=\"2142\" data-end=\"2186\">Kein Aufladen n\u00f6tig \u2013 sofort einsatzbereit<\/p>\n<\/li>\n<li data-start=\"2187\" data-end=\"2243\">\n<p data-start=\"2189\" data-end=\"2243\">Grote selectie van <strong data-start=\"2206\" data-end=\"2241\">intensiven Frucht- &amp; Eis-Aromen<\/strong><\/p>\n<\/li>\n<li data-start=\"2244\" data-end=\"2286\">\n<p data-start=\"2246\" data-end=\"2286\">Edles Design &amp; langlebige Verarbeitung<\/p>\n<\/li>\n<li data-start=\"2287\" data-end=\"2336\">\n<p data-start=\"2289\" data-end=\"2336\">Schneller &amp; diskreter Versand aus Deutschland<\/p>\n<\/li>\n<\/ul>\n<p data-start=\"2338\" data-end=\"2472\">\ud83d\udc49 Nu de <strong data-start=\"2351\" data-end=\"2382\">JNR INFINITY-BOX 10700 PUFF<\/strong> met <a class=\"\" href=\"https:\/\/fumot-vaping.de\" target=\"_new\" rel=\"noopener\" data-start=\"2387\" data-end=\"2433\"><strong data-start=\"2388\" data-end=\"2407\">fumot-vaping.com<\/strong><\/a> entdecken und bequem online bestellen!<\/p>","protected":false},"excerpt":{"rendered":"<p><strong>JNR INFINITY-BOX 10700 PUFF<\/strong> \u2013 ca. 10.700 Z\u00fcge, 2200\u202fmAh Akku, 15\u202fml E-Liquid &amp; stylisches Hi-Tech-Design. Kein Aufladen n\u00f6tig! Jetzt bei fumot-vaping.de online kaufen.<\/p>","protected":false},"featured_media":16605,"comment_status":"open","ping_status":"closed","template":"","meta":[],"product_brand":[],"product_cat":[106],"product_tag":[],"class_list":{"0":"post-16539","1":"product","2":"type-product","3":"status-publish","4":"has-post-thumbnail","6":"product_cat-jnr-disposable-vape","8":"first","9":"outofstock","10":"shipping-taxable","11":"purchasable","12":"product-type-variable"},"_links":{"self":[{"href":"https:\/\/fumot-vaping.de\/nl\/wp-json\/wp\/v2\/product\/16539","targetHints":{"allow":["GET"]}}],"collection":[{"href":"https:\/\/fumot-vaping.de\/nl\/wp-json\/wp\/v2\/product"}],"about":[{"href":"https:\/\/fumot-vaping.de\/nl\/wp-json\/wp\/v2\/types\/product"}],"replies":[{"embeddable":true,"href":"https:\/\/fumot-vaping.de\/nl\/wp-json\/wp\/v2\/comments?post=16539"}],"version-history":[{"count":1,"href":"https:\/\/fumot-vaping.de\/nl\/wp-json\/wp\/v2\/product\/16539\/revisions"}],"predecessor-version":[{"id":16607,"href":"https:\/\/fumot-vaping.de\/nl\/wp-json\/wp\/v2\/product\/16539\/revisions\/16607"}],"wp:featuredmedia":[{"embeddable":true,"href":"https:\/\/fumot-vaping.de\/nl\/wp-json\/wp\/v2\/media\/16605"}],"wp:attachment":[{"href":"https:\/\/fumot-vaping.de\/nl\/wp-json\/wp\/v2\/media?parent=16539"}],"wp:term":[{"taxonomy":"product_brand","embeddable":true,"href":"https:\/\/fumot-vaping.de\/nl\/wp-json\/wp\/v2\/product_brand?post=16539"},{"taxonomy":"product_cat","embeddable":true,"href":"https:\/\/fumot-vaping.de\/nl\/wp-json\/wp\/v2\/product_cat?post=16539"},{"taxonomy":"product_tag","embeddable":true,"href":"https:\/\/fumot-vaping.de\/nl\/wp-json\/wp\/v2\/product_tag?post=16539"}],"curies":[{"name":"wp","href":"https:\/\/api.w.org\/{rel}","templated":true}]}}