{"id":9101,"date":"2025-04-30T03:15:08","date_gmt":"2025-04-30T03:15:08","guid":{"rendered":"https:\/\/fumot-vaping.de\/?post_type=product&#038;p=9101"},"modified":"2025-05-22T07:45:54","modified_gmt":"2025-05-22T07:45:54","slug":"randm-fumot-digital-box-12000-zuege-7","status":"publish","type":"product","link":"https:\/\/fumot-vaping.de\/it\/product\/randm-fumot-digital-box-12000-zuege-7\/","title":{"rendered":"RandM Fumot Digital Box 12000 puff monouso vape sapore di anguria"},"content":{"rendered":"<h3>RandM Fumot Digital Box 12000 puff monouso vape sapore di anguria<\/h3>\n<p>Il <strong>RandM Fumot Digital Box vape usa e getta con 12000 soffiate<\/strong>\u00a0\u00e8 stato progettato per i vapers che cercano un dispositivo potente, saporito e durevole. Con un massimo di <strong>12000 treni<\/strong>\u00a0questa sigaretta assicura un piacere duraturo senza compromettere il sapore e le prestazioni, pi\u00f9 precisamente: costante dalla prima all'ultima boccata.<\/p>\n<p>Dotata di una batteria da 550 mAh, la RandM Fumot offre prestazioni efficienti e stabili per un vaping fluido e senza interruzioni. Grazie alla funzione di ricarica rapida Type-C, la ricarica \u00e8 quasi senza sforzo, molto pi\u00f9 semplice rispetto ai modelli precedenti.<\/p>\n<p>Pre-riempita con 20 ml di liquido premium e disponibile nelle gradazioni di nicotina 0 %, 2 %, 3 % e 5 %, copre un'ampia gamma di esigenze di vaping. La bobina con mesh da 0,8 \u03a9 assicura un sapore pieno e uno sviluppo del vapore omogeneo a ogni boccata.<\/p>\n<p>Tra i 49 incredibili gusti, spicca in particolare Strawberry Watermelon. Combina il sapore dolce e maturo delle fragole con la freschezza succosa dell'anguria, creando un profilo aromatico perfettamente bilanciato. Ad ogni boccata sembra di mordere una ciotola ghiacciata di frutta mista: rinfrescante, dolce e piacevolmente delicata. Pi\u00f9 precisamente, si tratta di quel raro equilibrio in cui nessun frutto soffoca l'altro, creando un'esperienza di svapo morbida e naturalmente dolce.<\/p>\n<h2>RandM Fumot Digital Box Vape monouso con 12.000 soffi Caratteristiche:<\/h2>\n<p>Fino a 12.000 treni<\/p>\n<p>Batteria da 550 mAh<\/p>\n<p>Funzione di ricarica rapida Type-C<\/p>\n<p>Bobina con mesh da 0,8 \u03a9 per un vapore e un sapore migliori<\/p>\n<p>20 ml di e-liquid premium pre-riempito<\/p>\n<p>Dosaggi di nicotina: 0 %, 2 %, 3 %, 5 %<\/p>\n<p>49 gusti, tra cui fragola e cocomero<\/p>\n<p>200 pezzi per cartone<\/p>\n<p>Peso del cartone: 18 kg<\/p>\n<p>Dimensioni del cartone: 69,1 \u00d7 32 \u00d7 23,8 cm<\/p>\n<h2>RandM Fumot Scatola digitale 12000 treni<\/h2>\n<p>Descrizione del sapore di fragola e cocomero:<\/p>\n<p>Strawberry Watermelon offre un sapore perfettamente bilanciato, rinfrescante e dolce al tempo stesso. La naturale succosit\u00e0 dell'anguria si armonizza con la delicata dolcezza della fragola e offre un'esperienza di svapo leggera e aromatica, n\u00e9 troppo pesante n\u00e9 troppo ghiacciata: l'ideale per tutta la giornata.<\/p>\n<p>Il <strong>RandM Fumot Scatola digitale 12000 soffi<\/strong> al gusto di fragola e cocomero combina due classici dell'estate in un'unica elegante e affidabile svapata.<\/p>","protected":false},"excerpt":{"rendered":"<p>RandM Fumot Digital Box 12000 puff con aroma di fragola e cocomero, liquido da 20 ml, coil a rete, batteria da 550 mAh e ricarica rapida Type-C per un'esperienza di vaping fruttata.<\/p>","protected":false},"featured_media":9106,"comment_status":"open","ping_status":"closed","template":"","meta":[],"product_brand":[],"product_cat":[18],"product_tag":[91,85],"class_list":{"0":"post-9101","1":"product","2":"type-product","3":"status-publish","4":"has-post-thumbnail","6":"product_cat-randm-fumot-einweg-vape","7":"product_tag-box-stil-fumot-vape","8":"product_tag-fumot-12000-puffs","10":"first","11":"instock","12":"shipping-taxable","13":"purchasable","14":"product-type-variable"},"_links":{"self":[{"href":"https:\/\/fumot-vaping.de\/it\/wp-json\/wp\/v2\/product\/9101","targetHints":{"allow":["GET"]}}],"collection":[{"href":"https:\/\/fumot-vaping.de\/it\/wp-json\/wp\/v2\/product"}],"about":[{"href":"https:\/\/fumot-vaping.de\/it\/wp-json\/wp\/v2\/types\/product"}],"replies":[{"embeddable":true,"href":"https:\/\/fumot-vaping.de\/it\/wp-json\/wp\/v2\/comments?post=9101"}],"version-history":[{"count":1,"href":"https:\/\/fumot-vaping.de\/it\/wp-json\/wp\/v2\/product\/9101\/revisions"}],"predecessor-version":[{"id":9112,"href":"https:\/\/fumot-vaping.de\/it\/wp-json\/wp\/v2\/product\/9101\/revisions\/9112"}],"wp:featuredmedia":[{"embeddable":true,"href":"https:\/\/fumot-vaping.de\/it\/wp-json\/wp\/v2\/media\/9106"}],"wp:attachment":[{"href":"https:\/\/fumot-vaping.de\/it\/wp-json\/wp\/v2\/media?parent=9101"}],"wp:term":[{"taxonomy":"product_brand","embeddable":true,"href":"https:\/\/fumot-vaping.de\/it\/wp-json\/wp\/v2\/product_brand?post=9101"},{"taxonomy":"product_cat","embeddable":true,"href":"https:\/\/fumot-vaping.de\/it\/wp-json\/wp\/v2\/product_cat?post=9101"},{"taxonomy":"product_tag","embeddable":true,"href":"https:\/\/fumot-vaping.de\/it\/wp-json\/wp\/v2\/product_tag?post=9101"}],"curies":[{"name":"wp","href":"https:\/\/api.w.org\/{rel}","templated":true}]}}