{"id":9060,"date":"2025-04-26T07:12:56","date_gmt":"2025-04-26T07:12:56","guid":{"rendered":"https:\/\/fumot-vaping.de\/?post_type=product&#038;p=9060"},"modified":"2025-04-30T13:44:48","modified_gmt":"2025-04-30T13:44:48","slug":"randm-fumot-box-digitale-12000-vapezuege","status":"publish","type":"product","link":"https:\/\/fumot-vaping.de\/it\/product\/randm-fumot-box-digitale-12000-vapezuege\/","title":{"rendered":"RandM Fumot Digital Box 12000 puffs gusto gelato all'uva vape usa e getta"},"content":{"rendered":"<h2>RandM Fumot Digital Box 12000 puffs gusto gelato all'uva vape usa e getta<\/h2>\n<p>Il<strong> RandM Fumot Scatola digitale 12000 treni<\/strong> \u00e8 stato sviluppato per i vapers che cercano un dispositivo che combini prestazioni di lunga durata, vapore aromatico e comodit\u00e0 moderna. Con un massimo di <strong>12.000 treni<\/strong> questo vaporizzatore assicura un'esperienza di svapo che non solo dura, ma convince anche a lungo termine.<\/p>\n<p>Dotato di una batteria da 550 mAh, RandM Fumot fornisce un'alimentazione costante ed efficiente per un'esperienza di svapo fluida e ininterrotta. In particolare, garantisce un'erogazione stabile del sapore, cosa che non tutti i vaporizzatori usa e getta possono vantare. Grazie alla porta di ricarica rapida Type-C, il vaporizzatore si ricarica rapidamente: un aspetto molto importante quando si \u00e8 in movimento!<\/p>\n<p>Pre-riempita con 20 ml di liquido premium e disponibile nelle gradazioni di nicotina 0 %, 2 %, 3 % e 5 %, si adatta senza sforzo alle diverse esigenze degli utenti. Grazie alla bobina a maglie da 0,8 \u03a9, ogni boccata \u00e8 corposa, morbida e piena di sapore.<\/p>\n<p>Dei 49 gusti disponibili, Grape Ice \u00e8 un vero classico. Cattura la dolcezza ricca e succosa dell'uva matura, perfettamente combinata con un finale croccante e ghiacciato. Ogni boccata accende un'esplosione di sapore fruttato d'uva, mentre l'espirazione lascia una rinfrescante freschezza che permane piacevolmente - quasi come una granita d'uva ghiacciata in una giornata calda. N\u00e9 troppo dolce, n\u00e9 troppo ghiacciata: il giusto equilibrio che vi far\u00e0 desiderare di berne un sorso.<\/p>\n<h2>RandM Fumot Digital Box 12000 treni - Caratteristiche:<\/h2>\n<p>Fino a 12.000 treni<\/p>\n<p>Batteria da 550 mAh<\/p>\n<p>Bobina con maglia da 0,8 \u03a9 per una ricca produzione di vapore<\/p>\n<p>20 ml di liquido premium pre-riempito<\/p>\n<p>Connessione di ricarica rapida di tipo C<\/p>\n<p>Opzioni di nicotina: 0 %, 2 %, 3 %, 5 %<\/p>\n<p>49 gusti, tra cui il leggendario gelato all'uva<\/p>\n<p>200 pezzi per cartone<\/p>\n<p>Peso del cartone: 18 kg<\/p>\n<p>Dimensioni del cartone: 69,1 \u00d7 32 \u00d7 23,8 cm2<\/p>\n<h2>Descrizione del gusto \"Gelato all'uva\":<\/h2>\n<p>Il \"gelato all'uva\" \u00e8 la miscela perfetta di succosa dolcezza dell'uva e di un finale rinfrescante e fresco. Il sapore inizia con forti note naturali di uva e termina con una freschezza gelida - rinfrescante senza sopraffare i sensi. Ideale per i vapers che apprezzano una miscela equilibrata di fruttato e freschezza: Grape Ice trasforma ogni svapata in un'esperienza vivace e morbida.<\/p>\n<p>Con il <strong>RandM Fumot Scatola digitale 12000 treni<\/strong> e il sapore dell'Uva Ghiacciata, si ottiene il meglio di entrambi i mondi.<\/p>","protected":false},"excerpt":{"rendered":"<p>RandM Fumot Digital Box 12000 puff combina un gusto succoso di uva ghiacciata, 20 ml di e-liquid, una batteria ricaricabile da 550 mAh, la tecnologia mesh coil e la ricarica rapida Type-C per un'esperienza di vaping fluida e di lunga durata.<\/p>","protected":false},"featured_media":9070,"comment_status":"open","ping_status":"closed","template":"","meta":[],"product_brand":[],"product_cat":[18],"product_tag":[91,85],"class_list":{"0":"post-9060","1":"product","2":"type-product","3":"status-publish","4":"has-post-thumbnail","6":"product_cat-randm-fumot-einweg-vape","7":"product_tag-box-stil-fumot-vape","8":"product_tag-fumot-12000-puffs","10":"first","11":"instock","12":"shipping-taxable","13":"purchasable","14":"product-type-variable"},"_links":{"self":[{"href":"https:\/\/fumot-vaping.de\/it\/wp-json\/wp\/v2\/product\/9060","targetHints":{"allow":["GET"]}}],"collection":[{"href":"https:\/\/fumot-vaping.de\/it\/wp-json\/wp\/v2\/product"}],"about":[{"href":"https:\/\/fumot-vaping.de\/it\/wp-json\/wp\/v2\/types\/product"}],"replies":[{"embeddable":true,"href":"https:\/\/fumot-vaping.de\/it\/wp-json\/wp\/v2\/comments?post=9060"}],"version-history":[{"count":2,"href":"https:\/\/fumot-vaping.de\/it\/wp-json\/wp\/v2\/product\/9060\/revisions"}],"predecessor-version":[{"id":14563,"href":"https:\/\/fumot-vaping.de\/it\/wp-json\/wp\/v2\/product\/9060\/revisions\/14563"}],"wp:featuredmedia":[{"embeddable":true,"href":"https:\/\/fumot-vaping.de\/it\/wp-json\/wp\/v2\/media\/9070"}],"wp:attachment":[{"href":"https:\/\/fumot-vaping.de\/it\/wp-json\/wp\/v2\/media?parent=9060"}],"wp:term":[{"taxonomy":"product_brand","embeddable":true,"href":"https:\/\/fumot-vaping.de\/it\/wp-json\/wp\/v2\/product_brand?post=9060"},{"taxonomy":"product_cat","embeddable":true,"href":"https:\/\/fumot-vaping.de\/it\/wp-json\/wp\/v2\/product_cat?post=9060"},{"taxonomy":"product_tag","embeddable":true,"href":"https:\/\/fumot-vaping.de\/it\/wp-json\/wp\/v2\/product_tag?post=9060"}],"curies":[{"name":"wp","href":"https:\/\/api.w.org\/{rel}","templated":true}]}}