{"id":8701,"date":"2025-04-26T02:10:06","date_gmt":"2025-04-26T02:10:06","guid":{"rendered":"https:\/\/fumot-vaping.de\/?post_type=product&#038;p=8701"},"modified":"2025-04-30T13:45:49","modified_gmt":"2025-04-30T13:45:49","slug":"scatola-digitale-randm-fumot-12000-gabbia-3","status":"publish","type":"product","link":"https:\/\/fumot-vaping.de\/it\/product\/scatola-digitale-randm-fumot-12000-gabbia-3\/","title":{"rendered":"RandM Fumot Digital Box 12000 boccate di vapore monouso al gusto di ciliegia"},"content":{"rendered":"<h3><strong>Randm Fumot 12000 Scatola digitale 12000 treni<\/strong> Vape usa e getta<\/h3>\n<p>Il <strong>Randm Fumot 12000 Scatola digitale 12000 treni<\/strong> Disposable Vape \u00e8 stato sviluppato per i vapers che desiderano prestazioni pi\u00f9 lunghe, un sapore costante e un'erogazione uniforme del vapore. Con un massimo di <strong>12000 treni<\/strong>\u00a0promette un'esperienza di vapore di lunga durata che non solo dura, ma ispira dalla prima all'ultima boccata.<\/p>\n<p>Con una batteria da 550 mAh, il Fumot Digital Box offre prestazioni stabili ed efficienti. Per essere pi\u00f9 precisi: fornisce energia esattamente quando ne avete bisogno, senza guasti o interruzioni. E grazie alla funzione di ricarica rapida Type-C, i tempi di inattivit\u00e0 sono praticamente eliminati: improvvisamente ci si ricorda di quanto fossero fastidiose le svapate a ricarica lenta.<\/p>\n<p>Pre-riempito con 20 ml di e-liquid premium e disponibile nelle gradazioni di nicotina 0 %, 2 %, 3 % e 5 %, questo dispositivo \u00e8 adatto a ogni tipo di vaper, dai vapers occasionali agli appassionati cacciatori di nuvole. La bobina a maglia da 0,8 \u03a9 migliora ulteriormente la qualit\u00e0 del vapore e garantisce boccate ricche e aromatiche a ogni boccata.<\/p>\n<p>Veniamo ora al pezzo forte: il **sapore di ciliegia**. Forte, succosa e con la giusta dolcezza, la ciliegia d\u00e0 vita a un classico sapore di svapo. \u00c8 ricco senza essere eccessivo, aspro ma morbido - un sapore che fa sentire ogni boccata come la prima. Pensate alle ciliegie rosse, solo pi\u00f9 leggere, pi\u00f9 pure e molto pi\u00f9 soddisfacenti.*RandM Fumot<\/p>\n<h2>RandM Fumot Digital Box12000 soffi di vapore monouso<br \/>\nCaratteristiche principali:<\/h2>\n<p>- Numero di treni: fino a 12.000<br \/>\n- Batteria: 550 mAh ricaricabile (celle 18300)<br \/>\n- Ricarica: Ricarica rapida di tipo C<br \/>\n- Bobina: bobina a maglie da 0,8 \u03a9<br \/>\n- Capacit\u00e0 del liquido: 20 ml<br \/>\n- Dosaggi di nicotina: 0 %, 2 %, 3 %, 5 %<br \/>\n- Gusti: 49 opzioni, tra cui il ricco e fruttato ciliegio<br \/>\n- Contenuto della scatola: 200 pezzi\/scatola, 18 kg, dimensioni: 69,1 \u00d7 32 \u00d7 23,8 cm.<\/p>\n<h2>RandM Fumot Digital Box12000 puff gusto evidenziato - ciliegia:<\/h2>\n<p>La ciliegia \u00e8 un sapore intramontabile nel mondo del vaping e questa versione non fa eccezione. Cattura il fruttato pieno che ci si aspetta, ma con un tocco di freschezza - leggero, croccante e piacevolmente delicato. Sia che amiate i sapori di frutta o che abbiate bisogno di una pausa dal mentolo e dai dolci, **Cherry offre un'esperienza di svapo perfettamente bilanciata per tutto il giorno** che vi far\u00e0 tornare per un altro po'.<\/p>\n<p>Con il <strong>RandM Fumot Scatola digitale 12000 treni<\/strong>\u00a0Non si svapa solo Vape Cherry usa e getta, ma si vive un'esperienza corposa e potente.<\/p>","protected":false},"excerpt":{"rendered":"<p>RandM Fumot Digital Box 12000 puff \u00e8 dotata di e-liquid da 20 ml, batteria ricaricabile da 550 mAh, coil a rete e un audace sapore di ciliegia. Godetevi fino a 12.000 boccate morbide e saporite con una ricarica rapida di tipo C.<\/p>","protected":false},"featured_media":8903,"comment_status":"open","ping_status":"closed","template":"","meta":[],"product_brand":[],"product_cat":[18],"product_tag":[91,85],"class_list":{"0":"post-8701","1":"product","2":"type-product","3":"status-publish","4":"has-post-thumbnail","6":"product_cat-randm-fumot-einweg-vape","7":"product_tag-box-stil-fumot-vape","8":"product_tag-fumot-12000-puffs","10":"first","11":"instock","12":"shipping-taxable","13":"purchasable","14":"product-type-variable"},"_links":{"self":[{"href":"https:\/\/fumot-vaping.de\/it\/wp-json\/wp\/v2\/product\/8701","targetHints":{"allow":["GET"]}}],"collection":[{"href":"https:\/\/fumot-vaping.de\/it\/wp-json\/wp\/v2\/product"}],"about":[{"href":"https:\/\/fumot-vaping.de\/it\/wp-json\/wp\/v2\/types\/product"}],"replies":[{"embeddable":true,"href":"https:\/\/fumot-vaping.de\/it\/wp-json\/wp\/v2\/comments?post=8701"}],"version-history":[{"count":6,"href":"https:\/\/fumot-vaping.de\/it\/wp-json\/wp\/v2\/product\/8701\/revisions"}],"predecessor-version":[{"id":14560,"href":"https:\/\/fumot-vaping.de\/it\/wp-json\/wp\/v2\/product\/8701\/revisions\/14560"}],"wp:featuredmedia":[{"embeddable":true,"href":"https:\/\/fumot-vaping.de\/it\/wp-json\/wp\/v2\/media\/8903"}],"wp:attachment":[{"href":"https:\/\/fumot-vaping.de\/it\/wp-json\/wp\/v2\/media?parent=8701"}],"wp:term":[{"taxonomy":"product_brand","embeddable":true,"href":"https:\/\/fumot-vaping.de\/it\/wp-json\/wp\/v2\/product_brand?post=8701"},{"taxonomy":"product_cat","embeddable":true,"href":"https:\/\/fumot-vaping.de\/it\/wp-json\/wp\/v2\/product_cat?post=8701"},{"taxonomy":"product_tag","embeddable":true,"href":"https:\/\/fumot-vaping.de\/it\/wp-json\/wp\/v2\/product_tag?post=8701"}],"curies":[{"name":"wp","href":"https:\/\/api.w.org\/{rel}","templated":true}]}}