{"id":8013,"date":"2025-04-25T07:57:55","date_gmt":"2025-04-25T07:57:55","guid":{"rendered":"https:\/\/fumot-vaping.de\/?post_type=product&#038;p=8013"},"modified":"2025-09-15T08:22:20","modified_gmt":"2025-09-15T08:22:20","slug":"rimorchiatore-randm-tornado-7000","status":"publish","type":"product","link":"https:\/\/fumot-vaping.de\/it\/product\/rimorchiatore-randm-tornado-7000\/","title":{"rendered":"RandM Tornado 7000 puff design RGB, vape ricaricabile usa e getta"},"content":{"rendered":"<h3>RandM Tornado 7000, vape usa e getta di qualit\u00e0 superiore con sviluppo tedesco<\/h3>\n<p>Il <strong>Treni RandM Tornado 7000<\/strong> Il design RGB, vape ricaricabile usa e getta, \u00e8 progettato per i vapers che cercano un dispositivo potente e duraturo con un design elegante e moderno. Con un massimo di 7000 soffi, questo vaporizzatore garantisce un divertimento duraturo senza compromessi sulla qualit\u00e0.<\/p>\n<p>Dotato di una batteria ricaricabile da 850 mAh, RandM Tornado offre prestazioni costanti e affidabili per un vaping fluido e senza interruzioni. La funzione di ricarica rapida Type-C garantisce una ricarica veloce per poter svapare in qualsiasi momento.<\/p>\n<p>Pre-riempito con 14 ml di liquido premium, questo dispositivo offre una soddisfacente esperienza di nicotina con intensit\u00e0 di 0 %, 2 %, 3 % e 5 % - per diverse preferenze. Grazie al controllo del flusso d'aria integrato, \u00e8 possibile personalizzare l'estrazione, sia che si preferisca un'estrazione pi\u00f9 forte o pi\u00f9 potente.<\/p>\n<p>Il Tornado RandM Tornado RandM <strong>7000 treni<\/strong> convince anche per il suo accattivante design RGB, che si illumina a ogni boccata e conferisce alla vostra esperienza di svapo un tocco di classe. La combinazione perfetta di prestazioni, potenza e stile.<\/p>\n<h2>Treni RandM Tornado 7000<br \/>\nPropriet\u00e0:<\/h2>\n<p>Treni: fino a 7000<br \/>\nBatteria da 850 mAh<\/p>\n<p>Design RGB per un'esperienza di vapore intensa<br \/>\nFlusso d'aria regolabile per un tiraggio personalizzato<br \/>\n14 ml di e-liquid pre-riempito<br \/>\nOpzioni di nicotina: 0 %, 2 %, 3 %, 5 %<br \/>\nConnessione di ricarica rapida di tipo C<br \/>\n56 gusti disponibili<br \/>\n10 pezzi per espositore<br \/>\n240 pezzi per cartone<\/p>\n<h2>Treni RandM Tornado 7000<br \/>\nAromi:<\/h2>\n<p>Menta fresca | Ghiaccio lussureggiante | Ghiaccio al mandarino | Ciambella alla fragola | Orsetti gommosi | Mango su ghiaccio | Ghiaccio alla pesca | Ghiaccio alla banana | Ghiaccio all'uva | Limonata rosa | Pina Colada al rum | Frutti di bosco misti | Frullato di banana | Ghiaccio alla fragola e ananasAnguria | Limone con mela rossa | Ghiaccio all'ananas | Zucchero filato | Banana con fragola | Ghiaccio con fragola | Ghiaccio con energia rossa | Limonata blu Razz | Ghiaccio con mela rossa | Limonata ai frutti di bosco | Bubblegum al mirtillo | Bluesour al lampone | Mr Blue | Mela pesca pera | Melograno al mirtillo | Melograno | VimtokeMelograno | Vimto | Kiwi-Passion Fruit-Guava | Cola | Mela acida | Ribes nero al mentolo | Sangue di tigre | Caramella alla pesca e al mirtillo | Pesca-Mango | Fragola-Red Bull | Gelato al ribes nero | Fragola-Cremelone-Limonata | Ciliegia | MirtilloLemonade | Cherry | Blue Razz Cherry | Skittles | Blueberry Raspberry | Strawberry Grape | Blueberry Cherry Cranberry | Apple Berry Blast | Cherry Cola | Lemon &amp; Lime | Pink Burst | Pacific Cooler | Popsicle | Bingo Crush | Vimto Crush | Tobacco.<\/p>\n<p>Il <strong>RandM Tornado 7000 Soffi<\/strong> offre un'ampia gamma di gusti, dalle miscele fruttate come Mango On Ice alle opzioni rinfrescanti come Red Energy Ice. Con la sua potente batteria ricaricabile e <strong>7000 treni<\/strong> questo dispositivo \u00e8 perfetto per i vapers che desiderano un'esperienza premium con un tocco visivo speciale.<\/p>","protected":false},"excerpt":{"rendered":"<p>RandM Tornado 7000 puff, 56 aromi, flusso d'aria regolabile e batteria ricaricabile da 850 mAh. Con design RGB e funzione di ricarica rapida (tipo C) per un'esperienza di vaping di prima classe.<\/p>","protected":false},"featured_media":8014,"comment_status":"open","ping_status":"closed","template":"","meta":[],"product_brand":[],"product_cat":[18],"product_tag":[83,90],"class_list":{"0":"post-8013","1":"product","2":"type-product","3":"status-publish","4":"has-post-thumbnail","6":"product_cat-randm-fumot-einweg-vape","7":"product_tag-fumot-7000-puffs","8":"product_tag-fumot-vape-im-pole-stil","10":"first","11":"outofstock","12":"shipping-taxable","13":"purchasable","14":"product-type-variable"},"_links":{"self":[{"href":"https:\/\/fumot-vaping.de\/it\/wp-json\/wp\/v2\/product\/8013","targetHints":{"allow":["GET"]}}],"collection":[{"href":"https:\/\/fumot-vaping.de\/it\/wp-json\/wp\/v2\/product"}],"about":[{"href":"https:\/\/fumot-vaping.de\/it\/wp-json\/wp\/v2\/types\/product"}],"replies":[{"embeddable":true,"href":"https:\/\/fumot-vaping.de\/it\/wp-json\/wp\/v2\/comments?post=8013"}],"version-history":[{"count":2,"href":"https:\/\/fumot-vaping.de\/it\/wp-json\/wp\/v2\/product\/8013\/revisions"}],"predecessor-version":[{"id":8670,"href":"https:\/\/fumot-vaping.de\/it\/wp-json\/wp\/v2\/product\/8013\/revisions\/8670"}],"wp:featuredmedia":[{"embeddable":true,"href":"https:\/\/fumot-vaping.de\/it\/wp-json\/wp\/v2\/media\/8014"}],"wp:attachment":[{"href":"https:\/\/fumot-vaping.de\/it\/wp-json\/wp\/v2\/media?parent=8013"}],"wp:term":[{"taxonomy":"product_brand","embeddable":true,"href":"https:\/\/fumot-vaping.de\/it\/wp-json\/wp\/v2\/product_brand?post=8013"},{"taxonomy":"product_cat","embeddable":true,"href":"https:\/\/fumot-vaping.de\/it\/wp-json\/wp\/v2\/product_cat?post=8013"},{"taxonomy":"product_tag","embeddable":true,"href":"https:\/\/fumot-vaping.de\/it\/wp-json\/wp\/v2\/product_tag?post=8013"}],"curies":[{"name":"wp","href":"https:\/\/api.w.org\/{rel}","templated":true}]}}