{"id":18893,"date":"2025-10-31T06:03:46","date_gmt":"2025-10-31T06:03:46","guid":{"rendered":"https:\/\/fumot-vaping.de\/?post_type=product&#038;p=18893"},"modified":"2025-11-06T10:06:17","modified_gmt":"2025-11-06T10:06:17","slug":"al-fakher-liq-10ml-20mg-ml","status":"publish","type":"product","link":"https:\/\/fumot-vaping.de\/it\/product\/al-fakher-liq-10ml-20mg-ml\/","title":{"rendered":"AL Fakher Liq 10ml 20mg\/ml"},"content":{"rendered":"<h2><strong data-start=\"187\" data-end=\"255\">AL Fakher Liq 10ml 20mg\/ml : l\u2019exp\u00e9rience premium du e-liquide<\/strong><\/h2>\n<p data-start=\"257\" data-end=\"552\">D\u00e9couvrez le <strong>AL Fakher Liq 10ml 20mg\/ml (2%)<\/strong>, un e-liquide haut de gamme con\u00e7u pour offrir une exp\u00e9rience de vapotage riche, douce et parfaitement \u00e9quilibr\u00e9e. Issu du savoir-faire de <strong data-start=\"446\" data-end=\"459\">AL Fakher<\/strong>, ce liquide s\u00e9duit par sa <strong data-start=\"486\" data-end=\"549\">vapeur dense, ses ar\u00f4mes fid\u00e8les et son hit en gorge pr\u00e9cis<\/strong>.<\/p>\n<p data-start=\"554\" data-end=\"853\">Sa concentration en <strong data-start=\"574\" data-end=\"602\">nicotine de 20mg\/ml (2%)<\/strong> procure une sensation imm\u00e9diate et satisfaisante, id\u00e9ale pour les vapoteurs \u00e0 la recherche d\u2019un \u00e9quilibre entre plaisir et efficacit\u00e9. Chaque flacon d\u00e9livre des ar\u00f4mes purs et constants, pour une exp\u00e9rience sensorielle agr\u00e9able \u00e0 chaque inhalation.<\/p>\n<p data-start=\"855\" data-end=\"1063\">Avec <strong data-start=\"860\" data-end=\"885\">31 saveurs exclusives<\/strong>, allant des fruits rouges aux notes menthol\u00e9es et tropicales, AL Fakher Liq 10ml permet \u00e0 chacun de trouver son go\u00fbt pr\u00e9f\u00e9r\u00e9, offrant un vrai voyage gustatif \u00e0 chaque bouff\u00e9e.<\/p>\n<h2 data-start=\"1070\" data-end=\"1108\"><strong data-start=\"1077\" data-end=\"1108\">Caract\u00e9ristiques du produit<\/strong><\/h2>\n<ul data-start=\"1110\" data-end=\"1342\">\n<li data-start=\"1110\" data-end=\"1135\">\n<p data-start=\"1112\" data-end=\"1135\"><strong data-start=\"1112\" data-end=\"1128\">Contenance :<\/strong> 10ml<\/p>\n<\/li>\n<li data-start=\"1136\" data-end=\"1167\">\n<p data-start=\"1138\" data-end=\"1167\"><strong data-start=\"1138\" data-end=\"1152\">Nicotine :<\/strong> 20mg\/ml (2%)<\/p>\n<\/li>\n<li data-start=\"1168\" data-end=\"1210\">\n<p data-start=\"1170\" data-end=\"1210\"><strong data-start=\"1170\" data-end=\"1205\">Nombre de saveurs disponibles :<\/strong> 31<\/p>\n<\/li>\n<li data-start=\"1211\" data-end=\"1259\">\n<p data-start=\"1213\" data-end=\"1259\"><strong data-start=\"1213\" data-end=\"1240\">Dimensions du coffret :<\/strong> 121 \u00d7 26 \u00d7 88 mm<\/p>\n<\/li>\n<li data-start=\"1260\" data-end=\"1305\">\n<p data-start=\"1262\" data-end=\"1305\"><strong data-start=\"1262\" data-end=\"1283\">Conditionnement :<\/strong> 5 flacons par bo\u00eete<\/p>\n<\/li>\n<li data-start=\"1306\" data-end=\"1342\">\n<p data-start=\"1308\" data-end=\"1342\"><strong data-start=\"1308\" data-end=\"1331\">Poids de la bo\u00eete :<\/strong> 0.125 kg<\/p>\n<\/li>\n<\/ul>\n<p data-start=\"1344\" data-end=\"1496\">Cette combinaison de qualit\u00e9, praticit\u00e9 et richesse aromatique fait de l\u2019<strong data-start=\"1417\" data-end=\"1439\">AL Fakher Liq 10ml<\/strong> un choix incontournable pour les vapoteurs quotidiens.<\/p>\n<h2 data-start=\"1503\" data-end=\"1533\"><strong data-start=\"1510\" data-end=\"1533\">Dispositivi di salvataggio disponibili<\/strong><\/h2>\n<p data-start=\"1535\" data-end=\"2004\">Berry Blue | Berry Ice | Blackcurrant Ice | Blackcurrant Mint | Blue Razz Lemonade | Blueberry Gum | Blueberry Raspberry | Blueberry Sour Raspberry | Cherry Fiesta | Cherry Fizz | Cherry Ice | Cool Mango | Grape Mint | Gum Mint | Hubba | Lemon Lime | Lemon Mint | Lush Ice | Magic Love | Mango Pineapple | Menthol | Mixed Berry | Orange Mint | Peach Ice | Pineapple Ice | Space Dream | Spearmint | Strawberry Punch | Two Apple | Watermelon Lime | Watermelon Pineapple<\/p>\n<p data-start=\"2006\" data-end=\"2156\">Chaque ar\u00f4me est soigneusement \u00e9labor\u00e9 pour offrir <strong data-start=\"2057\" data-end=\"2119\">un \u00e9quilibre parfait entre douceur, fra\u00eecheur et intensit\u00e9<\/strong>, garantissant un plaisir constant.<\/p>\n<h2 data-start=\"2564\" data-end=\"2587\"><strong data-start=\"2571\" data-end=\"2587\">O\u00f9 acheter ?<\/strong><\/h2>\n<p data-start=\"2589\" data-end=\"2863\">Le e-liquide <strong>AL Fakher Liq 10ml 20mg\/ml \u00a0(2%)<\/strong> est disponible d\u00e8s maintenant sur <strong data-start=\"2674\" data-end=\"2720\"><a class=\"decorated-link\" href=\"https:\/\/fumot-vaping.de\" target=\"_new\" rel=\"noopener\" data-start=\"2676\" data-end=\"2718\">fumot-vaping.com<\/a><\/strong>.<br data-start=\"2721\" data-end=\"2724\" \/>Tous nos produits sont <strong data-start=\"2747\" data-end=\"2766\">100 % originaux<\/strong>, soigneusement emball\u00e9s et livr\u00e9s rapidement pour une exp\u00e9rience de vapotage s\u00fbre et agr\u00e9able.<\/p>","protected":false},"excerpt":{"rendered":"<p>E-liquide AL Fakher Liq 10ml 20mg\/ml31 saveurs intenses, vape dense et hit agr\u00e9able pour une exp\u00e9rience de vapotage premium sur fumot-vaping.de.<\/p>","protected":false},"featured_media":18926,"comment_status":"open","ping_status":"closed","template":"","meta":[],"product_brand":[],"product_cat":[116],"product_tag":[],"class_list":{"0":"post-18893","1":"product","2":"type-product","3":"status-publish","4":"has-post-thumbnail","6":"product_cat-al-fakher-disposable-vape","8":"first","9":"outofstock","10":"shipping-taxable","11":"purchasable","12":"product-type-variable"},"_links":{"self":[{"href":"https:\/\/fumot-vaping.de\/it\/wp-json\/wp\/v2\/product\/18893","targetHints":{"allow":["GET"]}}],"collection":[{"href":"https:\/\/fumot-vaping.de\/it\/wp-json\/wp\/v2\/product"}],"about":[{"href":"https:\/\/fumot-vaping.de\/it\/wp-json\/wp\/v2\/types\/product"}],"replies":[{"embeddable":true,"href":"https:\/\/fumot-vaping.de\/it\/wp-json\/wp\/v2\/comments?post=18893"}],"version-history":[{"count":1,"href":"https:\/\/fumot-vaping.de\/it\/wp-json\/wp\/v2\/product\/18893\/revisions"}],"predecessor-version":[{"id":18936,"href":"https:\/\/fumot-vaping.de\/it\/wp-json\/wp\/v2\/product\/18893\/revisions\/18936"}],"wp:featuredmedia":[{"embeddable":true,"href":"https:\/\/fumot-vaping.de\/it\/wp-json\/wp\/v2\/media\/18926"}],"wp:attachment":[{"href":"https:\/\/fumot-vaping.de\/it\/wp-json\/wp\/v2\/media?parent=18893"}],"wp:term":[{"taxonomy":"product_brand","embeddable":true,"href":"https:\/\/fumot-vaping.de\/it\/wp-json\/wp\/v2\/product_brand?post=18893"},{"taxonomy":"product_cat","embeddable":true,"href":"https:\/\/fumot-vaping.de\/it\/wp-json\/wp\/v2\/product_cat?post=18893"},{"taxonomy":"product_tag","embeddable":true,"href":"https:\/\/fumot-vaping.de\/it\/wp-json\/wp\/v2\/product_tag?post=18893"}],"curies":[{"name":"wp","href":"https:\/\/api.w.org\/{rel}","templated":true}]}}