{"id":18485,"date":"2025-08-30T01:03:21","date_gmt":"2025-08-30T01:03:21","guid":{"rendered":"https:\/\/fumot-vaping.de\/?post_type=product&#038;p=18485"},"modified":"2025-08-30T01:03:21","modified_gmt":"2025-08-30T01:03:21","slug":"lavie-kiss-8000-puffs-einweg-e-zigarette","status":"publish","type":"product","link":"https:\/\/fumot-vaping.de\/it\/product\/lavie-kiss-8000-puffs-einweg-e-zigarette\/","title":{"rendered":"LAVIE KISS 8000 Puffs Einweg E-Zigarette"},"content":{"rendered":"<h2 data-start=\"143\" data-end=\"201\"><strong>LAVIE KISS 8000 Puffs \u2013 Einweg E-Zigarette mit XXL-Dampf<\/strong><\/h2>\n<p data-start=\"203\" data-end=\"902\">Il <strong data-start=\"207\" data-end=\"232\">LAVIE KISS 8000 Puffs<\/strong> ist die perfekte Wahl f\u00fcr alle, die ein langanhaltendes Dampferlebnis in einem kompakten und eleganten Design suchen. Mit bis zu <strong data-start=\"362\" data-end=\"377\">8.000 Z\u00fcgen<\/strong>a <strong data-start=\"385\" data-end=\"407\">12ml E-Liquid Tank<\/strong> und einem leistungsstarken <strong data-start=\"435\" data-end=\"450\">400mAh Akku<\/strong> bietet diese Einweg E-Zigarette intensiven Geschmack und dichten Dampf. Die <strong data-start=\"527\" data-end=\"552\">Tecnologia della bobina a rete<\/strong> sorgt f\u00fcr gleichm\u00e4\u00dfige Hitzeverteilung und kr\u00e4ftige Aromen. Dank des <strong data-start=\"622\" data-end=\"648\">Type-C Ladeanschlusses<\/strong> ist die LAVIE KISS schnell wieder einsatzbereit, w\u00e4hrend das schlanke Design aus <strong data-start=\"730\" data-end=\"745\">PLA\/PC,PCTG<\/strong> Material angenehm in der Hand liegt. Ob fruchtige Mixe oder klassische Drinks, die LAVIE KISS liefert unvergleichliches Dampferlebnis auf h\u00f6chstem Niveau.<\/p>\n<h2 data-start=\"909\" data-end=\"928\"><strong>Produktparameter<\/strong><\/h2>\n<ul data-start=\"930\" data-end=\"1201\">\n<li data-start=\"930\" data-end=\"957\">\n<p data-start=\"932\" data-end=\"957\"><strong data-start=\"932\" data-end=\"942\">Gr\u00f6\u00dfe:<\/strong> 40<em data-start=\"945\" data-end=\"949\">20<\/em>80.8mm<\/p>\n<\/li>\n<li data-start=\"958\" data-end=\"978\">\n<p data-start=\"960\" data-end=\"978\"><strong data-start=\"960\" data-end=\"969\">Batteria:<\/strong> 400mAh<\/p>\n<\/li>\n<li data-start=\"979\" data-end=\"1004\">\n<p data-start=\"981\" data-end=\"1004\"><strong data-start=\"981\" data-end=\"990\">Treni:<\/strong> 8.000 Puffs<\/p>\n<\/li>\n<li data-start=\"1005\" data-end=\"1037\">\n<p data-start=\"1007\" data-end=\"1037\"><strong data-start=\"1007\" data-end=\"1030\">Capacit\u00e0 del liquido elettronico:<\/strong> 12ml<\/p>\n<\/li>\n<li data-start=\"1038\" data-end=\"1071\">\n<p data-start=\"1040\" data-end=\"1071\"><strong data-start=\"1040\" data-end=\"1057\">Nikotin-Salz:<\/strong> 2%, 5%, OEM<\/p>\n<\/li>\n<li data-start=\"1072\" data-end=\"1100\">\n<p data-start=\"1074\" data-end=\"1100\"><strong data-start=\"1074\" data-end=\"1092\">Netto Gewicht:<\/strong> 37,4g<\/p>\n<\/li>\n<li data-start=\"1101\" data-end=\"1122\">\n<p data-start=\"1103\" data-end=\"1122\"><strong data-start=\"1103\" data-end=\"1117\">Mesh Coil:<\/strong> S\u00ec<\/p>\n<\/li>\n<li data-start=\"1123\" data-end=\"1152\">\n<p data-start=\"1125\" data-end=\"1152\"><strong data-start=\"1125\" data-end=\"1138\">Materiale:<\/strong> PLA\/PC,PCTG<\/p>\n<\/li>\n<li data-start=\"1153\" data-end=\"1177\">\n<p data-start=\"1155\" data-end=\"1177\"><strong data-start=\"1155\" data-end=\"1170\">Widerstand:<\/strong> 1,0\u03a9<\/p>\n<\/li>\n<li data-start=\"1178\" data-end=\"1201\">\n<p data-start=\"1180\" data-end=\"1201\"><strong data-start=\"1180\" data-end=\"1192\">Ladetyp:<\/strong> Tipo-C<\/p>\n<\/li>\n<\/ul>\n<h2 data-start=\"1208\" data-end=\"1242\"><strong>Gusti disponibili<\/strong><\/h2>\n<ol data-start=\"1244\" data-end=\"1437\">\n<li data-start=\"1244\" data-end=\"1262\">\n<p data-start=\"1247\" data-end=\"1262\">Energy Drinks<\/p>\n<\/li>\n<li data-start=\"1263\" data-end=\"1281\">\n<p data-start=\"1266\" data-end=\"1281\">Mix the Fruit<\/p>\n<\/li>\n<li data-start=\"1282\" data-end=\"1297\">\n<p data-start=\"1285\" data-end=\"1297\">Anguria<\/p>\n<\/li>\n<li data-start=\"1298\" data-end=\"1315\">\n<p data-start=\"1301\" data-end=\"1315\">Purple Grape<\/p>\n<\/li>\n<li data-start=\"1316\" data-end=\"1333\">\n<p data-start=\"1319\" data-end=\"1333\">Doppia mela<\/p>\n<\/li>\n<li data-start=\"1334\" data-end=\"1343\">\n<p data-start=\"1337\" data-end=\"1343\">Mint<\/p>\n<\/li>\n<li data-start=\"1344\" data-end=\"1354\">\n<p data-start=\"1347\" data-end=\"1354\">Mango<\/p>\n<\/li>\n<li data-start=\"1355\" data-end=\"1370\">\n<p data-start=\"1358\" data-end=\"1370\">Lemon Cola<\/p>\n<\/li>\n<li data-start=\"1371\" data-end=\"1381\">\n<p data-start=\"1374\" data-end=\"1381\">Mojto<\/p>\n<\/li>\n<li data-start=\"1382\" data-end=\"1394\">\n<p data-start=\"1386\" data-end=\"1394\">Yakult<\/p>\n<\/li>\n<li data-start=\"1395\" data-end=\"1417\">\n<p data-start=\"1399\" data-end=\"1417\">Mango alla fragola<\/p>\n<\/li>\n<li data-start=\"1418\" data-end=\"1437\">\n<p data-start=\"1422\" data-end=\"1437\">Bacche miste<\/p>\n<\/li>\n<\/ol>","protected":false},"excerpt":{"rendered":"<p>Entdecke die<strong> LAVIE KISS 8000 Puffs<\/strong> Einweg E-Zigarette: 8.000 Z\u00fcge, 12ml E-Liquid, Mesh Coil, Type-C Ladeanschluss und 12 leckere Geschmacksrichtungen bei fumot-vaping.de<\/p>","protected":false},"featured_media":18512,"comment_status":"open","ping_status":"closed","template":"","meta":[],"product_brand":[],"product_cat":[115],"product_tag":[],"class_list":{"0":"post-18485","1":"product","2":"type-product","3":"status-publish","4":"has-post-thumbnail","6":"product_cat-lavie-disposable-vape","8":"first","9":"instock","10":"shipping-taxable","11":"purchasable","12":"product-type-variable"},"_links":{"self":[{"href":"https:\/\/fumot-vaping.de\/it\/wp-json\/wp\/v2\/product\/18485","targetHints":{"allow":["GET"]}}],"collection":[{"href":"https:\/\/fumot-vaping.de\/it\/wp-json\/wp\/v2\/product"}],"about":[{"href":"https:\/\/fumot-vaping.de\/it\/wp-json\/wp\/v2\/types\/product"}],"replies":[{"embeddable":true,"href":"https:\/\/fumot-vaping.de\/it\/wp-json\/wp\/v2\/comments?post=18485"}],"version-history":[{"count":1,"href":"https:\/\/fumot-vaping.de\/it\/wp-json\/wp\/v2\/product\/18485\/revisions"}],"predecessor-version":[{"id":18519,"href":"https:\/\/fumot-vaping.de\/it\/wp-json\/wp\/v2\/product\/18485\/revisions\/18519"}],"wp:featuredmedia":[{"embeddable":true,"href":"https:\/\/fumot-vaping.de\/it\/wp-json\/wp\/v2\/media\/18512"}],"wp:attachment":[{"href":"https:\/\/fumot-vaping.de\/it\/wp-json\/wp\/v2\/media?parent=18485"}],"wp:term":[{"taxonomy":"product_brand","embeddable":true,"href":"https:\/\/fumot-vaping.de\/it\/wp-json\/wp\/v2\/product_brand?post=18485"},{"taxonomy":"product_cat","embeddable":true,"href":"https:\/\/fumot-vaping.de\/it\/wp-json\/wp\/v2\/product_cat?post=18485"},{"taxonomy":"product_tag","embeddable":true,"href":"https:\/\/fumot-vaping.de\/it\/wp-json\/wp\/v2\/product_tag?post=18485"}],"curies":[{"name":"wp","href":"https:\/\/api.w.org\/{rel}","templated":true}]}}