{"id":18363,"date":"2025-09-12T07:52:02","date_gmt":"2025-09-12T07:52:02","guid":{"rendered":"https:\/\/fumot-vaping.de\/?post_type=product&#038;p=18363"},"modified":"2025-09-12T07:52:02","modified_gmt":"2025-09-12T07:52:02","slug":"lavie-energy-box-15000-puffs-vape","status":"publish","type":"product","link":"https:\/\/fumot-vaping.de\/it\/product\/lavie-energy-box-15000-puffs-vape\/","title":{"rendered":"LAVIE Energy Box 15000 Puffs Vape"},"content":{"rendered":"<h2 data-start=\"118\" data-end=\"179\"><strong>LAVIE Energy Box 15000 Puffs \u2013 Leistungsstarker Einweg-Vape<\/strong><\/h2>\n<p data-start=\"181\" data-end=\"760\">Il <strong data-start=\"185\" data-end=\"217\">LAVIE Energy Box 15000 Puffs<\/strong> ist die perfekte Wahl f\u00fcr anspruchsvolle Dampfer, die lange Haltbarkeit und intensive Aromen sch\u00e4tzen. Mit beeindruckenden <strong data-start=\"341\" data-end=\"357\">15.000 treni<\/strong> bietet dieses Ger\u00e4t langanhaltenden Genuss ohne Nachf\u00fcllen. Ausgestattet mit einem <strong data-start=\"441\" data-end=\"456\">Batteria da 600 mAh<\/strong>, <strong data-start=\"458\" data-end=\"475\">Liquido elettronico da 20 ml<\/strong> e un <strong data-start=\"486\" data-end=\"504\">Bobina a doppia maglia<\/strong>, liefert die Energy Box dichten, geschmackvollen Dampf bei jedem Zug. Dank <strong data-start=\"580\" data-end=\"603\">Funzione di ricarica Type-C<\/strong> ist das Wiederaufladen schnell und unkompliziert. Das ergonomische Design aus <strong data-start=\"682\" data-end=\"697\">PC und PCTG<\/strong> sorgt f\u00fcr ein leichtes, handliches Ger\u00e4t, ideal f\u00fcr unterwegs.<\/p>\n<h2 data-start=\"767\" data-end=\"786\"><strong>Produktparameter<\/strong><\/h2>\n<ul data-start=\"788\" data-end=\"1070\">\n<li data-start=\"788\" data-end=\"818\">\n<p data-start=\"790\" data-end=\"818\"><strong data-start=\"790\" data-end=\"800\">Gr\u00f6\u00dfe:<\/strong> 90 \u00d7 48 \u00d7 23 mm<\/p>\n<\/li>\n<li data-start=\"819\" data-end=\"840\">\n<p data-start=\"821\" data-end=\"840\"><strong data-start=\"821\" data-end=\"830\">Batteria:<\/strong> 600 mAh<\/p>\n<\/li>\n<li data-start=\"841\" data-end=\"867\">\n<p data-start=\"843\" data-end=\"867\"><strong data-start=\"843\" data-end=\"852\">Treni:<\/strong> 15.000 Bign\u00e8<\/p>\n<\/li>\n<li data-start=\"868\" data-end=\"901\">\n<p data-start=\"870\" data-end=\"901\"><strong data-start=\"870\" data-end=\"893\">Capacit\u00e0 del liquido elettronico:<\/strong> 20 ml<\/p>\n<\/li>\n<li data-start=\"902\" data-end=\"931\">\n<p data-start=\"904\" data-end=\"931\"><strong data-start=\"904\" data-end=\"917\">Nic Salt:<\/strong> 2%, 5%, OEM<\/p>\n<\/li>\n<li data-start=\"932\" data-end=\"958\">\n<p data-start=\"934\" data-end=\"958\"><strong data-start=\"934\" data-end=\"951\">Nettogewicht:<\/strong> 64 g<\/p>\n<\/li>\n<li data-start=\"959\" data-end=\"987\">\n<p data-start=\"961\" data-end=\"987\"><strong data-start=\"961\" data-end=\"970\">Bobina:<\/strong> Bobina a doppia maglia<\/p>\n<\/li>\n<li data-start=\"988\" data-end=\"1014\">\n<p data-start=\"990\" data-end=\"1014\"><strong data-start=\"990\" data-end=\"1003\">Materiale:<\/strong> PC, PCTG<\/p>\n<\/li>\n<li data-start=\"1015\" data-end=\"1040\">\n<p data-start=\"1017\" data-end=\"1040\"><strong data-start=\"1017\" data-end=\"1032\">Widerstand:<\/strong> 1.0 \u03a9<\/p>\n<\/li>\n<li data-start=\"1041\" data-end=\"1070\">\n<p data-start=\"1043\" data-end=\"1070\"><strong data-start=\"1043\" data-end=\"1061\">Connessione di ricarica:<\/strong> Tipo-C<\/p>\n<\/li>\n<\/ul>\n<h2 data-start=\"1077\" data-end=\"1111\"><strong>Gusti disponibili<\/strong><\/h2>\n<ol data-start=\"1113\" data-end=\"1338\">\n<li data-start=\"1113\" data-end=\"1132\">\n<p data-start=\"1116\" data-end=\"1132\">Ghiaccio all'anguria<\/p>\n<\/li>\n<li data-start=\"1133\" data-end=\"1153\">\n<p data-start=\"1136\" data-end=\"1153\">Watermelon Mint<\/p>\n<\/li>\n<li data-start=\"1154\" data-end=\"1180\">\n<p data-start=\"1157\" data-end=\"1180\">Anguria alla fragola<\/p>\n<\/li>\n<li data-start=\"1181\" data-end=\"1194\">\n<p data-start=\"1184\" data-end=\"1194\">Mint Ice<\/p>\n<\/li>\n<li data-start=\"1195\" data-end=\"1215\">\n<p data-start=\"1198\" data-end=\"1215\">Strawberry Kimi<\/p>\n<\/li>\n<li data-start=\"1216\" data-end=\"1230\">\n<p data-start=\"1219\" data-end=\"1230\">Ghiaccio d'uva<\/p>\n<\/li>\n<li data-start=\"1231\" data-end=\"1250\">\n<p data-start=\"1234\" data-end=\"1250\">Blackberry Ice<\/p>\n<\/li>\n<li data-start=\"1251\" data-end=\"1266\">\n<p data-start=\"1254\" data-end=\"1266\">Lemon Cola<\/p>\n<\/li>\n<li data-start=\"1267\" data-end=\"1287\">\n<p data-start=\"1270\" data-end=\"1287\">Grape Raspberry<\/p>\n<\/li>\n<li data-start=\"1288\" data-end=\"1306\">\n<p data-start=\"1292\" data-end=\"1306\">Doppia mela<\/p>\n<\/li>\n<li data-start=\"1307\" data-end=\"1322\">\n<p data-start=\"1311\" data-end=\"1322\">Ghiaccio alla pesca<\/p>\n<\/li>\n<li data-start=\"1323\" data-end=\"1338\">\n<p data-start=\"1327\" data-end=\"1338\">Ice Cream<\/p>\n<\/li>\n<\/ol>","protected":false},"excerpt":{"rendered":"<p><strong>LAVIE Energy Box 15000 Puffs<\/strong> \u2013 Einweg-Vape mit 15.000 Z\u00fcgen, 20ml E-Liquid, Dual Mesh Coil &amp; Type-C Ladefunktion. Intensiver Geschmack in 12 beliebten Sorten.<\/p>","protected":false},"featured_media":18391,"comment_status":"open","ping_status":"closed","template":"","meta":[],"product_brand":[],"product_cat":[115],"product_tag":[94,99,96,97],"class_list":{"0":"post-18363","1":"product","2":"type-product","3":"status-publish","4":"has-post-thumbnail","6":"product_cat-lavie-disposable-vape","7":"product_tag-big-puffs-vape","8":"product_tag-crystal-vape","9":"product_tag-nicotine-free-vape","10":"product_tag-rechargeable-vape","12":"first","13":"instock","14":"shipping-taxable","15":"purchasable","16":"product-type-variable"},"_links":{"self":[{"href":"https:\/\/fumot-vaping.de\/it\/wp-json\/wp\/v2\/product\/18363","targetHints":{"allow":["GET"]}}],"collection":[{"href":"https:\/\/fumot-vaping.de\/it\/wp-json\/wp\/v2\/product"}],"about":[{"href":"https:\/\/fumot-vaping.de\/it\/wp-json\/wp\/v2\/types\/product"}],"replies":[{"embeddable":true,"href":"https:\/\/fumot-vaping.de\/it\/wp-json\/wp\/v2\/comments?post=18363"}],"version-history":[{"count":1,"href":"https:\/\/fumot-vaping.de\/it\/wp-json\/wp\/v2\/product\/18363\/revisions"}],"predecessor-version":[{"id":18397,"href":"https:\/\/fumot-vaping.de\/it\/wp-json\/wp\/v2\/product\/18363\/revisions\/18397"}],"wp:featuredmedia":[{"embeddable":true,"href":"https:\/\/fumot-vaping.de\/it\/wp-json\/wp\/v2\/media\/18391"}],"wp:attachment":[{"href":"https:\/\/fumot-vaping.de\/it\/wp-json\/wp\/v2\/media?parent=18363"}],"wp:term":[{"taxonomy":"product_brand","embeddable":true,"href":"https:\/\/fumot-vaping.de\/it\/wp-json\/wp\/v2\/product_brand?post=18363"},{"taxonomy":"product_cat","embeddable":true,"href":"https:\/\/fumot-vaping.de\/it\/wp-json\/wp\/v2\/product_cat?post=18363"},{"taxonomy":"product_tag","embeddable":true,"href":"https:\/\/fumot-vaping.de\/it\/wp-json\/wp\/v2\/product_tag?post=18363"}],"curies":[{"name":"wp","href":"https:\/\/api.w.org\/{rel}","templated":true}]}}