{"id":18194,"date":"2025-09-16T01:25:46","date_gmt":"2025-09-16T01:25:46","guid":{"rendered":"https:\/\/fumot-vaping.de\/?post_type=product&#038;p=18194"},"modified":"2025-09-16T01:25:46","modified_gmt":"2025-09-16T01:25:46","slug":"lavie-cola-plus-7500-puffs-einweg-e-zigarette","status":"publish","type":"product","link":"https:\/\/fumot-vaping.de\/it\/product\/lavie-cola-plus-7500-puffs-einweg-e-zigarette\/","title":{"rendered":"Lavie Cola Plus 7500 Puffs Einweg E-Zigarette"},"content":{"rendered":"<h2 data-start=\"143\" data-end=\"217\"><strong>Lavie Cola Plus 7500 Puffs \u2013 Einweg-E-Zigarette mit intensivem Geschmack<\/strong><\/h2>\n<p data-start=\"219\" data-end=\"776\">Il <strong data-start=\"223\" data-end=\"253\">Lavie Cola Plus 7500 Puffs<\/strong> ist die perfekte Einweg-E-Zigarette f\u00fcr Genie\u00dfer, die langanhaltenden Dampf und vielf\u00e4ltige Geschmacksrichtungen lieben. Mit bis zu <strong data-start=\"386\" data-end=\"400\">7500 Z\u00fcgen<\/strong>a <strong data-start=\"408\" data-end=\"430\">17ml E-Liquid Tank<\/strong> und einem kompakten, tragbaren Design bietet sie ein erstklassiges Dampferlebnis. Die integrierte <strong data-start=\"529\" data-end=\"549\">Type-C Aufladung<\/strong> sorgt f\u00fcr schnelle Ladezeiten, w\u00e4hrend die <strong data-start=\"593\" data-end=\"619\">2% und 5% Nikotinsalze<\/strong> individuell angepasst werden k\u00f6nnen. Ob unterwegs, beim Relaxen oder unterwegs \u2013 die Lavie Cola Plus liefert intensiven Geschmack und zuverl\u00e4ssige Leistung.<\/p>\n<h2><strong>Produktparameter<\/strong><\/h2>\n<ul data-start=\"804\" data-end=\"1048\">\n<li data-start=\"804\" data-end=\"833\">\n<p data-start=\"806\" data-end=\"833\"><strong data-start=\"806\" data-end=\"816\">Gr\u00f6\u00dfe:<\/strong> D34,9 \u00d7 102 mm<\/p>\n<\/li>\n<li data-start=\"834\" data-end=\"858\">\n<p data-start=\"836\" data-end=\"858\"><strong data-start=\"836\" data-end=\"849\">Batteria:<\/strong> 600 mAh<\/p>\n<\/li>\n<li data-start=\"859\" data-end=\"883\">\n<p data-start=\"861\" data-end=\"883\"><strong data-start=\"861\" data-end=\"870\">Treni:<\/strong> 7500 Puffs<\/p>\n<\/li>\n<li data-start=\"884\" data-end=\"916\">\n<p data-start=\"886\" data-end=\"916\"><strong data-start=\"886\" data-end=\"909\">Capacit\u00e0 del liquido elettronico:<\/strong> 17ml<\/p>\n<\/li>\n<li data-start=\"917\" data-end=\"965\">\n<p data-start=\"919\" data-end=\"965\"><strong data-start=\"919\" data-end=\"931\">Nicotina:<\/strong> 2%, 5% Salt Nic (OEM verf\u00fcgbar)<\/p>\n<\/li>\n<li data-start=\"966\" data-end=\"992\">\n<p data-start=\"968\" data-end=\"992\"><strong data-start=\"968\" data-end=\"986\">Netto-Gewicht:<\/strong> 91g<\/p>\n<\/li>\n<li data-start=\"993\" data-end=\"1020\">\n<p data-start=\"995\" data-end=\"1020\"><strong data-start=\"995\" data-end=\"1014\">Brutto-Gewicht:<\/strong> 95g<\/p>\n<\/li>\n<li data-start=\"1021\" data-end=\"1048\">\n<p data-start=\"1023\" data-end=\"1048\"><strong data-start=\"1023\" data-end=\"1041\">Connessione di ricarica:<\/strong> Tipo-C<\/p>\n<\/li>\n<\/ul>\n<h2 data-start=\"1055\" data-end=\"1089\"><strong>Gusti disponibili<\/strong><\/h2>\n<ol data-start=\"1091\" data-end=\"1267\">\n<li data-start=\"1091\" data-end=\"1108\">\n<p data-start=\"1094\" data-end=\"1108\">Coconut Milk<\/p>\n<\/li>\n<li data-start=\"1109\" data-end=\"1135\">\n<p data-start=\"1112\" data-end=\"1135\">Watermelon Strawberry<\/p>\n<\/li>\n<li data-start=\"1136\" data-end=\"1157\">\n<p data-start=\"1139\" data-end=\"1157\">Ciambella alla fragola<\/p>\n<\/li>\n<li data-start=\"1158\" data-end=\"1173\">\n<p data-start=\"1161\" data-end=\"1173\">Ghiaccio al litchi<\/p>\n<\/li>\n<li data-start=\"1174\" data-end=\"1187\">\n<p data-start=\"1177\" data-end=\"1187\">Ghiaccio alla cola<\/p>\n<\/li>\n<li data-start=\"1188\" data-end=\"1207\">\n<p data-start=\"1191\" data-end=\"1207\">Ghiaccio all'anguria<\/p>\n<\/li>\n<li data-start=\"1208\" data-end=\"1224\">\n<p data-start=\"1211\" data-end=\"1224\">Peach Juice<\/p>\n<\/li>\n<li data-start=\"1225\" data-end=\"1239\">\n<p data-start=\"1228\" data-end=\"1239\">Ghiaccio d'uva<\/p>\n<\/li>\n<li data-start=\"1240\" data-end=\"1254\">\n<p data-start=\"1243\" data-end=\"1254\">Ghiaccio al mango<\/p>\n<\/li>\n<li data-start=\"1255\" data-end=\"1267\">\n<p data-start=\"1259\" data-end=\"1267\">Taro Ice<\/p>\n<\/li>\n<\/ol>","protected":false},"excerpt":{"rendered":"<p data-start=\"306\" data-end=\"485\"><strong>Lavie Cola Plus 7500 Puffs<\/strong> \u2013 Einweg E-Zigarette mit 17ml Liquid, 7500 Puffs, Type-C Ladefunktion und 10 k\u00f6stlichen Geschmacksrichtungen bei fumot-vaping.de.<\/p>","protected":false},"featured_media":18217,"comment_status":"open","ping_status":"closed","template":"","meta":[],"product_brand":[],"product_cat":[115],"product_tag":[],"class_list":{"0":"post-18194","1":"product","2":"type-product","3":"status-publish","4":"has-post-thumbnail","6":"product_cat-lavie-disposable-vape","8":"first","9":"instock","10":"shipping-taxable","11":"purchasable","12":"product-type-variable"},"_links":{"self":[{"href":"https:\/\/fumot-vaping.de\/it\/wp-json\/wp\/v2\/product\/18194","targetHints":{"allow":["GET"]}}],"collection":[{"href":"https:\/\/fumot-vaping.de\/it\/wp-json\/wp\/v2\/product"}],"about":[{"href":"https:\/\/fumot-vaping.de\/it\/wp-json\/wp\/v2\/types\/product"}],"replies":[{"embeddable":true,"href":"https:\/\/fumot-vaping.de\/it\/wp-json\/wp\/v2\/comments?post=18194"}],"version-history":[{"count":1,"href":"https:\/\/fumot-vaping.de\/it\/wp-json\/wp\/v2\/product\/18194\/revisions"}],"predecessor-version":[{"id":18226,"href":"https:\/\/fumot-vaping.de\/it\/wp-json\/wp\/v2\/product\/18194\/revisions\/18226"}],"wp:featuredmedia":[{"embeddable":true,"href":"https:\/\/fumot-vaping.de\/it\/wp-json\/wp\/v2\/media\/18217"}],"wp:attachment":[{"href":"https:\/\/fumot-vaping.de\/it\/wp-json\/wp\/v2\/media?parent=18194"}],"wp:term":[{"taxonomy":"product_brand","embeddable":true,"href":"https:\/\/fumot-vaping.de\/it\/wp-json\/wp\/v2\/product_brand?post=18194"},{"taxonomy":"product_cat","embeddable":true,"href":"https:\/\/fumot-vaping.de\/it\/wp-json\/wp\/v2\/product_cat?post=18194"},{"taxonomy":"product_tag","embeddable":true,"href":"https:\/\/fumot-vaping.de\/it\/wp-json\/wp\/v2\/product_tag?post=18194"}],"curies":[{"name":"wp","href":"https:\/\/api.w.org\/{rel}","templated":true}]}}