{"id":17330,"date":"2025-10-07T01:01:23","date_gmt":"2025-10-07T01:01:23","guid":{"rendered":"https:\/\/fumot-vaping.de\/?post_type=product&#038;p=17330"},"modified":"2025-10-07T01:01:23","modified_gmt":"2025-10-07T01:01:23","slug":"vapen-mega-50k-einweg-e-zigarette","status":"publish","type":"product","link":"https:\/\/fumot-vaping.de\/it\/product\/vapen-mega-50k-einweg-e-zigarette\/","title":{"rendered":"VAPEN MEGA 50K  Einweg E-Zigarette"},"content":{"rendered":"<h2 data-start=\"111\" data-end=\"165\"><strong>VAPEN MEGA 50K \u2013 Die ultimative Einweg-E-Zigarette<\/strong><\/h2>\n<p data-start=\"167\" data-end=\"785\">Il <strong data-start=\"171\" data-end=\"189\">VAPEN MEGA 50K<\/strong> ist eine leistungsstarke Einweg-E-Zigarette, die f\u00fcr Dampfer entwickelt wurde, die lange Nutzung, intensive Aromen und hochwertige Technik suchen. Mit bis zu <strong data-start=\"348\" data-end=\"364\">50.000 Z\u00fcgen<\/strong>, <strong data-start=\"366\" data-end=\"391\">innovativem Mesh-Coil<\/strong> e <strong data-start=\"396\" data-end=\"433\">dauerhafter Geschmackstechnologie<\/strong> garantiert sie ein au\u00dfergew\u00f6hnliches Dampferlebnis. Die <strong data-start=\"490\" data-end=\"513\">Funzione di ricarica Type-C<\/strong> und das integrierte <strong data-start=\"534\" data-end=\"567\">\u00d6l- und Batteriestandsdisplay<\/strong> sorgen f\u00fcr Komfort und \u00dcbersicht, w\u00e4hrend das kompakte Design die VAPEN MEGA 50K ideal f\u00fcr unterwegs macht. Erh\u00e4ltlich mit <strong data-start=\"691\" data-end=\"718\">12 einzigartigen Aromen<\/strong>, ist sie die perfekte Wahl f\u00fcr Einsteiger und erfahrene Dampfer.<\/p>\n<h2 data-start=\"792\" data-end=\"833\"><strong>Dati tecnici\u00a0<\/strong><\/h2>\n<ul data-start=\"835\" data-end=\"1215\">\n<li data-start=\"835\" data-end=\"856\">\n<p data-start=\"837\" data-end=\"856\"><strong data-start=\"837\" data-end=\"847\">Bign\u00e8:<\/strong> 50.000<\/p>\n<\/li>\n<li data-start=\"857\" data-end=\"887\">\n<p data-start=\"859\" data-end=\"887\"><strong data-start=\"859\" data-end=\"877\">Contenuto di nicotina:<\/strong> 2% \/ 5%<\/p>\n<\/li>\n<li data-start=\"888\" data-end=\"940\">\n<p data-start=\"890\" data-end=\"940\"><strong data-start=\"890\" data-end=\"901\">Aromi:<\/strong> 12 verschiedene Geschmacksrichtungen<\/p>\n<\/li>\n<li data-start=\"941\" data-end=\"995\">\n<p data-start=\"943\" data-end=\"995\"><strong data-start=\"943\" data-end=\"956\">Batteria:<\/strong> 650 mAh, wiederaufladbar \u00fcber Type-C<\/p>\n<\/li>\n<li data-start=\"996\" data-end=\"1044\">\n<p data-start=\"998\" data-end=\"1044\"><strong data-start=\"998\" data-end=\"1007\">Bobina:<\/strong> Mesh Coil f\u00fcr intensiven Geschmack<\/p>\n<\/li>\n<li data-start=\"1045\" data-end=\"1091\">\n<p data-start=\"1047\" data-end=\"1091\"><strong data-start=\"1047\" data-end=\"1059\">Display:<\/strong> \u00d6l- und Batteriestandsanzeige<\/p>\n<\/li>\n<li data-start=\"1092\" data-end=\"1172\">\n<p data-start=\"1094\" data-end=\"1172\"><strong data-start=\"1094\" data-end=\"1110\">Technologie:<\/strong> Konsistente Geschmackstechnologie f\u00fcr langanhaltendes Aroma<\/p>\n<\/li>\n<li data-start=\"1173\" data-end=\"1215\">\n<p data-start=\"1175\" data-end=\"1215\"><strong data-start=\"1175\" data-end=\"1190\">Imballaggio:<\/strong> 10 St\u00fcck \/ Display-Box<\/p>\n<\/li>\n<\/ul>\n<h2 data-start=\"1222\" data-end=\"1278\"><strong>Gusti disponibili<\/strong><\/h2>\n<ol data-start=\"1280\" data-end=\"1554\">\n<li data-start=\"1280\" data-end=\"1299\">\n<p data-start=\"1283\" data-end=\"1299\">Ghiaccio all'anguria<\/p>\n<\/li>\n<li data-start=\"1300\" data-end=\"1318\">\n<p data-start=\"1303\" data-end=\"1318\">Ghiaccio al mirtillo<\/p>\n<\/li>\n<li data-start=\"1319\" data-end=\"1335\">\n<p data-start=\"1322\" data-end=\"1335\">Bacche miste<\/p>\n<\/li>\n<li data-start=\"1336\" data-end=\"1356\">\n<p data-start=\"1339\" data-end=\"1356\">Ghiaccio alla pesca succosa<\/p>\n<\/li>\n<li data-start=\"1357\" data-end=\"1378\">\n<p data-start=\"1360\" data-end=\"1378\">Drago Nero di Ghiaccio<\/p>\n<\/li>\n<li data-start=\"1379\" data-end=\"1405\">\n<p data-start=\"1382\" data-end=\"1405\">Anguria alla fragola<\/p>\n<\/li>\n<li data-start=\"1406\" data-end=\"1427\">\n<p data-start=\"1409\" data-end=\"1427\">Sex on the Beach<\/p>\n<\/li>\n<li data-start=\"1428\" data-end=\"1448\">\n<p data-start=\"1431\" data-end=\"1448\">Fragola Kiwi<\/p>\n<\/li>\n<li data-start=\"1449\" data-end=\"1464\">\n<p data-start=\"1452\" data-end=\"1464\">Limone e lime<\/p>\n<\/li>\n<li data-start=\"1465\" data-end=\"1517\">\n<p data-start=\"1469\" data-end=\"1517\">Coco Loco (Pineapple, Coconut, Lime, Cocktail)<\/p>\n<\/li>\n<li data-start=\"1518\" data-end=\"1531\">\n<p data-start=\"1522\" data-end=\"1531\">Amore 66<\/p>\n<\/li>\n<li data-start=\"1532\" data-end=\"1554\">\n<p data-start=\"1536\" data-end=\"1554\">Cherry Cranberry<\/p>\n<\/li>\n<\/ol>\n<h2><strong>Warum VAPEN MEGA 50K w\u00e4hlen?<\/strong><\/h2>\n<ul data-start=\"1598\" data-end=\"1983\">\n<li data-start=\"1598\" data-end=\"1651\">\n<p data-start=\"1600\" data-end=\"1651\">Fino a <strong data-start=\"1607\" data-end=\"1622\">50.000 Z\u00fcge<\/strong> f\u00fcr langanhaltende Nutzung<\/p>\n<\/li>\n<li data-start=\"1652\" data-end=\"1718\">\n<p data-start=\"1654\" data-end=\"1718\"><strong data-start=\"1654\" data-end=\"1679\">Tecnologia della bobina a rete<\/strong>: dichter Dampf, intensiver Geschmack<\/p>\n<\/li>\n<li data-start=\"1719\" data-end=\"1783\">\n<p data-start=\"1721\" data-end=\"1783\"><strong data-start=\"1721\" data-end=\"1758\">Konsistente Geschmackstechnologie<\/strong>: langanhaltende Aromen<\/p>\n<\/li>\n<li data-start=\"1784\" data-end=\"1845\">\n<p data-start=\"1786\" data-end=\"1845\"><strong data-start=\"1786\" data-end=\"1810\">Porta di ricarica Type-C<\/strong>: schnelle und einfache Aufladung<\/p>\n<\/li>\n<li data-start=\"1846\" data-end=\"1912\">\n<p data-start=\"1848\" data-end=\"1912\"><strong data-start=\"1848\" data-end=\"1874\">12 einzigartige Aromen<\/strong>: fruchtig, exotisch und erfrischend<\/p>\n<\/li>\n<li data-start=\"1913\" data-end=\"1983\">\n<p data-start=\"1915\" data-end=\"1983\"><strong data-start=\"1915\" data-end=\"1961\">Integriertes \u00d6l- und Batteriestandsdisplay<\/strong> f\u00fcr volle Kontrolle<\/p>\n<\/li>\n<\/ul>\n<p data-start=\"1990\" data-end=\"2114\"><strong data-start=\"1993\" data-end=\"2112\">Jetzt erh\u00e4ltlich auf <a class=\"\" href=\"https:\/\/fumot-vaping.de\" target=\"_new\" rel=\"noopener\" data-start=\"2016\" data-end=\"2058\">fumot-vaping.com<\/a> \u2013 Ihr Fachshop f\u00fcr hochwertige Einweg-E-Zigaretten.<\/strong><\/p>","protected":false},"excerpt":{"rendered":"<p>Entdecken Sie die VAPEN MEGA 50K Einweg E-Zigarette: 50.000 Z\u00fcge, Mesh Coil, 12 fruchtige &amp; exotische Aromen, 2%\/5% Nikotin, Type-C Aufladung &amp; langanhaltender Geschmack.<\/p>","protected":false},"featured_media":17358,"comment_status":"open","ping_status":"closed","template":"","meta":[],"product_brand":[],"product_cat":[111],"product_tag":[],"class_list":{"0":"post-17330","1":"product","2":"type-product","3":"status-publish","4":"has-post-thumbnail","6":"product_cat-vapen-disposable-vape","8":"first","9":"instock","10":"shipping-taxable","11":"purchasable","12":"product-type-variable"},"_links":{"self":[{"href":"https:\/\/fumot-vaping.de\/it\/wp-json\/wp\/v2\/product\/17330","targetHints":{"allow":["GET"]}}],"collection":[{"href":"https:\/\/fumot-vaping.de\/it\/wp-json\/wp\/v2\/product"}],"about":[{"href":"https:\/\/fumot-vaping.de\/it\/wp-json\/wp\/v2\/types\/product"}],"replies":[{"embeddable":true,"href":"https:\/\/fumot-vaping.de\/it\/wp-json\/wp\/v2\/comments?post=17330"}],"version-history":[{"count":1,"href":"https:\/\/fumot-vaping.de\/it\/wp-json\/wp\/v2\/product\/17330\/revisions"}],"predecessor-version":[{"id":17364,"href":"https:\/\/fumot-vaping.de\/it\/wp-json\/wp\/v2\/product\/17330\/revisions\/17364"}],"wp:featuredmedia":[{"embeddable":true,"href":"https:\/\/fumot-vaping.de\/it\/wp-json\/wp\/v2\/media\/17358"}],"wp:attachment":[{"href":"https:\/\/fumot-vaping.de\/it\/wp-json\/wp\/v2\/media?parent=17330"}],"wp:term":[{"taxonomy":"product_brand","embeddable":true,"href":"https:\/\/fumot-vaping.de\/it\/wp-json\/wp\/v2\/product_brand?post=17330"},{"taxonomy":"product_cat","embeddable":true,"href":"https:\/\/fumot-vaping.de\/it\/wp-json\/wp\/v2\/product_cat?post=17330"},{"taxonomy":"product_tag","embeddable":true,"href":"https:\/\/fumot-vaping.de\/it\/wp-json\/wp\/v2\/product_tag?post=17330"}],"curies":[{"name":"wp","href":"https:\/\/api.w.org\/{rel}","templated":true}]}}