{"id":17206,"date":"2025-10-11T01:49:26","date_gmt":"2025-10-11T01:49:26","guid":{"rendered":"https:\/\/fumot-vaping.de\/?post_type=product&#038;p=17206"},"modified":"2025-11-07T01:42:32","modified_gmt":"2025-11-07T01:42:32","slug":"zooy-triple-70000-vape-3-en-1-premium","status":"publish","type":"product","link":"https:\/\/fumot-vaping.de\/it\/product\/zooy-triple-70000-vape-3-en-1-premium\/","title":{"rendered":"ZOOY TRIPLE 70000 \u2013 Vape 3-en-1 Premium"},"content":{"rendered":"<h2 data-start=\"75\" data-end=\"136\"><strong data-start=\"75\" data-end=\"136\">ZOOY TRIPLE 70000 \u2013 L&#8217;exp\u00e9rience ultime de la vape 3-en-1<\/strong><\/h2>\n<p data-start=\"138\" data-end=\"737\">Le <strong data-start=\"141\" data-end=\"162\">ZOOY TRIPLE 70000<\/strong> est une cigarette \u00e9lectronique jetable r\u00e9volutionnaire con\u00e7ue pour les vapoteurs exigeants. Dot\u00e9e d\u2019un <strong data-start=\"266\" data-end=\"284\">syst\u00e8me 3-en-1<\/strong>, elle permet de profiter de <strong data-start=\"313\" data-end=\"344\">trois saveurs simultan\u00e9ment<\/strong>, offrant une exp\u00e9rience de vape unique et personnalis\u00e9e. Avec sa <strong data-start=\"410\" data-end=\"447\">technologie Mesh Coil triple 0,9\u03a9<\/strong>, un <strong data-start=\"452\" data-end=\"481\">\u00e9cran intelligent int\u00e9gr\u00e9<\/strong> et une batterie rechargeable Type-C, cette e-cigarette garantit <strong data-start=\"546\" data-end=\"565\">un go\u00fbt intense<\/strong>, une vapeur riche et une utilisation simple et pratique. Compacte, \u00e9l\u00e9gante et performante, elle convient parfaitement aux d\u00e9butants comme aux utilisateurs exp\u00e9riment\u00e9s.<\/p>\n<h2 data-start=\"739\" data-end=\"795\"><strong data-start=\"742\" data-end=\"793\">Caract\u00e9ristiques techniques \u2013 ZOOY TRIPLE 70000<\/strong><\/h2>\n<ul data-start=\"797\" data-end=\"990\">\n<li data-start=\"797\" data-end=\"830\">\n<p data-start=\"799\" data-end=\"830\">Dimensions : 48 x 48 x 117 mm<\/p>\n<\/li>\n<li data-start=\"831\" data-end=\"861\">\n<p data-start=\"833\" data-end=\"861\">Rechargeable : Port Type-C<\/p>\n<\/li>\n<li data-start=\"862\" data-end=\"898\">\n<p data-start=\"864\" data-end=\"898\">Coil : 0,9 + 0,9 + 0,9 Mesh Coil<\/p>\n<\/li>\n<li data-start=\"899\" data-end=\"924\">\n<p data-start=\"901\" data-end=\"924\">Poids : 140 g \/ pi\u00e8ce<\/p>\n<\/li>\n<li data-start=\"925\" data-end=\"958\">\n<p data-start=\"927\" data-end=\"958\">\u00c9cran int\u00e9gr\u00e9 : Smart Display<\/p>\n<\/li>\n<li data-start=\"959\" data-end=\"990\">\n<p data-start=\"961\" data-end=\"990\">Syst\u00e8me de saveurs : 3-en-1<\/p>\n<\/li>\n<\/ul>\n<h2 data-start=\"992\" data-end=\"1040\"><strong data-start=\"995\" data-end=\"1038\">Saveurs disponibles \u2013 ZOOY TRIPLE 70000<\/strong><\/h2>\n<ol data-start=\"1042\" data-end=\"1570\">\n<li data-start=\"1042\" data-end=\"1084\">\n<p data-start=\"1045\" data-end=\"1084\">Watermelon &amp; Lemon Lime &amp; Cherry Cola<\/p>\n<\/li>\n<li data-start=\"1085\" data-end=\"1138\">\n<p data-start=\"1088\" data-end=\"1138\">Strawberry Watermelon &amp; Blueberry Ice &amp; Love 666<\/p>\n<\/li>\n<li data-start=\"1139\" data-end=\"1187\">\n<p data-start=\"1142\" data-end=\"1187\">Strawberry Kiwi &amp; Watermelon Ice &amp; Red Bull<\/p>\n<\/li>\n<li data-start=\"1188\" data-end=\"1243\">\n<p data-start=\"1191\" data-end=\"1243\">Triple Melon &amp; Strawberry Watermelon &amp; Lemon Peach<\/p>\n<\/li>\n<li data-start=\"1244\" data-end=\"1290\">\n<p data-start=\"1247\" data-end=\"1290\">Mr. Blue &amp; Strawberry Banana &amp; Lemon Lime<\/p>\n<\/li>\n<li data-start=\"1291\" data-end=\"1346\">\n<p data-start=\"1294\" data-end=\"1346\">Mixed Berry &amp; Strawberry Vanilla Cola &amp; Lemon Cola<\/p>\n<\/li>\n<li data-start=\"1347\" data-end=\"1401\">\n<p data-start=\"1350\" data-end=\"1401\">Strawberry Ice &amp; Lemon Mint &amp; Passion Fruit Lemon<\/p>\n<\/li>\n<li data-start=\"1402\" data-end=\"1455\">\n<p data-start=\"1405\" data-end=\"1455\">Blueberry Bubblegum &amp; Love 666 &amp; Strawberry Kiwi<\/p>\n<\/li>\n<li data-start=\"1456\" data-end=\"1520\">\n<p data-start=\"1459\" data-end=\"1520\">Pink Lemonade &amp; Strawberry Raspberry &amp; Cherry Blueberry Ice<\/p>\n<\/li>\n<li data-start=\"1521\" data-end=\"1570\">\n<p data-start=\"1525\" data-end=\"1570\">Mango Ice &amp; Aloe Grape &amp; Kiwi Passion Fruit<\/p>\n<\/li>\n<\/ol>\n<h2 data-start=\"1572\" data-end=\"1616\"><strong data-start=\"1574\" data-end=\"1614\">Pourquoi choisir ZOOY TRIPLE 70000 ?<\/strong><\/h2>\n<ul data-start=\"1618\" data-end=\"1918\">\n<li data-start=\"1618\" data-end=\"1673\">\n<p data-start=\"1620\" data-end=\"1673\">Triple saveurs int\u00e9gr\u00e9es pour une exp\u00e9rience unique<\/p>\n<\/li>\n<li data-start=\"1674\" data-end=\"1740\">\n<p data-start=\"1676\" data-end=\"1740\">Technologie Mesh Coil pour un go\u00fbt intense et une vapeur dense<\/p>\n<\/li>\n<li data-start=\"1741\" data-end=\"1818\">\n<p data-start=\"1743\" data-end=\"1818\">\u00c9cran intelligent pour un suivi facile de la batterie et de l\u2019utilisation<\/p>\n<\/li>\n<li data-start=\"1819\" data-end=\"1857\">\n<p data-start=\"1821\" data-end=\"1857\">Recharge Type-C rapide et pratique<\/p>\n<\/li>\n<li data-start=\"1858\" data-end=\"1918\">\n<p data-start=\"1860\" data-end=\"1918\">Design compact et moderne, id\u00e9al pour tous les vapoteurs<\/p>\n<\/li>\n<\/ul>\n<p data-start=\"1920\" data-end=\"2083\">\ud83d\udc49 <strong data-start=\"1923\" data-end=\"2083\">Disponibile da subito su <a class=\"\" href=\"https:\/\/fumot-vaping.de\" target=\"_new\" rel=\"noopener\" data-start=\"1955\" data-end=\"1997\">fumot-vaping.com<\/a> \u2013 votre boutique sp\u00e9cialis\u00e9e en cigarettes \u00e9lectroniques jetables de haute qualit\u00e9.<\/strong><\/p>","protected":false},"excerpt":{"rendered":"<p>D\u00e9couvrez <strong>ZOOY TRIPLE 70000<\/strong> : cigarette jetable 3-en-1 avec Mesh Coil, \u00e9cran intelligent, batterie Type-C et saveurs vari\u00e9es. Vape intense et pratique sur fumot-vaping.de<\/p>","protected":false},"featured_media":17261,"comment_status":"open","ping_status":"closed","template":"","meta":[],"product_brand":[],"product_cat":[110],"product_tag":[94,95,96,97],"class_list":{"0":"post-17206","1":"product","2":"type-product","3":"status-publish","4":"has-post-thumbnail","6":"product_cat-zooy-disposable-vape","7":"product_tag-big-puffs-vape","8":"product_tag-low-nicotine-vape","9":"product_tag-nicotine-free-vape","10":"product_tag-rechargeable-vape","12":"first","13":"outofstock","14":"shipping-taxable","15":"purchasable","16":"product-type-variable"},"_links":{"self":[{"href":"https:\/\/fumot-vaping.de\/it\/wp-json\/wp\/v2\/product\/17206","targetHints":{"allow":["GET"]}}],"collection":[{"href":"https:\/\/fumot-vaping.de\/it\/wp-json\/wp\/v2\/product"}],"about":[{"href":"https:\/\/fumot-vaping.de\/it\/wp-json\/wp\/v2\/types\/product"}],"replies":[{"embeddable":true,"href":"https:\/\/fumot-vaping.de\/it\/wp-json\/wp\/v2\/comments?post=17206"}],"version-history":[{"count":1,"href":"https:\/\/fumot-vaping.de\/it\/wp-json\/wp\/v2\/product\/17206\/revisions"}],"predecessor-version":[{"id":17262,"href":"https:\/\/fumot-vaping.de\/it\/wp-json\/wp\/v2\/product\/17206\/revisions\/17262"}],"wp:featuredmedia":[{"embeddable":true,"href":"https:\/\/fumot-vaping.de\/it\/wp-json\/wp\/v2\/media\/17261"}],"wp:attachment":[{"href":"https:\/\/fumot-vaping.de\/it\/wp-json\/wp\/v2\/media?parent=17206"}],"wp:term":[{"taxonomy":"product_brand","embeddable":true,"href":"https:\/\/fumot-vaping.de\/it\/wp-json\/wp\/v2\/product_brand?post=17206"},{"taxonomy":"product_cat","embeddable":true,"href":"https:\/\/fumot-vaping.de\/it\/wp-json\/wp\/v2\/product_cat?post=17206"},{"taxonomy":"product_tag","embeddable":true,"href":"https:\/\/fumot-vaping.de\/it\/wp-json\/wp\/v2\/product_tag?post=17206"}],"curies":[{"name":"wp","href":"https:\/\/api.w.org\/{rel}","templated":true}]}}