{"id":15440,"date":"2025-11-05T01:19:30","date_gmt":"2025-11-05T01:19:30","guid":{"rendered":"https:\/\/fumot-vaping.de\/?post_type=product&#038;p=15440"},"modified":"2025-11-20T02:58:02","modified_gmt":"2025-11-20T02:58:02","slug":"jnr-butterfly-8500-puffs-mit-boost-display","status":"publish","type":"product","link":"https:\/\/fumot-vaping.de\/it\/product\/jnr-butterfly-8500-puffs-mit-boost-display\/","title":{"rendered":"JNR Butterfly 8500 Puffs mit Boost &#038; Display"},"content":{"rendered":"<h2 data-start=\"0\" data-end=\"48\"><strong data-start=\"0\" data-end=\"48\">Produktbeschreibung: JNR Butterfly 8500 Puff<\/strong><\/h2>\n<p data-start=\"50\" data-end=\"479\">Il <strong data-start=\"54\" data-end=\"81\">JNR Butterfly 8500 Puff<\/strong> ist der ideale Begleiter f\u00fcr Dampfer, die auf der Suche nach einem leistungsstarken, praktischen und geschmackvollen Einweg-Vape sind. Mit einer <strong data-start=\"227\" data-end=\"258\">e-liquid Kapazit\u00e4t von 15ml<\/strong> e <strong data-start=\"263\" data-end=\"284\">bis zu 8500 Z\u00fcgen<\/strong> bietet dieses Ger\u00e4t ein langanhaltendes Dampferlebnis. Es ist die perfekte Wahl f\u00fcr den t\u00e4glichen Gebrauch und sorgt f\u00fcr intensiven Genuss, ohne dass Sie sich Sorgen um Nachf\u00fcllen machen m\u00fcssen.<\/p>\n<p data-start=\"50\" data-end=\"479\">Il <strong data-start=\"2377\" data-end=\"2404\">JNR Butterfly 8500 Puff<\/strong> ist eine hervorragende Wahl f\u00fcr Dampfer, die nach einem praktischen, langlebigen und geschmackvollen Vape suchen. Mit einer Vielzahl von Geschmacksrichtungen und benutzerfreundlichen Funktionen bietet es ein unvergleichliches Dampferlebnis. Besuchen Sie <strong data-start=\"2659\" data-end=\"2678\">fumot-vaping.com<\/strong>, um mehr \u00fcber das Produkt zu erfahren und Ihre <strong data-start=\"2726\" data-end=\"2753\">JNR Butterfly 8500 Puff<\/strong> zu kaufen!<\/p>\n<h2 data-start=\"481\" data-end=\"501\"><strong data-start=\"481\" data-end=\"501\">Hauptfunktionen:<\/strong><\/h2>\n<ul data-start=\"503\" data-end=\"1018\">\n<li data-start=\"503\" data-end=\"537\">\n<p data-start=\"505\" data-end=\"537\"><strong data-start=\"505\" data-end=\"520\">Conteggio dei soffi:<\/strong> Bis zu 8500 Z\u00fcge<\/p>\n<\/li>\n<li data-start=\"538\" data-end=\"580\">\n<p data-start=\"540\" data-end=\"580\"><strong data-start=\"540\" data-end=\"563\">E-liquid Kapazit\u00e4t:<\/strong> 15 ml vorgef\u00fcllt<\/p>\n<\/li>\n<li data-start=\"581\" data-end=\"627\">\n<p data-start=\"583\" data-end=\"627\"><strong data-start=\"583\" data-end=\"596\">Batteria:<\/strong> 750 mAh Akku (wiederaufladbar)<\/p>\n<\/li>\n<li data-start=\"628\" data-end=\"668\">\n<p data-start=\"630\" data-end=\"668\"><strong data-start=\"630\" data-end=\"643\">Coil Typ:<\/strong> 1.0\u03a9 f\u00fcr sanfte Halsz\u00fcge<\/p>\n<\/li>\n<li data-start=\"669\" data-end=\"713\">\n<p data-start=\"671\" data-end=\"713\"><strong data-start=\"671\" data-end=\"689\">Connessione di ricarica:<\/strong> USB Typ-C Schnellladung<\/p>\n<\/li>\n<li data-start=\"714\" data-end=\"820\">\n<p data-start=\"716\" data-end=\"820\"><strong data-start=\"716\" data-end=\"732\">Boost Modus:<\/strong> Doppelklick zum Aktivieren des Boost-Modus f\u00fcr intensiveren Geschmack und sanftere Z\u00fcge<\/p>\n<\/li>\n<li data-start=\"821\" data-end=\"903\">\n<p data-start=\"823\" data-end=\"903\"><strong data-start=\"823\" data-end=\"835\">Display:<\/strong> Digitales Display f\u00fcr den verbleibenden Liquidstand und Akkuanzeige<\/p>\n<\/li>\n<li data-start=\"904\" data-end=\"952\">\n<p data-start=\"906\" data-end=\"952\"><strong data-start=\"906\" data-end=\"922\">Attivazione:<\/strong> Zugaktivierte Ausl\u00f6sefunktion<\/p>\n<\/li>\n<li data-start=\"953\" data-end=\"1018\">\n<p data-start=\"955\" data-end=\"1018\"><strong data-start=\"955\" data-end=\"966\">Design:<\/strong> Transparentes Geh\u00e4use mit Band f\u00fcr einfaches Tragen<\/p>\n<\/li>\n<\/ul>\n<h2 data-start=\"1020\" data-end=\"1077\"><strong data-start=\"1020\" data-end=\"1077\">Vielseitige Geschmacksrichtungen f\u00fcr jeden Geschmack:<\/strong><\/h2>\n<p data-start=\"1079\" data-end=\"1350\">Il <strong data-start=\"1083\" data-end=\"1110\">JNR Butterfly 8500 Puff<\/strong> bietet eine breite Palette an k\u00f6stlichen und erfrischenden Geschmacksrichtungen, die den Bed\u00fcrfnissen jedes Dampfers gerecht werden. Egal, ob Sie fruchtige, erfrischende oder klassische Aromen bevorzugen \u2013 dieses Ger\u00e4t hat alles zu bieten.<\/p>\n<p><strong data-start=\"1352\" data-end=\"1374\">Verf\u00fcgbare Aromen:<\/strong><\/p>\n<ul data-start=\"1376\" data-end=\"1715\">\n<li data-start=\"1376\" data-end=\"1416\">\n<p data-start=\"1378\" data-end=\"1416\"><strong data-start=\"1378\" data-end=\"1416\">Random Flavors (Schneller Versand)<\/strong><\/p>\n<\/li>\n<li data-start=\"1417\" data-end=\"1436\">\n<p data-start=\"1419\" data-end=\"1436\"><strong data-start=\"1419\" data-end=\"1436\">Ghiaccio al mirtillo<\/strong><\/p>\n<\/li>\n<li data-start=\"1437\" data-end=\"1453\">\n<p data-start=\"1439\" data-end=\"1453\"><strong data-start=\"1439\" data-end=\"1453\">Ghiaccio alla banana<\/strong><\/p>\n<\/li>\n<li data-start=\"1454\" data-end=\"1469\">\n<p data-start=\"1456\" data-end=\"1469\"><strong data-start=\"1456\" data-end=\"1469\">Menta fresca<\/strong><\/p>\n<\/li>\n<li data-start=\"1470\" data-end=\"1486\">\n<p data-start=\"1472\" data-end=\"1486\"><strong data-start=\"1472\" data-end=\"1486\">Grape Soda<\/strong><\/p>\n<\/li>\n<li data-start=\"1487\" data-end=\"1503\">\n<p data-start=\"1489\" data-end=\"1503\"><strong data-start=\"1489\" data-end=\"1503\">Lemon Tart<\/strong><\/p>\n<\/li>\n<li data-start=\"1504\" data-end=\"1519\">\n<p data-start=\"1506\" data-end=\"1519\"><strong data-start=\"1506\" data-end=\"1519\">Ghiaccio al mango<\/strong><\/p>\n<\/li>\n<li data-start=\"1520\" data-end=\"1543\">\n<p data-start=\"1522\" data-end=\"1543\"><strong data-start=\"1522\" data-end=\"1543\">Pineapple Coconut<\/strong><\/p>\n<\/li>\n<li data-start=\"1544\" data-end=\"1561\">\n<p data-start=\"1546\" data-end=\"1561\"><strong data-start=\"1546\" data-end=\"1561\">Pesca e mango<\/strong><\/p>\n<\/li>\n<li data-start=\"1562\" data-end=\"1583\">\n<p data-start=\"1564\" data-end=\"1583\"><strong data-start=\"1564\" data-end=\"1583\">Fragola Kiwi<\/strong><\/p>\n<\/li>\n<li data-start=\"1584\" data-end=\"1600\">\n<p data-start=\"1586\" data-end=\"1600\"><strong data-start=\"1586\" data-end=\"1600\">Anguria<\/strong><\/p>\n<\/li>\n<li data-start=\"1601\" data-end=\"1631\">\n<p data-start=\"1603\" data-end=\"1631\"><strong data-start=\"1603\" data-end=\"1631\">Lampone acido al mirtillo<\/strong><\/p>\n<\/li>\n<li data-start=\"1632\" data-end=\"1645\">\n<p data-start=\"1634\" data-end=\"1645\"><strong data-start=\"1634\" data-end=\"1645\">Mr. Blue<\/strong><\/p>\n<\/li>\n<li data-start=\"1646\" data-end=\"1663\">\n<p data-start=\"1648\" data-end=\"1663\"><strong data-start=\"1648\" data-end=\"1663\">Bacca di pesca<\/strong><\/p>\n<\/li>\n<li data-start=\"1664\" data-end=\"1683\">\n<p data-start=\"1666\" data-end=\"1683\"><strong data-start=\"1666\" data-end=\"1683\">Ghiaccio all'ananas<\/strong><\/p>\n<\/li>\n<li data-start=\"1684\" data-end=\"1700\">\n<p data-start=\"1686\" data-end=\"1700\"><strong data-start=\"1686\" data-end=\"1700\">Limone e lime<\/strong><\/p>\n<\/li>\n<li data-start=\"1701\" data-end=\"1715\">\n<p data-start=\"1703\" data-end=\"1715\"><strong data-start=\"1703\" data-end=\"1715\">Birilli<\/strong><\/p>\n<\/li>\n<\/ul>\n<p data-start=\"1717\" data-end=\"1774\"><strong data-start=\"1717\" data-end=\"1774\">Warum sollten Sie die JNR Butterfly 8500 Puff w\u00e4hlen?<\/strong><\/p>\n<p data-start=\"1776\" data-end=\"2128\">Il <strong data-start=\"1780\" data-end=\"1807\">JNR Butterfly 8500 Puff<\/strong> bietet nicht nur eine beeindruckende Anzahl an Z\u00fcgen und eine hohe Liquidkapazit\u00e4t, sondern auch eine bequeme Nutzung durch die Zugaktivierung und das praktische Design. Der <strong data-start=\"1982\" data-end=\"1997\">Boost-Modus<\/strong> sorgt f\u00fcr ein noch intensiveres Dampferlebnis, w\u00e4hrend das <strong data-start=\"2057\" data-end=\"2077\">digitale Display<\/strong> immer den aktuellen Liquid- und Akkustand anzeigt.<\/p>\n<p data-start=\"2130\" data-end=\"2359\">Dieses Ger\u00e4t ist ideal f\u00fcr Dampfer, die auf der Suche nach einem langlebigen, geschmackvollen und einfach zu handhabenden Vape sind. Mit dem <strong data-start=\"2271\" data-end=\"2298\">JNR Butterfly 8500 Puff<\/strong> k\u00f6nnen Sie jederzeit ein gro\u00dfartiges Dampferlebnis genie\u00dfen.<\/p>\n<p data-start=\"2766\" data-end=\"2917\"><strong data-start=\"2766\" data-end=\"2788\">Nota importante:<\/strong> Dieses Produkt enth\u00e4lt Nikotin und ist nur f\u00fcr Erwachsene geeignet. Nikotin kann gesundheitssch\u00e4dlich sein und zur Sucht f\u00fchren.<\/p>","protected":false},"excerpt":{"rendered":"<p>Experience up to 8500 puffs with the <strong data-start=\"60\" data-end=\"87\" data-is-only-node=\"\">JNR Butterfly 8500 Puff<\/strong>. Enjoy 15ml e-liquid, a 750mAh rechargeable battery, Boost Mode, and 20+ exciting flavors. Perfect for lasting enjoyment on the go!<\/p>","protected":false},"featured_media":15492,"comment_status":"open","ping_status":"closed","template":"","meta":[],"product_brand":[],"product_cat":[106],"product_tag":[94,95,97,98],"class_list":{"0":"post-15440","1":"product","2":"type-product","3":"status-publish","4":"has-post-thumbnail","6":"product_cat-jnr-disposable-vape","7":"product_tag-big-puffs-vape","8":"product_tag-low-nicotine-vape","9":"product_tag-rechargeable-vape","10":"product_tag-rgb-light-vape","12":"first","13":"outofstock","14":"shipping-taxable","15":"purchasable","16":"product-type-variable"},"_links":{"self":[{"href":"https:\/\/fumot-vaping.de\/it\/wp-json\/wp\/v2\/product\/15440","targetHints":{"allow":["GET"]}}],"collection":[{"href":"https:\/\/fumot-vaping.de\/it\/wp-json\/wp\/v2\/product"}],"about":[{"href":"https:\/\/fumot-vaping.de\/it\/wp-json\/wp\/v2\/types\/product"}],"replies":[{"embeddable":true,"href":"https:\/\/fumot-vaping.de\/it\/wp-json\/wp\/v2\/comments?post=15440"}],"version-history":[{"count":1,"href":"https:\/\/fumot-vaping.de\/it\/wp-json\/wp\/v2\/product\/15440\/revisions"}],"predecessor-version":[{"id":15496,"href":"https:\/\/fumot-vaping.de\/it\/wp-json\/wp\/v2\/product\/15440\/revisions\/15496"}],"wp:featuredmedia":[{"embeddable":true,"href":"https:\/\/fumot-vaping.de\/it\/wp-json\/wp\/v2\/media\/15492"}],"wp:attachment":[{"href":"https:\/\/fumot-vaping.de\/it\/wp-json\/wp\/v2\/media?parent=15440"}],"wp:term":[{"taxonomy":"product_brand","embeddable":true,"href":"https:\/\/fumot-vaping.de\/it\/wp-json\/wp\/v2\/product_brand?post=15440"},{"taxonomy":"product_cat","embeddable":true,"href":"https:\/\/fumot-vaping.de\/it\/wp-json\/wp\/v2\/product_cat?post=15440"},{"taxonomy":"product_tag","embeddable":true,"href":"https:\/\/fumot-vaping.de\/it\/wp-json\/wp\/v2\/product_tag?post=15440"}],"curies":[{"name":"wp","href":"https:\/\/api.w.org\/{rel}","templated":true}]}}