{"id":15271,"date":"2025-07-13T01:37:55","date_gmt":"2025-07-13T01:37:55","guid":{"rendered":"https:\/\/fumot-vaping.de\/?post_type=product&#038;p=15271"},"modified":"2025-11-20T03:00:11","modified_gmt":"2025-11-20T03:00:11","slug":"jnr-calavera-11000-puff-con-flusso-daria-rgb","status":"publish","type":"product","link":"https:\/\/fumot-vaping.de\/it\/product\/jnr-calavera-11000-puff-con-flusso-daria-rgb\/","title":{"rendered":"JNR CALAVERA 11000 PUFF con RGB e flusso d'aria"},"content":{"rendered":"<h2 data-start=\"0\" data-end=\"65\"><strong>JNR CALAVERA - Vape con LED e 20 aromi<\/strong><\/h2>\n<p data-start=\"67\" data-end=\"578\">Il <strong data-start=\"71\" data-end=\"98\">JNR CALAVERA 11000 PUFF<\/strong> \u00e8 la scelta ideale per i vapers che cercano un dispositivo durevole, potente e facile da usare. Con un massimo di <strong data-start=\"227\" data-end=\"243\">11.000 treni<\/strong> questo vaporizzatore offre un'esperienza di vapore intensa e duratura. Il <strong data-start=\"322\" data-end=\"337\">Batteria da 850 mAh<\/strong> assicura che il vaporizzatore funzioni bene e in modo costante per un lungo periodo di tempo. Grazie alla <strong data-start=\"437\" data-end=\"467\">Funzione di ricarica rapida Type-C<\/strong> \u00e8 possibile ricaricare rapidamente il dispositivo in modo da non dover fare lunghe pause dal vaping.<\/p>\n<h2 data-start=\"580\" data-end=\"636\"><strong data-start=\"584\" data-end=\"636\">Caratteristiche del prodotto JNR CALAVERA 11000 PUFF<\/strong><\/h2>\n<ul data-start=\"638\" data-end=\"1213\">\n<li data-start=\"638\" data-end=\"672\">\n<p data-start=\"640\" data-end=\"672\"><strong data-start=\"640\" data-end=\"648\">Treni<\/strong>Fino a <strong data-start=\"657\" data-end=\"672\">11.000 treni<\/strong><\/p>\n<\/li>\n<li data-start=\"673\" data-end=\"728\">\n<p data-start=\"675\" data-end=\"728\"><strong data-start=\"675\" data-end=\"683\">Batteria<\/strong>: <strong data-start=\"685\" data-end=\"695\">850 mAh<\/strong>, ricaricabile tramite <strong data-start=\"718\" data-end=\"728\">Tipo-C<\/strong><\/p>\n<\/li>\n<li data-start=\"729\" data-end=\"794\">\n<p data-start=\"731\" data-end=\"794\"><strong data-start=\"731\" data-end=\"753\">Capacit\u00e0 del liquido elettronico<\/strong>: <strong data-start=\"755\" data-end=\"763\">21ml<\/strong>sufficiente per un uso prolungato<\/p>\n<\/li>\n<li data-start=\"795\" data-end=\"856\">\n<p data-start=\"797\" data-end=\"856\"><strong data-start=\"797\" data-end=\"805\">Bobina<\/strong>: <strong data-start=\"807\" data-end=\"815\">1.2\u03a9<\/strong> <strong data-start=\"816\" data-end=\"829\">Bobina di rete<\/strong> Per un intenso piacere del vapore<\/p>\n<\/li>\n<li data-start=\"857\" data-end=\"933\">\n<p data-start=\"859\" data-end=\"933\"><strong data-start=\"859\" data-end=\"882\">Illuminazione LED RGB<\/strong>Illuminazione dinamica per un'esperienza visiva<\/p>\n<\/li>\n<li data-start=\"934\" data-end=\"1011\">\n<p data-start=\"936\" data-end=\"1011\"><strong data-start=\"936\" data-end=\"961\">Flusso d'aria regolabile<\/strong>Regolare il flusso d'aria in base alle proprie preferenze<\/p>\n<\/li>\n<li data-start=\"1012\" data-end=\"1077\">\n<p data-start=\"1014\" data-end=\"1077\"><strong data-start=\"1014\" data-end=\"1025\">Nicotina<\/strong>Disponibile nelle gradazioni di nicotina <strong data-start=\"1059\" data-end=\"1077\">0%, 2%, 3%, 5%<\/strong><\/p>\n<\/li>\n<li data-start=\"1078\" data-end=\"1146\">\n<p data-start=\"1080\" data-end=\"1146\"><strong data-start=\"1080\" data-end=\"1092\">Materiale<\/strong>Robusto <strong data-start=\"1103\" data-end=\"1128\">zanglamaydigan po'lat<\/strong> per la longevit\u00e0<\/p>\n<\/li>\n<li data-start=\"1147\" data-end=\"1213\">\n<p data-start=\"1149\" data-end=\"1213\"><strong data-start=\"1149\" data-end=\"1159\">Design<\/strong>Design compatto e maneggevole per un comodo vaping<\/p>\n<\/li>\n<\/ul>\n<h2 data-start=\"1215\" data-end=\"1255\"><strong data-start=\"1219\" data-end=\"1255\">Gusti disponibili:<\/strong><\/h2>\n<ul data-start=\"1257\" data-end=\"1612\">\n<li data-start=\"1257\" data-end=\"1612\">\n<p data-start=\"1259\" data-end=\"1612\">Mirtillo Ghiacciato | Ananas Ghiacciato | Anguria Ghiacciata | Limone e Lime | Pesca Ghiacciata | Fragola Kiwi | Passionfruit Kiwi Guava | Ciliegia Blu Razz | Drago Nero Ghiacciato | Pesca Mango Ananas Ghiacciata | Triplo Mango | Mr Blue | Vimto | Pesca Mango | Anguria Bubblegum | Ghiaccio Nero | Fragola Anguria Ghiacciata | Uva Ghiacciata | Frutti di bosco misti | Fragola Lampone Limonata Ghiacciata<\/p>\n<\/li>\n<\/ul>\n<h2 data-start=\"1614\" data-end=\"1645\"><strong data-start=\"1618\" data-end=\"1645\">Funzioni e vantaggi<\/strong><\/h2>\n<p data-start=\"1647\" data-end=\"1929\"><strong data-start=\"1647\" data-end=\"1678\">Durata e prestazioni:<\/strong><br data-start=\"1678\" data-end=\"1681\" \/>Con <strong data-start=\"1685\" data-end=\"1701\">11.000 treni<\/strong> \u00e8 possibile utilizzare il JNR CALAVERA 11000 PUFF per un periodo di tempo pi\u00f9 lungo. Ci\u00f2 significa una minore frequenza di ricarica o sostituzione del dispositivo. Ideale per i vapers che cercano una soluzione a lungo termine.<\/p>\n<p data-start=\"1931\" data-end=\"2169\"><strong data-start=\"1931\" data-end=\"1971\">Batteria potente e ricarica rapida:<\/strong><br data-start=\"1971\" data-end=\"1974\" \/>Il <strong data-start=\"1978\" data-end=\"1993\">Batteria da 850 mAh<\/strong> offre una potenza sufficiente per una lunga durata. Quando la batteria \u00e8 scarica, \u00e8 possibile ricaricarla grazie alla <strong data-start=\"2097\" data-end=\"2120\">Funzione di ricarica Type-C<\/strong> ricaricare rapidamente e continuare immediatamente.<\/p>\n<p data-start=\"2171\" data-end=\"2431\"><strong data-start=\"2171\" data-end=\"2217\">Gusto e produzione di vapore ottimizzati:<\/strong><br data-start=\"2217\" data-end=\"2220\" \/>Grazie al <strong data-start=\"2229\" data-end=\"2247\">1,2\u03a9 Bobina a maglie<\/strong> Godetevi un sapore costante e un vapore uniforme a ogni inalazione. Il sistema di bobine a rete assicura un riscaldamento uniforme dell'e-liquid e massimizza la densit\u00e0 del vapore.<\/p>\n<p data-start=\"2433\" data-end=\"2656\"><strong data-start=\"2433\" data-end=\"2457\">Illuminazione LED RGB:<\/strong><br data-start=\"2457\" data-end=\"2460\" \/>L'illuminazione LED RGB non solo fornisce un'evidenza visiva, ma garantisce anche un'esperienza di vaping emozionante. L'illuminazione pu\u00f2 trasformare il vaping in un'esperienza multisensoriale.<\/p>\n<p data-start=\"2658\" data-end=\"2874\"><strong data-start=\"2658\" data-end=\"2684\">Flusso d'aria regolabile:<\/strong><br data-start=\"2684\" data-end=\"2687\" \/>Il flusso d'aria regolabile consente di personalizzare l'esperienza di svapo. Potete scegliere se preferite un tiro pi\u00f9 stretto e intenso o un tiro aperto e pi\u00f9 leggero.<\/p>\n<h2 data-start=\"3343\" data-end=\"3371\"><strong data-start=\"3347\" data-end=\"3369\">Nota importante:<\/strong><\/h2>\n<p data-start=\"3372\" data-end=\"3529\">Il <strong data-start=\"3376\" data-end=\"3403\">JNR CALAVERA 11000 PUFF<\/strong> contiene nicotina e deve essere usato solo da adulti. La nicotina pu\u00f2 essere dannosa per la salute e portare alla dipendenza.<\/p>\n<p data-start=\"3531\" data-end=\"3669\"><strong data-start=\"3531\" data-end=\"3558\">Visita fumot-vaping.com<\/strong> per maggiori informazioni e per ordinare il vostro <strong data-start=\"3602\" data-end=\"3629\">JNR CALAVERA 11000 PUFF<\/strong> ora per un'intensa esperienza di vapore!<\/p>","protected":false},"excerpt":{"rendered":"<p>Provate la straordinaria esperienza del vapore con il <strong data-start=\"111\" data-end=\"138\">JNR CALAVERA 11000 PUFF<\/strong>. 11.000 boccate, 21 ml di e-liquid, batteria da 850 mAh e coil a rete per un sapore intenso. Scoprite oltre 20 gusti come Blueberry Ice, Strawberry Kiwi, Passion Fruit Kiwi e molti altri. <strong data-start=\"328\" data-end=\"347\" data-is-only-node=\"\">fumot-vaping.com<\/strong>.<\/p>","protected":false},"featured_media":15358,"comment_status":"open","ping_status":"closed","template":"","meta":[],"product_brand":[],"product_cat":[106],"product_tag":[96,97],"class_list":{"0":"post-15271","1":"product","2":"type-product","3":"status-publish","4":"has-post-thumbnail","6":"product_cat-jnr-disposable-vape","7":"product_tag-nicotine-free-vape","8":"product_tag-rechargeable-vape","10":"first","11":"outofstock","12":"shipping-taxable","13":"purchasable","14":"product-type-variable"},"_links":{"self":[{"href":"https:\/\/fumot-vaping.de\/it\/wp-json\/wp\/v2\/product\/15271","targetHints":{"allow":["GET"]}}],"collection":[{"href":"https:\/\/fumot-vaping.de\/it\/wp-json\/wp\/v2\/product"}],"about":[{"href":"https:\/\/fumot-vaping.de\/it\/wp-json\/wp\/v2\/types\/product"}],"replies":[{"embeddable":true,"href":"https:\/\/fumot-vaping.de\/it\/wp-json\/wp\/v2\/comments?post=15271"}],"version-history":[{"count":2,"href":"https:\/\/fumot-vaping.de\/it\/wp-json\/wp\/v2\/product\/15271\/revisions"}],"predecessor-version":[{"id":16946,"href":"https:\/\/fumot-vaping.de\/it\/wp-json\/wp\/v2\/product\/15271\/revisions\/16946"}],"wp:featuredmedia":[{"embeddable":true,"href":"https:\/\/fumot-vaping.de\/it\/wp-json\/wp\/v2\/media\/15358"}],"wp:attachment":[{"href":"https:\/\/fumot-vaping.de\/it\/wp-json\/wp\/v2\/media?parent=15271"}],"wp:term":[{"taxonomy":"product_brand","embeddable":true,"href":"https:\/\/fumot-vaping.de\/it\/wp-json\/wp\/v2\/product_brand?post=15271"},{"taxonomy":"product_cat","embeddable":true,"href":"https:\/\/fumot-vaping.de\/it\/wp-json\/wp\/v2\/product_cat?post=15271"},{"taxonomy":"product_tag","embeddable":true,"href":"https:\/\/fumot-vaping.de\/it\/wp-json\/wp\/v2\/product_tag?post=15271"}],"curies":[{"name":"wp","href":"https:\/\/api.w.org\/{rel}","templated":true}]}}