{"id":14956,"date":"2025-05-12T11:31:19","date_gmt":"2025-05-12T11:31:19","guid":{"rendered":"https:\/\/fumot-vaping.de\/?post_type=product&#038;p=14956"},"modified":"2025-07-18T01:33:48","modified_gmt":"2025-07-18T01:33:48","slug":"randm-tornado-10000-puffs-blu-razz-usa-e-getta-vape","status":"publish","type":"product","link":"https:\/\/fumot-vaping.de\/it\/product\/randm-tornado-10000-puffs-blu-razz-usa-e-getta-vape\/","title":{"rendered":"RandM Tornado 10000 soffi blu Razz Vape usa e getta"},"content":{"rendered":"<h2><strong>RandM Tornado 10000 soffi blu Razz Vape usa e getta<\/strong><\/h2>\n<p>Il <strong>RandM Tornado 10000 boccate di vapore monouso<\/strong>\u00a0\u00e8 stato progettato per tutti coloro che cercano prestazioni costanti, sapore intenso e stile sorprendente in un unico apparecchio. Con un massimo di <strong>10000 soffi<\/strong>\u00a0offre un'esperienza di vapore di lunga durata senza sacrificare l'intensit\u00e0.<\/p>\n<p>Ci\u00f2 che distingue questo modello \u00e8 il gusto Blue Razz. Combina il dolce mirtillo con l'acidulo lampone, per un'inalazione saporita e morbida. \u00c8 dolce, ma non troppo. Tende pi\u00f9 verso un'acidit\u00e0 simile a quella di una caramella, con un finale rinfrescante. Questo gusto ci ricorda improvvisamente le bevande gassate dell'infanzia, solo pi\u00f9 fresche e molto pi\u00f9 soddisfacenti.<\/p>\n<p>Con una batteria da 850 mAh, RandM Tornado assicura un vaping ininterrotto. Grazie alla funzione di ricarica di tipo C, i tempi di inattivit\u00e0 sono ridotti al minimo. Grazie alla coil a rete, ogni boccata \u00e8 densa, aromatica e pura, soprattutto quando si svapa Blue Razz. Pi\u00f9 precisamente: il passaggio dalla bocca ai polmoni offre una sensazione di morbidezza e garantisce un sapore fresco dall'inizio alla fine.<\/p>\n<p>Il sistema di estrazione rende il vaping intuitivo, mentre l'alimentazione regolabile dell'aria pu\u00f2 adattare la resistenza ai vostri gusti personali. Volete boccate pi\u00f9 decise o nuvole pi\u00f9 aperte? Basta spingere e via. Senza dimenticare la luce RGB a 6 colori, un dettaglio di stile che si illumina a ogni boccata e d\u00e0 alla vostra esperienza di svapo quel qualcosa in pi\u00f9.<\/p>\n<h2><strong>RandM Tornado 10000 soffi<\/strong><\/h2>\n<p>20 ml di e-liquid pre-riempito<\/p>\n<p>Gusto Blue Razz (mirtillo dolce + lampone piccante)<\/p>\n<p>Batteria da 850 mAh<\/p>\n<p>Funzione di ricarica tramite Type-C<\/p>\n<p>5 % Intensit\u00e0 di nicotina<\/p>\n<p>Bobina a rete per un sapore puro<\/p>\n<p>Treno bocca-polmone (MTL)<\/p>\n<p>Flusso d'aria regolabile<\/p>\n<p>Accensione a strappo<\/p>\n<p>Illuminazione RGB a 6 colori<\/p>\n<p>Sia che siate alle prime armi con le sigarette usa e getta, sia che siate semplicemente alla ricerca di un aggiornamento del gusto, le sigarette<strong> RandM Tornado 10000 soffi<\/strong> Blue Razz offre un sapore forte, un vapore omogeneo e un design eccezionale ad ogni boccata.<\/p>\n<h2><strong>FAQ\u00a0<\/strong><\/h2>\n<p>D: Offrite spedizioni internazionali?<br \/>\nS\u00ec, spediamo in tutto il mondo.<\/p>\n<p>D: Quanto tempo ci vuole per la spedizione?<br \/>\nIn genere 5-12 giorni lavorativi, a seconda della localit\u00e0 in cui ci si trova.<\/p>\n<p>D: \u00c8 disponibile la tracciabilit\u00e0?<br \/>\nS\u00ec, ogni ordine viene fornito con un numero di tracciamento.<\/p>\n<p>D: Cosa succede se il mio pacco \u00e8 danneggiato o mancano degli articoli?<br \/>\nContattateci entro 48 ore e risolveremo prontamente il problema.<\/p>\n<p>D: Ci sono sconti sulla spedizione per gli ordini di grandi quantit\u00e0?<br \/>\nS\u00ec, offriamo tariffe di spedizione vantaggiose per gli ordini di grandi volumi.<\/p>","protected":false},"excerpt":{"rendered":"<p><strong>RandM Tornado 10000 soffi<\/strong> Sigaretta elettronica monouso con liquido da 20 ml, nicotina 5%, aroma Blue Razz, luce RGB e controllo del flusso d'aria.<\/p>","protected":false},"featured_media":15117,"comment_status":"open","ping_status":"closed","template":"","meta":[],"product_brand":[],"product_cat":[18],"product_tag":[],"class_list":{"0":"post-14956","1":"product","2":"type-product","3":"status-publish","4":"has-post-thumbnail","6":"product_cat-randm-fumot-einweg-vape","8":"first","9":"outofstock","10":"shipping-taxable","11":"purchasable","12":"product-type-variable"},"_links":{"self":[{"href":"https:\/\/fumot-vaping.de\/it\/wp-json\/wp\/v2\/product\/14956","targetHints":{"allow":["GET"]}}],"collection":[{"href":"https:\/\/fumot-vaping.de\/it\/wp-json\/wp\/v2\/product"}],"about":[{"href":"https:\/\/fumot-vaping.de\/it\/wp-json\/wp\/v2\/types\/product"}],"replies":[{"embeddable":true,"href":"https:\/\/fumot-vaping.de\/it\/wp-json\/wp\/v2\/comments?post=14956"}],"version-history":[{"count":3,"href":"https:\/\/fumot-vaping.de\/it\/wp-json\/wp\/v2\/product\/14956\/revisions"}],"predecessor-version":[{"id":15119,"href":"https:\/\/fumot-vaping.de\/it\/wp-json\/wp\/v2\/product\/14956\/revisions\/15119"}],"wp:featuredmedia":[{"embeddable":true,"href":"https:\/\/fumot-vaping.de\/it\/wp-json\/wp\/v2\/media\/15117"}],"wp:attachment":[{"href":"https:\/\/fumot-vaping.de\/it\/wp-json\/wp\/v2\/media?parent=14956"}],"wp:term":[{"taxonomy":"product_brand","embeddable":true,"href":"https:\/\/fumot-vaping.de\/it\/wp-json\/wp\/v2\/product_brand?post=14956"},{"taxonomy":"product_cat","embeddable":true,"href":"https:\/\/fumot-vaping.de\/it\/wp-json\/wp\/v2\/product_cat?post=14956"},{"taxonomy":"product_tag","embeddable":true,"href":"https:\/\/fumot-vaping.de\/it\/wp-json\/wp\/v2\/product_tag?post=14956"}],"curies":[{"name":"wp","href":"https:\/\/api.w.org\/{rel}","templated":true}]}}