{"id":14579,"date":"2025-05-16T08:00:52","date_gmt":"2025-05-16T08:00:52","guid":{"rendered":"https:\/\/fumot-vaping.de\/?post_type=product&#038;p=14579"},"modified":"2025-07-18T01:55:02","modified_gmt":"2025-07-18T01:55:02","slug":"randm-fumot-t9000-soffia-sul-vaping-intelligente-con-stile-e-resistenza","status":"publish","type":"product","link":"https:\/\/fumot-vaping.de\/it\/product\/randm-fumot-t9000-soffia-sul-vaping-intelligente-con-stile-e-resistenza\/","title":{"rendered":"RandM Fumot T9000 Puffs Vaporizzazione intelligente con stile e resistenza"},"content":{"rendered":"<h2 data-start=\"73\" data-end=\"177\"><strong>RandM Fumot T9000 Puffs, vape monouso conforme alla TPD, 9000 puff, coil a rete, caricatore Type-C<\/strong><\/h2>\n<p class=\"\" data-start=\"179\" data-end=\"463\">Il <strong data-start=\"183\" data-end=\"222\">RandM Fumot T9000 Puffs vape usa e getta<\/strong> \u00e8 pi\u00f9 di una semplice svapata: \u00e8 un compagno intelligente per tutti coloro che apprezzano la tecnologia, il sapore e la durata. Con un massimo di <strong data-start=\"359\" data-end=\"373\">9000 treni<\/strong> non solo offre prestazioni, ma anche libert\u00e0, senza la necessit\u00e0 di un rifornimento costante.<\/p>\n<p class=\"\" data-start=\"465\" data-end=\"800\"><strong data-start=\"465\" data-end=\"489\">Design conforme alla TPD<\/strong>? Certo! <strong data-start=\"501\" data-end=\"518\">Sistema 2+10ml<\/strong> soddisfa tutti i requisiti dell'UE: una capsula preriempita da 2 ml e un inserto aggiuntivo per cartuccia sostituibile da 10 ml. Ci\u00f2 significa che \u00e8 possibile svapare pi\u00f9 a lungo senza contravvenire alle normative. (A proposito, proprio l'altro giorno stavo pensando a quanto spesso dovevo ricaricare a met\u00e0...)<\/p>\n<p class=\"\" data-start=\"802\" data-end=\"1088\">Il <strong data-start=\"806\" data-end=\"831\">Tecnologia della bobina a rete<\/strong> fornisce nuvole di vapore dense e ricche di sapore - in altre parole: un vero e proprio upgrade per i vostri sensi. Inoltre, \u00e8 dotato di un <strong data-start=\"951\" data-end=\"984\">batteria ricaricabile da 600 mAh<\/strong> con <strong data-start=\"989\" data-end=\"1009\">Connessione di tipo C<\/strong>che garantisce la possibilit\u00e0 di gustare ogni goccia di liquido.<\/p>\n<p class=\"\" data-start=\"1090\" data-end=\"1289\">La luce RGB? Un vero e proprio colpo d'occhio: si illumina a ogni boccata e aggiunge un tocco in pi\u00f9 alla vostra vita quotidiana. Improvvisamente \u00e8 pi\u00f9 di un semplice vaping... quasi un gadget del futuro.<\/p>\n<h2 data-start=\"1296\" data-end=\"1342\"><strong data-start=\"1296\" data-end=\"1342\">RandM Fumot T9000 - Caratteristiche tecniche:<\/strong><\/h2>\n<ul data-start=\"1344\" data-end=\"1618\">\n<li class=\"\" data-start=\"1344\" data-end=\"1367\">\n<p class=\"\" data-start=\"1346\" data-end=\"1367\">Fino a <strong data-start=\"1353\" data-end=\"1367\">9000 soffi<\/strong><\/p>\n<\/li>\n<li class=\"\" data-start=\"1368\" data-end=\"1401\">\n<p class=\"\" data-start=\"1370\" data-end=\"1401\"><strong data-start=\"1370\" data-end=\"1401\">Sistema 2+10ml conforme alla TPD<\/strong><\/p>\n<\/li>\n<li class=\"\" data-start=\"1402\" data-end=\"1436\">\n<p class=\"\" data-start=\"1404\" data-end=\"1436\"><strong data-start=\"1404\" data-end=\"1419\">Batteria da 600 mAh<\/strong>, ricaricabile<\/p>\n<\/li>\n<li class=\"\" data-start=\"1437\" data-end=\"1463\">\n<p class=\"\" data-start=\"1439\" data-end=\"1463\"><strong data-start=\"1439\" data-end=\"1463\">Ricarica rapida di tipo C<\/strong><\/p>\n<\/li>\n<li class=\"\" data-start=\"1464\" data-end=\"1504\">\n<p class=\"\" data-start=\"1466\" data-end=\"1504\"><strong data-start=\"1466\" data-end=\"1479\">Bobina di rete<\/strong> per un sapore intenso<\/p>\n<\/li>\n<li class=\"\" data-start=\"1505\" data-end=\"1534\">\n<p class=\"\" data-start=\"1507\" data-end=\"1534\"><strong data-start=\"1507\" data-end=\"1520\">Luce RGB<\/strong> con ogni movimento<\/p>\n<\/li>\n<li class=\"\" data-start=\"1535\" data-end=\"1572\">\n<p class=\"\" data-start=\"1537\" data-end=\"1572\"><strong data-start=\"1537\" data-end=\"1572\">20 deliziosi sapori<\/strong><\/p>\n<\/li>\n<li class=\"\" data-start=\"1573\" data-end=\"1618\">\n<p class=\"\" data-start=\"1575\" data-end=\"1618\">Cartuccia sostituibile per un uso prolungato<\/p>\n<\/li>\n<\/ul>\n<h2 data-start=\"1625\" data-end=\"1875\"><strong data-start=\"1625\" data-end=\"1671\">Gusti disponibili (selezione):<\/strong><\/h2>\n<p class=\"\" data-start=\"1625\" data-end=\"1875\">Blue Razz Ice | Kiwi Passion Fruit Guava | Mr Blue | Pesca Mango Ananas | Fragola Anguria | Mirtillo Ciliegia Mirtillo Rosso | Pesca Limonata | Anguria Bubble Gum | Frutti di bosco misti | Anguria Ghiaccio<\/p>\n<p class=\"\" data-start=\"1882\" data-end=\"2131\">Sia che siate amanti delle combinazioni fruttate o che preferiate qualcosa di fresco come il Blue Razz Ice - con il<strong> Fumot T9000<\/strong> troverete sicuramente il vostro gusto preferito. E siamo onesti: chi vuole accontentarsi di meno? <strong>9000 soffi<\/strong> essere soddisfatti?<\/p>","protected":false},"excerpt":{"rendered":"<p><strong data-start=\"183\" data-end=\"222\">RandM Fumot T9000 Soffi<\/strong> offre un sistema da 2+10 ml conforme alle norme TPD, 20 sapori stuzzicanti e un'interfaccia Type-C ricaricabile, per un piacere duraturo fino a 9000 boccate.<\/p>","protected":false},"featured_media":14613,"comment_status":"open","ping_status":"closed","template":"","meta":[],"product_brand":[],"product_cat":[18,102],"product_tag":[94,99,84,95,96,97],"class_list":{"0":"post-14579","1":"product","2":"type-product","3":"status-publish","4":"has-post-thumbnail","6":"product_cat-randm-fumot-einweg-vape","7":"product_cat-randm-tornado9000","8":"product_tag-big-puffs-vape","9":"product_tag-crystal-vape","10":"product_tag-fumot-9000-puffs","11":"product_tag-low-nicotine-vape","12":"product_tag-nicotine-free-vape","13":"product_tag-rechargeable-vape","15":"first","16":"outofstock","17":"shipping-taxable","18":"purchasable","19":"product-type-variable"},"_links":{"self":[{"href":"https:\/\/fumot-vaping.de\/it\/wp-json\/wp\/v2\/product\/14579","targetHints":{"allow":["GET"]}}],"collection":[{"href":"https:\/\/fumot-vaping.de\/it\/wp-json\/wp\/v2\/product"}],"about":[{"href":"https:\/\/fumot-vaping.de\/it\/wp-json\/wp\/v2\/types\/product"}],"replies":[{"embeddable":true,"href":"https:\/\/fumot-vaping.de\/it\/wp-json\/wp\/v2\/comments?post=14579"}],"version-history":[{"count":2,"href":"https:\/\/fumot-vaping.de\/it\/wp-json\/wp\/v2\/product\/14579\/revisions"}],"predecessor-version":[{"id":15171,"href":"https:\/\/fumot-vaping.de\/it\/wp-json\/wp\/v2\/product\/14579\/revisions\/15171"}],"wp:featuredmedia":[{"embeddable":true,"href":"https:\/\/fumot-vaping.de\/it\/wp-json\/wp\/v2\/media\/14613"}],"wp:attachment":[{"href":"https:\/\/fumot-vaping.de\/it\/wp-json\/wp\/v2\/media?parent=14579"}],"wp:term":[{"taxonomy":"product_brand","embeddable":true,"href":"https:\/\/fumot-vaping.de\/it\/wp-json\/wp\/v2\/product_brand?post=14579"},{"taxonomy":"product_cat","embeddable":true,"href":"https:\/\/fumot-vaping.de\/it\/wp-json\/wp\/v2\/product_cat?post=14579"},{"taxonomy":"product_tag","embeddable":true,"href":"https:\/\/fumot-vaping.de\/it\/wp-json\/wp\/v2\/product_tag?post=14579"}],"curies":[{"name":"wp","href":"https:\/\/api.w.org\/{rel}","templated":true}]}}