{"id":13988,"date":"2025-06-05T01:38:14","date_gmt":"2025-06-05T01:38:14","guid":{"rendered":"https:\/\/fumot-vaping.de\/?post_type=product&#038;p=13988"},"modified":"2025-06-07T02:57:19","modified_gmt":"2025-06-07T02:57:19","slug":"randm-tornado-15000-puffs-one-way-vape-2","status":"publish","type":"product","link":"https:\/\/fumot-vaping.de\/it\/product\/randm-tornado-15000-puffs-one-way-vape-2\/","title":{"rendered":"RandM Tornado 15000 Puffs, vape monouso, coil a rete, design RGB, 25ml e-liquid"},"content":{"rendered":"<h2 data-start=\"68\" data-end=\"130\"><em>RandM Tornado 15000 Puff Potenza pura, sapore puro<\/em><\/h2>\n<p class=\"\" data-start=\"229\" data-end=\"550\"><em><strong data-start=\"229\" data-end=\"258\">RandM Tornado 15000 soffi<\/strong> non \u00e8 solo un'altra svapata usa e getta: \u00e8 una vera e propria rivoluzione del vapore. Con una produzione gigantesca fino a <strong data-start=\"386\" data-end=\"402\">15000 treni<\/strong> (s\u00ec, avete letto bene!) questo concentrato di potenza porta la vostra esperienza di vaping a un livello completamente nuovo, o meglio: a un altro campionato.<\/em><\/p>\n<p class=\"\" data-start=\"552\" data-end=\"857\"><em>Dotato di un <strong data-start=\"575\" data-end=\"603\">batteria integrata da 850 mAh<\/strong> il RandM Tornado regge facilmente il confronto, mentre il <strong data-start=\"653\" data-end=\"677\">Ricarica rapida di tipo C<\/strong> assicura che siate pronti a ripartire in tempi record. (Improvvisamente mi sono ricordato di quanto fosse fastidiosa l'attesa per ore durante la ricarica... grazie al cielo \u00e8 finita).<\/em><\/p>\n<p class=\"\" data-start=\"859\" data-end=\"1115\"><em>Per quanto riguarda il sapore <strong data-start=\"887\" data-end=\"912\">25 ml di e-liquido premium<\/strong> e una selezione di <strong data-start=\"935\" data-end=\"969\">0%, 2%, 3% o 5% Sale di nicotina<\/strong> il Tornado offre esattamente il livello di intensit\u00e0 che state cercando. Che vi piaccia morbido o forte, qui troverete l'impostazione perfetta.<\/em><\/p>\n<h2 data-start=\"1370\" data-end=\"1427\"><em>RandM Tornado 15000 Puffs - Caratteristiche in sintesi:<\/em><\/h2>\n<ul data-start=\"1429\" data-end=\"1777\">\n<li class=\"\" data-start=\"1429\" data-end=\"1478\">\n<p class=\"\" data-start=\"1431\" data-end=\"1478\"><em>Fino a <strong data-start=\"1438\" data-end=\"1454\">15.000 Bign\u00e8<\/strong> per un vaping extra-lungo<\/em><\/p>\n<\/li>\n<li class=\"\" data-start=\"1479\" data-end=\"1528\">\n<p class=\"\" data-start=\"1481\" data-end=\"1528\"><em><strong data-start=\"1481\" data-end=\"1491\">850 mAh<\/strong> Batteria integrata e ricaricabile<\/em><\/p>\n<\/li>\n<li class=\"\" data-start=\"1529\" data-end=\"1556\">\n<p class=\"\" data-start=\"1531\" data-end=\"1556\"><em><strong data-start=\"1531\" data-end=\"1539\">25ml<\/strong> E-liquido premium<\/em><\/p>\n<\/li>\n<li class=\"\" data-start=\"1557\" data-end=\"1598\">\n<p class=\"\" data-start=\"1559\" data-end=\"1598\"><em><strong data-start=\"1559\" data-end=\"1577\">0%, 2%, 3%, 5%<\/strong> Opzioni per il sale di nicotina<\/em><\/p>\n<\/li>\n<li class=\"\" data-start=\"1599\" data-end=\"1642\">\n<p class=\"\" data-start=\"1601\" data-end=\"1642\"><em><strong data-start=\"1601\" data-end=\"1614\">Bobina di rete<\/strong> per un sapore ancora pi\u00f9 ricco<\/em><\/p>\n<\/li>\n<li class=\"\" data-start=\"1643\" data-end=\"1685\">\n<p class=\"\" data-start=\"1645\" data-end=\"1685\"><em><strong data-start=\"1645\" data-end=\"1659\">Design RGB<\/strong> per un aspetto fresco<\/em><\/p>\n<\/li>\n<li class=\"\" data-start=\"1686\" data-end=\"1715\">\n<p class=\"\" data-start=\"1688\" data-end=\"1715\"><em><strong data-start=\"1688\" data-end=\"1715\">41 gusti unici<\/strong><\/em><\/p>\n<\/li>\n<li class=\"\" data-start=\"1716\" data-end=\"1777\">\n<p class=\"\" data-start=\"1718\" data-end=\"1777\"><em>Imballaggio: 10 pezzi per scatola espositiva | 160 pezzi per cartone<\/em><\/p>\n<\/li>\n<\/ul>\n<h2 data-start=\"1784\" data-end=\"1805\"><em>Gusti popolari:<\/em><\/h2>\n<p class=\"\" data-start=\"1807\" data-end=\"1999\"><em><strong data-start=\"1807\" data-end=\"1829\">Limonata blu Razz<\/strong> | <strong data-start=\"1832\" data-end=\"1850\">Ghiaccio all'anguria<\/strong> | <strong data-start=\"1853\" data-end=\"1866\">Ghiaccio alla pesca<\/strong> | <strong data-start=\"1869\" data-end=\"1883\">Mela acida<\/strong> | <strong data-start=\"1886\" data-end=\"1897\">Mr. Blue<\/strong> | <strong data-start=\"1900\" data-end=\"1919\">Fragola Kiwi<\/strong> | <strong data-start=\"1922\" data-end=\"1937\">Bacche miste<\/strong> | <strong data-start=\"1940\" data-end=\"1955\">Ciliegia Cola<\/strong> | <strong data-start=\"1958\" data-end=\"1992\">Limonata alla fragola e anguria<\/strong> e molto altro ancora.<\/em><\/p>\n<p class=\"\" data-start=\"2006\" data-end=\"2222\"><em>Ancora meglio: il <strong data-start=\"1134\" data-end=\"1147\">Bobina di rete<\/strong> garantisce un vapore ultra-denso e un sapore intenso ad ogni boccata. E che <strong data-start=\"1226\" data-end=\"1245\">Design dell'illuminazione RGB<\/strong>? Onestamente, \u00e8 come un mini fuoco d'artificio in mano: ogni volta che si aspira, diventa colorato ed elegante.<\/em><br data-start=\"2022\" data-end=\"2025\" \/><em>Se siete alla ricerca di un dispositivo monouso che non solo faccia effetto, ma che faccia anche una buona impressione, allora il modello <strong data-start=\"2125\" data-end=\"2154\">RandM Tornado 15000 soffi<\/strong> esattamente la vostra prossima mossa. Pi\u00f9 mosse, pi\u00f9 gusto, pi\u00f9 stile.\u00a0<\/em><\/p>","protected":false},"excerpt":{"rendered":"<p><strong>RandM Tornado 15000 Puff - e-liquido da 25 ml, bobina a rete, design RGB, nicotina 0-5%, fino a 15.000 puff.<\/strong><\/p>","protected":false},"featured_media":14157,"comment_status":"open","ping_status":"closed","template":"","meta":[],"product_brand":[],"product_cat":[18],"product_tag":[],"class_list":{"0":"post-13988","1":"product","2":"type-product","3":"status-publish","4":"has-post-thumbnail","6":"product_cat-randm-fumot-einweg-vape","8":"first","9":"instock","10":"shipping-taxable","11":"purchasable","12":"product-type-variable"},"_links":{"self":[{"href":"https:\/\/fumot-vaping.de\/it\/wp-json\/wp\/v2\/product\/13988","targetHints":{"allow":["GET"]}}],"collection":[{"href":"https:\/\/fumot-vaping.de\/it\/wp-json\/wp\/v2\/product"}],"about":[{"href":"https:\/\/fumot-vaping.de\/it\/wp-json\/wp\/v2\/types\/product"}],"replies":[{"embeddable":true,"href":"https:\/\/fumot-vaping.de\/it\/wp-json\/wp\/v2\/comments?post=13988"}],"version-history":[{"count":3,"href":"https:\/\/fumot-vaping.de\/it\/wp-json\/wp\/v2\/product\/13988\/revisions"}],"predecessor-version":[{"id":15198,"href":"https:\/\/fumot-vaping.de\/it\/wp-json\/wp\/v2\/product\/13988\/revisions\/15198"}],"wp:featuredmedia":[{"embeddable":true,"href":"https:\/\/fumot-vaping.de\/it\/wp-json\/wp\/v2\/media\/14157"}],"wp:attachment":[{"href":"https:\/\/fumot-vaping.de\/it\/wp-json\/wp\/v2\/media?parent=13988"}],"wp:term":[{"taxonomy":"product_brand","embeddable":true,"href":"https:\/\/fumot-vaping.de\/it\/wp-json\/wp\/v2\/product_brand?post=13988"},{"taxonomy":"product_cat","embeddable":true,"href":"https:\/\/fumot-vaping.de\/it\/wp-json\/wp\/v2\/product_cat?post=13988"},{"taxonomy":"product_tag","embeddable":true,"href":"https:\/\/fumot-vaping.de\/it\/wp-json\/wp\/v2\/product_tag?post=13988"}],"curies":[{"name":"wp","href":"https:\/\/api.w.org\/{rel}","templated":true}]}}