{"id":13444,"date":"2025-05-10T07:05:50","date_gmt":"2025-05-10T07:05:50","guid":{"rendered":"https:\/\/fumot-vaping.de\/?post_type=product&#038;p=13444"},"modified":"2025-05-10T07:05:50","modified_gmt":"2025-05-10T07:05:50","slug":"tornado-randm-15000-soffi-3","status":"publish","type":"product","link":"https:\/\/fumot-vaping.de\/it\/product\/tornado-randm-15000-soffi-3\/","title":{"rendered":"RandM Tornado 15000 Puffs - La potenza incontra la variet\u00e0 in un'elegante svapata"},"content":{"rendered":"<h2 data-start=\"167\" data-end=\"274\">RandM-Tornado-15000-Puffs, vape monouso, 25ml e-liquid, coil a rete, luce RGB, sale di nicotina 0-5%<\/h2>\n<p class=\"\" data-start=\"276\" data-end=\"633\">Il<strong data-start=\"280\" data-end=\"309\">RandM Tornado 15000 soffi<\/strong>Disposable Vape \u00e8 molto pi\u00f9 di un semplice vaporizzatore: \u00e8 una vera e propria affermazione per chiunque desideri un vaping di lunga durata, un sapore pieno e un tocco di design futuristico. Con una durata fino a 15.000 puff, non \u00e8 solo duraturo, \u00e8 proprio duraturo - questo \u00e8 quello che ho pensato quando l'ho provato per la prima volta.<\/p>\n<p class=\"\" data-start=\"635\" data-end=\"864\">All'interno funziona un potente<strong data-start=\"669\" data-end=\"684\">Batteria da 850 mAh<\/strong>che fornisce un'alimentazione affidabile. Si collega rapidamente, grazie a <strong data-start=\"746\" data-end=\"766\">Connessione di tipo C<\/strong>e tornerete in strada in men che non si dica, senza pi\u00f9 scuse del tipo \"la mia vape \u00e8 vuota\".<\/p>\n<p class=\"\" data-start=\"866\" data-end=\"1150\">Riempito con ricchi <strong data-start=\"885\" data-end=\"902\">Liquido elettronico da 25 ml<\/strong>, selezionabile in <strong data-start=\"915\" data-end=\"949\">0%, 2%, 3% o 5% Sale di nicotina<\/strong>ogni tipo di sapore viene valorizzato. La cosa migliore: il <strong data-start=\"1010\" data-end=\"1035\">Tecnologia della bobina a rete<\/strong> fornisce un sapore costantemente intenso, a volte persino troppo buono per credere che sia monouso.<\/p>\n<p class=\"\" data-start=\"1152\" data-end=\"1344\">E poi c'\u00e8 l'elegante<strong data-start=\"1187\" data-end=\"1201\">Design RGB<\/strong> - La luce cambia colore a ogni boccata. Improvvisamente mi sono venuti in mente i vecchi gadget a LED, ma ora in una svapata. Bello? Sicuramente.<\/p>\n<h2 data-start=\"1351\" data-end=\"1405\"><strong data-start=\"1351\" data-end=\"1405\">RandM Tornado 15000 Puffs - Caratteristiche tecniche:<\/strong><\/h2>\n<ul data-start=\"1407\" data-end=\"1701\">\n<li class=\"\" data-start=\"1407\" data-end=\"1432\">\n<p class=\"\" data-start=\"1409\" data-end=\"1432\">Fino a <strong data-start=\"1416\" data-end=\"1432\">15.000 Bign\u00e8<\/strong><\/p>\n<\/li>\n<li class=\"\" data-start=\"1433\" data-end=\"1468\">\n<p class=\"\" data-start=\"1435\" data-end=\"1468\"><strong data-start=\"1435\" data-end=\"1468\">Batteria ricaricabile da 850 mAh<\/strong><\/p>\n<\/li>\n<li class=\"\" data-start=\"1469\" data-end=\"1501\">\n<p class=\"\" data-start=\"1471\" data-end=\"1501\"><strong data-start=\"1471\" data-end=\"1479\">25ml<\/strong> e-liquido pre-riempito<\/p>\n<\/li>\n<li class=\"\" data-start=\"1502\" data-end=\"1538\">\n<p class=\"\" data-start=\"1504\" data-end=\"1538\"><strong data-start=\"1504\" data-end=\"1538\">0%, 2%, 3%, 5% Opzioni di nicotina<\/strong><\/p>\n<\/li>\n<li class=\"\" data-start=\"1539\" data-end=\"1581\">\n<p class=\"\" data-start=\"1541\" data-end=\"1581\"><strong data-start=\"1541\" data-end=\"1554\">Bobina di rete<\/strong> per un sapore pi\u00f9 intenso<\/p>\n<\/li>\n<li class=\"\" data-start=\"1582\" data-end=\"1603\">\n<p class=\"\" data-start=\"1584\" data-end=\"1603\"><strong data-start=\"1584\" data-end=\"1603\">Effetto luce RGB<\/strong><\/p>\n<\/li>\n<li class=\"\" data-start=\"1604\" data-end=\"1644\">\n<p class=\"\" data-start=\"1606\" data-end=\"1644\"><strong data-start=\"1606\" data-end=\"1644\">41 gusti disponibili<\/strong><\/p>\n<\/li>\n<li class=\"\" data-start=\"1645\" data-end=\"1701\">\n<p class=\"\" data-start=\"1647\" data-end=\"1701\">Unit\u00e0 di imballaggio: <strong data-start=\"1667\" data-end=\"1701\">10 pezzi\/scatola, 160 pezzi\/cartone<\/strong><\/p>\n<\/li>\n<\/ul>\n<h2 data-start=\"1708\" data-end=\"1908\"><strong data-start=\"1708\" data-end=\"1741\">Caratteristiche salienti del gusto (selezione):<\/strong><\/h2>\n<p class=\"\" data-start=\"1708\" data-end=\"1908\">Limonata Blue Razz | Anguria Ghiacciata | Pesca Mango | Mela Acida | Limonata Rosa | Fragola Kiwi | Uva Ghiacciata | Mr Blue | Banana Ghiacciata | Limonata di Anguria alla Fragola<\/p>\n<p class=\"\" data-start=\"1915\" data-end=\"2196\"><br data-start=\"1925\" data-end=\"1928\" \/>Che vi piacciano i sapori dolci, fruttati o freschi, il<strong data-start=\"1987\" data-end=\"2016\">RandM Tornado 15000 soffi<\/strong>offre prestazioni affidabili. Con il suo look moderno, la batteria potente, la bobina a rete e la scelta della nicotina, ogni boccata \u00e8 un'esperienza. A volte ci si dimentica quasi che si tratta solo di un dispositivo usa e getta.<\/p>","protected":false},"excerpt":{"rendered":"<p>RandM Tornado 15000 Puffs: 25ml di e-liquid, coil a rete, design RGB, nicotina 0-5%, fino a 15000 puff.<\/p>","protected":false},"featured_media":13613,"comment_status":"open","ping_status":"closed","template":"","meta":[],"product_brand":[],"product_cat":[18],"product_tag":[],"class_list":{"0":"post-13444","1":"product","2":"type-product","3":"status-publish","4":"has-post-thumbnail","6":"product_cat-randm-fumot-einweg-vape","8":"first","9":"instock","10":"shipping-taxable","11":"purchasable","12":"product-type-variable"},"_links":{"self":[{"href":"https:\/\/fumot-vaping.de\/it\/wp-json\/wp\/v2\/product\/13444","targetHints":{"allow":["GET"]}}],"collection":[{"href":"https:\/\/fumot-vaping.de\/it\/wp-json\/wp\/v2\/product"}],"about":[{"href":"https:\/\/fumot-vaping.de\/it\/wp-json\/wp\/v2\/types\/product"}],"replies":[{"embeddable":true,"href":"https:\/\/fumot-vaping.de\/it\/wp-json\/wp\/v2\/comments?post=13444"}],"version-history":[{"count":2,"href":"https:\/\/fumot-vaping.de\/it\/wp-json\/wp\/v2\/product\/13444\/revisions"}],"predecessor-version":[{"id":15029,"href":"https:\/\/fumot-vaping.de\/it\/wp-json\/wp\/v2\/product\/13444\/revisions\/15029"}],"wp:featuredmedia":[{"embeddable":true,"href":"https:\/\/fumot-vaping.de\/it\/wp-json\/wp\/v2\/media\/13613"}],"wp:attachment":[{"href":"https:\/\/fumot-vaping.de\/it\/wp-json\/wp\/v2\/media?parent=13444"}],"wp:term":[{"taxonomy":"product_brand","embeddable":true,"href":"https:\/\/fumot-vaping.de\/it\/wp-json\/wp\/v2\/product_brand?post=13444"},{"taxonomy":"product_cat","embeddable":true,"href":"https:\/\/fumot-vaping.de\/it\/wp-json\/wp\/v2\/product_cat?post=13444"},{"taxonomy":"product_tag","embeddable":true,"href":"https:\/\/fumot-vaping.de\/it\/wp-json\/wp\/v2\/product_tag?post=13444"}],"curies":[{"name":"wp","href":"https:\/\/api.w.org\/{rel}","templated":true}]}}