{"id":13262,"date":"2025-06-18T10:45:30","date_gmt":"2025-06-18T10:45:30","guid":{"rendered":"https:\/\/fumot-vaping.de\/?post_type=product&#038;p=13262"},"modified":"2025-06-20T01:21:22","modified_gmt":"2025-06-20T01:21:22","slug":"randm-tornado-15000-soffi-7","status":"publish","type":"product","link":"https:\/\/fumot-vaping.de\/it\/product\/randm-tornado-15000-soffi-7\/","title":{"rendered":"RandM Tornado 15000 soffi di vapore monouso bobina a rete, design RGB"},"content":{"rendered":"<h2 data-start=\"188\" data-end=\"278\"><strong data-start=\"188\" data-end=\"278\">RandM Tornado 15000 Puffs, vape monouso, 25ml e-liquid, coil a rete, design RGB<\/strong><\/h2>\n<p class=\"\" data-start=\"280\" data-end=\"604\">Il <strong data-start=\"284\" data-end=\"313\">RandM Tornado 15000 soffi<\/strong> Il vape usa e getta \u00e8 il dispositivo giusto per chi non vuole scendere a compromessi con il vaping, n\u00e9 in termini di potenza n\u00e9 di stile. Con una potenza fino a <strong data-start=\"466\" data-end=\"482\">15.000 treni<\/strong> offre un'esperienza di svapo lunghissima o, per meglio dire, un vero e proprio maratoneta tra le sigarette elettroniche usa e getta.<\/p>\n<p class=\"\" data-start=\"606\" data-end=\"880\">Il Tornado 15000 \u00e8 alimentato da un robusto <strong data-start=\"660\" data-end=\"675\">Batteria da 850 mAh<\/strong>che ovviamente \u00e8 ricaricabile. Inoltre, il pratico <strong data-start=\"738\" data-end=\"762\">Ricarica rapida di tipo C<\/strong> - Ho pensato brevemente a quanto fossero fastidiosi i vecchi lunghi tempi di caricamento... oggi \u00e8 semplicemente scattante!<\/p>\n<p class=\"\" data-start=\"882\" data-end=\"1226\">Un punto di forza \u00e8 l'uso di <strong data-start=\"919\" data-end=\"944\">25 ml di e-liquido premium<\/strong> con possibilit\u00e0 di selezionare <strong data-start=\"959\" data-end=\"976\">Forza della nicotina<\/strong>0%, 2%, 3% o 5%. Che preferiate un tiro delicato o un calcio pi\u00f9 intenso, qui troverete la variante perfetta. E naturalmente il moderno <strong data-start=\"1147\" data-end=\"1172\">Tecnologia della bobina a rete<\/strong> per nuvole particolarmente dense e un sapore intenso.<\/p>\n<p class=\"\" data-start=\"1228\" data-end=\"1405\">A proposito di stile: con il cool <strong data-start=\"1258\" data-end=\"1277\">Effetto luce RGB<\/strong> ogni sessione \u00e8 anche un punto di forza visivo. I giochi di luce ad ogni movimento? Davvero impressionante, devo ammetterlo!<\/p>\n<h2 data-start=\"1407\" data-end=\"1461\"><strong>RandM Tornado 15000 Puffs - Caratteristiche tecniche:<\/strong><\/h2>\n<ul data-start=\"1463\" data-end=\"1794\">\n<li class=\"\" data-start=\"1463\" data-end=\"1488\">\n<p class=\"\" data-start=\"1465\" data-end=\"1488\">Fino a <strong data-start=\"1472\" data-end=\"1488\">15.000 Bign\u00e8<\/strong><\/p>\n<\/li>\n<li class=\"\" data-start=\"1489\" data-end=\"1538\">\n<p class=\"\" data-start=\"1491\" data-end=\"1538\"><strong data-start=\"1491\" data-end=\"1501\">850 mAh<\/strong> Batteria integrata e ricaricabile<\/p>\n<\/li>\n<li class=\"\" data-start=\"1539\" data-end=\"1579\">\n<p class=\"\" data-start=\"1541\" data-end=\"1579\"><strong data-start=\"1541\" data-end=\"1549\">25ml<\/strong> E-liquido premium pre-riempito<\/p>\n<\/li>\n<li class=\"\" data-start=\"1580\" data-end=\"1634\">\n<p class=\"\" data-start=\"1582\" data-end=\"1634\"><strong data-start=\"1582\" data-end=\"1595\">Bobina di rete<\/strong> Per un vapore denso e un sapore ricco<\/p>\n<\/li>\n<li class=\"\" data-start=\"1635\" data-end=\"1670\">\n<p class=\"\" data-start=\"1637\" data-end=\"1670\"><strong data-start=\"1637\" data-end=\"1670\">0% \/ 2% \/ 3% \/ 5% Sale di nicotina<\/strong><\/p>\n<\/li>\n<li class=\"\" data-start=\"1671\" data-end=\"1698\">\n<p class=\"\" data-start=\"1673\" data-end=\"1698\">Elegante <strong data-start=\"1684\" data-end=\"1698\">Design RGB<\/strong><\/p>\n<\/li>\n<li class=\"\" data-start=\"1699\" data-end=\"1738\">\n<p class=\"\" data-start=\"1701\" data-end=\"1738\"><strong data-start=\"1701\" data-end=\"1728\">41 gusti<\/strong> disponibile<\/p>\n<\/li>\n<li class=\"\" data-start=\"1739\" data-end=\"1794\">\n<p class=\"\" data-start=\"1741\" data-end=\"1794\"><strong data-start=\"1741\" data-end=\"1753\">10 pezzi<\/strong> per scatola da esposizione, <strong data-start=\"1770\" data-end=\"1783\">160 pezzi<\/strong> per cartone<\/p>\n<\/li>\n<\/ul>\n<h2 data-start=\"1796\" data-end=\"1827\"><strong>Gusti popolari (selezione):<\/strong><\/h2>\n<p class=\"\" data-start=\"1829\" data-end=\"1992\">Blue Razz Lemonade | Peach Ice | Sour Apple | Watermelon Ice | Strawberry Kiwi | Grape Ice | Mr Blue | Red Energy Ice | Banana Ice | Strawberry Watermelon Lemonade Der <strong data-start=\"2018\" data-end=\"2047\">RandM Tornado 15000 soffi<\/strong> combina un design moderno, un'intensa variet\u00e0 di sapori e una vera e propria resistenza, perfetta per tutti coloro che desiderano pi\u00f9 di qualche breve boccata. (In verit\u00e0, con 41 gusti deliziosi, il vaping non diventa mai noioso).<\/p>","protected":false},"excerpt":{"rendered":"<p>RandM Tornado 15000 Puffs - e-liquido da 25 ml, nicotina 0-5%, tecnologia mesh coil, design RGB, 41 aromi per un'esperienza di vaping intensa e prolungata.<\/p>","protected":false},"featured_media":13434,"comment_status":"open","ping_status":"closed","template":"","meta":[],"product_brand":[],"product_cat":[18],"product_tag":[],"class_list":{"0":"post-13262","1":"product","2":"type-product","3":"status-publish","4":"has-post-thumbnail","6":"product_cat-randm-fumot-einweg-vape","8":"first","9":"instock","10":"shipping-taxable","11":"purchasable","12":"product-type-variable"},"_links":{"self":[{"href":"https:\/\/fumot-vaping.de\/it\/wp-json\/wp\/v2\/product\/13262","targetHints":{"allow":["GET"]}}],"collection":[{"href":"https:\/\/fumot-vaping.de\/it\/wp-json\/wp\/v2\/product"}],"about":[{"href":"https:\/\/fumot-vaping.de\/it\/wp-json\/wp\/v2\/types\/product"}],"replies":[{"embeddable":true,"href":"https:\/\/fumot-vaping.de\/it\/wp-json\/wp\/v2\/comments?post=13262"}],"version-history":[{"count":3,"href":"https:\/\/fumot-vaping.de\/it\/wp-json\/wp\/v2\/product\/13262\/revisions"}],"predecessor-version":[{"id":15213,"href":"https:\/\/fumot-vaping.de\/it\/wp-json\/wp\/v2\/product\/13262\/revisions\/15213"}],"wp:featuredmedia":[{"embeddable":true,"href":"https:\/\/fumot-vaping.de\/it\/wp-json\/wp\/v2\/media\/13434"}],"wp:attachment":[{"href":"https:\/\/fumot-vaping.de\/it\/wp-json\/wp\/v2\/media?parent=13262"}],"wp:term":[{"taxonomy":"product_brand","embeddable":true,"href":"https:\/\/fumot-vaping.de\/it\/wp-json\/wp\/v2\/product_brand?post=13262"},{"taxonomy":"product_cat","embeddable":true,"href":"https:\/\/fumot-vaping.de\/it\/wp-json\/wp\/v2\/product_cat?post=13262"},{"taxonomy":"product_tag","embeddable":true,"href":"https:\/\/fumot-vaping.de\/it\/wp-json\/wp\/v2\/product_tag?post=13262"}],"curies":[{"name":"wp","href":"https:\/\/api.w.org\/{rel}","templated":true}]}}