{"id":12542,"date":"2025-06-08T04:03:30","date_gmt":"2025-06-08T04:03:30","guid":{"rendered":"https:\/\/fumot-vaping.de\/?post_type=product&#038;p=12542"},"modified":"2025-06-08T04:03:30","modified_gmt":"2025-06-08T04:03:30","slug":"randm-tornado-15000-puff-monouso-vape","status":"publish","type":"product","link":"https:\/\/fumot-vaping.de\/it\/product\/randm-tornado-15000-puff-monouso-vape\/","title":{"rendered":"RandM Tornado 15000 Puffs Disposable Vape La tua nuova avventura del vapore"},"content":{"rendered":"<h2 data-start=\"172\" data-end=\"262\"><strong data-start=\"172\" data-end=\"262\"> RandM Tornado 15000 puff, vape monouso, 25ml e-liquid, coil a rete, design RGB<\/strong><\/h2>\n<p class=\"\" data-start=\"264\" data-end=\"627\">Se siete alla ricerca di una svapata che abbia davvero tutto, il modello <strong data-start=\"338\" data-end=\"367\">RandM Tornado 15000 soffi<\/strong> non si pu\u00f2 fare a meno. Questo dispositivo usa e getta non \u00e8 solo \"buono\", ma \u00e8 una vera e propria macchina a lungo termine: fino a 15.000 boccate, ricche di sapore e potenza. O per dirla in modo pi\u00f9 diretto: il Tornado 15000 vi accompagna quando gli altri si sono arresi da tempo.<\/p>\n<p class=\"\" data-start=\"629\" data-end=\"889\">Guidato da un potente <strong data-start=\"661\" data-end=\"689\">batteria integrata da 850 mAh<\/strong> il Tornado offre prestazioni costantemente elevate. (Improvvisamente ho pensato a quanto spesso dovevo ricaricare i miei vecchi vapes... qui? Ricarica rapida tramite <strong data-start=\"859\" data-end=\"869\">Tipo-C<\/strong> e andiamo avanti).<\/p>\n<p class=\"\" data-start=\"891\" data-end=\"1210\">Grazie all'innovativo <strong data-start=\"912\" data-end=\"937\">Tecnologia della bobina a rete<\/strong> crea nuvole ricche e dense e un sapore intenso ad ogni boccata. In combinazione con <strong data-start=\"1028\" data-end=\"1053\">25 ml di e-liquido premium<\/strong> e <strong data-start=\"1058\" data-end=\"1081\">Opzioni per il sale di nicotina<\/strong> da <strong data-start=\"1086\" data-end=\"1104\">0%, 2%, 3%, 5%<\/strong> \u00e8 possibile personalizzare l'esperienza del vaping in base al proprio stile, sia esso fresco e frizzante o dolcemente rilassato.<\/p>\n<p class=\"\" data-start=\"1212\" data-end=\"1427\">E poi questo <strong data-start=\"1228\" data-end=\"1242\">Design RGB<\/strong>Ad ogni treno, il tornado si illumina di colori eleganti, quasi come uno spettacolo di luci. (Onestamente, a volte mi ritrovo a guardare...).<\/p>\n<h2 data-start=\"1434\" data-end=\"1504\"><strong data-start=\"1434\" data-end=\"1504\">RandM Tornado 15000 Puffs - Caratteristiche tecniche in sintesi:<\/strong><\/h2>\n<ul data-start=\"1506\" data-end=\"1845\">\n<li class=\"\" data-start=\"1506\" data-end=\"1531\">\n<p class=\"\" data-start=\"1508\" data-end=\"1531\">Fino a <strong data-start=\"1515\" data-end=\"1531\">15.000 Bign\u00e8<\/strong><\/p>\n<\/li>\n<li class=\"\" data-start=\"1532\" data-end=\"1567\">\n<p class=\"\" data-start=\"1534\" data-end=\"1567\"><strong data-start=\"1534\" data-end=\"1544\">850 mAh<\/strong> Batteria ricaricabile<\/p>\n<\/li>\n<li class=\"\" data-start=\"1568\" data-end=\"1595\">\n<p class=\"\" data-start=\"1570\" data-end=\"1595\"><strong data-start=\"1570\" data-end=\"1578\">25ml<\/strong> E-liquido premium<\/p>\n<\/li>\n<li class=\"\" data-start=\"1596\" data-end=\"1636\">\n<p class=\"\" data-start=\"1598\" data-end=\"1636\"><strong data-start=\"1598\" data-end=\"1611\">Bobina di rete<\/strong> per un sapore intenso<\/p>\n<\/li>\n<li class=\"\" data-start=\"1637\" data-end=\"1669\">\n<p class=\"\" data-start=\"1639\" data-end=\"1669\"><strong data-start=\"1639\" data-end=\"1669\">0%, 2%, 3%, 5% Sale di nicotina<\/strong><\/p>\n<\/li>\n<li class=\"\" data-start=\"1670\" data-end=\"1696\">\n<p class=\"\" data-start=\"1672\" data-end=\"1696\"><strong data-start=\"1672\" data-end=\"1682\">Tipo-C<\/strong> Collegamento di ricarica<\/p>\n<\/li>\n<li class=\"\" data-start=\"1697\" data-end=\"1734\">\n<p class=\"\" data-start=\"1699\" data-end=\"1734\"><strong data-start=\"1699\" data-end=\"1718\">Design dell'illuminazione RGB<\/strong> per un look cool<\/p>\n<\/li>\n<li class=\"\" data-start=\"1735\" data-end=\"1777\">\n<p class=\"\" data-start=\"1737\" data-end=\"1777\"><strong data-start=\"1737\" data-end=\"1764\">41 gusti<\/strong> nell'intervallo<\/p>\n<\/li>\n<li class=\"\" data-start=\"1778\" data-end=\"1845\">\n<p class=\"\" data-start=\"1780\" data-end=\"1845\">Imballaggio: <strong data-start=\"1792\" data-end=\"1819\">10 pezzi per espositore<\/strong>, <strong data-start=\"1821\" data-end=\"1845\">160 pezzi per cartone<\/strong><\/p>\n<\/li>\n<\/ul>\n<h2><strong data-start=\"1852\" data-end=\"1900\">Gusti disponibili (un piccolo campione):<\/strong><\/h2>\n<p class=\"\" data-start=\"1902\" data-end=\"2078\"><strong data-start=\"2102\" data-end=\"2131\">\u00a0Limonata Blue Razz | Gelato alla Pesca | Mela Acida | Gelato all'Anguria | Mirtillo in Ghiaccio | Lampone Mirtillo | Gelato all'Ananas | Ciliegia | Gelato alla Fragola | Vimto | Gelato all'Uva | Gelato alla Cola | Anguria Fragola | Limonata Rosa | Frutti di Bosco Misti | Pesca-Mango | Frutto del Drago | Fragola-Acqua | Mr. Blue | Gelato Lush | Fragola Kiwi | Kiwi Passion Fruit Guava | Triplo Berry | Gelato alla banana | Caramella alla pesca e al mirtillo | Mela Pesca Pera | Limonata ai frutti di bosco | Ciliegia Blue Razz | Gomma da masticare al mirtillo | Ciliegia al mirtillo | Ciliegia al mirtillo e al melogranoCiliegia | Mirtillo-Pomegrana | Bluesour-Raspberry | Ciliegia-Cola | Orsetti gommosi | Limone e Lime | Mango on Ice | Red Energy Ice | Fragola-Banana | Fragola | Limonata Fragola-Acqua 15000 Puffs<\/strong> \u00e8 il compagno perfetto per tutti coloro che amano il divertimento di lunga durata, le nuvole ricche, la ricarica fulminea e il look elegante - in breve: pi\u00f9 estrazione, pi\u00f9 sapore, pi\u00f9 stile.<\/p>","protected":false},"excerpt":{"rendered":"<p><strong>RandM Tornado 15000 soffi<\/strong>Liquido da 25 ml, nicotina 0-5%, coil a rete, luce RGB - oltre 40 gusti per un'esperienza di vaping potente ed elegante.<\/p>","protected":false},"featured_media":12711,"comment_status":"open","ping_status":"closed","template":"","meta":[],"product_brand":[],"product_cat":[18],"product_tag":[],"class_list":{"0":"post-12542","1":"product","2":"type-product","3":"status-publish","4":"has-post-thumbnail","6":"product_cat-randm-fumot-einweg-vape","8":"first","9":"instock","10":"shipping-taxable","11":"purchasable","12":"product-type-variable"},"_links":{"self":[{"href":"https:\/\/fumot-vaping.de\/it\/wp-json\/wp\/v2\/product\/12542","targetHints":{"allow":["GET"]}}],"collection":[{"href":"https:\/\/fumot-vaping.de\/it\/wp-json\/wp\/v2\/product"}],"about":[{"href":"https:\/\/fumot-vaping.de\/it\/wp-json\/wp\/v2\/types\/product"}],"replies":[{"embeddable":true,"href":"https:\/\/fumot-vaping.de\/it\/wp-json\/wp\/v2\/comments?post=12542"}],"version-history":[{"count":3,"href":"https:\/\/fumot-vaping.de\/it\/wp-json\/wp\/v2\/product\/12542\/revisions"}],"predecessor-version":[{"id":15200,"href":"https:\/\/fumot-vaping.de\/it\/wp-json\/wp\/v2\/product\/12542\/revisions\/15200"}],"wp:featuredmedia":[{"embeddable":true,"href":"https:\/\/fumot-vaping.de\/it\/wp-json\/wp\/v2\/media\/12711"}],"wp:attachment":[{"href":"https:\/\/fumot-vaping.de\/it\/wp-json\/wp\/v2\/media?parent=12542"}],"wp:term":[{"taxonomy":"product_brand","embeddable":true,"href":"https:\/\/fumot-vaping.de\/it\/wp-json\/wp\/v2\/product_brand?post=12542"},{"taxonomy":"product_cat","embeddable":true,"href":"https:\/\/fumot-vaping.de\/it\/wp-json\/wp\/v2\/product_cat?post=12542"},{"taxonomy":"product_tag","embeddable":true,"href":"https:\/\/fumot-vaping.de\/it\/wp-json\/wp\/v2\/product_tag?post=12542"}],"curies":[{"name":"wp","href":"https:\/\/api.w.org\/{rel}","templated":true}]}}