{"id":11424,"date":"2025-06-27T11:31:54","date_gmt":"2025-06-27T11:31:54","guid":{"rendered":"https:\/\/fumot-vaping.de\/?post_type=product&#038;p=11424"},"modified":"2025-08-12T01:31:48","modified_gmt":"2025-08-12T01:31:48","slug":"randm-tornado-7000-soffi-vape-tipo-c-carica-veloce","status":"publish","type":"product","link":"https:\/\/fumot-vaping.de\/it\/product\/randm-tornado-7000-soffi-vape-tipo-c-carica-veloce\/","title":{"rendered":"RandM Tornado 7000 Puffs Vape Carica rapida di tipo C"},"content":{"rendered":"<h2 data-start=\"148\" data-end=\"230\">RandM Tornado 7000 Puffs, RandM Tornado Vape, 7000 Puffs Vape usa e getta<\/h2>\n<p class=\"\" data-start=\"237\" data-end=\"554\"><strong data-start=\"237\" data-end=\"277\">RandM Tornado 7000 boccate di vapore monouso<\/strong> \u00e8 l'ultima novit\u00e0 per i vapers che cercano una soluzione potente, durevole ed elegante. Con un massimo di <strong data-start=\"388\" data-end=\"402\">7000 treni<\/strong> questo dispositivo, o meglio, questa piccola arma del vapore, offre un'esperienza particolarmente duratura che va ben oltre il solito.<\/p>\n<p class=\"\" data-start=\"556\" data-end=\"871\">Guidato da un <strong data-start=\"578\" data-end=\"606\">batteria integrata da 850 mAh<\/strong> il RandM Tornado 7000 offre prestazioni costanti ad ogni utilizzo. Grazie alla <strong data-start=\"685\" data-end=\"715\">Funzione di ricarica rapida Type-C<\/strong> \u00e8 possibile ridurre al minimo il tempo di caricamento - e improvvisamente mi sono ricordato di quanto fosse noioso il caricamento lento. Che passo avanti!<\/p>\n<p class=\"\" data-start=\"873\" data-end=\"1174\">Particolarmente interessante: il dispositivo \u00e8 <strong data-start=\"911\" data-end=\"949\">14ml di e-liquid premium pre-riempito<\/strong> e offre una selezione di <strong data-start=\"990\" data-end=\"1024\">0%, 2%, 3% o 5% Sale di nicotina<\/strong>. Ci\u00f2 consente di personalizzare in modo flessibile la propria esperienza di svapo, sia che si preferisca un tiro pi\u00f9 intenso, sia che si preferisca un tiro pi\u00f9 delicato.<\/p>\n<p class=\"\" data-start=\"1176\" data-end=\"1553\">E non \u00e8 tutto. Il <strong data-start=\"1210\" data-end=\"1238\">Funzione di controllo del flusso d'aria<\/strong> permette di regolare individualmente la resistenza di tiraggio - a volte si desidera solo un po' di brezza, ho pensato all'improvviso, soprattutto nelle calde giornate estive. L'esperienza \u00e8 completata dalla spettacolare <strong data-start=\"1455\" data-end=\"1469\">Design RGB<\/strong>che si illumina a ogni boccata e conferisce al vostro stile di svapo un vero e proprio colpo d'occhio.<\/p>\n<h2 class=\"\" data-start=\"1560\" data-end=\"1610\">RandM Tornado 7000 Puffs - Caratteristiche tecniche:<\/h2>\n<ul data-start=\"1612\" data-end=\"2010\">\n<li class=\"\" data-start=\"1612\" data-end=\"1637\">\n<p class=\"\" data-start=\"1614\" data-end=\"1637\">Fino a <strong data-start=\"1621\" data-end=\"1635\">7000 soffi<\/strong><\/p>\n<\/li>\n<li class=\"\" data-start=\"1638\" data-end=\"1689\">\n<p class=\"\" data-start=\"1640\" data-end=\"1689\"><strong data-start=\"1640\" data-end=\"1650\">850 mAh<\/strong> Batteria integrata e ricaricabile<\/p>\n<\/li>\n<li class=\"\" data-start=\"1690\" data-end=\"1719\">\n<p class=\"\" data-start=\"1692\" data-end=\"1719\"><strong data-start=\"1692\" data-end=\"1700\">14ml<\/strong> E-liquido premium<\/p>\n<\/li>\n<li class=\"\" data-start=\"1720\" data-end=\"1766\">\n<p class=\"\" data-start=\"1722\" data-end=\"1766\"><strong data-start=\"1722\" data-end=\"1764\">0% \/ 2% \/ 3% \/ 5% Opzioni sale di nicotina<\/strong><\/p>\n<\/li>\n<li class=\"\" data-start=\"1767\" data-end=\"1795\">\n<p class=\"\" data-start=\"1769\" data-end=\"1795\"><strong data-start=\"1769\" data-end=\"1779\">Tipo-C<\/strong> Collegamento di ricarica<\/p>\n<\/li>\n<li class=\"\" data-start=\"1796\" data-end=\"1844\">\n<p class=\"\" data-start=\"1798\" data-end=\"1844\"><strong data-start=\"1798\" data-end=\"1817\">Controllo del flusso d'aria<\/strong> per treni personalizzati<\/p>\n<\/li>\n<li class=\"\" data-start=\"1845\" data-end=\"1898\">\n<p class=\"\" data-start=\"1847\" data-end=\"1898\"><strong data-start=\"1847\" data-end=\"1866\">Design dell'illuminazione RGB<\/strong> per un aspetto elegante<\/p>\n<\/li>\n<li class=\"\" data-start=\"1899\" data-end=\"1941\">\n<p class=\"\" data-start=\"1901\" data-end=\"1941\"><strong data-start=\"1901\" data-end=\"1939\">56 gusti disponibili<\/strong><\/p>\n<\/li>\n<li class=\"\" data-start=\"1942\" data-end=\"2010\">\n<p class=\"\" data-start=\"1944\" data-end=\"2010\">Imballaggio: <strong data-start=\"1956\" data-end=\"1984\">10 pezzi per espositore<\/strong>, <strong data-start=\"1986\" data-end=\"2010\">240 pezzi per cartone<\/strong><\/p>\n<\/li>\n<\/ul>\n<h2 class=\"\" data-start=\"2017\" data-end=\"2062\">Gusti disponibili (selezione):<\/h2>\n<p class=\"\" data-start=\"2064\" data-end=\"2988\">Menta Fresca | Ghiaccio Lush | Ghiaccio al Mandarino | Ciambella alla Fragola | Orso Gommoso | Mirtillo su Ghiaccio | Mango su Ghiaccio | Ghiaccio alla Pesca | Ghiaccio alla Banana | Ghiaccio all'Uva | Limonata Rosa | Pina Colada Rum | Frutti di Bosco Misti | Frullato di Banana | Anguria alla Fragola | Limone Mela Rossa | Ghiaccio Ananas | Zucchero filato | Fragola Banana | Ghiaccio Fragola | Ghiaccio Energia Rossa | Limonata Razz Blu | Ghiaccio Mela Rossa | Limonata Frutta di Bosco | Mirtillo Bubblegum | Lampone Aspro Blu | Mr Blue | Pera Mela Pesca Mirtillo Melograno | Vimto | Kiwi Frutto della Passione Guava | Cola | Mela Acida | Ribes Nero Mentolo | Sangue di Tigre | Caramella alla Pesca Mirtillo | Pesca Mango | Fragola Red Bull | Ghiaccio al Ribes Nero | Limonata all'Anguria alla Fragola | Ciliegia | Ciliegia Blu Razz | Limonata alla Mela Rossa | Limonata alla Mela Rossa | Limonata alla Ciliegia Cherry | Blue Razz Cherry | Skittles | Blueberry Raspberry | Strawberry Grape | Blueberry Cherry Cranberry | Apple Berry Blast | Cherry Cola | Lemon&amp;Lime | Pink Burst | Pacific Cooler | Ice Pop | Bingo Crush | Vimto Crush | Tobacco<\/p>\n<p class=\"\" data-start=\"3006\" data-end=\"3274\">Il <strong data-start=\"3010\" data-end=\"3038\">RandM Tornado 7000 Soffi<\/strong> \u00e8 pi\u00f9 di un semplice dispositivo usa e getta: \u00e8 un'esperienza di vaping moderna ai massimi livelli: potente, elegante e piena di esplosioni di sapore. (E siamo onesti, con 56 aromi soddisfa davvero ogni desiderio).<\/p>","protected":false},"excerpt":{"rendered":"<p>RandM Tornado 7000 Puffs: 14 ml di liquido, batteria da 850 mAh, design RGB, 56 aromi - un'esperienza di vaping potente ed elegante.<\/p>","protected":false},"featured_media":11652,"comment_status":"open","ping_status":"closed","template":"","meta":[],"product_brand":[],"product_cat":[18],"product_tag":[],"class_list":{"0":"post-11424","1":"product","2":"type-product","3":"status-publish","4":"has-post-thumbnail","6":"product_cat-randm-fumot-einweg-vape","8":"first","9":"outofstock","10":"shipping-taxable","11":"purchasable","12":"product-type-variable"},"_links":{"self":[{"href":"https:\/\/fumot-vaping.de\/it\/wp-json\/wp\/v2\/product\/11424","targetHints":{"allow":["GET"]}}],"collection":[{"href":"https:\/\/fumot-vaping.de\/it\/wp-json\/wp\/v2\/product"}],"about":[{"href":"https:\/\/fumot-vaping.de\/it\/wp-json\/wp\/v2\/types\/product"}],"replies":[{"embeddable":true,"href":"https:\/\/fumot-vaping.de\/it\/wp-json\/wp\/v2\/comments?post=11424"}],"version-history":[{"count":2,"href":"https:\/\/fumot-vaping.de\/it\/wp-json\/wp\/v2\/product\/11424\/revisions"}],"predecessor-version":[{"id":16313,"href":"https:\/\/fumot-vaping.de\/it\/wp-json\/wp\/v2\/product\/11424\/revisions\/16313"}],"wp:featuredmedia":[{"embeddable":true,"href":"https:\/\/fumot-vaping.de\/it\/wp-json\/wp\/v2\/media\/11652"}],"wp:attachment":[{"href":"https:\/\/fumot-vaping.de\/it\/wp-json\/wp\/v2\/media?parent=11424"}],"wp:term":[{"taxonomy":"product_brand","embeddable":true,"href":"https:\/\/fumot-vaping.de\/it\/wp-json\/wp\/v2\/product_brand?post=11424"},{"taxonomy":"product_cat","embeddable":true,"href":"https:\/\/fumot-vaping.de\/it\/wp-json\/wp\/v2\/product_cat?post=11424"},{"taxonomy":"product_tag","embeddable":true,"href":"https:\/\/fumot-vaping.de\/it\/wp-json\/wp\/v2\/product_tag?post=11424"}],"curies":[{"name":"wp","href":"https:\/\/api.w.org\/{rel}","templated":true}]}}