{"id":9883,"date":"2025-04-28T10:20:05","date_gmt":"2025-04-28T10:20:05","guid":{"rendered":"https:\/\/fumot-vaping.de\/?page_id=9883"},"modified":"2025-04-30T11:43:12","modified_gmt":"2025-04-30T11:43:12","slug":"condizioni-generali","status":"publish","type":"page","link":"https:\/\/fumot-vaping.de\/it\/condizioni-generali\/","title":{"rendered":"Termini e condizioni generali (GTC) | FUMOT Vaping"},"content":{"rendered":"<h2 class=\"\" data-start=\"289\" data-end=\"310\">1. ambito di applicazione<\/h2>\n<p class=\"\" data-start=\"312\" data-end=\"545\">Le presenti Condizioni Generali (CGC) si applicano a tutti gli ordini effettuati tramite il nostro negozio online su <strong data-start=\"420\" data-end=\"439\">fumot-vaping.com<\/strong> si svolga.<br data-start=\"449\" data-end=\"452\" \/>La nostra offerta \u00e8 rivolta esclusivamente a consumatori maggiorenni (et\u00e0 minima 18 anni).<\/p>\n<h2 class=\"\" data-start=\"547\" data-end=\"568\">2\u00b0 partner contrattuale<\/h2>\n<p class=\"\" data-start=\"570\" data-end=\"605\">Il contratto di acquisto viene stipulato con:<\/p>\n<p class=\"\" data-start=\"607\" data-end=\"708\"><strong data-start=\"607\" data-end=\"623\">FUMOT Vaping<\/strong><br data-start=\"645\" data-end=\"648\" \/>WhatsApp: [<a href=\"https:\/\/api.whatsapp.com\/send?phone=85259346722&amp;text=Sales%20Specialist\" target=\"_blank\" rel=\"noopener\">+852 59346722<\/a>]<br data-start=\"677\" data-end=\"680\" \/>E-mail: <a href=\"mailto:info@fumot-vaping.de\" rel=\"noopener\" data-start=\"688\" data-end=\"708\">info@fumot-vaping.de<\/a><\/p>\n<h2 class=\"\" data-start=\"710\" data-end=\"733\">3. conclusione del contratto<\/h2>\n<p class=\"\" data-start=\"735\" data-end=\"1146\">La presentazione dei prodotti nel negozio online non costituisce un'offerta giuridicamente vincolante, ma un catalogo online non vincolante.<br data-start=\"869\" data-end=\"872\" \/>Facendo clic sul pulsante \"Acquista ora\", si effettua un ordine vincolante per la merce contenuta nel carrello. La conferma della ricezione dell'ordine verr\u00e0 inviata insieme all'accettazione dell'ordine subito dopo l'invio tramite un'e-mail automatica.<\/p>\n<h2 class=\"\" data-start=\"1148\" data-end=\"1184\">4 Prezzi e condizioni di pagamento<\/h2>\n<ul data-start=\"1186\" data-end=\"1444\">\n<li class=\"\" data-start=\"1186\" data-end=\"1268\">\n<p class=\"\" data-start=\"1188\" data-end=\"1268\">Tutti i prezzi sono espressi in euro e sono comprensivi di IVA.<\/p>\n<\/li>\n<li class=\"\" data-start=\"1269\" data-end=\"1339\">\n<p class=\"\" data-start=\"1271\" data-end=\"1339\">Le spese di spedizione possono essere aggiunte ai prezzi indicati.<\/p>\n<\/li>\n<li class=\"\" data-start=\"1340\" data-end=\"1444\">\n<p class=\"\" data-start=\"1342\" data-end=\"1444\">Sono previsti i seguenti metodi di pagamento: PayPal, Klarna, carta di credito, pagamento anticipato tramite bonifico bancario.<\/p>\n<\/li>\n<\/ul>\n<h2 class=\"\" data-start=\"1446\" data-end=\"1470\">5. condizioni di spedizione<\/h2>\n<ul data-start=\"1472\" data-end=\"1699\">\n<li class=\"\" data-start=\"1472\" data-end=\"1533\">\n<p class=\"\" data-start=\"1474\" data-end=\"1533\">La spedizione viene effettuata da fornitori di servizi di spedizione affidabili.<\/p>\n<\/li>\n<li class=\"\" data-start=\"1534\" data-end=\"1608\">\n<p class=\"\" data-start=\"1536\" data-end=\"1608\">I tempi di spedizione in Germania sono solitamente di 2-5 giorni lavorativi.<\/p>\n<\/li>\n<li class=\"\" data-start=\"1609\" data-end=\"1699\">\n<p class=\"\" data-start=\"1611\" data-end=\"1699\">La spedizione internazionale \u00e8 possibile; i tempi e i costi di consegna variano a seconda del paese di destinazione.<\/p>\n<\/li>\n<\/ul>\n<h2 class=\"\" data-start=\"1701\" data-end=\"1725\">6. riserva di propriet\u00e0<\/h2>\n<p class=\"\" data-start=\"1727\" data-end=\"1790\">La merce rimane di nostra propriet\u00e0 fino al ricevimento del pagamento completo.<\/p>\n<h2 class=\"\" data-start=\"1792\" data-end=\"1812\">7. diritto di cancellazione<\/h2>\n<p class=\"\" data-start=\"1814\" data-end=\"1948\">I consumatori hanno un diritto legale di cancellazione di 14 giorni.<br data-start=\"1877\" data-end=\"1880\" \/>I dettagli sono riportati nella nostra politica di cancellazione separata.<\/p>\n<h2 class=\"\" data-start=\"1950\" data-end=\"1974\">8. verifica dell'et\u00e0<\/h2>\n<p class=\"\" data-start=\"1976\" data-end=\"2168\">I nostri prodotti sono venduti esclusivamente a persone di et\u00e0 superiore ai 18 anni.<br data-start=\"2053\" data-end=\"2056\" \/>Ci riserviamo il diritto di effettuare una verifica dell'et\u00e0 sia durante il processo di ordinazione che al momento della consegna.<\/p>\n<h2 class=\"\" data-start=\"2170\" data-end=\"2183\">9. Responsabilit\u00e0<\/h2>\n<ul data-start=\"2185\" data-end=\"2508\">\n<li class=\"\" data-start=\"2185\" data-end=\"2319\">\n<p class=\"\" data-start=\"2187\" data-end=\"2319\">Siamo responsabili senza limitazioni per le richieste di risarcimento basate su danni causati da noi in caso di dolo o grave negligenza.<\/p>\n<\/li>\n<li class=\"\" data-start=\"2320\" data-end=\"2441\">\n<p class=\"\" data-start=\"2322\" data-end=\"2441\">In caso di semplice negligenza, saremo responsabili solo dei danni derivanti da lesioni alla vita, all'integrit\u00e0 fisica o alla salute.<\/p>\n<\/li>\n<li class=\"\" data-start=\"2442\" data-end=\"2508\">\n<p class=\"\" data-start=\"2444\" data-end=\"2508\">Inoltre, sono escluse le richieste di risarcimento danni.<\/p>\n<\/li>\n<\/ul>\n<h2 class=\"\" data-start=\"2510\" data-end=\"2531\">10. nota sul prodotto<\/h2>\n<p class=\"\" data-start=\"2533\" data-end=\"2731\">I nostri prodotti possono contenere nicotina. La nicotina \u00e8 una sostanza che crea forte dipendenza.<br data-start=\"2620\" data-end=\"2623\" \/>I nostri prodotti non sono adatti alle donne in gravidanza, alle madri che allattano e alle persone affette da malattie cardiovascolari.<\/p>\n<h2 class=\"\" data-start=\"2733\" data-end=\"2751\">11. protezione dei dati<\/h2>\n<p class=\"\" data-start=\"2753\" data-end=\"2849\">Le informazioni sul trattamento dei dati personali sono contenute nella nostra informativa sulla privacy.<\/p>\n<h2 class=\"\" data-start=\"2851\" data-end=\"2893\">12 Legge applicabile e foro competente<\/h2>\n<p class=\"\" data-start=\"2895\" data-end=\"3090\">Tutte le controversie derivanti da o in relazione al contratto di acquisto saranno disciplinate dal diritto tedesco, con l'esclusione della Convenzione delle Nazioni Unite sui contratti di vendita internazionale di merci.<br data-start=\"3020\" data-end=\"3023\" \/>Il foro competente \u00e8, per quanto consentito dalla legge, la nostra sede legale.<\/p>\n<hr class=\"\" data-start=\"3092\" data-end=\"3095\" \/>\n<h1 class=\"\" data-start=\"3097\" data-end=\"3111\">\ud83d\udcdc Note:<\/h1>\n<ul data-start=\"3112\" data-end=\"3236\">\n<li class=\"\" data-start=\"3112\" data-end=\"3236\">\n<p class=\"\" data-start=\"3114\" data-end=\"3236\">Le presenti CGV possono essere aggiornate da noi se necessario. Si applica la versione valida al momento dell'ordine.<\/p>\n<\/li>\n<\/ul>\n<p><script src=\"chrome-extension:\/\/fpelahbljekknahkcaegamhcndkfpfnc\/iFrame.js\" type=\"text\/javascript\"><\/script><\/p>\n<p><script src=\"chrome-extension:\/\/fpelahbljekknahkcaegamhcndkfpfnc\/iFrame.js\" type=\"text\/javascript\"><\/script><\/p>","protected":false},"excerpt":{"rendered":"<p>1. Geltungsbereich Diese Allgemeinen Gesch\u00e4ftsbedingungen (AGB) gelten f\u00fcr alle Bestellungen, die \u00fcber unseren Online-Shop auf fumot-vaping.de erfolgen.Unser Angebot richtet sich ausschlie\u00dflich an vollj\u00e4hrige Verbraucher (Mindestalter 18 Jahre). 2. Vertragspartner Der Kaufvertrag kommt zustande mit: FUMOT VapingWhatsApp: [+852 59346722]E-Mail: info@fumot-vaping.de 3. Vertragsabschluss Die Darstellung der Produkte im Online-Shop stellt kein rechtlich bindendes Angebot, sondern einen unverbindlichen Online-Katalog dar.Durch Anklicken des Buttons&hellip;<\/p>","protected":false},"author":1,"featured_media":0,"parent":0,"menu_order":0,"comment_status":"closed","ping_status":"closed","template":"","meta":{"footnotes":""},"class_list":["post-9883","page","type-page","status-publish","hentry"],"_links":{"self":[{"href":"https:\/\/fumot-vaping.de\/it\/wp-json\/wp\/v2\/pages\/9883","targetHints":{"allow":["GET"]}}],"collection":[{"href":"https:\/\/fumot-vaping.de\/it\/wp-json\/wp\/v2\/pages"}],"about":[{"href":"https:\/\/fumot-vaping.de\/it\/wp-json\/wp\/v2\/types\/page"}],"author":[{"embeddable":true,"href":"https:\/\/fumot-vaping.de\/it\/wp-json\/wp\/v2\/users\/1"}],"replies":[{"embeddable":true,"href":"https:\/\/fumot-vaping.de\/it\/wp-json\/wp\/v2\/comments?post=9883"}],"version-history":[{"count":3,"href":"https:\/\/fumot-vaping.de\/it\/wp-json\/wp\/v2\/pages\/9883\/revisions"}],"predecessor-version":[{"id":9891,"href":"https:\/\/fumot-vaping.de\/it\/wp-json\/wp\/v2\/pages\/9883\/revisions\/9891"}],"wp:attachment":[{"href":"https:\/\/fumot-vaping.de\/it\/wp-json\/wp\/v2\/media?parent=9883"}],"curies":[{"name":"wp","href":"https:\/\/api.w.org\/{rel}","templated":true}]}}