{"id":9880,"date":"2025-04-28T10:00:05","date_gmt":"2025-04-28T10:00:05","guid":{"rendered":"https:\/\/fumot-vaping.de\/?page_id=9880"},"modified":"2025-04-30T11:43:18","modified_gmt":"2025-04-30T11:43:18","slug":"verifica-delleta-protezione-dei-giovani","status":"publish","type":"page","link":"https:\/\/fumot-vaping.de\/it\/verifica-delleta-protezione-dei-giovani\/","title":{"rendered":"Verifica dell'et\u00e0 | Protezione dei giovani | FUMOT Vaping"},"content":{"rendered":"<h2 class=\"\" data-start=\"234\" data-end=\"279\">Protezione dei giovani - Il nostro impegno<\/h2>\n<p class=\"\" data-start=\"281\" data-end=\"503\">La protezione dei minori \u00e8 importante per noi <strong data-start=\"325\" data-end=\"341\">FUMOT Vaping<\/strong> particolarmente vicino ai nostri cuori.<br data-start=\"362\" data-end=\"365\" \/>Per questo motivo, vendiamo i nostri prodotti solo a persone che hanno raggiunto l'et\u00e0 minima richiesta dalla legge.<\/p>\n<p class=\"\" data-start=\"505\" data-end=\"679\">Secondo la Germania <strong data-start=\"525\" data-end=\"556\">Legge sulla protezione dei giovani (JuSchG)<\/strong> I prodotti contenenti nicotina, le sigarette elettroniche e i relativi accessori possono essere venduti solo a maggiorenni.<\/p>\n<h2 class=\"\" data-start=\"681\" data-end=\"703\">Verifica dell'et\u00e0<\/h2>\n<p class=\"\" data-start=\"705\" data-end=\"842\">Per garantire che i nostri prodotti siano forniti solo a clienti maggiorenni, effettuiamo una verifica dell'et\u00e0:<\/p>\n<ul data-start=\"844\" data-end=\"1022\">\n<li class=\"\" data-start=\"844\" data-end=\"910\">\n<p class=\"\" data-start=\"846\" data-end=\"910\">L'et\u00e0 verr\u00e0 verificata durante il processo di ordinazione.<\/p>\n<\/li>\n<li class=\"\" data-start=\"911\" data-end=\"1022\">\n<p class=\"\" data-start=\"913\" data-end=\"1022\">Al momento della consegna, il corriere effettua un ulteriore controllo dell'et\u00e0 (ad esempio, il controllo dell'et\u00e0 di DHL).<\/p>\n<\/li>\n<\/ul>\n<p class=\"\" data-start=\"1024\" data-end=\"1094\">La merce non pu\u00f2 essere consegnata a persone di et\u00e0 inferiore ai 18 anni.<\/p>\n<h2 class=\"\" data-start=\"1096\" data-end=\"1128\">Vietata la vendita ai minori<\/h2>\n<p class=\"\" data-start=\"1130\" data-end=\"1144\"><strong data-start=\"1130\" data-end=\"1142\">Importante:<\/strong><\/p>\n<ul data-start=\"1145\" data-end=\"1455\">\n<li class=\"\" data-start=\"1145\" data-end=\"1237\">\n<p class=\"\" data-start=\"1147\" data-end=\"1237\">L'acquisto e il consumo dei nostri prodotti non sono consentiti ai minori di 18 anni.<\/p>\n<\/li>\n<li class=\"\" data-start=\"1238\" data-end=\"1328\">\n<p class=\"\" data-start=\"1240\" data-end=\"1328\">Non sono ammessi ordini a nome o per conto di minori.<\/p>\n<\/li>\n<li class=\"\" data-start=\"1329\" data-end=\"1455\">\n<p class=\"\" data-start=\"1331\" data-end=\"1455\">In caso di violazioni, ci riserviamo il diritto di annullare gli ordini e di intraprendere azioni legali se necessario.<\/p>\n<\/li>\n<\/ul>\n<h2 class=\"\" data-start=\"1457\" data-end=\"1488\">Responsabilit\u00e0 ed educazione<\/h2>\n<p class=\"\" data-start=\"1490\" data-end=\"1783\">In qualit\u00e0 di fornitore responsabile, ci impegniamo per un uso sicuro e conforme alla legge dei prodotti per sigarette elettroniche.<br data-start=\"1620\" data-end=\"1623\" \/>Sosteniamo attivamente la tutela dei minori e chiediamo ai nostri clienti di trattare i nostri prodotti in modo consapevole e di impedire l'accesso ai minori.<\/p>\n<hr class=\"\" data-start=\"1785\" data-end=\"1788\" \/>\n<p class=\"\" data-start=\"1790\" data-end=\"1848\"><strong data-start=\"1790\" data-end=\"1848\">FUMOT Vaping - Responsabilit\u00e0 per un futuro sicuro.<\/strong><\/p>\n<p><script src=\"chrome-extension:\/\/fpelahbljekknahkcaegamhcndkfpfnc\/iFrame.js\" type=\"text\/javascript\"><\/script><\/p>\n<p><script src=\"chrome-extension:\/\/fpelahbljekknahkcaegamhcndkfpfnc\/iFrame.js\" type=\"text\/javascript\"><\/script><\/p>\n<p><script src=\"chrome-extension:\/\/fpelahbljekknahkcaegamhcndkfpfnc\/iFrame.js\" type=\"text\/javascript\"><\/script><\/p>","protected":false},"excerpt":{"rendered":"<p>Schutz von Jugendlichen \u2013 Unser Engagement Der Schutz von Minderj\u00e4hrigen liegt uns bei FUMOT Vaping besonders am Herzen.Aus diesem Grund verkaufen wir unsere Produkte ausschlie\u00dflich an Personen, die das gesetzlich vorgeschriebene Mindestalter erreicht haben. Gem\u00e4\u00df dem deutschen Jugendschutzgesetz (JuSchG) d\u00fcrfen nikotinhaltige Produkte sowie elektronische Zigaretten und Zubeh\u00f6r nur an Erwachsene ab 18 Jahren abgegeben werden. Altersverifizierung Um sicherzustellen, dass unsere&hellip;<\/p>","protected":false},"author":1,"featured_media":0,"parent":0,"menu_order":0,"comment_status":"closed","ping_status":"closed","template":"","meta":{"footnotes":""},"class_list":["post-9880","page","type-page","status-publish","hentry"],"_links":{"self":[{"href":"https:\/\/fumot-vaping.de\/it\/wp-json\/wp\/v2\/pages\/9880","targetHints":{"allow":["GET"]}}],"collection":[{"href":"https:\/\/fumot-vaping.de\/it\/wp-json\/wp\/v2\/pages"}],"about":[{"href":"https:\/\/fumot-vaping.de\/it\/wp-json\/wp\/v2\/types\/page"}],"author":[{"embeddable":true,"href":"https:\/\/fumot-vaping.de\/it\/wp-json\/wp\/v2\/users\/1"}],"replies":[{"embeddable":true,"href":"https:\/\/fumot-vaping.de\/it\/wp-json\/wp\/v2\/comments?post=9880"}],"version-history":[{"count":4,"href":"https:\/\/fumot-vaping.de\/it\/wp-json\/wp\/v2\/pages\/9880\/revisions"}],"predecessor-version":[{"id":9890,"href":"https:\/\/fumot-vaping.de\/it\/wp-json\/wp\/v2\/pages\/9880\/revisions\/9890"}],"wp:attachment":[{"href":"https:\/\/fumot-vaping.de\/it\/wp-json\/wp\/v2\/media?parent=9880"}],"curies":[{"name":"wp","href":"https:\/\/api.w.org\/{rel}","templated":true}]}}