{"id":33,"date":"2018-07-23T12:03:14","date_gmt":"2018-07-23T12:03:14","guid":{"rendered":"https:\/\/fumot-vaping.de\/?page_id=33"},"modified":"2025-04-30T11:53:14","modified_gmt":"2025-04-30T11:53:14","slug":"informativa-sulla-privacy-fumot-vaping","status":"publish","type":"page","link":"https:\/\/fumot-vaping.de\/it\/informativa-sulla-privacy-fumot-vaping\/","title":{"rendered":"Informativa sulla privacy | FUMOT Vaping"},"content":{"rendered":"<div data-elementor-type=\"wp-post\" data-elementor-id=\"33\" class=\"elementor elementor-33\" data-elementor-post-type=\"page\">\n\t\t\t\t\t\t<section class=\"elementor-section elementor-top-section elementor-element elementor-element-104ab6c elementor-section-boxed elementor-section-height-default elementor-section-height-default\" data-id=\"104ab6c\" data-element_type=\"section\">\n\t\t\t\t\t\t<div class=\"elementor-container elementor-column-gap-extended\">\n\t\t\t\t\t<div class=\"elementor-column elementor-col-100 elementor-top-column elementor-element elementor-element-261ef40 sc_layouts_column_icons_position_left\" data-id=\"261ef40\" data-element_type=\"column\">\n\t\t\t<div class=\"elementor-widget-wrap elementor-element-populated\">\n\t\t\t\t\t\t<div class=\"elementor-element elementor-element-6738caa elementor-widget elementor-widget-text-editor\" data-id=\"6738caa\" data-element_type=\"widget\" data-widget_type=\"text-editor.default\">\n\t\t\t\t<div class=\"elementor-widget-container\">\n\t\t\t\t\t\t\t\t\t<h2 class=\"\" data-start=\"146\" data-end=\"162\">1. introduzione<\/h2><p class=\"\" data-start=\"164\" data-end=\"504\">Benvenuti a <strong data-start=\"179\" data-end=\"198\">fumot-vaping.com<\/strong> (di seguito denominato \"Sito Web\"). La protezione dei vostri dati personali \u00e8 importante per noi. In questa informativa sulla privacy, vi informiamo su quali dati personali raccogliamo, come li utilizziamo, come li proteggiamo e quali diritti avete in relazione ai vostri dati.<\/p><h2 class=\"\" data-start=\"506\" data-end=\"526\">2. dati raccolti<\/h2><p class=\"\" data-start=\"528\" data-end=\"602\">Possiamo raccogliere i seguenti dati quando utilizzate il nostro sito web:<\/p><ul data-start=\"604\" data-end=\"943\"><li class=\"\" data-start=\"604\" data-end=\"678\"><p class=\"\" data-start=\"606\" data-end=\"678\"><strong data-start=\"606\" data-end=\"625\">Dati di identit\u00e0<\/strong> (ad es. nome, indirizzo, numero di telefono, indirizzo e-mail)<\/p><\/li><li class=\"\" data-start=\"679\" data-end=\"733\"><p class=\"\" data-start=\"681\" data-end=\"733\"><strong data-start=\"681\" data-end=\"695\">Dettagli del conto<\/strong> (ad es. nome utente, cronologia degli ordini)<\/p><\/li><li class=\"\" data-start=\"734\" data-end=\"797\"><p class=\"\" data-start=\"736\" data-end=\"797\"><strong data-start=\"736\" data-end=\"753\">Dati di pagamento<\/strong> (elaborati tramite fornitori di pagamenti sicuri)<\/p><\/li><li class=\"\" data-start=\"798\" data-end=\"886\"><p class=\"\" data-start=\"800\" data-end=\"886\"><strong data-start=\"800\" data-end=\"820\">Dati tecnici<\/strong> (ad es. indirizzo IP, tipo di browser, tempi di accesso, comportamento di utilizzo)<\/p><\/li><li class=\"\" data-start=\"887\" data-end=\"943\"><p class=\"\" data-start=\"889\" data-end=\"943\"><strong data-start=\"889\" data-end=\"927\">Cookie e informazioni di tracciamento<\/strong> (cfr. punto 5)<\/p><\/li><\/ul><h2 class=\"\" data-start=\"945\" data-end=\"978\">3. uso previsto dei dati<\/h2><p class=\"\" data-start=\"980\" data-end=\"1043\">Utilizziamo i vostri dati personali per i seguenti scopi:<\/p><ul data-start=\"1045\" data-end=\"1363\"><li class=\"\" data-start=\"1045\" data-end=\"1088\"><p class=\"\" data-start=\"1047\" data-end=\"1088\">Elaborazione e spedizione degli ordini<\/p><\/li><li class=\"\" data-start=\"1089\" data-end=\"1138\"><p class=\"\" data-start=\"1091\" data-end=\"1138\">Gestione del vostro conto cliente e del servizio clienti<\/p><\/li><li class=\"\" data-start=\"1139\" data-end=\"1208\"><p class=\"\" data-start=\"1141\" data-end=\"1208\">Ottimizzazione del sito web e miglioramento della facilit\u00e0 d'uso<\/p><\/li><li class=\"\" data-start=\"1209\" data-end=\"1283\"><p class=\"\" data-start=\"1211\" data-end=\"1283\">Adempimento di obblighi di legge (ad es. obblighi fiscali)<\/p><\/li><li class=\"\" data-start=\"1284\" data-end=\"1363\"><p class=\"\" data-start=\"1286\" data-end=\"1363\">Invio di comunicazioni di marketing (solo con il vostro esplicito consenso)<\/p><\/li><\/ul><h2 class=\"\" data-start=\"1365\" data-end=\"1401\">4. divulgazione dei dati a terzi<\/h2><p class=\"\" data-start=\"1403\" data-end=\"1469\">I vostri dati saranno trasmessi a terzi solo nei seguenti casi:<\/p><ul data-start=\"1471\" data-end=\"1662\"><li class=\"\" data-start=\"1471\" data-end=\"1541\"><p class=\"\" data-start=\"1473\" data-end=\"1541\">Fornitore del servizio di spedizione (ad es. DHL, UPS) per la consegna del vostro ordine<\/p><\/li><li class=\"\" data-start=\"1542\" data-end=\"1619\"><p class=\"\" data-start=\"1544\" data-end=\"1619\">Fornitori di servizi di pagamento (ad es. PayPal, Klarna) per l'elaborazione dei vostri pagamenti<\/p><\/li><li class=\"\" data-start=\"1620\" data-end=\"1662\"><p class=\"\" data-start=\"1622\" data-end=\"1662\">Autorit\u00e0, se richiesto dalla legge<\/p><\/li><\/ul><p class=\"\" data-start=\"1664\" data-end=\"1740\">Non vendiamo n\u00e9 affittiamo mai i vostri dati personali a terzi.<\/p><h2 class=\"\" data-start=\"1742\" data-end=\"1781\">5. cookie e tecnologie di tracciamento<\/h2><p class=\"\" data-start=\"1783\" data-end=\"1916\">Il nostro sito web utilizza cookie e tecnologie simili per offrire all'utente un'esperienza migliore. I cookie ci aiutano a farlo:<\/p><ul data-start=\"1918\" data-end=\"2078\"><li class=\"\" data-start=\"1918\" data-end=\"1971\"><p class=\"\" data-start=\"1920\" data-end=\"1971\">Salvare i dati di accesso e il contenuto del carrello<\/p><\/li><li class=\"\" data-start=\"1972\" data-end=\"2024\"><p class=\"\" data-start=\"1974\" data-end=\"2024\">Analizzare il traffico del sito web e il comportamento degli utenti<\/p><\/li><li class=\"\" data-start=\"2025\" data-end=\"2078\"><p class=\"\" data-start=\"2027\" data-end=\"2078\">Personalizzare i contenuti in base alle proprie esigenze<\/p><\/li><\/ul><p class=\"\" data-start=\"2080\" data-end=\"2260\">\u00c8 possibile disattivare o eliminare i cookie tramite le impostazioni del browser. Si prega di notare che ci\u00f2 potrebbe compromettere alcune funzioni del sito web.<\/p><h2 class=\"\" data-start=\"2262\" data-end=\"2283\">6. sicurezza dei dati<\/h2><p class=\"\" data-start=\"2285\" data-end=\"2528\">Utilizziamo misure tecniche e organizzative per proteggere i vostri dati personali da accessi non autorizzati, perdita o uso improprio. Queste includono la crittografia SSL, la protezione firewall e i sistemi di controllo degli accessi.<\/p><h2 class=\"\" data-start=\"2530\" data-end=\"2547\">7. I vostri diritti<\/h2><p class=\"\" data-start=\"2549\" data-end=\"2625\">L'utente ha i seguenti diritti ai sensi del Regolamento generale sulla protezione dei dati (GDPR):<\/p><ul data-start=\"2627\" data-end=\"2995\"><li class=\"\" data-start=\"2627\" data-end=\"2692\"><p class=\"\" data-start=\"2629\" data-end=\"2692\">Informazioni sui dati personali da noi conservati<\/p><\/li><li class=\"\" data-start=\"2693\" data-end=\"2764\"><p class=\"\" data-start=\"2695\" data-end=\"2764\">Correzione di dati errati o completamento di dati incompleti<\/p><\/li><li class=\"\" data-start=\"2765\" data-end=\"2817\"><p class=\"\" data-start=\"2767\" data-end=\"2817\">Cancellazione dei dati (\"diritto all'oblio\")<\/p><\/li><li class=\"\" data-start=\"2818\" data-end=\"2850\"><p class=\"\" data-start=\"2820\" data-end=\"2850\">Limitazione del trattamento<\/p><\/li><li class=\"\" data-start=\"2851\" data-end=\"2887\"><p class=\"\" data-start=\"2853\" data-end=\"2887\">Obiezione al trattamento<\/p><\/li><li class=\"\" data-start=\"2888\" data-end=\"2955\"><p class=\"\" data-start=\"2890\" data-end=\"2955\">Revoca del consenso dato con effetto per il futuro<\/p><\/li><li class=\"\" data-start=\"2956\" data-end=\"2995\"><p class=\"\" data-start=\"2958\" data-end=\"2995\">Reclamo a un'autorit\u00e0 di vigilanza<\/p><\/li><\/ul><p class=\"\" data-start=\"2997\" data-end=\"3095\">Per esercitare i propri diritti, si prega di contattarci utilizzando i dettagli di contatto riportati di seguito.<\/p><h2 class=\"\" data-start=\"3097\" data-end=\"3110\">8. Contatto<\/h2><p class=\"\" data-start=\"3112\" data-end=\"3201\">Per qualsiasi domanda sulla protezione dei dati o sull'affermazione dei propri diritti, si prega di contattare:<\/p><p class=\"\" data-start=\"3203\" data-end=\"3316\"><strong data-start=\"3203\" data-end=\"3219\">FUMOT Vaping<\/strong><br data-start=\"3219\" data-end=\"3222\" \/>E-mail: <a href=\"mailto:info@fumot-vaping.de\">[info@fumot-vaping.de<\/a>]<br data-start=\"3252\" data-end=\"3255\" \/>WhatsApp: [<a href=\"https:\/\/api.whatsapp.com\/send?phone=85259346722&amp;text=Sales%20Specialist\" rel=\"nofollow noopener\" target=\"_blank\">+852 59346722<\/a>]<\/p><hr class=\"\" data-start=\"3318\" data-end=\"3321\" \/><h1 class=\"\" data-start=\"3323\" data-end=\"3333\">Note<\/h1><ul data-start=\"3334\" data-end=\"3576\"><li class=\"\" data-start=\"3334\" data-end=\"3507\"><p class=\"\" data-start=\"3336\" data-end=\"3507\">Ci riserviamo il diritto di modificare periodicamente la presente informativa sulla privacy per adeguarla ai mutati requisiti di legge o alle modifiche apportate ai nostri servizi.<\/p><\/li><li class=\"\" data-start=\"3508\" data-end=\"3576\"><p class=\"\" data-start=\"3510\" data-end=\"3576\">La versione pi\u00f9 recente sar\u00e0 pubblicata su questa pagina.<\/p><\/li><\/ul>\t\t\t\t\t\t\t\t<\/div>\n\t\t\t\t<\/div>\n\t\t\t\t\t<\/div>\n\t\t<\/div>\n\t\t\t\t\t<\/div>\n\t\t<\/section>\n\t\t\t\t<\/div>","protected":false},"excerpt":{"rendered":"<p>1. Einleitung Willkommen auf fumot-vaping.de (im Folgenden &#8222;Website&#8220;). Der Schutz Ihrer personenbezogenen Daten ist uns ein wichtiges Anliegen. Mit dieser Datenschutzerkl\u00e4rung informieren wir Sie dar\u00fcber, welche personenbezogenen Daten wir erheben, wie wir diese verwenden, wie wir sie sch\u00fctzen und welche Rechte Sie im Hinblick auf Ihre Daten haben. 2. Erhobene Daten Wir k\u00f6nnen im Rahmen Ihrer Nutzung unserer Website folgende&hellip;<\/p>","protected":false},"author":1,"featured_media":0,"parent":0,"menu_order":0,"comment_status":"closed","ping_status":"closed","template":"","meta":{"footnotes":""},"class_list":["post-33","page","type-page","status-publish","hentry"],"_links":{"self":[{"href":"https:\/\/fumot-vaping.de\/it\/wp-json\/wp\/v2\/pages\/33","targetHints":{"allow":["GET"]}}],"collection":[{"href":"https:\/\/fumot-vaping.de\/it\/wp-json\/wp\/v2\/pages"}],"about":[{"href":"https:\/\/fumot-vaping.de\/it\/wp-json\/wp\/v2\/types\/page"}],"author":[{"embeddable":true,"href":"https:\/\/fumot-vaping.de\/it\/wp-json\/wp\/v2\/users\/1"}],"replies":[{"embeddable":true,"href":"https:\/\/fumot-vaping.de\/it\/wp-json\/wp\/v2\/comments?post=33"}],"version-history":[{"count":5,"href":"https:\/\/fumot-vaping.de\/it\/wp-json\/wp\/v2\/pages\/33\/revisions"}],"predecessor-version":[{"id":15041,"href":"https:\/\/fumot-vaping.de\/it\/wp-json\/wp\/v2\/pages\/33\/revisions\/15041"}],"wp:attachment":[{"href":"https:\/\/fumot-vaping.de\/it\/wp-json\/wp\/v2\/media?parent=33"}],"curies":[{"name":"wp","href":"https:\/\/api.w.org\/{rel}","templated":true}]}}