{"id":9911,"date":"2025-04-29T08:33:01","date_gmt":"2025-04-29T08:33:01","guid":{"rendered":"https:\/\/fumot-vaping.de\/?post_type=product&#038;p=9911"},"modified":"2025-10-11T08:27:43","modified_gmt":"2025-10-11T08:27:43","slug":"fumot-tornado-20000-puffs-2","status":"publish","type":"product","link":"https:\/\/fumot-vaping.de\/fr\/product\/fumot-tornado-20000-puffs-2\/","title":{"rendered":"Fumot Tornado 20000 Puffs, Fumot Tornado Vape, Vaporisateur jetable 20000 Puffs"},"content":{"rendered":"<h2 data-start=\"128\" data-end=\"216\"><strong>Fumot Tornado 20000 Puffs Disposable VapePuissance et go\u00fbt \u00e0 la perfection<\/strong><\/h2>\n<p class=\"\" data-start=\"319\" data-end=\"660\">Fumot <strong>Vaporisateur jetable Tornado 20000 Puffs<\/strong>\u00a0a \u00e9t\u00e9 con\u00e7u pour les vapoteurs qui recherchent un appareil offrant une endurance maximale et des performances intenses. Avec une capacit\u00e9 incroyable de jusqu'\u00e0 <strong data-start=\"508\" data-end=\"524\">20 000 poufs<\/strong> ce mod\u00e8le de vape fournit une utilisation exceptionnellement longue - ou plut\u00f4t une aventure vaporeuse qui n'a presque pas de fin.<\/p>\n<p class=\"\" data-start=\"662\" data-end=\"983\">\u00c9quip\u00e9 d'un puissant <strong data-start=\"693\" data-end=\"730\">batterie rechargeable de 850mAh<\/strong> le Fumot Tornado assure une performance r\u00e9guli\u00e8re et fiable. Et gr\u00e2ce \u00e0 <strong data-start=\"805\" data-end=\"829\">Charge rapide Type-C<\/strong> le processus de chargement reste agr\u00e9ablement court. (Soudain, je me suis souvenu \u00e0 quel point il \u00e9tait p\u00e9nible de charger pendant des heures auparavant - quelle diff\u00e9rence maintenant !)<\/p>\n<p class=\"\" data-start=\"985\" data-end=\"1274\">Ce qui le rend vraiment sp\u00e9cial : la combinaison de <strong data-start=\"1039\" data-end=\"1069\">Technologie Mesh Coil 1,0\u03a9<\/strong> et <strong data-start=\"1074\" data-end=\"1099\">30ml de e-liquide premium<\/strong>. Il en r\u00e9sulte des nuages denses, des ar\u00f4mes intenses et une sensation de tirage extr\u00eamement r\u00e9guli\u00e8re - parfaitement adapt\u00e9e, que tu pr\u00e9f\u00e8res une inhalation plus tendue ou plus douce.<\/p>\n<p class=\"\" data-start=\"1276\" data-end=\"1485\">Le tout est compl\u00e9t\u00e9 par un design \u00e9l\u00e9gant et moderne - une vape qui a l'air aussi bonne qu'elle est performante.<\/p>\n<h2 data-start=\"1600\" data-end=\"1641\"><strong data-start=\"1600\" data-end=\"1641\">Fumot Tornado 20000 Puffs - Caract\u00e9ristiques :<\/strong><\/h2>\n<ul data-start=\"1643\" data-end=\"1991\">\n<li class=\"\" data-start=\"1643\" data-end=\"1667\">\n<p class=\"\" data-start=\"1645\" data-end=\"1667\">Jusqu'\u00e0 <strong data-start=\"1652\" data-end=\"1667\">20 000 trains<\/strong><\/p>\n<\/li>\n<li class=\"\" data-start=\"1668\" data-end=\"1703\">\n<p class=\"\" data-start=\"1670\" data-end=\"1703\"><strong data-start=\"1670\" data-end=\"1680\">850mAh<\/strong> batterie rechargeable<\/p>\n<\/li>\n<li class=\"\" data-start=\"1704\" data-end=\"1730\">\n<p class=\"\" data-start=\"1706\" data-end=\"1730\"><strong data-start=\"1706\" data-end=\"1730\">Charge rapide Type-C<\/strong><\/p>\n<\/li>\n<li class=\"\" data-start=\"1731\" data-end=\"1771\">\n<p class=\"\" data-start=\"1733\" data-end=\"1771\"><strong data-start=\"1733\" data-end=\"1741\">30 ml<\/strong> e-liquide premium pr\u00e9-rempli<\/p>\n<\/li>\n<li class=\"\" data-start=\"1772\" data-end=\"1825\">\n<p class=\"\" data-start=\"1774\" data-end=\"1825\"><strong data-start=\"1774\" data-end=\"1792\">1,0\u03a9 Bobine maill\u00e9e<\/strong> pour un meilleur d\u00e9veloppement du go\u00fbt<\/p>\n<\/li>\n<li class=\"\" data-start=\"1826\" data-end=\"1868\">\n<p class=\"\" data-start=\"1828\" data-end=\"1868\">0%, 2%, 3%, 5% Options de nicotine disponibles<\/p>\n<\/li>\n<li class=\"\" data-start=\"1869\" data-end=\"1909\">\n<p class=\"\" data-start=\"1871\" data-end=\"1909\"><strong data-start=\"1871\" data-end=\"1909\">30 saveurs disponibles<\/strong><\/p>\n<\/li>\n<li class=\"\" data-start=\"1910\" data-end=\"1954\">\n<p class=\"\" data-start=\"1912\" data-end=\"1954\">160 pi\u00e8ces par carton \/ Poids du carton : 21kg<\/p>\n<\/li>\n<li class=\"\" data-start=\"1955\" data-end=\"1991\">\n<p class=\"\" data-start=\"1957\" data-end=\"1991\">Taille du carton : 47,1 \u00d7 30,7 \u00d7 28,5 cm<span style=\"color: #1d1d1d; font-family: Montserrat, sans-serif; font-size: 2.3571em; letter-spacing: -0.3px;\">\u00a0 \u00a0 \u00a0<\/span><\/p>\n<\/li>\n<\/ul>\n<p><strong><span style=\"color: #1d1d1d; font-family: Montserrat, sans-serif; font-size: 2.3571em; letter-spacing: -0.3px;\">Liste des saveurs<\/span><\/strong><\/p>\n<ol data-start=\"2049\" data-end=\"2550\">\n<li class=\"\" data-start=\"2049\" data-end=\"2073\">\n<p class=\"\" data-start=\"2052\" data-end=\"2073\">Past\u00e8que \u00e0 la fraise<\/p>\n<\/li>\n<li class=\"\" data-start=\"2074\" data-end=\"2096\">\n<p class=\"\" data-start=\"2077\" data-end=\"2096\">Blueberry Raspberry<\/p>\n<\/li>\n<li class=\"\" data-start=\"2097\" data-end=\"2109\">\n<p class=\"\" data-start=\"2100\" data-end=\"2109\">Glace \u00e0 la mangue<\/p>\n<\/li>\n<li class=\"\" data-start=\"2110\" data-end=\"2137\">\n<p class=\"\" data-start=\"2113\" data-end=\"2137\">Kiwi Passion Fruit Goyave<\/p>\n<\/li>\n<li class=\"\" data-start=\"2138\" data-end=\"2150\">\n<p class=\"\" data-start=\"2141\" data-end=\"2150\">Glace au raisin<\/p>\n<\/li>\n<li class=\"\" data-start=\"2151\" data-end=\"2164\">\n<p class=\"\" data-start=\"2154\" data-end=\"2164\">Banana Ice<\/p>\n<\/li>\n<li class=\"\" data-start=\"2165\" data-end=\"2176\">\n<p class=\"\" data-start=\"2168\" data-end=\"2176\">Cola Ice<\/p>\n<\/li>\n<li class=\"\" data-start=\"2177\" data-end=\"2189\">\n<p class=\"\" data-start=\"2180\" data-end=\"2189\">Glace \u00e0 la p\u00eache<\/p>\n<\/li>\n<li class=\"\" data-start=\"2190\" data-end=\"2206\">\n<p class=\"\" data-start=\"2193\" data-end=\"2206\">Glace au Pineapple<\/p>\n<\/li>\n<li class=\"\" data-start=\"2207\" data-end=\"2223\">\n<p class=\"\" data-start=\"2211\" data-end=\"2223\">Boisson \u00e9nergisante<\/p>\n<\/li>\n<li class=\"\" data-start=\"2224\" data-end=\"2241\">\n<p class=\"\" data-start=\"2228\" data-end=\"2241\">Glace aux myrtilles<\/p>\n<\/li>\n<li class=\"\" data-start=\"2242\" data-end=\"2260\">\n<p class=\"\" data-start=\"2246\" data-end=\"2260\">Glace \u00e0 la past\u00e8que<\/p>\n<\/li>\n<li class=\"\" data-start=\"2261\" data-end=\"2282\">\n<p class=\"\" data-start=\"2265\" data-end=\"2282\">Fraise Banane<\/p>\n<\/li>\n<li class=\"\" data-start=\"2283\" data-end=\"2297\">\n<p class=\"\" data-start=\"2287\" data-end=\"2297\">Glace cerise<\/p>\n<\/li>\n<li class=\"\" data-start=\"2298\" data-end=\"2313\">\n<p class=\"\" data-start=\"2302\" data-end=\"2313\">Apple Peach<\/p>\n<\/li>\n<li class=\"\" data-start=\"2314\" data-end=\"2331\">\n<p class=\"\" data-start=\"2318\" data-end=\"2331\">M\u00e9lange de baies<\/p>\n<\/li>\n<li class=\"\" data-start=\"2332\" data-end=\"2346\">\n<p class=\"\" data-start=\"2336\" data-end=\"2346\">Glace au lychee<\/p>\n<\/li>\n<li class=\"\" data-start=\"2347\" data-end=\"2361\">\n<p class=\"\" data-start=\"2351\" data-end=\"2361\">Menthe citron<\/p>\n<\/li>\n<li class=\"\" data-start=\"2362\" data-end=\"2378\">\n<p class=\"\" data-start=\"2366\" data-end=\"2378\">Double Apple<\/p>\n<\/li>\n<li class=\"\" data-start=\"2379\" data-end=\"2395\">\n<p class=\"\" data-start=\"2383\" data-end=\"2395\">Cotton Candy<\/p>\n<\/li>\n<li class=\"\" data-start=\"2396\" data-end=\"2409\">\n<p class=\"\" data-start=\"2400\" data-end=\"2409\">Cool Mint<\/p>\n<\/li>\n<li class=\"\" data-start=\"2410\" data-end=\"2422\">\n<p class=\"\" data-start=\"2414\" data-end=\"2422\">Lush Ice<\/p>\n<\/li>\n<li class=\"\" data-start=\"2423\" data-end=\"2439\">\n<p class=\"\" data-start=\"2427\" data-end=\"2439\">Cassis<\/p>\n<\/li>\n<li class=\"\" data-start=\"2440\" data-end=\"2456\">\n<p class=\"\" data-start=\"2444\" data-end=\"2456\">Orange Mangue<\/p>\n<\/li>\n<li class=\"\" data-start=\"2457\" data-end=\"2469\">\n<p class=\"\" data-start=\"2461\" data-end=\"2469\">Skittles<\/p>\n<\/li>\n<li class=\"\" data-start=\"2470\" data-end=\"2484\">\n<p class=\"\" data-start=\"2474\" data-end=\"2484\">Pomme acidul\u00e9e<\/p>\n<\/li>\n<li class=\"\" data-start=\"2485\" data-end=\"2501\">\n<p class=\"\" data-start=\"2489\" data-end=\"2501\">Red Bull Ice<\/p>\n<\/li>\n<li class=\"\" data-start=\"2502\" data-end=\"2515\">\n<p class=\"\" data-start=\"2506\" data-end=\"2515\">M\u00e9lange de baies<\/p>\n<\/li>\n<li class=\"\" data-start=\"2516\" data-end=\"2529\">\n<p class=\"\" data-start=\"2520\" data-end=\"2529\">Glace au melon<\/p>\n<\/li>\n<li class=\"\" data-start=\"2530\" data-end=\"2550\">\n<p class=\"\" data-start=\"2534\" data-end=\"2550\">Mango Strawberry Pr\u00e9-rempli de liquides de haute qualit\u00e9 en <strong data-start=\"1315\" data-end=\"1354\">30 saveurs passionnantes<\/strong>Le go\u00fbt de l'eau, de la fra\u00eecheur fruit\u00e9e \u00e0 la douceur cr\u00e9meuse, est <strong>Fumot Tornado 20000 Puffs<\/strong> une exp\u00e9rience vraiment adapt\u00e9e \u00e0 tous les go\u00fbts<\/p>\n<\/li>\n<\/ol>","protected":false},"excerpt":{"rendered":"<p>Fumot Tornado 20000 Puffs : batterie de 850mAh, 30ml d'e-liquide, charge rapide Type-C, coil en maille et 30 saveurs - pour une exp\u00e9rience de vapotage puissante et durable.<\/p>","protected":false},"featured_media":10035,"comment_status":"open","ping_status":"closed","template":"","meta":[],"product_brand":[],"product_cat":[18],"product_tag":[91,87],"class_list":{"0":"post-9911","1":"product","2":"type-product","3":"status-publish","4":"has-post-thumbnail","6":"product_cat-randm-fumot-einweg-vape","7":"product_tag-box-stil-fumot-vape","8":"product_tag-fumot-20000-puffs","10":"first","11":"outofstock","12":"shipping-taxable","13":"purchasable","14":"product-type-variable"},"_links":{"self":[{"href":"https:\/\/fumot-vaping.de\/fr\/wp-json\/wp\/v2\/product\/9911","targetHints":{"allow":["GET"]}}],"collection":[{"href":"https:\/\/fumot-vaping.de\/fr\/wp-json\/wp\/v2\/product"}],"about":[{"href":"https:\/\/fumot-vaping.de\/fr\/wp-json\/wp\/v2\/types\/product"}],"replies":[{"embeddable":true,"href":"https:\/\/fumot-vaping.de\/fr\/wp-json\/wp\/v2\/comments?post=9911"}],"version-history":[{"count":2,"href":"https:\/\/fumot-vaping.de\/fr\/wp-json\/wp\/v2\/product\/9911\/revisions"}],"predecessor-version":[{"id":14554,"href":"https:\/\/fumot-vaping.de\/fr\/wp-json\/wp\/v2\/product\/9911\/revisions\/14554"}],"wp:featuredmedia":[{"embeddable":true,"href":"https:\/\/fumot-vaping.de\/fr\/wp-json\/wp\/v2\/media\/10035"}],"wp:attachment":[{"href":"https:\/\/fumot-vaping.de\/fr\/wp-json\/wp\/v2\/media?parent=9911"}],"wp:term":[{"taxonomy":"product_brand","embeddable":true,"href":"https:\/\/fumot-vaping.de\/fr\/wp-json\/wp\/v2\/product_brand?post=9911"},{"taxonomy":"product_cat","embeddable":true,"href":"https:\/\/fumot-vaping.de\/fr\/wp-json\/wp\/v2\/product_cat?post=9911"},{"taxonomy":"product_tag","embeddable":true,"href":"https:\/\/fumot-vaping.de\/fr\/wp-json\/wp\/v2\/product_tag?post=9911"}],"curies":[{"name":"wp","href":"https:\/\/api.w.org\/{rel}","templated":true}]}}