{"id":9690,"date":"2025-05-17T06:19:14","date_gmt":"2025-05-17T06:19:14","guid":{"rendered":"https:\/\/fumot-vaping.de\/?post_type=product&#038;p=9690"},"modified":"2025-09-15T08:18:43","modified_gmt":"2025-09-15T08:18:43","slug":"randm-tornado-9000-pro-puffs-4","status":"publish","type":"product","link":"https:\/\/fumot-vaping.de\/fr\/product\/randm-tornado-9000-pro-puffs-4\/","title":{"rendered":"RandM Tornado 9000 Pro Puffs, jetable Vape, Blueberry Ice Vape"},"content":{"rendered":"<h2 data-start=\"108\" data-end=\"174\"><strong>RandM Tornado 9000 Pro Puffs jetable Go\u00fbt Vape Blueberry Ice<\/strong><\/h2>\n<p class=\"\" data-start=\"299\" data-end=\"595\"><strong data-start=\"299\" data-end=\"343\">RandM Tornado 9000 Pro Puffs Vape jetable<\/strong> a \u00e9t\u00e9 con\u00e7u pour les vapoteurs qui recherchent une exp\u00e9rience puissante, durable et rafra\u00eechissante. Avec jusqu'\u00e0 <strong data-start=\"453\" data-end=\"467\">9000 trains<\/strong> cet appareil offre une dur\u00e9e d'utilisation \u00e9tonnamment longue - ou plut\u00f4t : une exp\u00e9rience de la vapeur qui n'en finit pas.<\/p>\n<p class=\"\" data-start=\"597\" data-end=\"925\">\u00c9quip\u00e9 d'un <strong data-start=\"620\" data-end=\"635\">Batterie de 600mAh<\/strong> la RandM Tornado 9000 Pro fournit une performance constante et fiable. Et le meilleur ? Le site <strong data-start=\"729\" data-end=\"758\">Fonction de charge rapide de type C<\/strong> permet un chargement ultra-rapide, ce qui \u00e9limine les interruptions. (Je viens de me rappeler \u00e0 quel point les temps de chargement lents \u00e9taient frustrants autrefois...)<\/p>\n<p class=\"\" data-start=\"927\" data-end=\"1162\">L'appareil est \u00e9quip\u00e9 <strong data-start=\"945\" data-end=\"970\">20ml de e-liquide premium<\/strong> pr\u00e9remplis, au choix en <strong data-start=\"996\" data-end=\"1026\">0%, 2%, 3% ou 5% Nicotine<\/strong> sont disponibles. Gr\u00e2ce \u00e0 la <strong data-start=\"1048\" data-end=\"1066\">1,0\u03a9 Bobine maill\u00e9e<\/strong> les utilisateurs font l'exp\u00e9rience d'une vapeur dense et savoureuse qui transforme chaque s\u00e9ance en un v\u00e9ritable plaisir.<\/p>\n<p class=\"\" data-start=\"1164\" data-end=\"1372\">Un autre point fort : les <strong data-start=\"1212\" data-end=\"1228\">Lumi\u00e8res musicales<\/strong>Les couleurs changent au rythme de la musique. Il donne au vapotage une note dynamique et styl\u00e9e - presque comme une petite f\u00eate dans la main !<\/p>\n<h3 class=\"\" data-start=\"1374\" data-end=\"1417\"><strong data-start=\"1378\" data-end=\"1417\">Focus particulier sur Blueberry Ice :<\/strong><\/h3>\n<p class=\"\" data-start=\"1418\" data-end=\"1690\">Le go\u00fbt <strong data-start=\"1432\" data-end=\"1449\">Glace aux myrtilles<\/strong> combine la douceur juteuse des myrtilles m\u00fbres avec une finition menthol\u00e9e agr\u00e9ablement fra\u00eeche. Chaque bouff\u00e9e ressemble \u00e0 une promenade rafra\u00eechissante par une claire journ\u00e9e d'\u00e9t\u00e9 - ou plus exactement \u00e0 une \u00e9treinte glac\u00e9e sous forme de vapeur.<\/p>\n<h3 class=\"\" data-start=\"1697\" data-end=\"1745\"><strong data-start=\"1701\" data-end=\"1745\">RandM Tornado 9000 Pro Puffs - Caract\u00e9ristiques :<\/strong><\/h3>\n<ul data-start=\"1746\" data-end=\"2093\">\n<li class=\"\" data-start=\"1746\" data-end=\"1775\">\n<p class=\"\" data-start=\"1748\" data-end=\"1775\">Puffs : <strong data-start=\"1755\" data-end=\"1775\">Jusqu'\u00e0 9000 trains<\/strong><\/p>\n<\/li>\n<li class=\"\" data-start=\"1776\" data-end=\"1811\">\n<p class=\"\" data-start=\"1778\" data-end=\"1811\"><strong data-start=\"1778\" data-end=\"1788\">600mAh<\/strong> batterie rechargeable<\/p>\n<\/li>\n<li class=\"\" data-start=\"1812\" data-end=\"1864\">\n<p class=\"\" data-start=\"1814\" data-end=\"1864\"><strong data-start=\"1814\" data-end=\"1832\">1,0\u03a9 Bobine maill\u00e9e<\/strong> pour une vapeur dense et aromatique<\/p>\n<\/li>\n<li class=\"\" data-start=\"1865\" data-end=\"1890\">\n<p class=\"\" data-start=\"1867\" data-end=\"1890\"><strong data-start=\"1867\" data-end=\"1890\">Charge rapide de type C<\/strong><\/p>\n<\/li>\n<li class=\"\" data-start=\"1891\" data-end=\"1951\">\n<p class=\"\" data-start=\"1893\" data-end=\"1951\"><strong data-start=\"1893\" data-end=\"1931\">30 saveurs disponibles<\/strong>dont Blueberry Ice<\/p>\n<\/li>\n<li class=\"\" data-start=\"1952\" data-end=\"1996\">\n<p class=\"\" data-start=\"1954\" data-end=\"1996\"><strong data-start=\"1954\" data-end=\"1970\">Lumi\u00e8res musicales<\/strong> pour un aspect dynamique<\/p>\n<\/li>\n<li class=\"\" data-start=\"1997\" data-end=\"2023\">\n<p class=\"\" data-start=\"1999\" data-end=\"2023\"><strong data-start=\"1999\" data-end=\"2023\">160 pi\u00e8ces par carton<\/strong><\/p>\n<\/li>\n<li class=\"\" data-start=\"2024\" data-end=\"2052\">\n<p class=\"\" data-start=\"2026\" data-end=\"2052\">Poids du carton : <strong data-start=\"2041\" data-end=\"2052\">20,5 kg<\/strong><\/p>\n<\/li>\n<li class=\"\" data-start=\"2053\" data-end=\"2093\">\n<p class=\"\" data-start=\"2055\" data-end=\"2093\">Taille du carton : <strong data-start=\"2068\" data-end=\"2093\">41,2 \u00d7 33,2 \u00d7 32,5 cm<\/strong><\/p>\n<\/li>\n<\/ul>\n<h3 class=\"\" data-start=\"1697\" data-end=\"1745\"><strong data-start=\"1701\" data-end=\"1745\">RandM Tornado 9000 Pro Puffs<\/strong><\/h3>\n<p class=\"\" data-start=\"2117\" data-end=\"2398\">Avec le <strong data-start=\"2125\" data-end=\"2169\">RandM Tornado 9000 Pro Puffs Vape jetable<\/strong> et le rafra\u00eechissant <strong data-start=\"2192\" data-end=\"2219\">parfum Blueberry Ice<\/strong> les vapoteurs d\u00e9couvrent un m\u00e9lange parfait de fruit\u00e9 intense, de fra\u00eecheur et de raffinement technique. Ceux qui recherchent le style, le go\u00fbt et la performance trouveront ici d\u00e9finitivement leur bonheur.<\/p>","protected":false},"excerpt":{"rendered":"<p data-start=\"1697\" data-end=\"1745\"><strong data-start=\"1701\" data-end=\"1745\">RandM Tornado 9000 Pro Puffs<\/strong> Vape avec Blueberry Ice, 9000 bouff\u00e9es, batterie 600mAh, lumi\u00e8res musicales et go\u00fbt intense.<\/p>","protected":false},"featured_media":9707,"comment_status":"open","ping_status":"closed","template":"","meta":[],"product_brand":[],"product_cat":[18,102],"product_tag":[94,84,95,96,97],"class_list":{"0":"post-9690","1":"product","2":"type-product","3":"status-publish","4":"has-post-thumbnail","6":"product_cat-randm-fumot-einweg-vape","7":"product_cat-randm-tornado9000","8":"product_tag-big-puffs-vape","9":"product_tag-fumot-9000-puffs","10":"product_tag-low-nicotine-vape","11":"product_tag-nicotine-free-vape","12":"product_tag-rechargeable-vape","14":"first","15":"outofstock","16":"shipping-taxable","17":"purchasable","18":"product-type-variable"},"_links":{"self":[{"href":"https:\/\/fumot-vaping.de\/fr\/wp-json\/wp\/v2\/product\/9690","targetHints":{"allow":["GET"]}}],"collection":[{"href":"https:\/\/fumot-vaping.de\/fr\/wp-json\/wp\/v2\/product"}],"about":[{"href":"https:\/\/fumot-vaping.de\/fr\/wp-json\/wp\/v2\/types\/product"}],"replies":[{"embeddable":true,"href":"https:\/\/fumot-vaping.de\/fr\/wp-json\/wp\/v2\/comments?post=9690"}],"version-history":[{"count":2,"href":"https:\/\/fumot-vaping.de\/fr\/wp-json\/wp\/v2\/product\/9690\/revisions"}],"predecessor-version":[{"id":15174,"href":"https:\/\/fumot-vaping.de\/fr\/wp-json\/wp\/v2\/product\/9690\/revisions\/15174"}],"wp:featuredmedia":[{"embeddable":true,"href":"https:\/\/fumot-vaping.de\/fr\/wp-json\/wp\/v2\/media\/9707"}],"wp:attachment":[{"href":"https:\/\/fumot-vaping.de\/fr\/wp-json\/wp\/v2\/media?parent=9690"}],"wp:term":[{"taxonomy":"product_brand","embeddable":true,"href":"https:\/\/fumot-vaping.de\/fr\/wp-json\/wp\/v2\/product_brand?post=9690"},{"taxonomy":"product_cat","embeddable":true,"href":"https:\/\/fumot-vaping.de\/fr\/wp-json\/wp\/v2\/product_cat?post=9690"},{"taxonomy":"product_tag","embeddable":true,"href":"https:\/\/fumot-vaping.de\/fr\/wp-json\/wp\/v2\/product_tag?post=9690"}],"curies":[{"name":"wp","href":"https:\/\/api.w.org\/{rel}","templated":true}]}}