{"id":9628,"date":"2025-05-19T08:23:11","date_gmt":"2025-05-19T08:23:11","guid":{"rendered":"https:\/\/fumot-vaping.de\/?post_type=product&#038;p=9628"},"modified":"2025-09-15T08:16:41","modified_gmt":"2025-09-15T08:16:41","slug":"randm-tornado-9000-pro-puffs-8","status":"publish","type":"product","link":"https:\/\/fumot-vaping.de\/fr\/product\/randm-tornado-9000-pro-puffs-8\/","title":{"rendered":"RandM Tornado 9000 Pro Puffs Go\u00fbt Vapo jetable Skittles"},"content":{"rendered":"<h2 data-start=\"218\" data-end=\"279\">RandM Tornado 9000 Pro Puffs Vaporisateur jetable<\/h2>\n<p class=\"\" data-start=\"281\" data-end=\"616\">Le site <strong data-start=\"285\" data-end=\"329\">RandM Tornado 9000 Pro Puffs Vaporisateur jetable<\/strong> a \u00e9t\u00e9 con\u00e7u pour les vapoteurs qui recherchent une exp\u00e9rience de vapotage puissante, savoureuse et visuellement fascinante. Avec <strong data-start=\"450\" data-end=\"471\">jusqu'\u00e0 9000 trains<\/strong> ce mod\u00e8le offre une utilisation particuli\u00e8rement durable - ou plut\u00f4t : un voyage infini \u00e0 travers des ar\u00f4mes intenses et des nuages \u00e9pais.<\/p>\n<p class=\"\" data-start=\"618\" data-end=\"874\">\u00c9quip\u00e9 d'un <strong data-start=\"641\" data-end=\"657\">Batterie de 600 mAh<\/strong>La Tornado 9000 Pro fournit une \u00e9nergie constante et efficace. Gr\u00e2ce \u00e0 <strong data-start=\"727\" data-end=\"750\">Charge rapide de type C<\/strong> l'appareil est de nouveau pr\u00eat \u00e0 l'emploi en un rien de temps - je me suis soudain souvenu \u00e0 quel point les anciens connecteurs de chargement \u00e9taient p\u00e9nibles autrefois !<\/p>\n<p class=\"\" data-start=\"876\" data-end=\"1053\">Un v\u00e9ritable point fort est la <strong data-start=\"905\" data-end=\"924\">\u00c9clairage RGB<\/strong>qui change au rythme de la musique. Ce n'est pas seulement une vape, mais une exp\u00e9rience - presque comme une petite f\u00eate dans la main.<\/p>\n<p class=\"\" data-start=\"1055\" data-end=\"1326\">Rempli de <strong data-start=\"1067\" data-end=\"1106\">30 saveurs passionnantes<\/strong> et disponible avec <strong data-start=\"1126\" data-end=\"1166\">0 %, 2 %, 3 % ou 5 % Teneur en nicotine<\/strong>Cet appareil s'adapte aux pr\u00e9f\u00e9rences les plus diverses. Le site <strong data-start=\"1226\" data-end=\"1245\">Bobine maill\u00e9e de 1,0 \u03a9<\/strong> assure une vapeur merveilleusement douce et r\u00e9guli\u00e8re et un go\u00fbt intense.<\/p>\n<p class=\"\" data-start=\"1328\" data-end=\"1665\">Parmi les nombreux ar\u00f4mes, le <strong data-start=\"1363\" data-end=\"1385\">Go\u00fbter Skittles<\/strong> se distingue particuli\u00e8rement. Cette vari\u00e9t\u00e9 combine une explosion multicolore de diff\u00e9rentes notes fruit\u00e9es - sucr\u00e9es, l\u00e9g\u00e8rement acidul\u00e9es et \u00e9tonnamment vari\u00e9es. Chaque bouff\u00e9e donne l'impression de croquer dans une poign\u00e9e de bonbons multicolores - ou plus exactement, dans un arc-en-ciel de plaisirs fruit\u00e9s.<\/p>\n<h2 data-start=\"1672\" data-end=\"1733\"><strong data-start=\"1672\" data-end=\"1733\">RandM Tornado 9000 Pro Puffs Vaporisateur jetable - Caract\u00e9ristiques :<\/strong><\/h2>\n<ul data-start=\"1734\" data-end=\"2023\">\n<li class=\"\" data-start=\"1734\" data-end=\"1752\">\n<p class=\"\" data-start=\"1736\" data-end=\"1752\">Jusqu'\u00e0 9000 trains<\/p>\n<\/li>\n<li class=\"\" data-start=\"1753\" data-end=\"1785\">\n<p class=\"\" data-start=\"1755\" data-end=\"1785\">batterie rechargeable de 600 mAh<\/p>\n<\/li>\n<li class=\"\" data-start=\"1786\" data-end=\"1807\">\n<p class=\"\" data-start=\"1788\" data-end=\"1807\">Charge rapide de type C<\/p>\n<\/li>\n<li class=\"\" data-start=\"1808\" data-end=\"1857\">\n<p class=\"\" data-start=\"1810\" data-end=\"1857\">1,0 \u03a9 Bobine \u00e0 mailles pour une vapeur aromatique et dense<\/p>\n<\/li>\n<li class=\"\" data-start=\"1858\" data-end=\"1899\">\n<p class=\"\" data-start=\"1860\" data-end=\"1899\">30 ar\u00f4mes disponibles, dont Skittles<\/p>\n<\/li>\n<li class=\"\" data-start=\"1900\" data-end=\"1938\">\n<p class=\"\" data-start=\"1902\" data-end=\"1938\">Lumi\u00e8re RGB qui bouge en fonction de la musique<\/p>\n<\/li>\n<li class=\"\" data-start=\"1939\" data-end=\"1961\">\n<p class=\"\" data-start=\"1941\" data-end=\"1961\">160 pi\u00e8ces par carton<\/p>\n<\/li>\n<li class=\"\" data-start=\"1962\" data-end=\"1986\">\n<p class=\"\" data-start=\"1964\" data-end=\"1986\">Poids du carton : 20,5 kg<\/p>\n<\/li>\n<li class=\"\" data-start=\"1987\" data-end=\"2023\">\n<p class=\"\" data-start=\"1989\" data-end=\"2023\">Taille du carton : 41,2 \u00d7 33,2 \u00d7 32,5 cm<\/p>\n<\/li>\n<\/ul>\n<h2 data-start=\"1672\" data-end=\"1733\"><strong data-start=\"1672\" data-end=\"1733\">RandM Tornado 9000 Pro Puffs<\/strong><\/h2>\n<p class=\"\" data-start=\"2030\" data-end=\"2322\"><strong data-start=\"2030\" data-end=\"2068\">Description du go\u00fbt - Skittles :<\/strong><br data-start=\"2068\" data-end=\"2071\" \/><strong data-start=\"2071\" data-end=\"2083\">Skittles<\/strong> offre une exp\u00e9rience de vapotage vivante et joyeuse, pleine de notes fruit\u00e9es color\u00e9es. Chaque bouff\u00e9e d\u00e9ploie un m\u00e9lange harmonieux de nuances sucr\u00e9es et l\u00e9g\u00e8rement acidul\u00e9es - parfait pour tous ceux qui aiment les go\u00fbts ludiques et fruit\u00e9s.<\/p>\n<p class=\"\" data-start=\"2324\" data-end=\"2476\">Avec <strong>RandM Tornado 9000 Pro Puffs<\/strong> et le go\u00fbt des Skittles, chaque session de vapotage devient une joyeuse excursion dans un monde de couleurs et de saveurs.<\/p>","protected":false},"excerpt":{"rendered":"<p>RandM Tornado 9000 Pro Puffs au go\u00fbt de Skittles, batterie de 600 mAh, charge de type C, coil en maille et lumi\u00e8re RGB pour une exp\u00e9rience de vapotage douce, fruit\u00e9e et color\u00e9e.<\/p>","protected":false},"featured_media":9633,"comment_status":"open","ping_status":"closed","template":"","meta":[],"product_brand":[],"product_cat":[18],"product_tag":[95,105],"class_list":{"0":"post-9628","1":"product","2":"type-product","3":"status-publish","4":"has-post-thumbnail","6":"product_cat-randm-fumot-einweg-vape","7":"product_tag-low-nicotine-vape","8":"product_tag-randm-tornado-9000-puffs","10":"first","11":"outofstock","12":"shipping-taxable","13":"purchasable","14":"product-type-variable"},"_links":{"self":[{"href":"https:\/\/fumot-vaping.de\/fr\/wp-json\/wp\/v2\/product\/9628","targetHints":{"allow":["GET"]}}],"collection":[{"href":"https:\/\/fumot-vaping.de\/fr\/wp-json\/wp\/v2\/product"}],"about":[{"href":"https:\/\/fumot-vaping.de\/fr\/wp-json\/wp\/v2\/types\/product"}],"replies":[{"embeddable":true,"href":"https:\/\/fumot-vaping.de\/fr\/wp-json\/wp\/v2\/comments?post=9628"}],"version-history":[{"count":2,"href":"https:\/\/fumot-vaping.de\/fr\/wp-json\/wp\/v2\/product\/9628\/revisions"}],"predecessor-version":[{"id":14571,"href":"https:\/\/fumot-vaping.de\/fr\/wp-json\/wp\/v2\/product\/9628\/revisions\/14571"}],"wp:featuredmedia":[{"embeddable":true,"href":"https:\/\/fumot-vaping.de\/fr\/wp-json\/wp\/v2\/media\/9633"}],"wp:attachment":[{"href":"https:\/\/fumot-vaping.de\/fr\/wp-json\/wp\/v2\/media?parent=9628"}],"wp:term":[{"taxonomy":"product_brand","embeddable":true,"href":"https:\/\/fumot-vaping.de\/fr\/wp-json\/wp\/v2\/product_brand?post=9628"},{"taxonomy":"product_cat","embeddable":true,"href":"https:\/\/fumot-vaping.de\/fr\/wp-json\/wp\/v2\/product_cat?post=9628"},{"taxonomy":"product_tag","embeddable":true,"href":"https:\/\/fumot-vaping.de\/fr\/wp-json\/wp\/v2\/product_tag?post=9628"}],"curies":[{"name":"wp","href":"https:\/\/api.w.org\/{rel}","templated":true}]}}