{"id":9561,"date":"2025-05-19T10:25:43","date_gmt":"2025-05-19T10:25:43","guid":{"rendered":"https:\/\/fumot-vaping.de\/?post_type=product&#038;p=9561"},"modified":"2025-09-15T08:16:15","modified_gmt":"2025-09-15T08:16:15","slug":"randm-tornado-9000-pro-puffs-9","status":"publish","type":"product","link":"https:\/\/fumot-vaping.de\/fr\/product\/randm-tornado-9000-pro-puffs-9\/","title":{"rendered":"RandM Tornado 9000 Pro Puffs jetable Vape parfum Framboise Past\u00e8que"},"content":{"rendered":"<h3 data-start=\"167\" data-end=\"252\">RandM Tornado 9000 Pro Puffs jetable Vape parfum Framboise Past\u00e8que<\/h3>\n<p class=\"\" data-start=\"317\" data-end=\"655\">Le site <strong data-start=\"321\" data-end=\"365\">RandM Tornado 9000 Pro Puffs Vaporisateur jetable<\/strong> est le choix parfait pour les vapoteurs qui recherchent une exp\u00e9rience de vapotage puissante, durable et visuellement impressionnante. Avec <strong data-start=\"492\" data-end=\"513\">jusqu'\u00e0 9000 trains<\/strong> cet appareil offre un plaisir remarquablement endurant - ou, pour \u00eatre encore plus pr\u00e9cis, une exp\u00e9rience qui ne s'arr\u00eate tout simplement pas.<\/p>\n<p class=\"\" data-start=\"657\" data-end=\"974\">\u00c9quip\u00e9 d'un <strong data-start=\"680\" data-end=\"714\">batterie rechargeable de 600 mAh<\/strong> la Tornado 9000 Pro garantit une puissance efficace et r\u00e9guli\u00e8re. Le site <strong data-start=\"801\" data-end=\"824\">Charge rapide de type C<\/strong> fait en sorte que les pauses de chargement n'aient gu\u00e8re d'importance - je viens de me rappeler \u00e0 quel point je devais attendre impatiemment les chargements lents auparavant !<\/p>\n<p class=\"\" data-start=\"976\" data-end=\"1197\">Un v\u00e9ritable point fort est la <strong data-start=\"1005\" data-end=\"1024\">\u00c9clairage RGB<\/strong>L'\u00e9clairage s'adapte de mani\u00e8re dynamique \u00e0 la musique et transforme chaque session de vapotage en un jeu de lumi\u00e8re fascinant. C'est presque comme si on ne faisait pas que vaper, mais qu'on faisait la f\u00eate.<\/p>\n<p class=\"\" data-start=\"1199\" data-end=\"1449\">Pr\u00e9-rempli avec <strong data-start=\"1214\" data-end=\"1238\">30 d\u00e9licieux ar\u00f4mes<\/strong> et disponible en <strong data-start=\"1256\" data-end=\"1295\">0 %, 2 %, 3 % et 5 % Taux de nicotine<\/strong>Cette vape s'adapte \u00e0 tous les go\u00fbts. Le site <strong data-start=\"1344\" data-end=\"1363\">Bobine maill\u00e9e de 1,0 \u03a9<\/strong> offre une vapeur dense et constante, au go\u00fbt intense - un plaisir renouvel\u00e9 \u00e0 chaque fois.<\/p>\n<p class=\"\" data-start=\"1451\" data-end=\"1843\">Parmi toutes les saveurs disponibles, celle qui m\u00e9rite d'\u00eatre <strong data-start=\"1507\" data-end=\"1532\">Framboise Past\u00e8que<\/strong> une attention particuli\u00e8re. Ce m\u00e9lange associe la douceur juteuse de la past\u00e8que m\u00fbre \u00e0 la fra\u00eecheur l\u00e9g\u00e8rement acidul\u00e9e des framboises. Chaque bouff\u00e9e a le go\u00fbt d'une bouch\u00e9e rafra\u00eechissante d'un fruit d'\u00e9t\u00e9 parfaitement refroidi - ou, si je peux le dire de mani\u00e8re plus personnelle, d'un petit s\u00e9jour en vapotage.<\/p>\n<h2 data-start=\"1451\" data-end=\"1843\"><strong data-start=\"1850\" data-end=\"1911\">RandM Tornado 9000 Pro Puffs Vaporisateur jetable - Caract\u00e9ristiques :<\/strong><\/h2>\n<ul data-start=\"1912\" data-end=\"2198\">\n<li class=\"\" data-start=\"1912\" data-end=\"1930\">\n<p class=\"\" data-start=\"1914\" data-end=\"1930\">Jusqu'\u00e0 9000 trains<\/p>\n<\/li>\n<li class=\"\" data-start=\"1931\" data-end=\"1963\">\n<p class=\"\" data-start=\"1933\" data-end=\"1963\">batterie rechargeable de 600 mAh<\/p>\n<\/li>\n<li class=\"\" data-start=\"1964\" data-end=\"1985\">\n<p class=\"\" data-start=\"1966\" data-end=\"1985\">Charge rapide de type C<\/p>\n<\/li>\n<li class=\"\" data-start=\"1986\" data-end=\"2028\">\n<p class=\"\" data-start=\"1988\" data-end=\"2028\">Bobine maill\u00e9e de 1,0 \u03a9 pour un go\u00fbt intense<\/p>\n<\/li>\n<li class=\"\" data-start=\"2029\" data-end=\"2083\">\n<p class=\"\" data-start=\"2031\" data-end=\"2083\">30 ar\u00f4mes disponibles, dont framboise past\u00e8que<\/p>\n<\/li>\n<li class=\"\" data-start=\"2084\" data-end=\"2113\">\n<p class=\"\" data-start=\"2086\" data-end=\"2113\">Lumi\u00e8res RGB contr\u00f4l\u00e9es par la musique<\/p>\n<\/li>\n<li class=\"\" data-start=\"2114\" data-end=\"2136\">\n<p class=\"\" data-start=\"2116\" data-end=\"2136\">160 pi\u00e8ces par carton<\/p>\n<\/li>\n<li class=\"\" data-start=\"2137\" data-end=\"2161\">\n<p class=\"\" data-start=\"2139\" data-end=\"2161\">Poids du carton : 20,5 kg<\/p>\n<\/li>\n<li class=\"\" data-start=\"2162\" data-end=\"2198\">\n<p class=\"\" data-start=\"2164\" data-end=\"2198\">Taille du carton : 41,2 \u00d7 33,2 \u00d7 32,5 cm<\/p>\n<\/li>\n<\/ul>\n<h2 data-start=\"1451\" data-end=\"1843\"><strong data-start=\"1850\" data-end=\"1911\">RandM Tornado 9000 Pro Puffs<\/strong><\/h2>\n<p class=\"\" data-start=\"2205\" data-end=\"2536\"><strong data-start=\"2205\" data-end=\"2256\">Description du go\u00fbt - Framboise Past\u00e8que :<\/strong><br data-start=\"2256\" data-end=\"2259\" \/><strong data-start=\"2259\" data-end=\"2284\">Framboise Past\u00e8que<\/strong> offre une exp\u00e9rience de vapotage \u00e0 la fois fruit\u00e9e, sucr\u00e9e et rafra\u00eechissante. L'association de la past\u00e8que juteuse et de la framboise p\u00e9tillante fait de chaque bouff\u00e9e un moment de plaisir intense et estival - parfait pour tous ceux qui aiment les notes fruit\u00e9es vives.<\/p>\n<p class=\"\" data-start=\"2538\" data-end=\"2675\">Avec le RandM Tornado 9000 Pro Puffs et son go\u00fbt de framboise et de past\u00e8que, chaque session ressemble \u00e0 un court et doux trip estival.<\/p>","protected":false},"excerpt":{"rendered":"<p><strong>RandM Tornado 9000 Pro Puffs<\/strong> au go\u00fbt de framboise et de past\u00e8que, batterie de 600 mAh, charge de type C, coil maill\u00e9 et lumi\u00e8re RGB pour une exp\u00e9rience de vapotage fruit\u00e9e et durable.<\/p>","protected":false},"featured_media":9625,"comment_status":"open","ping_status":"closed","template":"","meta":[],"product_brand":[],"product_cat":[18],"product_tag":[84,96],"class_list":{"0":"post-9561","1":"product","2":"type-product","3":"status-publish","4":"has-post-thumbnail","6":"product_cat-randm-fumot-einweg-vape","7":"product_tag-fumot-9000-puffs","8":"product_tag-nicotine-free-vape","10":"first","11":"outofstock","12":"shipping-taxable","13":"purchasable","14":"product-type-variable"},"_links":{"self":[{"href":"https:\/\/fumot-vaping.de\/fr\/wp-json\/wp\/v2\/product\/9561","targetHints":{"allow":["GET"]}}],"collection":[{"href":"https:\/\/fumot-vaping.de\/fr\/wp-json\/wp\/v2\/product"}],"about":[{"href":"https:\/\/fumot-vaping.de\/fr\/wp-json\/wp\/v2\/types\/product"}],"replies":[{"embeddable":true,"href":"https:\/\/fumot-vaping.de\/fr\/wp-json\/wp\/v2\/comments?post=9561"}],"version-history":[{"count":4,"href":"https:\/\/fumot-vaping.de\/fr\/wp-json\/wp\/v2\/product\/9561\/revisions"}],"predecessor-version":[{"id":15177,"href":"https:\/\/fumot-vaping.de\/fr\/wp-json\/wp\/v2\/product\/9561\/revisions\/15177"}],"wp:featuredmedia":[{"embeddable":true,"href":"https:\/\/fumot-vaping.de\/fr\/wp-json\/wp\/v2\/media\/9625"}],"wp:attachment":[{"href":"https:\/\/fumot-vaping.de\/fr\/wp-json\/wp\/v2\/media?parent=9561"}],"wp:term":[{"taxonomy":"product_brand","embeddable":true,"href":"https:\/\/fumot-vaping.de\/fr\/wp-json\/wp\/v2\/product_brand?post=9561"},{"taxonomy":"product_cat","embeddable":true,"href":"https:\/\/fumot-vaping.de\/fr\/wp-json\/wp\/v2\/product_cat?post=9561"},{"taxonomy":"product_tag","embeddable":true,"href":"https:\/\/fumot-vaping.de\/fr\/wp-json\/wp\/v2\/product_tag?post=9561"}],"curies":[{"name":"wp","href":"https:\/\/api.w.org\/{rel}","templated":true}]}}