{"id":9473,"date":"2025-05-24T03:36:24","date_gmt":"2025-05-24T03:36:24","guid":{"rendered":"https:\/\/fumot-vaping.de\/?post_type=product&#038;p=9473"},"modified":"2025-10-11T07:44:21","modified_gmt":"2025-10-11T07:44:21","slug":"randm-fumot-tornado-30k-puffs-musicaux","status":"publish","type":"product","link":"https:\/\/fumot-vaping.de\/fr\/product\/randm-fumot-tornado-30k-puffs-musicaux\/","title":{"rendered":"RandM Fumot Tornado 30K Music Puffs Vaporisateur jetable saveur Cherry Cola"},"content":{"rendered":"<h2 data-start=\"108\" data-end=\"190\">RandM Fumot Tornado 30K Music Puffs Vaporisateur jetable saveur Cherry Cola<\/h2>\n<p class=\"\" data-start=\"256\" data-end=\"577\">Le site <strong data-start=\"260\" data-end=\"311\">RandM Fumot Tornado 30K Music Puffs Vaporisateur jetable<\/strong> est parfait pour les vapoteurs qui recherchent la puissance, un go\u00fbt exceptionnel et une touche visuelle en un seul appareil. Avec <strong data-start=\"434\" data-end=\"457\">jusqu'\u00e0 30.000 trains<\/strong> cette vape offre une dur\u00e9e d'utilisation extr\u00eamement longue - ou, plus pr\u00e9cis\u00e9ment, une exp\u00e9rience de vapotage qui ne conna\u00eet presque pas de fin.<\/p>\n<p class=\"\" data-start=\"579\" data-end=\"807\">Propuls\u00e9 par un <strong data-start=\"601\" data-end=\"617\">batterie de 600 mAh<\/strong> le Tornado fournit une performance r\u00e9guli\u00e8re et fiable. Gr\u00e2ce \u00e0 la <strong data-start=\"689\" data-end=\"712\">Charge rapide de type C<\/strong> les temps d'arr\u00eat sont minimes - je me suis soudain souvenu \u00e0 quel point les temps de chargement pr\u00e9c\u00e9dents \u00e9taient p\u00e9nibles !<\/p>\n<p class=\"\" data-start=\"809\" data-end=\"1041\">Un point fort particulier est la <strong data-start=\"842\" data-end=\"872\">\u00e9clairage RGB dynamique<\/strong>La technologie de la vapeur se synchronise parfaitement avec votre musique et transforme chaque session de vapotage en un mini-spectacle color\u00e9. Franchement, on a l'impression de faire la f\u00eate et de vaper en m\u00eame temps !<\/p>\n<p class=\"\" data-start=\"1043\" data-end=\"1338\">Pr\u00e9-rempli avec <strong data-start=\"1058\" data-end=\"1094\">30 go\u00fbts d\u00e9licieux<\/strong> et disponible avec <strong data-start=\"1114\" data-end=\"1148\">0 %, 2 %, 3 % ou 5 % Nicotine<\/strong>Cet appareil s'adapte individuellement aux diff\u00e9rentes pr\u00e9f\u00e9rences. Le site <strong data-start=\"1220\" data-end=\"1239\">Bobine maill\u00e9e de 1,0 \u03a9<\/strong> assure une vapeur douce et intense et une exp\u00e9rience gustative authentique \u00e0 chaque bouff\u00e9e.<\/p>\n<p class=\"\" data-start=\"1340\" data-end=\"1722\">Parmi les nombreuses options, le go\u00fbt se distingue <strong data-start=\"1387\" data-end=\"1402\">Cola cerise<\/strong> se distingue particuli\u00e8rement. Il combine le caract\u00e8re p\u00e9tillant du cola classique avec la note sucr\u00e9e et l\u00e9g\u00e8rement acidul\u00e9e des cerises m\u00fbres. Chaque bouff\u00e9e donne l'impression d'une gorg\u00e9e glac\u00e9e de cola \u00e0 la cerise par une chaude journ\u00e9e d'\u00e9t\u00e9 - ou plut\u00f4t d'un petit voyage nostalgique dans le temps, \u00e0 l'\u00e9poque des soda-shops.<\/p>\n<h2 data-start=\"1729\" data-end=\"1797\"><strong data-start=\"1729\" data-end=\"1797\">RandM Fumot Tornado 30K Music Puffs Vaporisateur jetable - Caract\u00e9ristiques :<\/strong><\/h2>\n<ul data-start=\"1798\" data-end=\"2118\">\n<li class=\"\" data-start=\"1798\" data-end=\"1818\">\n<p class=\"\" data-start=\"1800\" data-end=\"1818\">Jusqu'\u00e0 30.000 trains<\/p>\n<\/li>\n<li class=\"\" data-start=\"1819\" data-end=\"1851\">\n<p class=\"\" data-start=\"1821\" data-end=\"1851\">batterie rechargeable de 600 mAh<\/p>\n<\/li>\n<li class=\"\" data-start=\"1852\" data-end=\"1875\">\n<p class=\"\" data-start=\"1854\" data-end=\"1875\">Charge rapide de type C<\/p>\n<\/li>\n<li class=\"\" data-start=\"1876\" data-end=\"1932\">\n<p class=\"\" data-start=\"1878\" data-end=\"1932\">Bobine maill\u00e9e de 1,0 \u03a9 pour une vapeur dense et un ar\u00f4me intense<\/p>\n<\/li>\n<li class=\"\" data-start=\"1933\" data-end=\"1980\">\n<p class=\"\" data-start=\"1935\" data-end=\"1980\">30 parfums, dont Cherry Cola<\/p>\n<\/li>\n<li class=\"\" data-start=\"1981\" data-end=\"2033\">\n<p class=\"\" data-start=\"1983\" data-end=\"2033\">Lumi\u00e8res RGB dynamiques qui bougent avec la musique<\/p>\n<\/li>\n<li class=\"\" data-start=\"2034\" data-end=\"2056\">\n<p class=\"\" data-start=\"2036\" data-end=\"2056\">160 pi\u00e8ces par carton<\/p>\n<\/li>\n<li class=\"\" data-start=\"2057\" data-end=\"2081\">\n<p class=\"\" data-start=\"2059\" data-end=\"2081\">Poids du carton : 20,5 kg<\/p>\n<\/li>\n<li class=\"\" data-start=\"2082\" data-end=\"2118\">\n<p class=\"\" data-start=\"2084\" data-end=\"2118\">Taille du carton : 41,2 \u00d7 33,2 \u00d7 32,5 cm<\/p>\n<\/li>\n<\/ul>\n<h2 data-start=\"1729\" data-end=\"1797\"><strong data-start=\"1729\" data-end=\"1797\">RandM Fumot Tornado 30K Music Puffs<\/strong><\/h2>\n<p class=\"\" data-start=\"2125\" data-end=\"2412\"><strong data-start=\"2125\" data-end=\"2166\">Description du go\u00fbt - Cherry Cola :<\/strong><br data-start=\"2166\" data-end=\"2169\" \/><strong data-start=\"2169\" data-end=\"2184\">Cola cerise<\/strong> associe l'ar\u00f4me p\u00e9tillant du cola classique \u00e0 la fra\u00eecheur sucr\u00e9e des cerises m\u00fbres. Chaque bouff\u00e9e offre une exp\u00e9rience de vapeur vivante et p\u00e9tillante - parfaite pour tous ceux qui aiment le go\u00fbt fruit\u00e9 d'une boisson gazeuse glac\u00e9e.<\/p>\n<p class=\"\" data-start=\"2414\" data-end=\"2556\">Avec les bouff\u00e9es musicales RandM Fumot Tornado 30K et le go\u00fbt Cherry Cola, chaque bouff\u00e9e devient un moment de plaisir rafra\u00eechissant et plein de nostalgie.<\/p>","protected":false},"excerpt":{"rendered":"<p><strong>RandM Fumot Tornado 30K Music Puffs<\/strong> Vapo jetable au go\u00fbt Cherry Cola, batterie de 600 mAh, coil maill\u00e9, charge rapide de type C et lumi\u00e8re RGB pour une exp\u00e9rience de vapotage p\u00e9tillante, douce et rafra\u00eechissante.<\/p>","protected":false},"featured_media":9508,"comment_status":"open","ping_status":"closed","template":"","meta":[],"product_brand":[],"product_cat":[18],"product_tag":[],"class_list":{"0":"post-9473","1":"product","2":"type-product","3":"status-publish","4":"has-post-thumbnail","6":"product_cat-randm-fumot-einweg-vape","8":"first","9":"outofstock","10":"shipping-taxable","11":"purchasable","12":"product-type-variable"},"_links":{"self":[{"href":"https:\/\/fumot-vaping.de\/fr\/wp-json\/wp\/v2\/product\/9473","targetHints":{"allow":["GET"]}}],"collection":[{"href":"https:\/\/fumot-vaping.de\/fr\/wp-json\/wp\/v2\/product"}],"about":[{"href":"https:\/\/fumot-vaping.de\/fr\/wp-json\/wp\/v2\/types\/product"}],"replies":[{"embeddable":true,"href":"https:\/\/fumot-vaping.de\/fr\/wp-json\/wp\/v2\/comments?post=9473"}],"version-history":[{"count":4,"href":"https:\/\/fumot-vaping.de\/fr\/wp-json\/wp\/v2\/product\/9473\/revisions"}],"predecessor-version":[{"id":15188,"href":"https:\/\/fumot-vaping.de\/fr\/wp-json\/wp\/v2\/product\/9473\/revisions\/15188"}],"wp:featuredmedia":[{"embeddable":true,"href":"https:\/\/fumot-vaping.de\/fr\/wp-json\/wp\/v2\/media\/9508"}],"wp:attachment":[{"href":"https:\/\/fumot-vaping.de\/fr\/wp-json\/wp\/v2\/media?parent=9473"}],"wp:term":[{"taxonomy":"product_brand","embeddable":true,"href":"https:\/\/fumot-vaping.de\/fr\/wp-json\/wp\/v2\/product_brand?post=9473"},{"taxonomy":"product_cat","embeddable":true,"href":"https:\/\/fumot-vaping.de\/fr\/wp-json\/wp\/v2\/product_cat?post=9473"},{"taxonomy":"product_tag","embeddable":true,"href":"https:\/\/fumot-vaping.de\/fr\/wp-json\/wp\/v2\/product_tag?post=9473"}],"curies":[{"name":"wp","href":"https:\/\/api.w.org\/{rel}","templated":true}]}}