{"id":9425,"date":"2025-05-24T03:37:04","date_gmt":"2025-05-24T03:37:04","guid":{"rendered":"https:\/\/fumot-vaping.de\/?post_type=product&#038;p=9425"},"modified":"2025-10-11T07:43:32","modified_gmt":"2025-10-11T07:43:32","slug":"randm-fumot-tornado-30k-music-puffs-jetable-vape","status":"publish","type":"product","link":"https:\/\/fumot-vaping.de\/fr\/product\/randm-fumot-tornado-30k-music-puffs-jetable-vape\/","title":{"rendered":"RandM Fumot Tornado 30K Music Puffs Vaporisateur jetable Mixed Berries go\u00fbt"},"content":{"rendered":"<h2 data-start=\"89\" data-end=\"173\">RandM Fumot Tornado 30K Music Puffs Vaporisateur jetable Mixed Berries go\u00fbt<\/h2>\n<p class=\"\" data-start=\"239\" data-end=\"572\">Le site <strong data-start=\"243\" data-end=\"294\">RandM Fumot Tornado 30K Music Puffs Vaporisateur jetable<\/strong> s'adresse aux vapoteurs qui ne recherchent pas seulement la performance, mais aussi une exp\u00e9rience de vapotage particuli\u00e8rement durable et intense. Avec <strong data-start=\"423\" data-end=\"446\">jusqu'\u00e0 30.000 trains<\/strong> cet appareil garantit un plaisir prolong\u00e9 - ou plut\u00f4t un voyage presque sans fin \u00e0 travers des nuages aromatiques.<\/p>\n<p class=\"\" data-start=\"574\" data-end=\"856\">Propuls\u00e9 par un <strong data-start=\"596\" data-end=\"612\">batterie de 600 mAh<\/strong> le Tornado fournit une performance r\u00e9guli\u00e8re et fiable. Le site <strong data-start=\"682\" data-end=\"716\">technologie de chargement rapide de type C<\/strong> vous permet d'\u00eatre pr\u00eat \u00e0 red\u00e9marrer en un clin d'\u0153il - je me suis soudain souvenu de la lenteur de chargement des appareils pr\u00e9c\u00e9dents !<\/p>\n<p class=\"\" data-start=\"858\" data-end=\"1036\">Un v\u00e9ritable point fort est la <strong data-start=\"887\" data-end=\"917\">\u00e9clairage RGB dynamique<\/strong>La lampe de poche est une lampe \u00e0 vapeur qui change au rythme de votre musique et transforme chaque session de vapotage en un petit \u00e9v\u00e9nement. Plut\u00f4t ing\u00e9nieux, non ?<\/p>\n<p class=\"\" data-start=\"1038\" data-end=\"1317\">Rempli de <strong data-start=\"1050\" data-end=\"1089\">30 saveurs passionnantes<\/strong> et disponible avec <strong data-start=\"1108\" data-end=\"1142\">0 %, 2 %, 3 % ou 5 % Nicotine<\/strong>Cet appareil s'adapte de mani\u00e8re flexible \u00e0 diff\u00e9rents styles de vapeur. Le site <strong data-start=\"1212\" data-end=\"1231\">Bobine maill\u00e9e de 1,0 \u03a9<\/strong> assure un d\u00e9veloppement doux de la vapeur et un go\u00fbt intense - \u00e0 chaque bouff\u00e9e.<\/p>\n<p class=\"\" data-start=\"1319\" data-end=\"1699\">Parmi les nombreuses options de go\u00fbt, le <strong data-start=\"1381\" data-end=\"1398\">M\u00e9lange de baies<\/strong> le go\u00fbt de la fraise. Ici, la douceur juteuse des fraises, la fra\u00eecheur p\u00e9tillante des myrtilles et la douceur aromatique des framboises se fondent en une exp\u00e9rience gustative parfaitement \u00e9quilibr\u00e9e. Ou plus exactement : chaque bouff\u00e9e donne l'impression de se promener dans un verger de baies inond\u00e9 de soleil.<\/p>\n<h2 data-start=\"1706\" data-end=\"1774\"><strong data-start=\"1706\" data-end=\"1774\">RandM Fumot Tornado 30K Music Puffs Vaporisateur jetable - Caract\u00e9ristiques :<\/strong><\/h2>\n<ul data-start=\"1775\" data-end=\"2114\">\n<li class=\"\" data-start=\"1775\" data-end=\"1795\">\n<p class=\"\" data-start=\"1777\" data-end=\"1795\">Jusqu'\u00e0 30.000 trains<\/p>\n<\/li>\n<li class=\"\" data-start=\"1796\" data-end=\"1828\">\n<p class=\"\" data-start=\"1798\" data-end=\"1828\">batterie rechargeable de 600 mAh<\/p>\n<\/li>\n<li class=\"\" data-start=\"1829\" data-end=\"1852\">\n<p class=\"\" data-start=\"1831\" data-end=\"1852\">Charge rapide de type C<\/p>\n<\/li>\n<li class=\"\" data-start=\"1853\" data-end=\"1908\">\n<p class=\"\" data-start=\"1855\" data-end=\"1908\">Bobine maill\u00e9e de 1,0 \u03a9 pour une vapeur pleine et un ar\u00f4me intense<\/p>\n<\/li>\n<li class=\"\" data-start=\"1909\" data-end=\"1969\">\n<p class=\"\" data-start=\"1911\" data-end=\"1969\">30 parfums disponibles, dont Mixed Berries<\/p>\n<\/li>\n<li class=\"\" data-start=\"1970\" data-end=\"2029\">\n<p class=\"\" data-start=\"1972\" data-end=\"2029\">Les lumi\u00e8res RVB dynamiques se synchronisent avec la musique<\/p>\n<\/li>\n<li class=\"\" data-start=\"2030\" data-end=\"2052\">\n<p class=\"\" data-start=\"2032\" data-end=\"2052\">160 pi\u00e8ces par carton<\/p>\n<\/li>\n<li class=\"\" data-start=\"2053\" data-end=\"2077\">\n<p class=\"\" data-start=\"2055\" data-end=\"2077\">Poids du carton : 20,5 kg<\/p>\n<\/li>\n<li class=\"\" data-start=\"2078\" data-end=\"2114\">\n<p class=\"\" data-start=\"2080\" data-end=\"2114\">Taille du carton : 41,2 \u00d7 33,2 \u00d7 32,5 cm<\/p>\n<\/li>\n<\/ul>\n<h2 data-start=\"1706\" data-end=\"1774\"><strong data-start=\"1706\" data-end=\"1774\">RandM Fumot Tornado 30K Music Puffs<\/strong><\/h2>\n<p class=\"\" data-start=\"2121\" data-end=\"2444\"><strong data-start=\"2121\" data-end=\"2164\">\u00a0Description du go\u00fbt - Mixed Berries :<\/strong><\/p>\n<p class=\"\" data-start=\"2121\" data-end=\"2444\"><strong data-start=\"2167\" data-end=\"2184\">M\u00e9lange de baies<\/strong> combine le go\u00fbt sucr\u00e9 des fraises m\u00fbres avec l'acidit\u00e9 fra\u00eeche des myrtilles et la douceur subtile des framboises. Chaque bouff\u00e9e lib\u00e8re un ar\u00f4me vif et fruit\u00e9 - parfait pour tous ceux qui aiment la fra\u00eecheur estivale des baies lorsqu'ils vapotent.<\/p>\n<p class=\"\" data-start=\"2446\" data-end=\"2604\">Avec les bouff\u00e9es musicales RandM Fumot Tornado 30K et le go\u00fbt Mixed Berries, chaque bouff\u00e9e donne l'impression de se promener dans un champ de baies gorg\u00e9 de soleil.<\/p>","protected":false},"excerpt":{"rendered":"<p><strong>RandM Fumot Tornado 30K Music Puffs Vaporisateur jetable<\/strong> avec go\u00fbt Mixed Berries, batterie de 600 mAh, coil mesh, charge de type C et lumi\u00e8re RGB - pour une exp\u00e9rience de vapotage fruit\u00e9e, intense et durable.<\/p>","protected":false},"featured_media":9471,"comment_status":"open","ping_status":"closed","template":"","meta":[],"product_brand":[],"product_cat":[18],"product_tag":[],"class_list":{"0":"post-9425","1":"product","2":"type-product","3":"status-publish","4":"has-post-thumbnail","6":"product_cat-randm-fumot-einweg-vape","8":"first","9":"outofstock","10":"shipping-taxable","11":"purchasable","12":"product-type-variable"},"_links":{"self":[{"href":"https:\/\/fumot-vaping.de\/fr\/wp-json\/wp\/v2\/product\/9425","targetHints":{"allow":["GET"]}}],"collection":[{"href":"https:\/\/fumot-vaping.de\/fr\/wp-json\/wp\/v2\/product"}],"about":[{"href":"https:\/\/fumot-vaping.de\/fr\/wp-json\/wp\/v2\/types\/product"}],"replies":[{"embeddable":true,"href":"https:\/\/fumot-vaping.de\/fr\/wp-json\/wp\/v2\/comments?post=9425"}],"version-history":[{"count":3,"href":"https:\/\/fumot-vaping.de\/fr\/wp-json\/wp\/v2\/product\/9425\/revisions"}],"predecessor-version":[{"id":15189,"href":"https:\/\/fumot-vaping.de\/fr\/wp-json\/wp\/v2\/product\/9425\/revisions\/15189"}],"wp:featuredmedia":[{"embeddable":true,"href":"https:\/\/fumot-vaping.de\/fr\/wp-json\/wp\/v2\/media\/9471"}],"wp:attachment":[{"href":"https:\/\/fumot-vaping.de\/fr\/wp-json\/wp\/v2\/media?parent=9425"}],"wp:term":[{"taxonomy":"product_brand","embeddable":true,"href":"https:\/\/fumot-vaping.de\/fr\/wp-json\/wp\/v2\/product_brand?post=9425"},{"taxonomy":"product_cat","embeddable":true,"href":"https:\/\/fumot-vaping.de\/fr\/wp-json\/wp\/v2\/product_cat?post=9425"},{"taxonomy":"product_tag","embeddable":true,"href":"https:\/\/fumot-vaping.de\/fr\/wp-json\/wp\/v2\/product_tag?post=9425"}],"curies":[{"name":"wp","href":"https:\/\/api.w.org\/{rel}","templated":true}]}}