{"id":9130,"date":"2025-05-22T07:53:13","date_gmt":"2025-05-22T07:53:13","guid":{"rendered":"https:\/\/fumot-vaping.de\/?post_type=product&#038;p=9130"},"modified":"2025-05-22T07:53:14","modified_gmt":"2025-05-22T07:53:14","slug":"randm-fumot-digital-box-12000-zuege","status":"publish","type":"product","link":"https:\/\/fumot-vaping.de\/fr\/product\/randm-fumot-digital-box-12000-zuege\/","title":{"rendered":"RandM Fumot Digital Box 12000 bouff\u00e9es Vaporisateur jetable avec ,myrtille et framboise"},"content":{"rendered":"<h2><strong>RandM Fumot Digital Box 12000 bouff\u00e9es Vaporisateur jetable avec ,myrtille et framboise<\/strong><\/h2>\n<p>Le site <strong>RandM Fumot Digital Box Vape jetable avec 12000 bouff\u00e9es<\/strong> est con\u00e7ue pour les vapoteurs qui souhaitent un appareil performant, aromatique et durable. Avec jusqu'\u00e0 12000 bouff\u00e9es, cette e-cigarette garantit un plaisir durable - ou plut\u00f4t une exp\u00e9rience de vapotage fiable qui vaut son pesant d'or. <strong>fumot 12k<\/strong> \u00a0Le go\u00fbt ne se perd pas avec le temps.<\/p>\n<p><strong>fumot digital box 12000<\/strong> \u00c9quip\u00e9e d'une batterie de 550 mAh, la RandM Fumot offre des performances stables et efficaces pour des sessions fluides et satisfaisantes.<strong>fumot 12k<\/strong>\u00a0 Gr\u00e2ce \u00e0 la fonction de charge rapide via le type C, vous n'aurez plus jamais \u00e0 attendre longtemps pour retrouver votre saveur pr\u00e9f\u00e9r\u00e9e - comme quoi une charge rapide en pleine session est importante !<\/p>\n<p><strong>fumot digital box 12000 <\/strong>Pr\u00e9-rempli avec 20 ml de liquide premium et disponible dans les taux de nicotine 0 %, 2 %, 3 % et 5 %, cet appareil r\u00e9pond aux pr\u00e9f\u00e9rences vari\u00e9es de tous les <strong>fumot 12k<\/strong> vapoteurs. Le coil en maille de 0,8 \u03a9 renforce la pleine saveur et la production de vapeur et assure des bouff\u00e9es douces et aromatiques constantes.<\/p>\n<p><strong>fumot digital box 12000<\/strong> Parmi les 49 saveurs irr\u00e9sistibles, \"Mixed Berries\" se distingue par sa complexit\u00e9 vivante. <strong>fumot 12k<\/strong> Ce go\u00fbt combine magistralement les notes sucr\u00e9es, acidul\u00e9es et juteuses de diff\u00e9rentes baies - une v\u00e9ritable ivresse gustative \u00e0 chaque bouff\u00e9e. Plus pr\u00e9cis\u00e9ment, c'est comme une promenade dans un jardin de baies par un matin frais, o\u00f9 chaque bouff\u00e9e offre une surprise fruit\u00e9e l\u00e9g\u00e8rement diff\u00e9rente : tant\u00f4t une note de fraise, tant\u00f4t un soup\u00e7on de framboise ou de myrtille. Rafra\u00eechissant, complexe et jamais ennuyeux.<\/p>\n<h2><strong>RandM Fumot Digital Box Vaporisateur jetable pour 12.000 bouff\u00e9es - Caract\u00e9ristiques :<\/strong><\/h2>\n<p>Jusqu'\u00e0 12.000 trains<\/p>\n<p>Batterie de 550 mAh<\/p>\n<p>Fonction de charge rapide de type C<\/p>\n<p>0,8 \u03a9 Mesh Coil pour un go\u00fbt doux et intense<\/p>\n<p>20 ml de liquide premium pr\u00e9-rempli<\/p>\n<p>Taux de nicotine : 0 %, 2 %, 3 %, 5 %<\/p>\n<p>49 parfums, dont un m\u00e9lange de baies<\/p>\n<p>200 pi\u00e8ces par carton<\/p>\n<p>Poids du carton : 18 kg<\/p>\n<p>Taille du carton : 69,1 \u00d7 32 \u00d7 23,8 cm<\/p>\n<h2><strong>RandM Fumot Digital Box 12000 trains<\/strong><\/h2>\n<p><strong>fumot digital box 12000\u00a0<\/strong>Description du go\u00fbt : Le m\u00e9lange de baies offre une fusion dynamique de saveurs de baies douces et p\u00e9tillantes.<strong>fumot 12k<\/strong>\u00a0 \u00c0 chaque bouff\u00e9e, vous d\u00e9couvrez le go\u00fbt rafra\u00eechissant d'un riche m\u00e9lange de baies - parfaitement \u00e9quilibr\u00e9 entre l'acidit\u00e9 et la douceur - id\u00e9al pour tous ceux qui aiment les ar\u00f4mes fruit\u00e9s.<\/p>\n<p>Avec la <strong>RandM Fumot Digital Box 12000<\/strong>Avec les deux premi\u00e8res bouff\u00e9es et le go\u00fbt Mixed Berries, vous ne vous contentez pas de vaper - vous savourez \u00e0 chaque bouff\u00e9e. <strong>fumot 12k<\/strong> Une v\u00e9ritable explosion de baies lors de la 2e section.<\/p>","protected":false},"excerpt":{"rendered":"<p><strong>RandM Fumot Digital Box 12000 trains<\/strong> au go\u00fbt de baies m\u00e9lang\u00e9es, 20 ml d'e-liquide, coil en maille, batterie de 550 mAh et chargement rapide de type C pour une saveur fruit\u00e9e et douce. <strong>fumot 12k<\/strong> Exp\u00e9rience de la vapeur.<\/p>","protected":false},"featured_media":9137,"comment_status":"open","ping_status":"closed","template":"","meta":[],"product_brand":[],"product_cat":[18,101],"product_tag":[85,96],"class_list":{"0":"post-9130","1":"product","2":"type-product","3":"status-publish","4":"has-post-thumbnail","6":"product_cat-randm-fumot-einweg-vape","7":"product_cat-randm-fumot-12000","8":"product_tag-fumot-12000-puffs","9":"product_tag-nicotine-free-vape","11":"first","12":"instock","13":"shipping-taxable","14":"purchasable","15":"product-type-variable"},"_links":{"self":[{"href":"https:\/\/fumot-vaping.de\/fr\/wp-json\/wp\/v2\/product\/9130","targetHints":{"allow":["GET"]}}],"collection":[{"href":"https:\/\/fumot-vaping.de\/fr\/wp-json\/wp\/v2\/product"}],"about":[{"href":"https:\/\/fumot-vaping.de\/fr\/wp-json\/wp\/v2\/types\/product"}],"replies":[{"embeddable":true,"href":"https:\/\/fumot-vaping.de\/fr\/wp-json\/wp\/v2\/comments?post=9130"}],"version-history":[{"count":4,"href":"https:\/\/fumot-vaping.de\/fr\/wp-json\/wp\/v2\/product\/9130\/revisions"}],"predecessor-version":[{"id":15184,"href":"https:\/\/fumot-vaping.de\/fr\/wp-json\/wp\/v2\/product\/9130\/revisions\/15184"}],"wp:featuredmedia":[{"embeddable":true,"href":"https:\/\/fumot-vaping.de\/fr\/wp-json\/wp\/v2\/media\/9137"}],"wp:attachment":[{"href":"https:\/\/fumot-vaping.de\/fr\/wp-json\/wp\/v2\/media?parent=9130"}],"wp:term":[{"taxonomy":"product_brand","embeddable":true,"href":"https:\/\/fumot-vaping.de\/fr\/wp-json\/wp\/v2\/product_brand?post=9130"},{"taxonomy":"product_cat","embeddable":true,"href":"https:\/\/fumot-vaping.de\/fr\/wp-json\/wp\/v2\/product_cat?post=9130"},{"taxonomy":"product_tag","embeddable":true,"href":"https:\/\/fumot-vaping.de\/fr\/wp-json\/wp\/v2\/product_tag?post=9130"}],"curies":[{"name":"wp","href":"https:\/\/api.w.org\/{rel}","templated":true}]}}