{"id":9060,"date":"2025-04-26T07:12:56","date_gmt":"2025-04-26T07:12:56","guid":{"rendered":"https:\/\/fumot-vaping.de\/?post_type=product&#038;p=9060"},"modified":"2025-04-30T13:44:48","modified_gmt":"2025-04-30T13:44:48","slug":"randm-fumot-digital-box-12000-vapezuege","status":"publish","type":"product","link":"https:\/\/fumot-vaping.de\/fr\/product\/randm-fumot-digital-box-12000-vapezuege\/","title":{"rendered":"RandM Fumot Digital Box 12000 bouff\u00e9es Go\u00fbt de glace au raisin Vape jetable"},"content":{"rendered":"<h2>RandM Fumot Digital Box 12000 bouff\u00e9es Go\u00fbt de glace au raisin Vape jetable<\/h2>\n<p>Le site<strong> RandM Fumot Digital Box 12000 trains<\/strong> a \u00e9t\u00e9 con\u00e7u pour les vapoteurs qui recherchent un appareil alliant performance durable, vapeur aromatique et confort moderne. Avec jusqu'\u00e0 <strong>12 000 trains<\/strong> ce vaporisateur assure une exp\u00e9rience de vapotage durable qui ne dure pas seulement, mais qui convainc durablement.<\/p>\n<p>\u00c9quip\u00e9 d'une batterie de 550 mAh, le RandM Fumot fournit une puissance r\u00e9guli\u00e8re et efficace pour une exp\u00e9rience de vapotage fluide et ininterrompue. Plus pr\u00e9cis\u00e9ment, il assure une diffusion stable du go\u00fbt - ce que tous les vaporisateurs jetables ne peuvent pas pr\u00e9tendre. De plus, gr\u00e2ce au port de charge rapide de type C, le vaporisateur se recharge rapidement - comme c'est important en d\u00e9placement !<\/p>\n<p>Pr\u00e9-rempli avec 20 ml de liquide premium et disponible dans les taux de nicotine 0 %, 2 %, 3 % et 5 %, il s'adapte sans effort aux diff\u00e9rents besoins des utilisateurs. Gr\u00e2ce au coil maill\u00e9 0,8 \u03a9, chaque bouff\u00e9e est pleine, douce et pleine de saveur.<\/p>\n<p>Parmi les 49 saveurs disponibles, Grape Ice est un v\u00e9ritable classique. Elle capture la douceur riche et juteuse du raisin m\u00fbr, parfaitement combin\u00e9e \u00e0 une finale croquante et glac\u00e9e. Chaque bouff\u00e9e allume un soup\u00e7on de saveur fruit\u00e9e de raisin, tandis que l'expiration laisse une fra\u00eecheur rafra\u00eechissante qui r\u00e9sonne agr\u00e9ablement - presque comme un slushie glac\u00e9 au raisin par une chaude journ\u00e9e. Pas trop sucr\u00e9, pas trop glac\u00e9 - juste l'\u00e9quilibre qu'il faut pour en tirer une bouff\u00e9e \u00e0 chaque fois.<\/p>\n<h2>RandM Fumot Digital Box 12000 trains - Caract\u00e9ristiques :<\/h2>\n<p>Jusqu'\u00e0 12.000 trains<\/p>\n<p>Batterie de 550 mAh<\/p>\n<p>0,8 \u03a9 Mesh Coil pour une production de vapeur abondante<\/p>\n<p>20 ml de liquide premium pr\u00e9-rempli<\/p>\n<p>Connecteur de charge rapide de type C<\/p>\n<p>Options de nicotine : 0 %, 2 %, 3 %, 5 %<\/p>\n<p>49 parfums, dont la l\u00e9gendaire glace au raisin<\/p>\n<p>200 pi\u00e8ces par carton<\/p>\n<p>Poids du carton : 18 kg<\/p>\n<p>Taille du carton : 69,1 \u00d7 32 \u00d7 23,8 cm2<\/p>\n<h2>Description de la saveur \"glace au raisin<\/h2>\n<p>\"Glace au raisin\" est le m\u00e9lange parfait entre la douceur juteuse du raisin et une finale fra\u00eeche et rafra\u00eechissante. Le go\u00fbt commence par des notes de raisin puissantes et naturelles et se termine par une fra\u00eecheur glac\u00e9e - rafra\u00eechissante sans pour autant surcharger les sens. Id\u00e9al pour les vapoteurs qui appr\u00e9cient un m\u00e9lange \u00e9quilibr\u00e9 de fruit\u00e9 et de fra\u00eecheur : Grape Ice transforme chaque bouff\u00e9e en une exp\u00e9rience vivante et douce.<\/p>\n<p>Avec la <strong>RandM Fumot Digital Box 12000 trains<\/strong> et le go\u00fbt de Grape Ice, vous obtenez le meilleur des deux mondes.<\/p>","protected":false},"excerpt":{"rendered":"<p>RandM Fumot Digital Box 12000 bouff\u00e9es combine un go\u00fbt succulent de glace au raisin, 20 ml d'e-liquide, une batterie rechargeable de 550 mAh, la technologie Mesh Coil et un chargement rapide de type C pour une exp\u00e9rience de vapotage douce et durable.<\/p>","protected":false},"featured_media":9070,"comment_status":"open","ping_status":"closed","template":"","meta":[],"product_brand":[],"product_cat":[18],"product_tag":[91,85],"class_list":{"0":"post-9060","1":"product","2":"type-product","3":"status-publish","4":"has-post-thumbnail","6":"product_cat-randm-fumot-einweg-vape","7":"product_tag-box-stil-fumot-vape","8":"product_tag-fumot-12000-puffs","10":"first","11":"instock","12":"shipping-taxable","13":"purchasable","14":"product-type-variable"},"_links":{"self":[{"href":"https:\/\/fumot-vaping.de\/fr\/wp-json\/wp\/v2\/product\/9060","targetHints":{"allow":["GET"]}}],"collection":[{"href":"https:\/\/fumot-vaping.de\/fr\/wp-json\/wp\/v2\/product"}],"about":[{"href":"https:\/\/fumot-vaping.de\/fr\/wp-json\/wp\/v2\/types\/product"}],"replies":[{"embeddable":true,"href":"https:\/\/fumot-vaping.de\/fr\/wp-json\/wp\/v2\/comments?post=9060"}],"version-history":[{"count":2,"href":"https:\/\/fumot-vaping.de\/fr\/wp-json\/wp\/v2\/product\/9060\/revisions"}],"predecessor-version":[{"id":14563,"href":"https:\/\/fumot-vaping.de\/fr\/wp-json\/wp\/v2\/product\/9060\/revisions\/14563"}],"wp:featuredmedia":[{"embeddable":true,"href":"https:\/\/fumot-vaping.de\/fr\/wp-json\/wp\/v2\/media\/9070"}],"wp:attachment":[{"href":"https:\/\/fumot-vaping.de\/fr\/wp-json\/wp\/v2\/media?parent=9060"}],"wp:term":[{"taxonomy":"product_brand","embeddable":true,"href":"https:\/\/fumot-vaping.de\/fr\/wp-json\/wp\/v2\/product_brand?post=9060"},{"taxonomy":"product_cat","embeddable":true,"href":"https:\/\/fumot-vaping.de\/fr\/wp-json\/wp\/v2\/product_cat?post=9060"},{"taxonomy":"product_tag","embeddable":true,"href":"https:\/\/fumot-vaping.de\/fr\/wp-json\/wp\/v2\/product_tag?post=9060"}],"curies":[{"name":"wp","href":"https:\/\/api.w.org\/{rel}","templated":true}]}}