{"id":8701,"date":"2025-04-26T02:10:06","date_gmt":"2025-04-26T02:10:06","guid":{"rendered":"https:\/\/fumot-vaping.de\/?post_type=product&#038;p=8701"},"modified":"2025-04-30T13:45:49","modified_gmt":"2025-04-30T13:45:49","slug":"randm-fumot-digital-box-12000-train-3","status":"publish","type":"product","link":"https:\/\/fumot-vaping.de\/fr\/product\/randm-fumot-digital-box-12000-train-3\/","title":{"rendered":"RandM Fumot Digital Box 12000 bouff\u00e9es saveur cerise jetable Vape"},"content":{"rendered":"<h3><strong>Randm Fumot 12000 Digital Box 12000 trains<\/strong> Vape jetable<\/h3>\n<p>Le site <strong>Randm Fumot 12000 Digital Box 12000 trains<\/strong> La Vape jetable a \u00e9t\u00e9 con\u00e7ue pour les vapoteurs qui souhaitent des performances plus longues, un go\u00fbt constant et un d\u00e9bit de vapeur r\u00e9gulier. Avec jusqu'\u00e0 <strong>12000 trains<\/strong>\u00a0elle promet une exp\u00e9rience de vapotage durable qui ne fait pas que durer - elle enthousiasme de la premi\u00e8re \u00e0 la derni\u00e8re bouff\u00e9e.<\/p>\n<p>Avec une batterie de 550 mAh, la Fumot Digital Box offre des performances stables et efficaces. Plus pr\u00e9cis\u00e9ment, elle fournit de la puissance exactement quand vous en avez besoin, sans pannes ni interruptions. Et gr\u00e2ce \u00e0 la fonction de charge rapide de type C, les temps d'arr\u00eat sont quasiment exclus - on se souvient soudain \u00e0 quel point les vapes \u00e0 charge lente \u00e9taient \u00e9nervantes auparavant.<\/p>\n<p>Pr\u00e9-rempli avec 20 ml d'e-liquide premium et disponible dans les taux de nicotine **0 %, 2 %, 3 % et 5 %, cet appareil convient \u00e0 tous les types de vapoteurs, du vapoteur occasionnel au cloud chaser passionn\u00e9. Le coil en maille de 0,8 \u03a9 am\u00e9liore encore la qualit\u00e9 de la vapeur et assure des bouff\u00e9es riches et aromatiques \u00e0 chaque bouff\u00e9e.<\/p>\n<p>Passons maintenant au point fort : le **go\u00fbt de cerise**. Puissant, juteux et avec juste ce qu'il faut de douceur, Cherry donne vie \u00e0 un go\u00fbt de vapeur classique. Il est riche sans \u00eatre envahissant, acidul\u00e9 mais doux - un go\u00fbt qui fait para\u00eetre chaque bouff\u00e9e comme la premi\u00e8re. Pensez \u00e0 des cerises d'un rouge profond - mais plus l\u00e9g\u00e8res, plus pures et nettement plus satisfaisantes.*RandM Fumot<\/p>\n<h2>RandM Fumot Digital Box12000 bouff\u00e9es jetables Vape<br \/>\nPrincipales caract\u00e9ristiques :<\/h2>\n<p>- Nombre de trains : jusqu'\u00e0 12.000<br \/>\n- Batterie : 550 mAh rechargeable (18300 cellules)<br \/>\n- Chargement de la batterie : Charge rapide de type C<br \/>\n- Coil : 0,8 \u03a9 Mesh Coil<br \/>\n- capacit\u00e9 de liquide : 20 ml<br \/>\n- Taux de nicotine : 0 %, 2 %, 3 %, 5 %<br \/>\n- Saveurs : 49 options, dont la cerise riche et fruit\u00e9e<br \/>\n- Contenu du carton : 200 pi\u00e8ces\/carton, 18 kg, taille : 69,1 \u00d7 32 \u00d7 23,8 cm<\/p>\n<h2>RandM Fumot Digital Box12000 bouff\u00e9es saveur phare - cerise :<\/h2>\n<p>La cerise est un go\u00fbt intemporel dans le monde du vapotage, et cette version ne fait pas exception. Elle capture tout le fruit\u00e9 que vous attendez, mais avec une note de fra\u00eecheur - l\u00e9g\u00e8re, croquante et agr\u00e9ablement douce. Que vous aimiez les ar\u00f4mes de fruits ou que vous ayez simplement besoin d'une pause loin du menthol et des desserts, **Cherry offre une exp\u00e9rience de vapotage parfaitement \u00e9quilibr\u00e9e pour toute la journ\u00e9e**, qui vous donnera envie de fumer encore et encore.<\/p>\n<p>Avec la <strong>RandM Fumot Digital Box 12000 trains<\/strong>\u00a0Vape Cherry \u00e0 usage unique, vous ne vapotez pas simplement - vous profitez d'une exp\u00e9rience pleine et puissante.<\/p>","protected":false},"excerpt":{"rendered":"<p>La RandM Fumot Digital Box 12000 bouff\u00e9es pr\u00e9sente un e-liquide de 20mL, une batterie rechargeable de 550mAh, une bobine en maille et un go\u00fbt de cerise prononc\u00e9. Profitez de jusqu'\u00e0 12 000 bouff\u00e9es douces et savoureuses avec un chargement rapide de type C.<\/p>","protected":false},"featured_media":8903,"comment_status":"open","ping_status":"closed","template":"","meta":[],"product_brand":[],"product_cat":[18],"product_tag":[91,85],"class_list":{"0":"post-8701","1":"product","2":"type-product","3":"status-publish","4":"has-post-thumbnail","6":"product_cat-randm-fumot-einweg-vape","7":"product_tag-box-stil-fumot-vape","8":"product_tag-fumot-12000-puffs","10":"first","11":"instock","12":"shipping-taxable","13":"purchasable","14":"product-type-variable"},"_links":{"self":[{"href":"https:\/\/fumot-vaping.de\/fr\/wp-json\/wp\/v2\/product\/8701","targetHints":{"allow":["GET"]}}],"collection":[{"href":"https:\/\/fumot-vaping.de\/fr\/wp-json\/wp\/v2\/product"}],"about":[{"href":"https:\/\/fumot-vaping.de\/fr\/wp-json\/wp\/v2\/types\/product"}],"replies":[{"embeddable":true,"href":"https:\/\/fumot-vaping.de\/fr\/wp-json\/wp\/v2\/comments?post=8701"}],"version-history":[{"count":6,"href":"https:\/\/fumot-vaping.de\/fr\/wp-json\/wp\/v2\/product\/8701\/revisions"}],"predecessor-version":[{"id":14560,"href":"https:\/\/fumot-vaping.de\/fr\/wp-json\/wp\/v2\/product\/8701\/revisions\/14560"}],"wp:featuredmedia":[{"embeddable":true,"href":"https:\/\/fumot-vaping.de\/fr\/wp-json\/wp\/v2\/media\/8903"}],"wp:attachment":[{"href":"https:\/\/fumot-vaping.de\/fr\/wp-json\/wp\/v2\/media?parent=8701"}],"wp:term":[{"taxonomy":"product_brand","embeddable":true,"href":"https:\/\/fumot-vaping.de\/fr\/wp-json\/wp\/v2\/product_brand?post=8701"},{"taxonomy":"product_cat","embeddable":true,"href":"https:\/\/fumot-vaping.de\/fr\/wp-json\/wp\/v2\/product_cat?post=8701"},{"taxonomy":"product_tag","embeddable":true,"href":"https:\/\/fumot-vaping.de\/fr\/wp-json\/wp\/v2\/product_tag?post=8701"}],"curies":[{"name":"wp","href":"https:\/\/api.w.org\/{rel}","templated":true}]}}