{"id":8674,"date":"2025-04-25T12:07:35","date_gmt":"2025-04-25T12:07:35","guid":{"rendered":"https:\/\/fumot-vaping.de\/?post_type=product&#038;p=8674"},"modified":"2025-04-30T13:46:00","modified_gmt":"2025-04-30T13:46:00","slug":"randm-fumot-digital-box-12000-train-2","status":"publish","type":"product","link":"https:\/\/fumot-vaping.de\/fr\/product\/randm-fumot-digital-box-12000-train-2\/","title":{"rendered":"RandM Fumot Digital Box 12000 bouff\u00e9es Cool Mint Go\u00fbt Vape jetable"},"content":{"rendered":"<h2>RandM Fumot Digital Box 12000 trains, go\u00fbt Cool Mint<\/h2>\n<p>Le site <strong>RandM Fumot Digital Box 12000 trains<\/strong> a \u00e9t\u00e9 con\u00e7u pour les vapoteurs qui souhaitent une exp\u00e9rience de vapotage durable et puissante sans compromis sur le go\u00fbt. Avec jusqu'\u00e0 <strong>12 000 trains<\/strong> cet appareil offre une exp\u00e9rience de vapeur prolong\u00e9e - parfait pour ceux qui appr\u00e9cient les bouff\u00e9es douces et rafra\u00eechissantes.<\/p>\n<p>\u00c9quip\u00e9e d'une batterie de 550 mAh, la RandM Fumot assure une performance constante et efficace et un vapotage sans interruption. La fonction de charge rapide de type C garantit une recharge rapide pour que vous puissiez vaper \u00e0 tout moment.<\/p>\n<p>Cet appareil est pr\u00e9-rempli avec 20 ml d'e-liquide premium et offre des taux de nicotine de 0 %, 2 %, 3 % et 5 % pour une exp\u00e9rience de vapotage optimale pour tous les vapoteurs. La technologie Mesh-Coil (0,8 \u03a9) garantit une vapeur douce et aromatique et augmente votre plaisir de vaper.<\/p>\n<p>L'une des saveurs les plus remarquables de la bo\u00eete num\u00e9rique RandM Fumot est **Cool Mint** - une saveur rafra\u00eechissante et vivifiante, avec un \u00e9quilibre parfait entre fra\u00eecheur et fra\u00eecheur. Que vous souhaitiez une bouff\u00e9e propre et fra\u00eeche ou que vous recherchiez simplement un coup de fouet menthol\u00e9, Cool Mint offre une exp\u00e9rience vivifiante \u00e0 chaque bouff\u00e9e.<\/p>\n<h2>RandM Fumot Digital Box 12000 trains<br \/>\nCaract\u00e9ristiques :<\/h2>\n<p>Trains : jusqu'\u00e0 12.000<br \/>\nBatterie de 550 mAh<br \/>\nBobine Mesh (0,8 \u03a9) pour une vapeur douce et homog\u00e8ne<br \/>\nFonction de charge rapide (type C)<br \/>\n20 ml d'e-liquide pr\u00e9-rempli<br \/>\nTaux de nicotine : 0 %, 2 %, 3 %, 5 %<br \/>\n49 parfums disponibles, dont le rafra\u00eechissant Cool Mint<br \/>\n200 pi\u00e8ces par carton<br \/>\nPoids du carton : 18 kg<br \/>\nDimensions du carton : 69,1 x 32 x 23,8 cm<\/p>\n<h2>Description de la saveur Cool Mint :<\/h2>\n<p>Le go\u00fbt Cool Mint offre une exp\u00e9rience de vapotage pure et rafra\u00eechissante, avec une sensation de fra\u00eecheur et de bien-\u00eatre dans la bouche. Avec son go\u00fbt frais de menthe, cette saveur est parfaite pour les vapoteurs qui appr\u00e9cient une sensation de fra\u00eecheur vivifiante \u00e0 chaque bouff\u00e9e. C'est comme une bouff\u00e9e d'air frais pendant que vous vapotez, ce qui en fait le choix id\u00e9al pour ceux qui aiment les ar\u00f4mes menthol\u00e9s ou qui ont besoin d'un coup de frais pour rafra\u00eechir leurs sens.<\/p>\n<p>RandM Fumot Digital Box 12000 bouff\u00e9es au go\u00fbt Cool Menthe offre l'\u00e9quilibre parfait entre la fra\u00eecheur douce et fra\u00eeche de la menthe et une exp\u00e9rience de vapotage de longue dur\u00e9e.<\/p>","protected":false},"excerpt":{"rendered":"<p>RandM Fumot Digital Box 12000 bouff\u00e9es avec un go\u00fbt rafra\u00eechissant de menthe fra\u00eeche, une bobine en maille, une batterie rechargeable de 550mAh et 20mL de e-liquide. Profitez d'une vapeur douce, d'un go\u00fbt menthol\u00e9 croustillant et d'un chargement rapide de type C en un seul appareil.<\/p>","protected":false},"featured_media":8700,"comment_status":"open","ping_status":"closed","template":"","meta":[],"product_brand":[],"product_cat":[18],"product_tag":[91,85],"class_list":{"0":"post-8674","1":"product","2":"type-product","3":"status-publish","4":"has-post-thumbnail","6":"product_cat-randm-fumot-einweg-vape","7":"product_tag-box-stil-fumot-vape","8":"product_tag-fumot-12000-puffs","10":"first","11":"instock","12":"shipping-taxable","13":"purchasable","14":"product-type-variable"},"_links":{"self":[{"href":"https:\/\/fumot-vaping.de\/fr\/wp-json\/wp\/v2\/product\/8674","targetHints":{"allow":["GET"]}}],"collection":[{"href":"https:\/\/fumot-vaping.de\/fr\/wp-json\/wp\/v2\/product"}],"about":[{"href":"https:\/\/fumot-vaping.de\/fr\/wp-json\/wp\/v2\/types\/product"}],"replies":[{"embeddable":true,"href":"https:\/\/fumot-vaping.de\/fr\/wp-json\/wp\/v2\/comments?post=8674"}],"version-history":[{"count":4,"href":"https:\/\/fumot-vaping.de\/fr\/wp-json\/wp\/v2\/product\/8674\/revisions"}],"predecessor-version":[{"id":14558,"href":"https:\/\/fumot-vaping.de\/fr\/wp-json\/wp\/v2\/product\/8674\/revisions\/14558"}],"wp:featuredmedia":[{"embeddable":true,"href":"https:\/\/fumot-vaping.de\/fr\/wp-json\/wp\/v2\/media\/8700"}],"wp:attachment":[{"href":"https:\/\/fumot-vaping.de\/fr\/wp-json\/wp\/v2\/media?parent=8674"}],"wp:term":[{"taxonomy":"product_brand","embeddable":true,"href":"https:\/\/fumot-vaping.de\/fr\/wp-json\/wp\/v2\/product_brand?post=8674"},{"taxonomy":"product_cat","embeddable":true,"href":"https:\/\/fumot-vaping.de\/fr\/wp-json\/wp\/v2\/product_cat?post=8674"},{"taxonomy":"product_tag","embeddable":true,"href":"https:\/\/fumot-vaping.de\/fr\/wp-json\/wp\/v2\/product_tag?post=8674"}],"curies":[{"name":"wp","href":"https:\/\/api.w.org\/{rel}","templated":true}]}}