{"id":8251,"date":"2025-04-25T09:09:58","date_gmt":"2025-04-25T09:09:58","guid":{"rendered":"https:\/\/fumot-vaping.de\/?post_type=product&#038;p=8251"},"modified":"2025-09-15T08:21:46","modified_gmt":"2025-09-15T08:21:46","slug":"randm-tornado-9000-par-rame","status":"publish","type":"product","link":"https:\/\/fumot-vaping.de\/fr\/product\/randm-tornado-9000-par-rame\/","title":{"rendered":"RandM Tornado 9000 Trains Pro Design RGB, rechargeable Vape jetable"},"content":{"rendered":"<h3>RandM Tornado 9000 Trains Pro Design RGB, rechargeable Vape jetable<\/h3>\n<p>Le site <strong>Trains RandM Tornado 9000 Pro<\/strong>\u00a0 La vape jetable a \u00e9t\u00e9 con\u00e7ue pour les vapoteurs qui recherchent une vape jetable puissante et durable aux performances exceptionnelles. Avec jusqu'\u00e0 <strong>9000 trains<\/strong> cet appareil garantit un plaisir durable sans perte de qualit\u00e9.<\/p>\n<p>\u00c9quip\u00e9e d'une batterie int\u00e9gr\u00e9e de 850 mAh, la RandM Tornado fournit une puissance constante et assure un vapotage fluide et sans interruption. La fonction de charge rapide de type C permet une recharge rapide pour que vous puissiez vaper \u00e0 tout moment.<\/p>\n<p>Pr\u00e9-rempli de 18 ml d'e-liquide premium, il offre une exp\u00e9rience nicotinique agr\u00e9able dans les taux de nicotine 0 %, 2 %, 3 % et 5 % - pour des pr\u00e9f\u00e9rences diff\u00e9rentes. Le coil en maille assure une vapeur douce et aromatique \u00e0 chaque bouff\u00e9e, et le design RGB ajoute une touche de style \u00e0 la vapeur, qui s'illumine \u00e0 chaque bouff\u00e9e.<\/p>\n<p>Avec 54 saveurs disponibles, dont des vari\u00e9t\u00e9s populaires telles que myrtille-framboise, fraise-past\u00e8que et bonbons arc-en-ciel, vous \u00eates s\u00fbr de trouver la saveur qui vous convient. Gr\u00e2ce au syst\u00e8me de flux d'air r\u00e9glable, vous pouvez optimiser votre bouff\u00e9e pour une exp\u00e9rience personnalis\u00e9e.<\/p>\n<h2>Trains RandM Tornado 9000 Pro<br \/>\nCaract\u00e9ristiques :<\/h2>\n<p>Trains : jusqu'\u00e0 9000 trains<br \/>\nbatterie de 850 mAh<br \/>\nMesh Coil pour un meilleur go\u00fbt<br \/>\nDesign RGB pour une exp\u00e9rience visuelle de la vapeur<br \/>\nFonction de charge rapide de type C<br \/>\n18 ml d'e-liquide pr\u00e9-rempli<br \/>\nOptions de nicotine : 0 %, 2 %, 3 %, 5 %<br \/>\n54 parfums disponibles<br \/>\n10 pi\u00e8ces par pr\u00e9sentoir<br \/>\n200 pi\u00e8ces par carton<\/p>\n<h2>Trains RandM Tornado 9000 Pro<br \/>\nSaveurs :<\/h2>\n<p>1. myrtille-framboise<br \/>\n2. M. Blue<br \/>\n3. fraise-past\u00e8que<br \/>\n4. limonade \u00e0 l'orange<br \/>\n5. chewing-gum \u00e0 la past\u00e8que<br \/>\n6. bonbon arc-en-ciel<br \/>\n7. limonade rose<br \/>\n8. p\u00eache-mangue-ananas<br \/>\n9. fraise-banane<br \/>\n10. glace Lush<br \/>\n11. glace de dragon noir<br \/>\n12. raisin d'alo\u00e8s<br \/>\n13. Blue Razz Ice<br \/>\n14. kiwi-fruit de la passion-goyave<br \/>\n15. oursons en g\u00e9latine<br \/>\n16. baies m\u00e9lang\u00e9es<br \/>\n17. menthe fra\u00eeche<br \/>\n18. past\u00e8que \u00e0 la framboise<br \/>\n19. limonade \u00e0 la p\u00eache<br \/>\n20. glace \u00e0 la goyave<br \/>\n21. limonade \u00e0 la fraise<br \/>\n22. glace past\u00e8que-brazza<br \/>\n23. pudding \u00e0 la banane<br \/>\n24. p\u00eache-baie<br \/>\n25. cr\u00e8me \u00e0 la fraise<br \/>\n26. bonbon acidul\u00e9<br \/>\n27. citron &amp; lime<br \/>\n28. cerise<br \/>\n29. cerise p\u00e9tillante<br \/>\n30. myrtille-cerise-canneberge<br \/>\n31. vimto<br \/>\n32. Skittles<br \/>\n33. glace noire<br \/>\n34e Raisin<br \/>\n35. Bluelicious Ice<br \/>\n36. glace \u00e0 la fraise<br \/>\n37. Blue Razz Kush<br \/>\n38. glace sur b\u00e2tonnet<br \/>\n39. myrtille-framboise acidul\u00e9e<br \/>\n40. ananas<br \/>\n41. limonade \u00e0 la cerise et \u00e0 la p\u00eache<br \/>\n42. fraise-framboise-cerise<br \/>\n43. triple mangue<br \/>\n44. glace \u00e0 la fraise et \u00e0 la framboise<br \/>\n45. chewing-gum fraise-past\u00e8que<br \/>\n46. fraise-past\u00e8que<br \/>\n47. glace \u00e0 la past\u00e8que<br \/>\n48. glace aux myrtilles<br \/>\n49. Skittle \u00e0 la past\u00e8que<br \/>\n50. cola \u00e0 la cerise<br \/>\n51. cerise-baie<br \/>\n52. glace \u00e0 la p\u00eache d'\u00e9t\u00e9<br \/>\n53. fraise-mangue<br \/>\n54. Pompes \u00e0 la fraise<\/p>\n<p><strong>Les bouff\u00e9es RandM Tornado 9000 Pro Vaporisateur jetable offrent une grande vari\u00e9t\u00e9 de go\u00fbts, des variantes rafra\u00eechissantes comme p\u00eache-mangue-ananas au coup de fouet rafra\u00eechissant de Blue Razz Ice. Cet appareil offre un \u00e9quilibre parfait entre performance, go\u00fbt et style, ce qui en fait un excellent choix pour tous les vapoteurs.<\/strong><\/p>","protected":false},"excerpt":{"rendered":"<p>bouff\u00e9es RandM Tornado 9000 Pro, 54 saveurs, coil maill\u00e9, flux d'air r\u00e9glable et design RGB. Batterie rechargeable de 850 mAh avec fonction de charge de type C pour une exp\u00e9rience de vapotage de premi\u00e8re classe.<\/p>","protected":false},"featured_media":8472,"comment_status":"open","ping_status":"closed","template":"","meta":[],"product_brand":[],"product_cat":[18],"product_tag":[84,90],"class_list":{"0":"post-8251","1":"product","2":"type-product","3":"status-publish","4":"has-post-thumbnail","6":"product_cat-randm-fumot-einweg-vape","7":"product_tag-fumot-9000-puffs","8":"product_tag-fumot-vape-im-pole-stil","10":"first","11":"outofstock","12":"shipping-taxable","13":"purchasable","14":"product-type-variable"},"_links":{"self":[{"href":"https:\/\/fumot-vaping.de\/fr\/wp-json\/wp\/v2\/product\/8251","targetHints":{"allow":["GET"]}}],"collection":[{"href":"https:\/\/fumot-vaping.de\/fr\/wp-json\/wp\/v2\/product"}],"about":[{"href":"https:\/\/fumot-vaping.de\/fr\/wp-json\/wp\/v2\/types\/product"}],"replies":[{"embeddable":true,"href":"https:\/\/fumot-vaping.de\/fr\/wp-json\/wp\/v2\/comments?post=8251"}],"version-history":[{"count":3,"href":"https:\/\/fumot-vaping.de\/fr\/wp-json\/wp\/v2\/product\/8251\/revisions"}],"predecessor-version":[{"id":8673,"href":"https:\/\/fumot-vaping.de\/fr\/wp-json\/wp\/v2\/product\/8251\/revisions\/8673"}],"wp:featuredmedia":[{"embeddable":true,"href":"https:\/\/fumot-vaping.de\/fr\/wp-json\/wp\/v2\/media\/8472"}],"wp:attachment":[{"href":"https:\/\/fumot-vaping.de\/fr\/wp-json\/wp\/v2\/media?parent=8251"}],"wp:term":[{"taxonomy":"product_brand","embeddable":true,"href":"https:\/\/fumot-vaping.de\/fr\/wp-json\/wp\/v2\/product_brand?post=8251"},{"taxonomy":"product_cat","embeddable":true,"href":"https:\/\/fumot-vaping.de\/fr\/wp-json\/wp\/v2\/product_cat?post=8251"},{"taxonomy":"product_tag","embeddable":true,"href":"https:\/\/fumot-vaping.de\/fr\/wp-json\/wp\/v2\/product_tag?post=8251"}],"curies":[{"name":"wp","href":"https:\/\/api.w.org\/{rel}","templated":true}]}}