{"id":7679,"date":"2025-04-25T04:12:49","date_gmt":"2025-04-25T04:12:49","guid":{"rendered":"https:\/\/fumot-vaping.de\/?post_type=product&#038;p=7679"},"modified":"2025-04-30T13:46:57","modified_gmt":"2025-04-30T13:46:57","slug":"randm-fumot-digital-box-12000-zuege-6","status":"publish","type":"product","link":"https:\/\/fumot-vaping.de\/fr\/product\/randm-fumot-digital-box-12000-zuege-6\/","title":{"rendered":"RandM Fumot Digital Box 12000 bouff\u00e9es Mesh Coil Rechargeable Vaporisateur jetable"},"content":{"rendered":"<h3>RandM Fumot Digital Box 12000Bouff\u00e9esMesh Coil Rechargeable Jetable-Vape<\/h3>\n<p>La RandM Fumot Digital Box 12000 bouff\u00e9es Mesh Coil Vaporisateur portable jetable est sp\u00e9cialement con\u00e7u pour les vapoteurs qui recherchent une longue dur\u00e9e de vie et des performances de premi\u00e8re classe. Avec jusqu'\u00e0 <strong>12 000 trains<\/strong> cet appareil offre un plaisir durable sans compromettre la qualit\u00e9.<\/p>\n<p>Avec une batterie rechargeable de 550 mAh, le RandM Fumot fournit une puissance constante pour que tu puisses profiter de ton exp\u00e9rience de vapotage sans interruption. La fonction de charge rapide Type-C te permet d'\u00eatre toujours pr\u00eat \u00e0 l'emploi, sans avoir besoin de charger la batterie pendant longtemps.<\/p>\n<p>Pr\u00e9-rempli avec 20ml d'e-liquide premium et \u00e9quip\u00e9 d'un coil en maille (0,8\u03a9) pour une production de vapeur r\u00e9guli\u00e8re, le Fumot Digital Box assure une exp\u00e9rience gustative intense. Avec un large choix de 49 saveurs et des options de nicotine de 0 %, 2 %, 3 % et 5 % de flexibilit\u00e9, cet appareil est parfait pour tout vapoteur qui appr\u00e9cie \u00e0 la fois la vari\u00e9t\u00e9 et.<\/p>\n<p>Et d'ailleurs, la Fumot Digital Box n'a pas seulement des performances exceptionnelles, mais aussi un style d'emballage pratique. Avec 200 pi\u00e8ces par carton et une manipulation facile, elle est id\u00e9ale pour les commandes en gros ou la vente au d\u00e9tail.<\/p>\n<p>D\u00e9couvre le vapotage ultime avec le <strong>RandM Fumot Digital Box 12000 trains<\/strong> - un appareil qui allie puissance, performance et go\u00fbt.<\/p>\n<h2>RandM Fumot Digital Box 12000 trains<br \/>\nCaract\u00e9ristiques :<\/h2>\n<p>Trains : jusqu'\u00e0 12.000 trains<br \/>\nBatterie de 550 mAh<br \/>\nCoil en maille (0,8 \u03a9) pour une vapeur homog\u00e8ne et un go\u00fbt intense<br \/>\nport de chargement de type C pour un chargement rapide<br \/>\n20ml d'e-liquide pr\u00e9-rempli<br \/>\nOptions de nicotine : 0 %, 2 %, 3 %, 5 %<br \/>\n49 saveurs disponibles<br \/>\n200 pi\u00e8ces par carton Poids du carton : 18 kg<br \/>\nTaille du carton : 69,1 * 32 * 23,8 cm<\/p>\n<h2>RandM Fumot Digital Box 12000 trains<br \/>\nSaveurs :<\/h2>\n<p>1. menthe fra\u00eeche<br \/>\n2. glace \u00e0 la past\u00e8que<br \/>\n3. glace au raisin<br \/>\n4. myrtille-framboise<br \/>\n5. fraise-past\u00e8que<br \/>\n6. banane fraise<br \/>\n7. glace abondante<br \/>\n8. cerise<br \/>\n9. glace \u00e0 la fraise<br \/>\n10. glace sur b\u00e2tonnet<br \/>\n11. limonade rose<br \/>\n12. mangue sur glace<br \/>\n13. baies m\u00e9lang\u00e9es<br \/>\n14. beignet \u00e0 la fraise<br \/>\n15. fraise-raisin<br \/>\n16. cola \u00e0 la cerise<br \/>\n17. Dr. Blue<br \/>\n18. myrtille sur glace<br \/>\n19. kiwi-fruit de la passion-goyave<br \/>\n20. fraise-kiwi<br \/>\n21. p\u00eache-mangue<br \/>\n22. glace \u00e0 la p\u00eache<br \/>\n23. glace \u00e0 la pomme rouge<br \/>\n24. chewing-gum aux myrtilles<br \/>\n25. limonade aux baies<br \/>\n26. limonade Blue Razz<br \/>\n27. framboise bleue<br \/>\n28. Red Bull \u00e0 la fraise<br \/>\n29. blast de pommes et de baies<br \/>\n30. chewing-gum \u00e0 la past\u00e8que<br \/>\n31. past\u00e8que \u00e0 la framboise<br \/>\n32. Glace noire<br \/>\n33. myrtille-cerise-canneberge<br \/>\n34. pompon \u00e0 la fraise (grenade)<br \/>\n35. Vimto<br \/>\n36. cerise-baie<br \/>\n37. citron &amp; lime<br \/>\n38. Bingo Crush<br \/>\n39. myrtille-kiwi<br \/>\n40. pomme-cannelle<br \/>\n41. glace \u00e0 la banane<br \/>\n42. glace au fruit du dragon<br \/>\n43. fusion fruit\u00e9e<br \/>\n44. menthe \u00e0 grappes<br \/>\n45. amour 66<br \/>\n46. ananaseis<br \/>\n47. glace \u00e9nerg\u00e9tique rouge<br \/>\n48. deux pommes<br \/>\n49e Tabac<\/p>\n<p>Le site <strong>RandM Fumot Digital Box 12000 trains<\/strong> offre une vari\u00e9t\u00e9 impressionnante de saveurs, des ar\u00f4mes de fruits classiques comme Watermelon Ice aux m\u00e9langes cr\u00e9atifs comme Strawberry Pomp. Que vous recherchiez un rafra\u00eechissement ou une exp\u00e9rience gustative intense, cet appareil a exactement ce qu'il vous faut.<\/p>","protected":false},"excerpt":{"rendered":"<p>RandM Fumot Digital Box 12000 bouff\u00e9es offre 49 saveurs, une batterie de 550mAh, un coil en maille et des options de nicotine (0%, 2%, 3%, 5%) pour un plaisir durable et une saveur intense.<\/p>","protected":false},"featured_media":8007,"comment_status":"open","ping_status":"closed","template":"","meta":[],"product_brand":[],"product_cat":[18],"product_tag":[91,85],"class_list":{"0":"post-7679","1":"product","2":"type-product","3":"status-publish","4":"has-post-thumbnail","6":"product_cat-randm-fumot-einweg-vape","7":"product_tag-box-stil-fumot-vape","8":"product_tag-fumot-12000-puffs","10":"first","11":"instock","12":"shipping-taxable","13":"purchasable","14":"product-type-variable"},"_links":{"self":[{"href":"https:\/\/fumot-vaping.de\/fr\/wp-json\/wp\/v2\/product\/7679","targetHints":{"allow":["GET"]}}],"collection":[{"href":"https:\/\/fumot-vaping.de\/fr\/wp-json\/wp\/v2\/product"}],"about":[{"href":"https:\/\/fumot-vaping.de\/fr\/wp-json\/wp\/v2\/types\/product"}],"replies":[{"embeddable":true,"href":"https:\/\/fumot-vaping.de\/fr\/wp-json\/wp\/v2\/comments?post=7679"}],"version-history":[{"count":2,"href":"https:\/\/fumot-vaping.de\/fr\/wp-json\/wp\/v2\/product\/7679\/revisions"}],"predecessor-version":[{"id":8672,"href":"https:\/\/fumot-vaping.de\/fr\/wp-json\/wp\/v2\/product\/7679\/revisions\/8672"}],"wp:featuredmedia":[{"embeddable":true,"href":"https:\/\/fumot-vaping.de\/fr\/wp-json\/wp\/v2\/media\/8007"}],"wp:attachment":[{"href":"https:\/\/fumot-vaping.de\/fr\/wp-json\/wp\/v2\/media?parent=7679"}],"wp:term":[{"taxonomy":"product_brand","embeddable":true,"href":"https:\/\/fumot-vaping.de\/fr\/wp-json\/wp\/v2\/product_brand?post=7679"},{"taxonomy":"product_cat","embeddable":true,"href":"https:\/\/fumot-vaping.de\/fr\/wp-json\/wp\/v2\/product_cat?post=7679"},{"taxonomy":"product_tag","embeddable":true,"href":"https:\/\/fumot-vaping.de\/fr\/wp-json\/wp\/v2\/product_tag?post=7679"}],"curies":[{"name":"wp","href":"https:\/\/api.w.org\/{rel}","templated":true}]}}