{"id":7541,"date":"2025-04-25T03:29:46","date_gmt":"2025-04-25T03:29:46","guid":{"rendered":"https:\/\/fumot-vaping.de\/?post_type=product&#038;p=7541"},"modified":"2025-10-11T07:51:15","modified_gmt":"2025-10-11T07:51:15","slug":"randm-fumot-tornado-30k-puffs","status":"publish","type":"product","link":"https:\/\/fumot-vaping.de\/fr\/product\/randm-fumot-tornado-30k-puffs\/","title":{"rendered":"RandM Fumot Tornado 30K Puffs Mesh Coil Cape Rechargeable Jetable"},"content":{"rendered":"<h3><strong>RandM Fumot Tornado 30K Puffs, Tornado Vape 30000 Puffs, 30000 Puffs Vape<\/strong><\/h3>\n<p>Le RandM Fumot Tornado <strong>30K Puffs<\/strong> La vape rechargeable jetable Mesh Coil est le choix parfait pour les vapoteurs qui recherchent un appareil puissant et durable offrant des performances exceptionnelles. Avec jusqu'\u00e0 <strong>30 000 trains<\/strong>n, cette vape garantit une utilisation de longue dur\u00e9e sans compromis sur la qualit\u00e9.<\/p>\n<p>\u00c9quip\u00e9 d'une batterie rechargeable de 600mAh, le RandM Fumot Tornado fournit une puissance efficace et constante, pour que vos exp\u00e9riences de vapotage soient douces et ininterrompues. La fonction de charge rapide Type-C te permet d'\u00eatre rapidement pr\u00eat \u00e0 l'emploi \u00e0 tout moment.<\/p>\n<p>Cette vape est pr\u00e9-remplie de 30 d\u00e9licieuses saveurs, chacune avec des options de nicotine de 0%, 2%, 3% et 5%, pour r\u00e9pondre \u00e0 tous les go\u00fbts. Le flux d'air r\u00e9glable te permet de personnaliser ton tirage, que tu pr\u00e9f\u00e8res un tirage plus serr\u00e9 ou plus ouvert.<\/p>\n<p>Un point fort suppl\u00e9mentaire : les lumi\u00e8res du RandM Fumot Tornado changent au rythme de la musique, ce qui donne au vapotage une dimension visuelle excitante - une fonction cool qui rend l'exp\u00e9rience encore plus unique.<\/p>\n<p>D\u00e9couvre le prochain niveau de vapotage avec le <strong>RandM Fumot Tornado 30K Puffs<\/strong> - une combinaison de performance, de go\u00fbt et d'innovation.<\/p>\n<h2><strong>RandM Fumot Tornado 30K Puffs<\/strong> <strong>Caract\u00e9ristiques :<\/strong><\/h2>\n<ul>\n<li>Trains : jusqu'\u00e0 30.000 trains<\/li>\n<li>Batterie rechargeable de 600mAh<\/li>\n<li>Mesh Coil (1.0\u03a9) pour un go\u00fbt et une production de vapeur am\u00e9lior\u00e9s<\/li>\n<li>Connecteur de charge Type-C pour une charge rapide<\/li>\n<li>Flux d'air r\u00e9glable pour des bouff\u00e9es personnalisables<\/li>\n<li>30 saveurs diff\u00e9rentes disponibles<\/li>\n<li>Options de nicotine : 0%, 2%, 3%, 5%<\/li>\n<li>Les lumi\u00e8res changent avec la musique<\/li>\n<li>160 pi\u00e8ces par carton<\/li>\n<li>Poids du carton : 20,5 kg<\/li>\n<li>Taille du carton : 41,2<em>33,2<\/em>32,5 cm<\/li>\n<\/ul>\n<h2><strong>RandM Fumot Tornado 30K Puffs<\/strong> <strong>Saveurs :<\/strong><\/h2>\n<ol>\n<li>Banana Ice<\/li>\n<li>Glace noire<\/li>\n<li>Blue Razz Ice<\/li>\n<li>Blueberry On Ice<\/li>\n<li>Blueberry Raspberry<\/li>\n<li>Blueberry Sour Raspberry<\/li>\n<li>Glace cerise<\/li>\n<li>Cola cerise<\/li>\n<li>Cola Ice<\/li>\n<li>Cool Mint<\/li>\n<li>Double Apple<\/li>\n<li>Dr Blue<\/li>\n<li>Glace au raisin<\/li>\n<li>Ice Pop<\/li>\n<li>Kiwi Passion Fruit Goyave<\/li>\n<li>Amour 66<\/li>\n<li>Lush Ice<\/li>\n<li>M\u00e9lange de baies<\/li>\n<li>Peach Berry<\/li>\n<li>Glace \u00e0 la p\u00eache<\/li>\n<li>Mangue Peachy Pineapple<\/li>\n<li>Glace au Pineapple<\/li>\n<li>Lemonade rose<\/li>\n<li>Skittles<\/li>\n<li>Fraise Banane<\/li>\n<li>Pamplemousse aux fraises<\/li>\n<li>Glace \u00e0 la fraise<\/li>\n<li>Past\u00e8que \u00e0 la fraise<\/li>\n<li>Triple mangue<\/li>\n<li>Vimto<\/li>\n<\/ol>\n<p><strong>RandM Fumot Tornado 30K Puffs<\/strong>Le choix de saveurs du RandM Fumot Tornado est impressionnant - que tu pr\u00e9f\u00e8res les combinaisons fruit\u00e9es ou les saveurs glac\u00e9es rafra\u00eechissantes, cet appareil en offre pour tous les go\u00fbts. Avec un nombre g\u00e9n\u00e9reux de bouff\u00e9es et d'options de nicotine, il est id\u00e9al pour un vapotage personnalis\u00e9 de longue dur\u00e9e.<\/p>","protected":false},"excerpt":{"rendered":"<p><strong>RandM Fumot Tornado 30K Puffs<\/strong> offre 30 saveurs, un coil en maille, un flux d'air r\u00e9glable et des options de nicotine (0%, 2%, 3%, 5%) pour une exp\u00e9rience de vapotage durable.<\/p>","protected":false},"featured_media":7669,"comment_status":"open","ping_status":"closed","template":"","meta":[],"product_brand":[],"product_cat":[18],"product_tag":[89,90],"class_list":{"0":"post-7541","1":"product","2":"type-product","3":"status-publish","4":"has-post-thumbnail","6":"product_cat-randm-fumot-einweg-vape","7":"product_tag-fumot-30000-puffs","8":"product_tag-fumot-vape-im-pole-stil","10":"first","11":"outofstock","12":"shipping-taxable","13":"purchasable","14":"product-type-variable"},"_links":{"self":[{"href":"https:\/\/fumot-vaping.de\/fr\/wp-json\/wp\/v2\/product\/7541","targetHints":{"allow":["GET"]}}],"collection":[{"href":"https:\/\/fumot-vaping.de\/fr\/wp-json\/wp\/v2\/product"}],"about":[{"href":"https:\/\/fumot-vaping.de\/fr\/wp-json\/wp\/v2\/types\/product"}],"replies":[{"embeddable":true,"href":"https:\/\/fumot-vaping.de\/fr\/wp-json\/wp\/v2\/comments?post=7541"}],"version-history":[{"count":4,"href":"https:\/\/fumot-vaping.de\/fr\/wp-json\/wp\/v2\/product\/7541\/revisions"}],"predecessor-version":[{"id":14556,"href":"https:\/\/fumot-vaping.de\/fr\/wp-json\/wp\/v2\/product\/7541\/revisions\/14556"}],"wp:featuredmedia":[{"embeddable":true,"href":"https:\/\/fumot-vaping.de\/fr\/wp-json\/wp\/v2\/media\/7669"}],"wp:attachment":[{"href":"https:\/\/fumot-vaping.de\/fr\/wp-json\/wp\/v2\/media?parent=7541"}],"wp:term":[{"taxonomy":"product_brand","embeddable":true,"href":"https:\/\/fumot-vaping.de\/fr\/wp-json\/wp\/v2\/product_brand?post=7541"},{"taxonomy":"product_cat","embeddable":true,"href":"https:\/\/fumot-vaping.de\/fr\/wp-json\/wp\/v2\/product_cat?post=7541"},{"taxonomy":"product_tag","embeddable":true,"href":"https:\/\/fumot-vaping.de\/fr\/wp-json\/wp\/v2\/product_tag?post=7541"}],"curies":[{"name":"wp","href":"https:\/\/api.w.org\/{rel}","templated":true}]}}