{"id":19012,"date":"2025-10-23T07:57:26","date_gmt":"2025-10-23T07:57:26","guid":{"rendered":"https:\/\/fumot-vaping.de\/?post_type=product&#038;p=19012"},"modified":"2025-11-07T01:31:05","modified_gmt":"2025-11-07T01:31:05","slug":"fihp-120000-6in1-einweg-e-zigarette","status":"publish","type":"product","link":"https:\/\/fumot-vaping.de\/fr\/product\/fihp-120000-6in1-einweg-e-zigarette\/","title":{"rendered":"FIHP 120000 6in1 Einweg E-Zigarette"},"content":{"rendered":"<p data-start=\"178\" data-end=\"521\">Le site <strong data-start=\"182\" data-end=\"219\">FIHP 120000 6in1 Multiple Flavors<\/strong> pose de nouveaux jalons pour <strong data-start=\"244\" data-end=\"267\">E-cigarettes jetables<\/strong>. Mit <strong data-start=\"273\" data-end=\"290\">120.000 Z\u00fcgen<\/strong> bietet sie <strong data-start=\"302\" data-end=\"327\">extreme Langlebigkeit<\/strong> und ein <strong data-start=\"336\" data-end=\"369\">intensives Geschmackserlebnis<\/strong>, das alle sechs Aromen perfekt kombiniert. Dank der <strong data-start=\"422\" data-end=\"447\">Dual Mesh Coil (0,9\u03a9)<\/strong> genie\u00dfen Sie <strong data-start=\"461\" data-end=\"504\">dichten Dampf und kraftvollen Geschmack<\/strong> bei jedem Zug.<\/p>\n<p data-start=\"523\" data-end=\"832\">Le site <strong data-start=\"527\" data-end=\"550\">64 ml E-Liquid-Tank<\/strong> et le <strong data-start=\"559\" data-end=\"603\">wiederaufladbare 650 mAh Akku mit Type-C<\/strong> sorgen f\u00fcr <strong data-start=\"615\" data-end=\"656\">komfortables, langanhaltendes Dampfen<\/strong>, w\u00e4hrend das <strong data-start=\"670\" data-end=\"685\">\u00c9cran LED<\/strong> den Batteriestatus und verbleibende Z\u00fcge zuverl\u00e4ssig anzeigt. Ideal f\u00fcr Dampfer, die <strong data-start=\"771\" data-end=\"820\">Abwechslung, Leistung und einfache Handhabung<\/strong> sch\u00e4tzen.<\/p>\n<h2 data-start=\"839\" data-end=\"860\"><strong>Produktparameter<\/strong><\/h2>\n<ul data-start=\"862\" data-end=\"1205\">\n<li data-start=\"862\" data-end=\"891\">\n<p data-start=\"864\" data-end=\"891\"><strong data-start=\"864\" data-end=\"881\">Trains (puffs) :<\/strong> 120.000<\/p>\n<\/li>\n<li data-start=\"892\" data-end=\"931\">\n<p data-start=\"894\" data-end=\"931\"><strong data-start=\"894\" data-end=\"908\">Le go\u00fbt :<\/strong> 6in1 Multiple Flavor<\/p>\n<\/li>\n<li data-start=\"932\" data-end=\"966\">\n<p data-start=\"934\" data-end=\"966\"><strong data-start=\"934\" data-end=\"943\">Coil :<\/strong> Dual Mesh Coil, 0,9\u03a9<\/p>\n<\/li>\n<li data-start=\"967\" data-end=\"990\">\n<p data-start=\"969\" data-end=\"990\"><strong data-start=\"969\" data-end=\"982\">E-liquide :<\/strong> 64 ml<\/p>\n<\/li>\n<li data-start=\"991\" data-end=\"1017\">\n<p data-start=\"993\" data-end=\"1017\"><strong data-start=\"993\" data-end=\"1005\">la nicotine :<\/strong> 2 % \/ 5 %<\/p>\n<\/li>\n<li data-start=\"1018\" data-end=\"1067\">\n<p data-start=\"1020\" data-end=\"1067\"><strong data-start=\"1020\" data-end=\"1029\">Batterie rechargeable :<\/strong> 650 mAh, wiederaufladbar via Type-C<\/p>\n<\/li>\n<li data-start=\"1068\" data-end=\"1088\">\n<p data-start=\"1070\" data-end=\"1088\"><strong data-start=\"1070\" data-end=\"1082\">Affichage :<\/strong> LED<\/p>\n<\/li>\n<li data-start=\"1089\" data-end=\"1127\">\n<p data-start=\"1091\" data-end=\"1127\"><strong data-start=\"1091\" data-end=\"1108\">Produktgr\u00f6\u00dfe:<\/strong> 44 \u00d7 44 \u00d7 112 mm<\/p>\n<\/li>\n<li data-start=\"1128\" data-end=\"1205\">\n<p data-start=\"1130\" data-end=\"1205\"><strong data-start=\"1130\" data-end=\"1146\">Taille du carton :<\/strong> 540 \u00d7 440 \u00d7 260 mm (160 St\u00fcck, 26,4 kg inkl. Verpackung)<\/p>\n<\/li>\n<\/ul>\n<h2><strong>Saveurs disponibles<\/strong><\/h2>\n<ol data-start=\"1250\" data-end=\"1877\">\n<li data-start=\"1250\" data-end=\"1351\">\n<p data-start=\"1253\" data-end=\"1351\">Watermelon Ice &amp; Red Bull &amp; Strawberry Kiwi &amp; Blueberry Ice &amp; Lemon Lime &amp; Strawberry Watermelon<\/p>\n<\/li>\n<li data-start=\"1352\" data-end=\"1466\">\n<p data-start=\"1355\" data-end=\"1466\">Strawberry Banana &amp; Double Apple &amp; Raspberry Watermelon &amp; Sour Mango Pineapple &amp; Tropical Fruit &amp; Lemon Peach<\/p>\n<\/li>\n<li data-start=\"1467\" data-end=\"1579\">\n<p data-start=\"1470\" data-end=\"1579\">Pineapple Coconut &amp; Blue Razz &amp; Mixed Berries &amp; Mango Peach &amp; Blueberry Raspberry &amp; Strawberry Vanilla Coke<\/p>\n<\/li>\n<li data-start=\"1580\" data-end=\"1674\">\n<p data-start=\"1583\" data-end=\"1674\">Peach Berry &amp; Triple Melon &amp; Grape Ice &amp; Black Dragon Ice &amp; Fizzy Cherry Ice &amp; Gummy Bear<\/p>\n<\/li>\n<li data-start=\"1675\" data-end=\"1771\">\n<p data-start=\"1678\" data-end=\"1771\">Rainbow Candy &amp; Cherry Cola Ice &amp; Love 666 &amp; Mango Ice &amp; Blueberry Cotton Candy &amp; Peach Ice<\/p>\n<\/li>\n<li data-start=\"1772\" data-end=\"1877\">\n<p data-start=\"1775\" data-end=\"1877\">Aloe Lychee Ice &amp; Pink Lemon &amp; Glacier Ice &amp; Pine Needle Mint &amp; Black Currant Ice &amp; Watermelon Lemon<\/p>\n<\/li>\n<\/ol>\n<h2 data-start=\"1884\" data-end=\"1930\"><strong>Warum FIHP 120000 6in1 Multiple Flavors?<\/strong><\/h2>\n<ul data-start=\"1932\" data-end=\"2229\">\n<li data-start=\"1932\" data-end=\"2001\">\n<p data-start=\"1934\" data-end=\"2001\"><strong data-start=\"1934\" data-end=\"1959\">Maximale Lebensdauer:<\/strong> 120.000 Z\u00fcge f\u00fcr langanhaltenden Genuss<\/p>\n<\/li>\n<li data-start=\"2002\" data-end=\"2080\">\n<p data-start=\"2004\" data-end=\"2080\"><strong data-start=\"2004\" data-end=\"2030\">Sechsfacher Geschmack:<\/strong> Jede Inhalation ein harmonisches Aroma-Erlebnis<\/p>\n<\/li>\n<li data-start=\"2081\" data-end=\"2152\">\n<p data-start=\"2083\" data-end=\"2152\"><strong data-start=\"2083\" data-end=\"2111\">Praktisch &amp; zuverl\u00e4ssig:<\/strong> Wiederaufladbarer Akku und LED-Display<\/p>\n<\/li>\n<li data-start=\"2153\" data-end=\"2229\">\n<p data-start=\"2155\" data-end=\"2229\"><strong data-start=\"2155\" data-end=\"2179\">Hochwertige Technik:<\/strong> Dual Mesh Coil sorgt f\u00fcr konstant dichten Dampf<\/p>\n<\/li>\n<\/ul>\n<p data-start=\"2231\" data-end=\"2516\"><strong data-start=\"2231\" data-end=\"2241\">Fazit:<\/strong> Die FIHP 120000 bietet <strong data-start=\"2265\" data-end=\"2336\">intensiven Geschmack, extreme Langlebigkeit und einfache Handhabung<\/strong> \u2013 die perfekte Wahl f\u00fcr alle Dampfer, die Qualit\u00e4t und Komfort sch\u00e4tzen. Vertrauen Sie auf <strong data-start=\"2428\" data-end=\"2478\">professionelle Technik und gepr\u00fcfte Sicherheit<\/strong>, verf\u00fcgbar bei <strong data-start=\"2494\" data-end=\"2513\">fumot-vaping.fr<\/strong>.<\/p>","protected":false},"excerpt":{"rendered":"<p>Erleben Sie FIHP 120000 6in1 Multiple Flavors: 120.000 Z\u00fcge, sechsfacher Geschmack, wiederaufladbar, Dual Mesh Coil &amp; LED Display \u2013 perfekte Einweg E-Zigarette f\u00fcr intensives Dampfen.<\/p>","protected":false},"featured_media":19028,"comment_status":"open","ping_status":"closed","template":"","meta":[],"product_brand":[],"product_cat":[117],"product_tag":[],"class_list":{"0":"post-19012","1":"product","2":"type-product","3":"status-publish","4":"has-post-thumbnail","6":"product_cat-fihp-disposable-vape","8":"first","9":"outofstock","10":"shipping-taxable","11":"purchasable","12":"product-type-variable"},"_links":{"self":[{"href":"https:\/\/fumot-vaping.de\/fr\/wp-json\/wp\/v2\/product\/19012","targetHints":{"allow":["GET"]}}],"collection":[{"href":"https:\/\/fumot-vaping.de\/fr\/wp-json\/wp\/v2\/product"}],"about":[{"href":"https:\/\/fumot-vaping.de\/fr\/wp-json\/wp\/v2\/types\/product"}],"replies":[{"embeddable":true,"href":"https:\/\/fumot-vaping.de\/fr\/wp-json\/wp\/v2\/comments?post=19012"}],"version-history":[{"count":1,"href":"https:\/\/fumot-vaping.de\/fr\/wp-json\/wp\/v2\/product\/19012\/revisions"}],"predecessor-version":[{"id":19033,"href":"https:\/\/fumot-vaping.de\/fr\/wp-json\/wp\/v2\/product\/19012\/revisions\/19033"}],"wp:featuredmedia":[{"embeddable":true,"href":"https:\/\/fumot-vaping.de\/fr\/wp-json\/wp\/v2\/media\/19028"}],"wp:attachment":[{"href":"https:\/\/fumot-vaping.de\/fr\/wp-json\/wp\/v2\/media?parent=19012"}],"wp:term":[{"taxonomy":"product_brand","embeddable":true,"href":"https:\/\/fumot-vaping.de\/fr\/wp-json\/wp\/v2\/product_brand?post=19012"},{"taxonomy":"product_cat","embeddable":true,"href":"https:\/\/fumot-vaping.de\/fr\/wp-json\/wp\/v2\/product_cat?post=19012"},{"taxonomy":"product_tag","embeddable":true,"href":"https:\/\/fumot-vaping.de\/fr\/wp-json\/wp\/v2\/product_tag?post=19012"}],"curies":[{"name":"wp","href":"https:\/\/api.w.org\/{rel}","templated":true}]}}