{"id":18939,"date":"2025-10-30T02:40:28","date_gmt":"2025-10-30T02:40:28","guid":{"rendered":"https:\/\/fumot-vaping.de\/?post_type=product&#038;p=18939"},"modified":"2025-11-07T01:30:46","modified_gmt":"2025-11-07T01:30:46","slug":"fihp-40000-double-flavors","status":"publish","type":"product","link":"https:\/\/fumot-vaping.de\/fr\/product\/fihp-40000-double-flavors\/","title":{"rendered":"FIHP 40000 Double Flavors"},"content":{"rendered":"<p data-start=\"284\" data-end=\"559\">Erleben Sie die <strong data-start=\"300\" data-end=\"329\">FIHP 40000 Double Flavors<\/strong>, die neue Generation der <strong data-start=\"355\" data-end=\"398\">Einweg E-Zigaretten mit Doppelgeschmack<\/strong>, die Ihr Vaping-Erlebnis revolutioniert. Mit <strong data-start=\"444\" data-end=\"460\">40.000 Z\u00fcgen<\/strong> bietet diese E-Zigarette eine <strong data-start=\"491\" data-end=\"528\">au\u00dfergew\u00f6hnlich lange Lebensdauer<\/strong> und gleichbleibenden Genuss.<\/p>\n<p data-start=\"561\" data-end=\"938\">Gr\u00e2ce \u00e0 la <strong data-start=\"570\" data-end=\"597\">Dual-Mesh-Coil mit 1,0\u03a9<\/strong> liefert sie <strong data-start=\"610\" data-end=\"652\">dichten Dampf und intensiven Geschmack<\/strong> bei jedem Zug. Der <strong data-start=\"672\" data-end=\"695\">36 ml E-Liquid-Tank<\/strong> et le <strong data-start=\"704\" data-end=\"757\">wiederaufladbare 650 mAh Akku mit Typ-C-Anschluss<\/strong> sorgen f\u00fcr <strong data-start=\"769\" data-end=\"809\">praktischen und langlebigen Gebrauch<\/strong>. Le site <strong data-start=\"815\" data-end=\"842\">integrierte LED-Display<\/strong> erm\u00f6glicht es Ihnen, <strong data-start=\"864\" data-end=\"935\">Batteriestatus und verbleibende Z\u00fcge jederzeit im Blick zu behalten<\/strong>.<\/p>\n<p data-start=\"940\" data-end=\"1260\">Mit den <strong data-start=\"948\" data-end=\"990\">innovativen Doppelgeschmacksrichtungen<\/strong> erleben Sie bei jedem Zug eine <strong data-start=\"1022\" data-end=\"1058\">einzigartige Geschmacksexplosion<\/strong>, perfekt ausbalanciert f\u00fcr Liebhaber von fruchtigen, eisigen oder exotischen Aromen. Ob klassische Kombinationen oder gewagte Mixe \u2013 die <strong data-start=\"1196\" data-end=\"1225\">FIHP 40000 Double Flavors<\/strong> erf\u00fcllt jede Geschmacksvorliebe.<\/p>\n<h2><strong>Produktparameter<\/strong><\/h2>\n<ul data-start=\"1290\" data-end=\"1626\">\n<li data-start=\"1290\" data-end=\"1318\">\n<p data-start=\"1292\" data-end=\"1318\"><strong data-start=\"1292\" data-end=\"1309\">Trains (puffs) :<\/strong> 40.000<\/p>\n<\/li>\n<li data-start=\"1319\" data-end=\"1353\">\n<p data-start=\"1321\" data-end=\"1353\"><strong data-start=\"1321\" data-end=\"1335\">Le go\u00fbt :<\/strong> Doppelgeschmack<\/p>\n<\/li>\n<li data-start=\"1354\" data-end=\"1388\">\n<p data-start=\"1356\" data-end=\"1388\"><strong data-start=\"1356\" data-end=\"1365\">Coil :<\/strong> Dual Mesh Coil, 1,0\u03a9<\/p>\n<\/li>\n<li data-start=\"1389\" data-end=\"1412\">\n<p data-start=\"1391\" data-end=\"1412\"><strong data-start=\"1391\" data-end=\"1404\">E-liquide :<\/strong> 36 ml<\/p>\n<\/li>\n<li data-start=\"1413\" data-end=\"1439\">\n<p data-start=\"1415\" data-end=\"1439\"><strong data-start=\"1415\" data-end=\"1427\">la nicotine :<\/strong> 2 % \/ 5 %<\/p>\n<\/li>\n<li data-start=\"1440\" data-end=\"1489\">\n<p data-start=\"1442\" data-end=\"1489\"><strong data-start=\"1442\" data-end=\"1451\">Batterie rechargeable :<\/strong> 650 mAh, wiederaufladbar via Type-C<\/p>\n<\/li>\n<li data-start=\"1490\" data-end=\"1510\">\n<p data-start=\"1492\" data-end=\"1510\"><strong data-start=\"1492\" data-end=\"1504\">Affichage :<\/strong> LED<\/p>\n<\/li>\n<li data-start=\"1511\" data-end=\"1548\">\n<p data-start=\"1513\" data-end=\"1548\"><strong data-start=\"1513\" data-end=\"1530\">Produktgr\u00f6\u00dfe:<\/strong> 50 \u00d7 25 \u00d7 98 mm<\/p>\n<\/li>\n<li data-start=\"1549\" data-end=\"1626\">\n<p data-start=\"1551\" data-end=\"1626\"><strong data-start=\"1551\" data-end=\"1567\">Taille du carton :<\/strong> 595 \u00d7 374 \u00d7 260 mm (200 St\u00fcck, 20,7 kg inkl. Verpackung)<\/p>\n<\/li>\n<\/ul>\n<h2 data-start=\"1633\" data-end=\"1669\"><strong>Saveurs disponibles<\/strong><\/h2>\n<ol data-start=\"1671\" data-end=\"2149\">\n<li data-start=\"1671\" data-end=\"1703\">\n<p data-start=\"1674\" data-end=\"1703\">Lemon Lime &amp; Watermelon Ice<\/p>\n<\/li>\n<li data-start=\"1704\" data-end=\"1736\">\n<p data-start=\"1707\" data-end=\"1736\">Grape Ice &amp; Strawberry Kiwi<\/p>\n<\/li>\n<li data-start=\"1737\" data-end=\"1779\">\n<p data-start=\"1740\" data-end=\"1779\">Pineapple Coconut &amp; Strawberry Banana<\/p>\n<\/li>\n<li data-start=\"1780\" data-end=\"1823\">\n<p data-start=\"1783\" data-end=\"1823\">Orange Mango Watermelon &amp; Red Bull Ice<\/p>\n<\/li>\n<li data-start=\"1824\" data-end=\"1857\">\n<p data-start=\"1827\" data-end=\"1857\">Blueberry Ice &amp; Fizzy Cherry<\/p>\n<\/li>\n<li data-start=\"1858\" data-end=\"1886\">\n<p data-start=\"1861\" data-end=\"1886\">Peach Ice &amp; Mixed Berry<\/p>\n<\/li>\n<li data-start=\"1887\" data-end=\"1919\">\n<p data-start=\"1890\" data-end=\"1919\">Double Apple Ice &amp; Love 666<\/p>\n<\/li>\n<li data-start=\"1920\" data-end=\"1969\">\n<p data-start=\"1923\" data-end=\"1969\">Strawberry Raspberry Cherry &amp; Strawberry Ice<\/p>\n<\/li>\n<li data-start=\"1970\" data-end=\"2011\">\n<p data-start=\"1973\" data-end=\"2011\">Blue Razz Lemonade &amp; Cherry Cola Ice<\/p>\n<\/li>\n<li data-start=\"2012\" data-end=\"2052\">\n<p data-start=\"2016\" data-end=\"2052\">Peach Mango Pineapple &amp; Cherry Ice<\/p>\n<\/li>\n<li data-start=\"2053\" data-end=\"2102\">\n<p data-start=\"2057\" data-end=\"2102\">Black Dragon Ice &amp; Kiwi Passion Fruit Guava<\/p>\n<\/li>\n<li data-start=\"2103\" data-end=\"2149\">\n<p data-start=\"2107\" data-end=\"2149\">Sour Apple Raspberry &amp; Strawberry Cherry<\/p>\n<\/li>\n<\/ol>\n<h2 data-start=\"2156\" data-end=\"2201\"><strong>Warum FIHP 40000 Double Flavors w\u00e4hlen?<\/strong><\/h2>\n<ul data-start=\"2202\" data-end=\"2500\">\n<li data-start=\"2202\" data-end=\"2275\">\n<p data-start=\"2204\" data-end=\"2275\"><strong data-start=\"2204\" data-end=\"2226\">Lange Lebensdauer:<\/strong> Bis zu 40.000 Z\u00fcge f\u00fcr langanhaltenden Genuss.<\/p>\n<\/li>\n<li data-start=\"2276\" data-end=\"2351\">\n<p data-start=\"2278\" data-end=\"2351\"><strong data-start=\"2278\" data-end=\"2298\">Doppelgeschmack:<\/strong> Jede Inhalation ein intensives Geschmackserlebnis.<\/p>\n<\/li>\n<li data-start=\"2352\" data-end=\"2431\">\n<p data-start=\"2354\" data-end=\"2431\"><strong data-start=\"2354\" data-end=\"2368\">Praktisch:<\/strong> Wiederaufladbarer Akku und LED-Display f\u00fcr einfache Nutzung.<\/p>\n<\/li>\n<li data-start=\"2432\" data-end=\"2500\">\n<p data-start=\"2434\" data-end=\"2500\"><strong data-start=\"2434\" data-end=\"2449\">Hochwertig:<\/strong> Dual-Mesh-Coil f\u00fcr konstanten, intensiven Dampf.<\/p>\n<\/li>\n<\/ul>","protected":false},"excerpt":{"rendered":"<p data-start=\"335\" data-end=\"562\">Erleben Sie die FIHP 40000 Double Flavors: 40.000 Z\u00fcge, Doppelgeschmack, wiederaufladbar, Dual Mesh Coil &amp; LED Display \u2013 die perfekte Einweg E-Zigarette f\u00fcr langanhaltenden Vaping-Genuss.<\/p>","protected":false},"featured_media":18971,"comment_status":"open","ping_status":"closed","template":"","meta":[],"product_brand":[],"product_cat":[117],"product_tag":[],"class_list":{"0":"post-18939","1":"product","2":"type-product","3":"status-publish","4":"has-post-thumbnail","6":"product_cat-fihp-disposable-vape","8":"first","9":"outofstock","10":"shipping-taxable","11":"purchasable","12":"product-type-variable"},"_links":{"self":[{"href":"https:\/\/fumot-vaping.de\/fr\/wp-json\/wp\/v2\/product\/18939","targetHints":{"allow":["GET"]}}],"collection":[{"href":"https:\/\/fumot-vaping.de\/fr\/wp-json\/wp\/v2\/product"}],"about":[{"href":"https:\/\/fumot-vaping.de\/fr\/wp-json\/wp\/v2\/types\/product"}],"replies":[{"embeddable":true,"href":"https:\/\/fumot-vaping.de\/fr\/wp-json\/wp\/v2\/comments?post=18939"}],"version-history":[{"count":1,"href":"https:\/\/fumot-vaping.de\/fr\/wp-json\/wp\/v2\/product\/18939\/revisions"}],"predecessor-version":[{"id":18976,"href":"https:\/\/fumot-vaping.de\/fr\/wp-json\/wp\/v2\/product\/18939\/revisions\/18976"}],"wp:featuredmedia":[{"embeddable":true,"href":"https:\/\/fumot-vaping.de\/fr\/wp-json\/wp\/v2\/media\/18971"}],"wp:attachment":[{"href":"https:\/\/fumot-vaping.de\/fr\/wp-json\/wp\/v2\/media?parent=18939"}],"wp:term":[{"taxonomy":"product_brand","embeddable":true,"href":"https:\/\/fumot-vaping.de\/fr\/wp-json\/wp\/v2\/product_brand?post=18939"},{"taxonomy":"product_cat","embeddable":true,"href":"https:\/\/fumot-vaping.de\/fr\/wp-json\/wp\/v2\/product_cat?post=18939"},{"taxonomy":"product_tag","embeddable":true,"href":"https:\/\/fumot-vaping.de\/fr\/wp-json\/wp\/v2\/product_tag?post=18939"}],"curies":[{"name":"wp","href":"https:\/\/api.w.org\/{rel}","templated":true}]}}