{"id":18729,"date":"2025-08-21T01:04:40","date_gmt":"2025-08-21T01:04:40","guid":{"rendered":"https:\/\/fumot-vaping.de\/?post_type=product&#038;p=18729"},"modified":"2025-08-21T01:04:40","modified_gmt":"2025-08-21T01:04:40","slug":"lavie-rockt-10000-puffs-einweg-e-zigarette","status":"publish","type":"product","link":"https:\/\/fumot-vaping.de\/fr\/product\/lavie-rockt-10000-puffs-einweg-e-zigarette\/","title":{"rendered":"Lavie Rockt 10000 Puffs Einweg E-Zigarette"},"content":{"rendered":"<p data-start=\"615\" data-end=\"1179\">Erleben Sie intensives Dampfen mit der <strong data-start=\"654\" data-end=\"680\">Lavie Rock 10000 Puffs<\/strong> Einweg E-Zigarette. Mit bis zu 10.000 Z\u00fcgen bietet sie langanhaltenden Genuss und hochwertige Leistung. Die Kombination aus <strong data-start=\"805\" data-end=\"820\">Batterie de 600mAh<\/strong>, <strong data-start=\"822\" data-end=\"839\">15ml E-Liquid<\/strong> et <strong data-start=\"844\" data-end=\"857\">Bobine de maille<\/strong> sorgt f\u00fcr einen gleichm\u00e4\u00dfigen Dampf und hervorragenden Geschmack. Ob fruchtig, s\u00fc\u00df oder erfrischend \u2013 die <strong data-start=\"964\" data-end=\"997\">12 abwechslungsreichen Aromen<\/strong> bieten f\u00fcr jeden Geschmack das Richtige. Einfach aufladen \u00fcber <strong data-start=\"1061\" data-end=\"1071\">Type-C<\/strong> und sofort losdampfen! Ideal f\u00fcr unterwegs oder als praktische Alternative zu herk\u00f6mmlichen E-Zigaretten.<\/p>\n<h2 data-start=\"1186\" data-end=\"1208\"><strong>Lavie Rockt 10000 Puffs Produktparameter<\/strong><\/h2>\n<ul data-start=\"1210\" data-end=\"1496\">\n<li data-start=\"1210\" data-end=\"1232\">\n<p data-start=\"1212\" data-end=\"1232\"><strong data-start=\"1212\" data-end=\"1222\">Gr\u00f6\u00dfe:<\/strong> 38*92mm<\/p>\n<\/li>\n<li data-start=\"1233\" data-end=\"1253\">\n<p data-start=\"1235\" data-end=\"1253\"><strong data-start=\"1235\" data-end=\"1244\">Batterie rechargeable :<\/strong> 600mAh<\/p>\n<\/li>\n<li data-start=\"1254\" data-end=\"1275\">\n<p data-start=\"1256\" data-end=\"1275\"><strong data-start=\"1256\" data-end=\"1266\">Puffs :<\/strong> 10.000<\/p>\n<\/li>\n<li data-start=\"1276\" data-end=\"1308\">\n<p data-start=\"1278\" data-end=\"1308\"><strong data-start=\"1278\" data-end=\"1301\">Capacit\u00e9 de l'e-liquide :<\/strong> 15ml<\/p>\n<\/li>\n<li data-start=\"1309\" data-end=\"1342\">\n<p data-start=\"1311\" data-end=\"1342\"><strong data-start=\"1311\" data-end=\"1327\">Sel de nicotine :<\/strong> 2%, 5% (OEM)<\/p>\n<\/li>\n<li data-start=\"1343\" data-end=\"1367\">\n<p data-start=\"1345\" data-end=\"1367\"><strong data-start=\"1345\" data-end=\"1359\">Mesh Coil:<\/strong> 1.0 \u03a9<\/p>\n<\/li>\n<li data-start=\"1368\" data-end=\"1395\">\n<p data-start=\"1370\" data-end=\"1395\"><strong data-start=\"1370\" data-end=\"1383\">mat\u00e9riel :<\/strong> PCTG + PC<\/p>\n<\/li>\n<li data-start=\"1396\" data-end=\"1440\">\n<p data-start=\"1398\" data-end=\"1440\"><strong data-start=\"1398\" data-end=\"1415\">Ladefunktion:<\/strong> Type-C wiederaufladbar<\/p>\n<\/li>\n<li data-start=\"1441\" data-end=\"1461\">\n<p data-start=\"1443\" data-end=\"1461\"><strong data-start=\"1443\" data-end=\"1455\">Gewicht:<\/strong> 81g<\/p>\n<\/li>\n<li data-start=\"1462\" data-end=\"1496\">\n<p data-start=\"1464\" data-end=\"1496\"><strong data-start=\"1464\" data-end=\"1482\">Packungsgr\u00f6\u00dfe:<\/strong> 40<em data-start=\"1485\" data-end=\"1489\">40<\/em>108mm<\/p>\n<\/li>\n<\/ul>\n<h2 data-start=\"1503\" data-end=\"1526\"><strong>Lavie Rockt 10000 Puffs Verf\u00fcgbare Aromen<\/strong><\/h2>\n<ol data-start=\"1528\" data-end=\"1698\">\n<li data-start=\"1528\" data-end=\"1547\">\n<p data-start=\"1531\" data-end=\"1547\">Blue Raspberry<\/p>\n<\/li>\n<li data-start=\"1548\" data-end=\"1564\">\n<p data-start=\"1551\" data-end=\"1564\">Green Mango<\/p>\n<\/li>\n<li data-start=\"1565\" data-end=\"1575\">\n<p data-start=\"1568\" data-end=\"1575\">Guava<\/p>\n<\/li>\n<li data-start=\"1576\" data-end=\"1586\">\n<p data-start=\"1579\" data-end=\"1586\">Grape<\/p>\n<\/li>\n<li data-start=\"1587\" data-end=\"1604\">\n<p data-start=\"1590\" data-end=\"1604\">Boisson \u00e9nergisante<\/p>\n<\/li>\n<li data-start=\"1605\" data-end=\"1620\">\n<p data-start=\"1608\" data-end=\"1620\">Gummy Bear<\/p>\n<\/li>\n<li data-start=\"1621\" data-end=\"1639\">\n<p data-start=\"1624\" data-end=\"1639\">Glace au Pineapple<\/p>\n<\/li>\n<li data-start=\"1640\" data-end=\"1655\">\n<p data-start=\"1643\" data-end=\"1655\">Glace au lychee<\/p>\n<\/li>\n<li data-start=\"1656\" data-end=\"1671\">\n<p data-start=\"1659\" data-end=\"1671\">Past\u00e8que<\/p>\n<\/li>\n<li data-start=\"1672\" data-end=\"1698\">\n<p data-start=\"1676\" data-end=\"1698\">Cr\u00e8me glac\u00e9e \u00e0 la fraise<\/p>\n<\/li>\n<\/ol>","protected":false},"excerpt":{"rendered":"<p>Entdecken Sie die <strong>Lavie Rockt 10000 Puffs<\/strong> Einweg E-Zigarette mit Mesh Coil, 15ml E-Liquid, 600mAh Akku und k\u00f6stlichen Aromen \u2013 perfekt f\u00fcr intensives Dampfen.<\/p>","protected":false},"featured_media":18759,"comment_status":"open","ping_status":"closed","template":"","meta":[],"product_brand":[],"product_cat":[115],"product_tag":[],"class_list":{"0":"post-18729","1":"product","2":"type-product","3":"status-publish","4":"has-post-thumbnail","6":"product_cat-lavie-disposable-vape","8":"first","9":"instock","10":"shipping-taxable","11":"purchasable","12":"product-type-variable"},"_links":{"self":[{"href":"https:\/\/fumot-vaping.de\/fr\/wp-json\/wp\/v2\/product\/18729","targetHints":{"allow":["GET"]}}],"collection":[{"href":"https:\/\/fumot-vaping.de\/fr\/wp-json\/wp\/v2\/product"}],"about":[{"href":"https:\/\/fumot-vaping.de\/fr\/wp-json\/wp\/v2\/types\/product"}],"replies":[{"embeddable":true,"href":"https:\/\/fumot-vaping.de\/fr\/wp-json\/wp\/v2\/comments?post=18729"}],"version-history":[{"count":1,"href":"https:\/\/fumot-vaping.de\/fr\/wp-json\/wp\/v2\/product\/18729\/revisions"}],"predecessor-version":[{"id":18760,"href":"https:\/\/fumot-vaping.de\/fr\/wp-json\/wp\/v2\/product\/18729\/revisions\/18760"}],"wp:featuredmedia":[{"embeddable":true,"href":"https:\/\/fumot-vaping.de\/fr\/wp-json\/wp\/v2\/media\/18759"}],"wp:attachment":[{"href":"https:\/\/fumot-vaping.de\/fr\/wp-json\/wp\/v2\/media?parent=18729"}],"wp:term":[{"taxonomy":"product_brand","embeddable":true,"href":"https:\/\/fumot-vaping.de\/fr\/wp-json\/wp\/v2\/product_brand?post=18729"},{"taxonomy":"product_cat","embeddable":true,"href":"https:\/\/fumot-vaping.de\/fr\/wp-json\/wp\/v2\/product_cat?post=18729"},{"taxonomy":"product_tag","embeddable":true,"href":"https:\/\/fumot-vaping.de\/fr\/wp-json\/wp\/v2\/product_tag?post=18729"}],"curies":[{"name":"wp","href":"https:\/\/api.w.org\/{rel}","templated":true}]}}