{"id":18160,"date":"2025-09-17T01:41:56","date_gmt":"2025-09-17T01:41:56","guid":{"rendered":"https:\/\/fumot-vaping.de\/?post_type=product&#038;p=18160"},"modified":"2025-09-17T01:41:56","modified_gmt":"2025-09-17T01:41:56","slug":"lavie-cola-6000-puffs-intensiver-geschmack","status":"publish","type":"product","link":"https:\/\/fumot-vaping.de\/fr\/product\/lavie-cola-6000-puffs-intensiver-geschmack\/","title":{"rendered":"Lavie Cola 6000 Puffs \u2013 Intensiver Geschmack"},"content":{"rendered":"<h2 data-start=\"67\" data-end=\"145\"><strong>Lavie Cola 6000 Puffs \u2013 Kompakte Einweg-E-Zigarette mit intensivem Geschmack<\/strong><\/h2>\n<p data-start=\"171\" data-end=\"802\">Erleben Sie mit der <strong data-start=\"191\" data-end=\"216\">Lavie Cola 6000 Puffs<\/strong> Einweg-E-Zigarette intensiven Geschmack und beeindruckende Leistung in einem kompakten Design. Mit einem <strong data-start=\"322\" data-end=\"344\">15ml E-Liquid Tank<\/strong> et d'une <strong data-start=\"355\" data-end=\"374\">600mAh Batterie<\/strong> bietet diese wiederaufladbare E-Zigarette bis zu <strong data-start=\"424\" data-end=\"437\">6000 Z\u00fcge<\/strong> puren Genuss. Dank der <strong data-start=\"461\" data-end=\"491\">Salt Nic. 2% und 5% Option<\/strong> ist sie ideal f\u00fcr alle Dampfer, die ein sanftes, aber intensives Nikotinerlebnis suchen. Die Lavie Cola \u00fcberzeugt mit <strong data-start=\"610\" data-end=\"642\">praktischem, leichtem Design<\/strong> und ist perfekt f\u00fcr unterwegs. Genie\u00dfen Sie Ihre Lieblingsgeschmacksrichtungen jederzeit und \u00fcberall \u2013 von klassischen Cola-Noten bis zu fruchtigen Kreationen.<\/p>\n<h2><strong>Produktspezifikationen<\/strong><\/h2>\n<ul data-start=\"831\" data-end=\"1044\">\n<li data-start=\"831\" data-end=\"857\">\n<p data-start=\"833\" data-end=\"857\"><strong data-start=\"833\" data-end=\"843\">Gr\u00f6\u00dfe:<\/strong> 110 \u00d7 30 mm<\/p>\n<\/li>\n<li data-start=\"858\" data-end=\"883\">\n<p data-start=\"860\" data-end=\"883\"><strong data-start=\"860\" data-end=\"873\">batterie :<\/strong> 600 mAh<\/p>\n<\/li>\n<li data-start=\"884\" data-end=\"908\">\n<p data-start=\"886\" data-end=\"908\"><strong data-start=\"886\" data-end=\"895\">Trains :<\/strong> 6000 Puffs<\/p>\n<\/li>\n<li data-start=\"909\" data-end=\"942\">\n<p data-start=\"911\" data-end=\"942\"><strong data-start=\"911\" data-end=\"934\">Capacit\u00e9 de l'e-liquide :<\/strong> 15 ml<\/p>\n<\/li>\n<li data-start=\"943\" data-end=\"987\">\n<p data-start=\"945\" data-end=\"987\"><strong data-start=\"945\" data-end=\"962\">Salz Nikotin:<\/strong> 2% \/ 5%, OEM verf\u00fcgbar<\/p>\n<\/li>\n<li data-start=\"988\" data-end=\"1015\">\n<p data-start=\"990\" data-end=\"1015\"><strong data-start=\"990\" data-end=\"1008\">Netto Gewicht:<\/strong> 75 g<\/p>\n<\/li>\n<li data-start=\"1016\" data-end=\"1044\">\n<p data-start=\"1018\" data-end=\"1044\"><strong data-start=\"1018\" data-end=\"1037\">Brutto Gewicht:<\/strong> 82 g<\/p>\n<\/li>\n<\/ul>\n<h2 data-start=\"1046\" data-end=\"1080\"><strong>Saveurs disponibles<\/strong><\/h2>\n<ol data-start=\"1082\" data-end=\"1269\">\n<li data-start=\"1082\" data-end=\"1112\">\n<p data-start=\"1085\" data-end=\"1112\">Watermelon Strawberry Ice<\/p>\n<\/li>\n<li data-start=\"1113\" data-end=\"1130\">\n<p data-start=\"1116\" data-end=\"1130\">Boisson \u00e9nergisante<\/p>\n<\/li>\n<li data-start=\"1131\" data-end=\"1145\">\n<p data-start=\"1134\" data-end=\"1145\">Glace au raisin<\/p>\n<\/li>\n<li data-start=\"1146\" data-end=\"1160\">\n<p data-start=\"1149\" data-end=\"1160\">Glace \u00e0 la mangue<\/p>\n<\/li>\n<li data-start=\"1161\" data-end=\"1177\">\n<p data-start=\"1164\" data-end=\"1177\">Juicy Peach<\/p>\n<\/li>\n<li data-start=\"1178\" data-end=\"1194\">\n<p data-start=\"1181\" data-end=\"1194\">Mixed Berry<\/p>\n<\/li>\n<li data-start=\"1195\" data-end=\"1220\">\n<p data-start=\"1198\" data-end=\"1220\">Mango Strawberry Ice<\/p>\n<\/li>\n<li data-start=\"1221\" data-end=\"1237\">\n<p data-start=\"1224\" data-end=\"1237\">Banana Milk<\/p>\n<\/li>\n<li data-start=\"1238\" data-end=\"1254\">\n<p data-start=\"1241\" data-end=\"1254\">Apple Lemon<\/p>\n<\/li>\n<li data-start=\"1255\" data-end=\"1269\">\n<p data-start=\"1259\" data-end=\"1269\">Cola Ice<\/p>\n<\/li>\n<\/ol>","protected":false},"excerpt":{"rendered":"<p>Entdecken Sie die <strong>Lavie Cola 6000 Puffs<\/strong> Einweg-E-Zigarette mit 6000 Z\u00fcgen, 15ml E-Liquid und 10 intensiven Geschmacksrichtungen \u2013 ideal f\u00fcr unterwegs und pure Genussmomente.<\/p>","protected":false},"featured_media":18183,"comment_status":"open","ping_status":"closed","template":"","meta":[],"product_brand":[],"product_cat":[115],"product_tag":[],"class_list":{"0":"post-18160","1":"product","2":"type-product","3":"status-publish","4":"has-post-thumbnail","6":"product_cat-lavie-disposable-vape","8":"first","9":"instock","10":"shipping-taxable","11":"purchasable","12":"product-type-variable"},"_links":{"self":[{"href":"https:\/\/fumot-vaping.de\/fr\/wp-json\/wp\/v2\/product\/18160","targetHints":{"allow":["GET"]}}],"collection":[{"href":"https:\/\/fumot-vaping.de\/fr\/wp-json\/wp\/v2\/product"}],"about":[{"href":"https:\/\/fumot-vaping.de\/fr\/wp-json\/wp\/v2\/types\/product"}],"replies":[{"embeddable":true,"href":"https:\/\/fumot-vaping.de\/fr\/wp-json\/wp\/v2\/comments?post=18160"}],"version-history":[{"count":1,"href":"https:\/\/fumot-vaping.de\/fr\/wp-json\/wp\/v2\/product\/18160\/revisions"}],"predecessor-version":[{"id":18193,"href":"https:\/\/fumot-vaping.de\/fr\/wp-json\/wp\/v2\/product\/18160\/revisions\/18193"}],"wp:featuredmedia":[{"embeddable":true,"href":"https:\/\/fumot-vaping.de\/fr\/wp-json\/wp\/v2\/media\/18183"}],"wp:attachment":[{"href":"https:\/\/fumot-vaping.de\/fr\/wp-json\/wp\/v2\/media?parent=18160"}],"wp:term":[{"taxonomy":"product_brand","embeddable":true,"href":"https:\/\/fumot-vaping.de\/fr\/wp-json\/wp\/v2\/product_brand?post=18160"},{"taxonomy":"product_cat","embeddable":true,"href":"https:\/\/fumot-vaping.de\/fr\/wp-json\/wp\/v2\/product_cat?post=18160"},{"taxonomy":"product_tag","embeddable":true,"href":"https:\/\/fumot-vaping.de\/fr\/wp-json\/wp\/v2\/product_tag?post=18160"}],"curies":[{"name":"wp","href":"https:\/\/api.w.org\/{rel}","templated":true}]}}