{"id":17127,"date":"2025-10-20T01:46:13","date_gmt":"2025-10-20T01:46:13","guid":{"rendered":"https:\/\/fumot-vaping.de\/?post_type=product&#038;p=17127"},"modified":"2025-10-20T01:46:13","modified_gmt":"2025-10-20T01:46:13","slug":"airmez-fox-2-in-1-einweg-e-zigarette","status":"publish","type":"product","link":"https:\/\/fumot-vaping.de\/fr\/product\/airmez-fox-2-in-1-einweg-e-zigarette\/","title":{"rendered":"Airmez FOX 2 IN 1 \u2013 Einweg E-Zigarette"},"content":{"rendered":"<h2 data-start=\"203\" data-end=\"258\"><strong>Airmez FOX 2 IN 1 \u2013 Das ultimative Dampferlebnis<\/strong><\/h2>\n<p data-start=\"260\" data-end=\"618\">Le site <strong data-start=\"264\" data-end=\"285\">Airmez FOX 2 IN 1<\/strong> ist eine hochwertige Einweg-E-Zigarette, die f\u00fcr Dampfer entwickelt wurde, die <strong data-start=\"365\" data-end=\"423\">Leistung, intensiven Geschmack und einfache Handhabung<\/strong> suchen. Mit ihrem modernen Design und der fortschrittlichen Technologie bietet sie ein einzigartiges <strong data-start=\"525\" data-end=\"542\">2-in-1-System<\/strong>, mit dem zwei Geschmacksrichtungen in einem Ger\u00e4t genossen werden k\u00f6nnen.<\/p>\n<p data-start=\"620\" data-end=\"933\">Gr\u00e2ce \u00e0 <strong data-start=\"625\" data-end=\"670\">doppelter E-Liquid-Kapazit\u00e4t von je 15 ml<\/strong>, <strong data-start=\"672\" data-end=\"685\">Bobine \u00e0 mailles<\/strong> f\u00fcr intensiven Dampf und Geschmack sowie <strong data-start=\"727\" data-end=\"768\">650 mAh Akku mit Type-C-Ladeanschluss<\/strong> garantiert der Airmez FOX 2 IN 1 ein langanhaltendes und gleichm\u00e4\u00dfiges Dampferlebnis. Kompakt und benutzerfreundlich \u2013 ideal f\u00fcr Einsteiger und erfahrene Dampfer.<\/p>\n<h2 data-start=\"940\" data-end=\"984\"><strong>Technische Daten \u2013 Airmez FOX 2 IN 1<\/strong><\/h2>\n<ul data-start=\"986\" data-end=\"1292\">\n<li data-start=\"986\" data-end=\"1041\">\n<p data-start=\"988\" data-end=\"1041\"><strong data-start=\"988\" data-end=\"1011\">Capacit\u00e9 en e-liquide :<\/strong> 15 ml * 2 (insgesamt 30 ml)<\/p>\n<\/li>\n<li data-start=\"1042\" data-end=\"1115\">\n<p data-start=\"1044\" data-end=\"1115\"><strong data-start=\"1044\" data-end=\"1059\">Widerstand:<\/strong> Mesh Coil (schnelles Aufheizen, intensiver Geschmack)<\/p>\n<\/li>\n<li data-start=\"1116\" data-end=\"1154\">\n<p data-start=\"1118\" data-end=\"1154\"><strong data-start=\"1118\" data-end=\"1127\">Batterie rechargeable :<\/strong> 650 mAh, wiederaufladbar<\/p>\n<\/li>\n<li data-start=\"1155\" data-end=\"1184\">\n<p data-start=\"1157\" data-end=\"1184\"><strong data-start=\"1157\" data-end=\"1175\">Prise de charge :<\/strong> Type-C<\/p>\n<\/li>\n<li data-start=\"1185\" data-end=\"1227\">\n<p data-start=\"1187\" data-end=\"1227\"><strong data-start=\"1187\" data-end=\"1202\">Emballage :<\/strong> 10 St\u00fcck \/ Display-Box<\/p>\n<\/li>\n<li data-start=\"1228\" data-end=\"1265\">\n<p data-start=\"1230\" data-end=\"1265\"><strong data-start=\"1230\" data-end=\"1242\">Kartons:<\/strong> 100 St\u00fcck pro Karton<\/p>\n<\/li>\n<li data-start=\"1266\" data-end=\"1292\">\n<p data-start=\"1268\" data-end=\"1292\"><strong data-start=\"1268\" data-end=\"1286\">Teneur en nicotine :<\/strong> 2 %<\/p>\n<\/li>\n<\/ul>\n<h2 data-start=\"1299\" data-end=\"1358\"><strong>Verf\u00fcgbare Geschmacksrichtungen \u2013 Airmez FOX 2 IN 1<\/strong><\/h2>\n<p data-start=\"1360\" data-end=\"1442\">Entdecken Sie eine vielf\u00e4ltige Auswahl an fruchtigen, frischen und s\u00fc\u00dfen Aromen:<\/p>\n<ul data-start=\"1444\" data-end=\"1832\">\n<li data-start=\"1444\" data-end=\"1496\">\n<p data-start=\"1446\" data-end=\"1496\"><strong data-start=\"1446\" data-end=\"1494\">Strawberry Watermelon \/ Strawberry Raspberry<\/strong><\/p>\n<\/li>\n<li data-start=\"1497\" data-end=\"1535\">\n<p data-start=\"1499\" data-end=\"1535\"><strong data-start=\"1499\" data-end=\"1533\">Blue Razz Lemonade \/ Blue Razz<\/strong><\/p>\n<\/li>\n<li data-start=\"1536\" data-end=\"1582\">\n<p data-start=\"1538\" data-end=\"1582\"><strong data-start=\"1538\" data-end=\"1580\">Blueberry On Ice \/ Blueberry Raspberry<\/strong><\/p>\n<\/li>\n<li data-start=\"1583\" data-end=\"1623\">\n<p data-start=\"1585\" data-end=\"1623\"><strong data-start=\"1585\" data-end=\"1621\">Strawberry Kiwi \/ Strawberry Ice<\/strong><\/p>\n<\/li>\n<li data-start=\"1624\" data-end=\"1669\">\n<p data-start=\"1626\" data-end=\"1669\"><strong data-start=\"1626\" data-end=\"1667\">Watermelon Ice \/ Raspberry Watermelon<\/strong><\/p>\n<\/li>\n<li data-start=\"1670\" data-end=\"1705\">\n<p data-start=\"1672\" data-end=\"1705\"><strong data-start=\"1672\" data-end=\"1703\">Berry Lemonade \/ Lemon Lime<\/strong><\/p>\n<\/li>\n<li data-start=\"1706\" data-end=\"1738\">\n<p data-start=\"1708\" data-end=\"1738\"><strong data-start=\"1708\" data-end=\"1736\">Tropical Fruit \/ Love 66<\/strong><\/p>\n<\/li>\n<li data-start=\"1739\" data-end=\"1770\">\n<p data-start=\"1741\" data-end=\"1770\"><strong data-start=\"1741\" data-end=\"1768\">Peach Ice \/ Mango Peach<\/strong><\/p>\n<\/li>\n<li data-start=\"1771\" data-end=\"1802\">\n<p data-start=\"1773\" data-end=\"1802\"><strong data-start=\"1773\" data-end=\"1800\">Mixed Berries \/ Dr Blue<\/strong><\/p>\n<\/li>\n<li data-start=\"1803\" data-end=\"1832\">\n<p data-start=\"1805\" data-end=\"1832\"><strong data-start=\"1805\" data-end=\"1830\">Grape Ice \/ Black Ice<\/strong><\/p>\n<\/li>\n<\/ul>\n<h2 data-start=\"1839\" data-end=\"1877\"><strong>Warum Airmez FOX 2 IN 1 w\u00e4hlen?<\/strong><\/h2>\n<ul data-start=\"1879\" data-end=\"2225\">\n<li data-start=\"1879\" data-end=\"1955\">\n<p data-start=\"1881\" data-end=\"1955\">\u2705 <strong data-start=\"1883\" data-end=\"1915\">Doppeltes E-Liquid-Reservoir<\/strong> (30 ml insgesamt) f\u00fcr l\u00e4ngere Nutzung<\/p>\n<\/li>\n<li data-start=\"1956\" data-end=\"2020\">\n<p data-start=\"1958\" data-end=\"2020\">\u2705 <strong data-start=\"1960\" data-end=\"1985\">Technologie Mesh-Coil<\/strong>: dichter Dampf, reiner Geschmack<\/p>\n<\/li>\n<li data-start=\"2021\" data-end=\"2086\">\n<p data-start=\"2023\" data-end=\"2086\">\u2705 <strong data-start=\"2025\" data-end=\"2049\">Connecteur de charge de type C<\/strong>: schnelle und praktische Aufladung<\/p>\n<\/li>\n<li data-start=\"2087\" data-end=\"2166\">\n<p data-start=\"2089\" data-end=\"2166\">\u2705 <strong data-start=\"2091\" data-end=\"2132\">Gro\u00dfe Auswahl an Geschmacksrichtungen<\/strong>: fruchtig, frisch und originell<\/p>\n<\/li>\n<li data-start=\"2167\" data-end=\"2225\">\n<p data-start=\"2169\" data-end=\"2225\">\u2705 <strong data-start=\"2171\" data-end=\"2202\">Kompaktes, elegantes Design<\/strong>, ideal f\u00fcr unterwegs<\/p>\n<\/li>\n<\/ul>\n<p data-start=\"2232\" data-end=\"2356\">\ud83d\udc49 Jetzt erh\u00e4ltlich auf <strong data-start=\"2256\" data-end=\"2302\"><a class=\"\" href=\"https:\/\/fumot-vaping.de\" target=\"_new\" rel=\"noopener\" data-start=\"2258\" data-end=\"2300\">fumot-vaping.fr<\/a><\/strong> \u2013 Ihr Fachshop f\u00fcr hochwertige Einweg-E-Zigaretten.<\/p>","protected":false},"excerpt":{"rendered":"<p>Airmez FOX 2 IN 1 \u2013 Einweg E-Zigarette mit 2\u00d715ml E-Liquid, Mesh Coil, 650mAh Akku, Type-C Ladeanschluss. 10 fruchtige Aromen f\u00fcr intensiven Geschmack.<\/p>","protected":false},"featured_media":17151,"comment_status":"open","ping_status":"closed","template":"","meta":[],"product_brand":[],"product_cat":[109],"product_tag":[94,95,96,97],"class_list":{"0":"post-17127","1":"product","2":"type-product","3":"status-publish","4":"has-post-thumbnail","6":"product_cat-airmez-disposable-vape","7":"product_tag-big-puffs-vape","8":"product_tag-low-nicotine-vape","9":"product_tag-nicotine-free-vape","10":"product_tag-rechargeable-vape","12":"first","13":"instock","14":"shipping-taxable","15":"purchasable","16":"product-type-variable"},"_links":{"self":[{"href":"https:\/\/fumot-vaping.de\/fr\/wp-json\/wp\/v2\/product\/17127","targetHints":{"allow":["GET"]}}],"collection":[{"href":"https:\/\/fumot-vaping.de\/fr\/wp-json\/wp\/v2\/product"}],"about":[{"href":"https:\/\/fumot-vaping.de\/fr\/wp-json\/wp\/v2\/types\/product"}],"replies":[{"embeddable":true,"href":"https:\/\/fumot-vaping.de\/fr\/wp-json\/wp\/v2\/comments?post=17127"}],"version-history":[{"count":1,"href":"https:\/\/fumot-vaping.de\/fr\/wp-json\/wp\/v2\/product\/17127\/revisions"}],"predecessor-version":[{"id":17158,"href":"https:\/\/fumot-vaping.de\/fr\/wp-json\/wp\/v2\/product\/17127\/revisions\/17158"}],"wp:featuredmedia":[{"embeddable":true,"href":"https:\/\/fumot-vaping.de\/fr\/wp-json\/wp\/v2\/media\/17151"}],"wp:attachment":[{"href":"https:\/\/fumot-vaping.de\/fr\/wp-json\/wp\/v2\/media?parent=17127"}],"wp:term":[{"taxonomy":"product_brand","embeddable":true,"href":"https:\/\/fumot-vaping.de\/fr\/wp-json\/wp\/v2\/product_brand?post=17127"},{"taxonomy":"product_cat","embeddable":true,"href":"https:\/\/fumot-vaping.de\/fr\/wp-json\/wp\/v2\/product_cat?post=17127"},{"taxonomy":"product_tag","embeddable":true,"href":"https:\/\/fumot-vaping.de\/fr\/wp-json\/wp\/v2\/product_tag?post=17127"}],"curies":[{"name":"wp","href":"https:\/\/api.w.org\/{rel}","templated":true}]}}