{"id":16953,"date":"2025-07-21T02:05:26","date_gmt":"2025-07-21T02:05:26","guid":{"rendered":"https:\/\/fumot-vaping.de\/?post_type=product&#038;p=16953"},"modified":"2025-07-21T02:05:26","modified_gmt":"2025-07-21T02:05:26","slug":"randm-fumot-leopard-40k-smarter-all-in-one-vape","status":"publish","type":"product","link":"https:\/\/fumot-vaping.de\/fr\/product\/randm-fumot-leopard-40k-smarter-all-in-one-vape\/","title":{"rendered":"RandM Fumot Leopard 40K - Vape tout-en-un plus intelligente"},"content":{"rendered":"<h2 data-start=\"141\" data-end=\"221\"><strong data-start=\"143\" data-end=\"221\">RandM Fumot Leopard 40K - Puissance, go\u00fbt et contr\u00f4le dans un seul appareil<\/strong><\/h2>\n<p data-start=\"223\" data-end=\"272\"><strong data-start=\"226\" data-end=\"272\">Next-Level Vape jetable avec technologie intelligente<\/strong><\/p>\n<p data-start=\"274\" data-end=\"580\">Le site <strong data-start=\"278\" data-end=\"305\">RandM Fumot Leopard 40K<\/strong> est un vaporisateur sophistiqu\u00e9 \u00e0 usage unique pour les vapoteurs exigeants. Avec une <strong data-start=\"386\" data-end=\"428\">Capacit\u00e9 de tamponnage jusqu'\u00e0 40.000 trains<\/strong>, <strong data-start=\"430\" data-end=\"460\">Technologie Dual-Mesh-Coil<\/strong> et un <strong data-start=\"471\" data-end=\"504\">batterie rechargeable de 700mAh<\/strong> cet appareil fournit une qualit\u00e9 de vapeur sup\u00e9rieure avec une long\u00e9vit\u00e9 maximale.<\/p>\n<p data-start=\"582\" data-end=\"950\">Gr\u00e2ce au syst\u00e8me int\u00e9gr\u00e9 <strong data-start=\"604\" data-end=\"629\">Afficheurs num\u00e9riques \u00e0 tube<\/strong> vous gardez \u00e0 tout moment un aper\u00e7u de l'\u00e9tat de la batterie et de la quantit\u00e9 de liquide. Le site <strong data-start=\"708\" data-end=\"735\">Interface USB type C<\/strong> permet un chargement rapide et efficace. Avec <strong data-start=\"787\" data-end=\"831\">quatre taux de nicotine (0 %, 2 %, 3 %, 5 %)<\/strong> et 16 saveurs soigneusement compos\u00e9es, cet appareil offre une personnalisation maximale pour un minimum d'efforts.<\/p>\n<h2 data-start=\"141\" data-end=\"221\"><strong data-start=\"143\" data-end=\"221\">RandM Fumot Leopard 40K <\/strong><strong data-start=\"963\" data-end=\"996\">Caract\u00e9ristiques importantes du produit<\/strong><\/h2>\n<ul data-start=\"998\" data-end=\"1360\">\n<li data-start=\"998\" data-end=\"1025\">\n<p data-start=\"1000\" data-end=\"1025\"><strong data-start=\"1000\" data-end=\"1008\">Trains<\/strong>Jusqu'\u00e0 40.000<\/p>\n<\/li>\n<li data-start=\"1026\" data-end=\"1062\">\n<p data-start=\"1028\" data-end=\"1062\"><strong data-start=\"1028\" data-end=\"1040\">Batterie<\/strong>700 mAh, rechargeable<\/p>\n<\/li>\n<li data-start=\"1063\" data-end=\"1122\">\n<p data-start=\"1065\" data-end=\"1122\"><strong data-start=\"1065\" data-end=\"1073\">Bobine<\/strong>: Dual Mesh pour une vapeur intense et r\u00e9guli\u00e8re<\/p>\n<\/li>\n<li data-start=\"1123\" data-end=\"1155\">\n<p data-start=\"1125\" data-end=\"1155\"><strong data-start=\"1125\" data-end=\"1142\">Prise de charge<\/strong>: USB type-C<\/p>\n<\/li>\n<li data-start=\"1156\" data-end=\"1197\">\n<p data-start=\"1158\" data-end=\"1197\"><strong data-start=\"1158\" data-end=\"1175\">Taux de nicotine<\/strong>: 0 %, 2 %, 3 %, 5 %<\/p>\n<\/li>\n<li data-start=\"1198\" data-end=\"1253\">\n<p data-start=\"1200\" data-end=\"1253\"><strong data-start=\"1200\" data-end=\"1211\">Annonce<\/strong>affichage num\u00e9rique du niveau de batterie et de liquide<\/p>\n<\/li>\n<li data-start=\"1254\" data-end=\"1306\">\n<p data-start=\"1256\" data-end=\"1306\"><strong data-start=\"1256\" data-end=\"1266\">Design<\/strong>compact, stable, id\u00e9al pour les d\u00e9placements<\/p>\n<\/li>\n<li data-start=\"1307\" data-end=\"1360\">\n<p data-start=\"1309\" data-end=\"1360\"><strong data-start=\"1309\" data-end=\"1331\">Unit\u00e9 d'emballage<\/strong>160 pi\u00e8ces\/carton, 21,2 kg<\/p>\n<\/li>\n<\/ul>\n<h2 data-start=\"141\" data-end=\"221\"><strong data-start=\"143\" data-end=\"221\">RandM Fumot Leopard 40K <\/strong><strong data-start=\"1373\" data-end=\"1408\">Saveurs disponibles<\/strong><\/h2>\n<p data-start=\"1410\" data-end=\"1504\">Chaque appareil contient des ar\u00f4mes intenses pr\u00e9m\u00e9lang\u00e9s pour une exp\u00e9rience de vapotage agr\u00e9able et durable :<\/p>\n<ol data-start=\"1506\" data-end=\"1871\">\n<li data-start=\"1506\" data-end=\"1524\">\n<p data-start=\"1509\" data-end=\"1524\">M\u00e9lange de baies<\/p>\n<\/li>\n<li data-start=\"1525\" data-end=\"1549\">\n<p data-start=\"1528\" data-end=\"1549\">Blueberry Raspberry<\/p>\n<\/li>\n<li data-start=\"1550\" data-end=\"1576\">\n<p data-start=\"1553\" data-end=\"1576\">Past\u00e8que \u00e0 la fraise<\/p>\n<\/li>\n<li data-start=\"1577\" data-end=\"1596\">\n<p data-start=\"1580\" data-end=\"1596\">Glace \u00e0 la fraise<\/p>\n<\/li>\n<li data-start=\"1597\" data-end=\"1612\">\n<p data-start=\"1600\" data-end=\"1612\">Glace cerise<\/p>\n<\/li>\n<li data-start=\"1613\" data-end=\"1632\">\n<p data-start=\"1616\" data-end=\"1632\">Glace \u00e0 la past\u00e8que<\/p>\n<\/li>\n<li data-start=\"1633\" data-end=\"1662\">\n<p data-start=\"1636\" data-end=\"1662\">Kiwi Passion Fruit Goyave<\/p>\n<\/li>\n<li data-start=\"1663\" data-end=\"1675\">\n<p data-start=\"1666\" data-end=\"1675\">Dr Blue<\/p>\n<\/li>\n<li data-start=\"1676\" data-end=\"1697\">\n<p data-start=\"1679\" data-end=\"1697\">Blueberry on Ice<\/p>\n<\/li>\n<li data-start=\"1698\" data-end=\"1715\">\n<p data-start=\"1702\" data-end=\"1715\">Peach Berry<\/p>\n<\/li>\n<li data-start=\"1716\" data-end=\"1735\">\n<p data-start=\"1720\" data-end=\"1735\">Lemonade rose<\/p>\n<\/li>\n<li data-start=\"1736\" data-end=\"1759\">\n<p data-start=\"1740\" data-end=\"1759\">Fraise Banane<\/p>\n<\/li>\n<li data-start=\"1760\" data-end=\"1786\">\n<p data-start=\"1764\" data-end=\"1786\">Past\u00e8que Bubblegum<\/p>\n<\/li>\n<li data-start=\"1787\" data-end=\"1815\">\n<p data-start=\"1791\" data-end=\"1815\">Mangue Peachy Pineapple<\/p>\n<\/li>\n<li data-start=\"1816\" data-end=\"1838\">\n<p data-start=\"1820\" data-end=\"1838\">Black Dragon Ice<\/p>\n<\/li>\n<li data-start=\"1839\" data-end=\"1871\">\n<p data-start=\"1843\" data-end=\"1871\">Blueberry Cherry Cranberry<\/p>\n<\/li>\n<\/ol>\n<h2 data-start=\"1878\" data-end=\"1918\"><strong data-start=\"1884\" data-end=\"1918\">Pourquoi RandM Fumot Leopard 40K ?<\/strong><\/h2>\n<ul data-start=\"1920\" data-end=\"2280\">\n<li data-start=\"1920\" data-end=\"2000\">\n<p data-start=\"1922\" data-end=\"2000\"><strong data-start=\"1922\" data-end=\"1950\">Vapotage de longue dur\u00e9e<\/strong>Id\u00e9al pour les utilisateurs fr\u00e9quents, sans devoir en racheter souvent<\/p>\n<\/li>\n<li data-start=\"2001\" data-end=\"2067\">\n<p data-start=\"2003\" data-end=\"2067\"><strong data-start=\"2003\" data-end=\"2027\">Affichage transparent<\/strong>: Gardez une vue d'ensemble \u00e0 tout moment<\/p>\n<\/li>\n<li data-start=\"2068\" data-end=\"2143\">\n<p data-start=\"2070\" data-end=\"2143\"><strong data-start=\"2070\" data-end=\"2086\">Plein d'ar\u00f4me<\/strong>gr\u00e2ce au Dual Mesh, le go\u00fbt reste constamment intense<\/p>\n<\/li>\n<li data-start=\"2144\" data-end=\"2224\">\n<p data-start=\"2146\" data-end=\"2224\"><strong data-start=\"2146\" data-end=\"2176\">Niveaux de nicotine individuels<\/strong>parfait pour les d\u00e9butants et les vapoteurs exp\u00e9riment\u00e9s<\/p>\n<\/li>\n<li data-start=\"2225\" data-end=\"2280\">\n<p data-start=\"2227\" data-end=\"2280\"><strong data-start=\"2227\" data-end=\"2246\">Compact &amp; mobile<\/strong>Pour les loisirs, les voyages et la vie quotidienne<\/p>\n<\/li>\n<\/ul>\n<h2 data-start=\"2287\" data-end=\"2333\"><strong data-start=\"2293\" data-end=\"2333\">Maintenant disponible sur Fumot-Vaping.fr<\/strong><\/h2>\n<p data-start=\"2335\" data-end=\"2598\">Le site <strong data-start=\"2339\" data-end=\"2366\">RandM Fumot Leopard 40K<\/strong> est la combinaison parfaite de la technique, du go\u00fbt et de l'endurance. Commandez maintenant chez <strong data-start=\"2457\" data-end=\"2503\"><a class=\"\" href=\"https:\/\/fumot-vaping.de\" target=\"_new\" rel=\"noopener\" data-start=\"2459\" data-end=\"2501\">fumot-vaping.fr<\/a><\/strong> et profitez d'une livraison rapide en Europe ainsi que d'un service client comp\u00e9tent.<\/p>\n<p data-start=\"2600\" data-end=\"2648\">\ud83d\udc49 <strong data-start=\"2603\" data-end=\"2648\">Achetez maintenant et d\u00e9couvrez le vapotage sous un nouveau jour.<\/strong><\/p>","protected":false},"excerpt":{"rendered":"<p>D\u00e9couvre le <strong>RandM Fumot Leopard 40K<\/strong> avec double maillage, batterie de 700 mAh, chargement USB-C et affichage num\u00e9rique. Jusqu'\u00e0 40 000 bouff\u00e9es dans 16 saveurs intenses. Acheter maintenant.<\/p>","protected":false},"featured_media":17025,"comment_status":"open","ping_status":"closed","template":"","meta":[],"product_brand":[],"product_cat":[18],"product_tag":[],"class_list":{"0":"post-16953","1":"product","2":"type-product","3":"status-publish","4":"has-post-thumbnail","6":"product_cat-randm-fumot-einweg-vape","8":"first","9":"instock","10":"shipping-taxable","11":"purchasable","12":"product-type-variable"},"_links":{"self":[{"href":"https:\/\/fumot-vaping.de\/fr\/wp-json\/wp\/v2\/product\/16953","targetHints":{"allow":["GET"]}}],"collection":[{"href":"https:\/\/fumot-vaping.de\/fr\/wp-json\/wp\/v2\/product"}],"about":[{"href":"https:\/\/fumot-vaping.de\/fr\/wp-json\/wp\/v2\/types\/product"}],"replies":[{"embeddable":true,"href":"https:\/\/fumot-vaping.de\/fr\/wp-json\/wp\/v2\/comments?post=16953"}],"version-history":[{"count":1,"href":"https:\/\/fumot-vaping.de\/fr\/wp-json\/wp\/v2\/product\/16953\/revisions"}],"predecessor-version":[{"id":17031,"href":"https:\/\/fumot-vaping.de\/fr\/wp-json\/wp\/v2\/product\/16953\/revisions\/17031"}],"wp:featuredmedia":[{"embeddable":true,"href":"https:\/\/fumot-vaping.de\/fr\/wp-json\/wp\/v2\/media\/17025"}],"wp:attachment":[{"href":"https:\/\/fumot-vaping.de\/fr\/wp-json\/wp\/v2\/media?parent=16953"}],"wp:term":[{"taxonomy":"product_brand","embeddable":true,"href":"https:\/\/fumot-vaping.de\/fr\/wp-json\/wp\/v2\/product_brand?post=16953"},{"taxonomy":"product_cat","embeddable":true,"href":"https:\/\/fumot-vaping.de\/fr\/wp-json\/wp\/v2\/product_cat?post=16953"},{"taxonomy":"product_tag","embeddable":true,"href":"https:\/\/fumot-vaping.de\/fr\/wp-json\/wp\/v2\/product_tag?post=16953"}],"curies":[{"name":"wp","href":"https:\/\/api.w.org\/{rel}","templated":true}]}}