{"id":16609,"date":"2025-07-31T09:22:11","date_gmt":"2025-07-31T09:22:11","guid":{"rendered":"https:\/\/fumot-vaping.de\/?post_type=product&#038;p=16609"},"modified":"2025-11-20T02:59:08","modified_gmt":"2025-11-20T02:59:08","slug":"jnr-skywalker-box-21000-puff-jetable-vape","status":"publish","type":"product","link":"https:\/\/fumot-vaping.de\/fr\/product\/jnr-skywalker-box-21000-puff-jetable-vape\/","title":{"rendered":"JNR SKYWALKER BOX 21000 PUFF jetable Vape"},"content":{"rendered":"<h2 data-start=\"181\" data-end=\"286\"><strong data-start=\"184\" data-end=\"286\">JNR SKYWALKER BOX 21000 PUFF - Puissante vape jetable avec pr\u00e9sentoir | Maintenant sur fumot-vaping.fr<\/strong><\/h2>\n<p data-start=\"288\" data-end=\"693\">Le site <strong data-start=\"292\" data-end=\"324\">JNR SKYWALKER BOX 21000 PUFF<\/strong> est le dernier coup de la populaire <strong data-start=\"360\" data-end=\"372\">JNR Vape<\/strong>-Un v\u00e9ritable atout pour les vapoteurs qui accordent de l'importance \u00e0 l'endurance, au design et \u00e0 l'innovation. Avec <strong data-start=\"471\" data-end=\"494\">jusqu'\u00e0 21.000 trains<\/strong>un tr\u00e8s grand <strong data-start=\"514\" data-end=\"537\">r\u00e9servoir d'e-liquide de 25 ml<\/strong> et un <strong data-start=\"548\" data-end=\"571\">\u00e9cran HD moderne<\/strong> pour l'affichage de l'\u00e9tat de la batterie et du remplissage de liquide, ce mod\u00e8le offre tout ce qu'un appareil \u00e0 usage unique sophistiqu\u00e9 doit offrir.<\/p>\n<p data-start=\"695\" data-end=\"1043\">La combinaison de <strong data-start=\"715\" data-end=\"733\">Bobine Dual Mesh<\/strong>, forte <strong data-start=\"743\" data-end=\"763\">batterie de 850 mAh<\/strong>, <strong data-start=\"765\" data-end=\"788\">Charge rapide USB-C<\/strong> et une simple <strong data-start=\"809\" data-end=\"844\">Activation du tirage (Draw Activated)<\/strong> assure un go\u00fbt uniforme, des nuages de vapeur denses et un contr\u00f4le maximal. Le design ergonomique de la bo\u00eete tient bien en main, tandis que plus de <strong data-start=\"987\" data-end=\"1017\">15 ar\u00f4mes frais et fruit\u00e9s<\/strong> offrir un v\u00e9ritable changement.<\/p>\n<h2 data-start=\"1050\" data-end=\"1090\"><strong data-start=\"1057\" data-end=\"1090\">JNR SKYWALKER BOX 21000 Aper\u00e7u des caract\u00e9ristiques du produit :<\/strong><\/h2>\n<ul data-start=\"1092\" data-end=\"1535\">\n<li data-start=\"1092\" data-end=\"1134\">\n<p data-start=\"1094\" data-end=\"1134\"><strong data-start=\"1094\" data-end=\"1112\">Trains maximums :<\/strong> Jusqu'\u00e0 21 000 bouff\u00e9es<\/p>\n<\/li>\n<li data-start=\"1135\" data-end=\"1168\">\n<p data-start=\"1137\" data-end=\"1168\"><strong data-start=\"1137\" data-end=\"1160\">Capacit\u00e9 de l'e-liquide :<\/strong> 25 ml<\/p>\n<\/li>\n<li data-start=\"1169\" data-end=\"1219\">\n<p data-start=\"1171\" data-end=\"1219\"><strong data-start=\"1171\" data-end=\"1184\">batterie :<\/strong> 850 mAh, rechargeable (USB-C)<\/p>\n<\/li>\n<li data-start=\"1220\" data-end=\"1272\">\n<p data-start=\"1222\" data-end=\"1272\"><strong data-start=\"1222\" data-end=\"1240\">Teneur en nicotine :<\/strong> 0 %, 2 % ou 5 % Sel de nicotine<\/p>\n<\/li>\n<li data-start=\"1273\" data-end=\"1339\">\n<p data-start=\"1275\" data-end=\"1339\"><strong data-start=\"1275\" data-end=\"1291\">Activation :<\/strong> M\u00e9canisme de traction automatique (Draw-Activated)<\/p>\n<\/li>\n<li data-start=\"1340\" data-end=\"1380\">\n<p data-start=\"1342\" data-end=\"1380\"><strong data-start=\"1342\" data-end=\"1351\">Coil :<\/strong> Dual Mesh Coil + Dual Core<\/p>\n<\/li>\n<li data-start=\"1381\" data-end=\"1413\">\n<p data-start=\"1383\" data-end=\"1413\"><strong data-start=\"1383\" data-end=\"1401\">Prise de charge :<\/strong> USB de type C<\/p>\n<\/li>\n<li data-start=\"1414\" data-end=\"1485\">\n<p data-start=\"1416\" data-end=\"1485\"><strong data-start=\"1416\" data-end=\"1428\">Affichage :<\/strong> \u00c9cran HD int\u00e9gr\u00e9 pour l'\u00e9tat de la batterie &amp; le niveau d'e-liquide<\/p>\n<\/li>\n<li data-start=\"1486\" data-end=\"1535\">\n<p data-start=\"1488\" data-end=\"1535\"><strong data-start=\"1488\" data-end=\"1496\">Type<\/strong> E-cigarette jetable (Disposable Vape)<\/p>\n<\/li>\n<\/ul>\n<h2 data-start=\"1793\" data-end=\"1836\"><strong data-start=\"1800\" data-end=\"1836\">JNR SKYWALKER BOX 21000 Saveurs disponibles :<\/strong><\/h2>\n<ol data-start=\"1838\" data-end=\"2155\">\n<li data-start=\"1838\" data-end=\"1856\">\n<p data-start=\"1841\" data-end=\"1856\">Blue Razz Ice<\/p>\n<\/li>\n<li data-start=\"1857\" data-end=\"1882\">\n<p data-start=\"1860\" data-end=\"1882\">Blueberry Past\u00e8que<\/p>\n<\/li>\n<li data-start=\"1883\" data-end=\"1906\">\n<p data-start=\"1886\" data-end=\"1906\">Lemonade aux myrtilles<\/p>\n<\/li>\n<li data-start=\"1907\" data-end=\"1926\">\n<p data-start=\"1910\" data-end=\"1926\">Glace \u00e0 la pomme acidul\u00e9e<\/p>\n<\/li>\n<li data-start=\"1927\" data-end=\"1941\">\n<p data-start=\"1930\" data-end=\"1941\">Glace au raisin<\/p>\n<\/li>\n<li data-start=\"1942\" data-end=\"1966\">\n<p data-start=\"1945\" data-end=\"1966\">Kiwi Past\u00e8que Ice<\/p>\n<\/li>\n<li data-start=\"1967\" data-end=\"1986\">\n<p data-start=\"1970\" data-end=\"1986\">Glace \u00e0 la fraise<\/p>\n<\/li>\n<li data-start=\"1987\" data-end=\"2007\">\n<p data-start=\"1990\" data-end=\"2007\">Kiwi \u00e0 la fraise<\/p>\n<\/li>\n<li data-start=\"2008\" data-end=\"2034\">\n<p data-start=\"2011\" data-end=\"2034\">Past\u00e8que \u00e0 la fraise<\/p>\n<\/li>\n<li data-start=\"2035\" data-end=\"2055\">\n<p data-start=\"2039\" data-end=\"2055\">Glace \u00e0 la past\u00e8que<\/p>\n<\/li>\n<li data-start=\"2056\" data-end=\"2081\">\n<p data-start=\"2060\" data-end=\"2081\">Passion Fruit Goyave<\/p>\n<\/li>\n<li data-start=\"2082\" data-end=\"2100\">\n<p data-start=\"2086\" data-end=\"2100\">Cerise noire<\/p>\n<\/li>\n<li data-start=\"2101\" data-end=\"2120\">\n<p data-start=\"2105\" data-end=\"2120\">Lemonade rose<\/p>\n<\/li>\n<li data-start=\"2121\" data-end=\"2139\">\n<p data-start=\"2125\" data-end=\"2139\">Cherry Lemon<\/p>\n<\/li>\n<li data-start=\"2140\" data-end=\"2155\">\n<p data-start=\"2144\" data-end=\"2155\">Cool Mint<\/p>\n<\/li>\n<\/ol>\n<h2 data-start=\"2162\" data-end=\"2223\"><strong data-start=\"2168\" data-end=\"2223\">Pourquoi acheter JNR SKYWALKER BOX chez fumot-vaping.fr ?<\/strong><\/h2>\n<ul data-start=\"2225\" data-end=\"2587\">\n<li data-start=\"2225\" data-end=\"2275\">\n<p data-start=\"2227\" data-end=\"2275\">Appareil \u00e0 haut rendement avec jusqu'\u00e0 <strong data-start=\"2257\" data-end=\"2273\">21 000 trains<\/strong><\/p>\n<\/li>\n<li data-start=\"2276\" data-end=\"2351\">\n<p data-start=\"2278\" data-end=\"2351\">clair et net <strong data-start=\"2294\" data-end=\"2308\">\u00c9cran HD<\/strong> - contr\u00f4le permanent de la batterie et du liquide<\/p>\n<\/li>\n<li data-start=\"2352\" data-end=\"2406\">\n<p data-start=\"2354\" data-end=\"2406\">Grand choix de <strong data-start=\"2371\" data-end=\"2404\">ar\u00f4mes fruit\u00e9s &amp; glac\u00e9s<\/strong><\/p>\n<\/li>\n<li data-start=\"2407\" data-end=\"2456\">\n<p data-start=\"2409\" data-end=\"2456\">Flexible <strong data-start=\"2418\" data-end=\"2454\">Taux de nicotine (0 % \/ 2 % \/ 5 %)<\/strong><\/p>\n<\/li>\n<li data-start=\"2457\" data-end=\"2533\">\n<p data-start=\"2459\" data-end=\"2533\">Produit original de la c\u00e9l\u00e8bre <strong data-start=\"2493\" data-end=\"2506\">JNR ALIEN<\/strong> \/ <strong data-start=\"2509\" data-end=\"2525\">JNR MEDIAMAX<\/strong> S\u00e9rie<\/p>\n<\/li>\n<li data-start=\"2534\" data-end=\"2587\">\n<p data-start=\"2536\" data-end=\"2587\"><strong data-start=\"2536\" data-end=\"2569\">Envoi rapide &amp; discret<\/strong> de l'Allemagne<\/p>\n<\/li>\n<\/ul>\n<p data-start=\"2589\" data-end=\"2698\">\ud83d\udc49 Commander maintenant en ligne chez <a class=\"\" href=\"https:\/\/fumot-vaping.de\" target=\"_new\" rel=\"noopener\" data-start=\"2619\" data-end=\"2665\"><strong data-start=\"2620\" data-end=\"2639\">fumot-vaping.fr<\/strong><\/a> et d\u00e9couvrir le plaisir de la vapeur premium !<\/p>\n<h2 data-start=\"1542\" data-end=\"1574\"><strong data-start=\"1549\" data-end=\"1572\">Remarque sur la nicotine :<\/strong><\/h2>\n<p data-start=\"1575\" data-end=\"1786\">Disponible avec <strong data-start=\"1590\" data-end=\"1623\">0 %, 2 % ou 5 % Sel de nicotine<\/strong>. <strong data-start=\"1625\" data-end=\"1674\">La nicotine est une substance qui cr\u00e9e une forte d\u00e9pendance.<\/strong> Ne convient pas aux non-fumeurs, aux jeunes ou aux femmes enceintes. Tenir hors de port\u00e9e des enfants.<\/p>","protected":false},"excerpt":{"rendered":"<p><strong>JNR Skywalker Box 21000 Puffs<\/strong> - 25 ml de liquide, batterie 850 mAh, \u00e9cran HD, coil Dual Mesh &amp; 15 ar\u00f4mes. D\u00e9couvrez maintenant l'innovation JNR Vape chez fumot-vaping.fr !<\/p>","protected":false},"featured_media":16661,"comment_status":"open","ping_status":"closed","template":"","meta":[],"product_brand":[],"product_cat":[106],"product_tag":[],"class_list":{"0":"post-16609","1":"product","2":"type-product","3":"status-publish","4":"has-post-thumbnail","6":"product_cat-jnr-disposable-vape","8":"first","9":"outofstock","10":"shipping-taxable","11":"purchasable","12":"product-type-variable"},"_links":{"self":[{"href":"https:\/\/fumot-vaping.de\/fr\/wp-json\/wp\/v2\/product\/16609","targetHints":{"allow":["GET"]}}],"collection":[{"href":"https:\/\/fumot-vaping.de\/fr\/wp-json\/wp\/v2\/product"}],"about":[{"href":"https:\/\/fumot-vaping.de\/fr\/wp-json\/wp\/v2\/types\/product"}],"replies":[{"embeddable":true,"href":"https:\/\/fumot-vaping.de\/fr\/wp-json\/wp\/v2\/comments?post=16609"}],"version-history":[{"count":1,"href":"https:\/\/fumot-vaping.de\/fr\/wp-json\/wp\/v2\/product\/16609\/revisions"}],"predecessor-version":[{"id":16663,"href":"https:\/\/fumot-vaping.de\/fr\/wp-json\/wp\/v2\/product\/16609\/revisions\/16663"}],"wp:featuredmedia":[{"embeddable":true,"href":"https:\/\/fumot-vaping.de\/fr\/wp-json\/wp\/v2\/media\/16661"}],"wp:attachment":[{"href":"https:\/\/fumot-vaping.de\/fr\/wp-json\/wp\/v2\/media?parent=16609"}],"wp:term":[{"taxonomy":"product_brand","embeddable":true,"href":"https:\/\/fumot-vaping.de\/fr\/wp-json\/wp\/v2\/product_brand?post=16609"},{"taxonomy":"product_cat","embeddable":true,"href":"https:\/\/fumot-vaping.de\/fr\/wp-json\/wp\/v2\/product_cat?post=16609"},{"taxonomy":"product_tag","embeddable":true,"href":"https:\/\/fumot-vaping.de\/fr\/wp-json\/wp\/v2\/product_tag?post=16609"}],"curies":[{"name":"wp","href":"https:\/\/api.w.org\/{rel}","templated":true}]}}