{"id":16478,"date":"2025-07-09T03:06:51","date_gmt":"2025-07-09T03:06:51","guid":{"rendered":"https:\/\/fumot-vaping.de\/?post_type=product&#038;p=16478"},"modified":"2025-07-09T03:06:51","modified_gmt":"2025-07-09T03:06:51","slug":"vozol-star-40k-vape-avec-auto-sound","status":"publish","type":"product","link":"https:\/\/fumot-vaping.de\/fr\/product\/vozol-star-40k-vape-avec-auto-sound\/","title":{"rendered":"VOZOL Star 40K - Vape avec son auto"},"content":{"rendered":"<h2 data-start=\"246\" data-end=\"326\"><strong data-start=\"248\" data-end=\"326\">VOZOL Star 40K - Vape avec son &amp; 40.000 bouff\u00e9es | Maintenant chez fumot-vaping.fr<\/strong><\/h2>\n<p data-start=\"328\" data-end=\"645\">Le site <strong data-start=\"332\" data-end=\"350\">VOZOL Star 40K<\/strong> est plus qu'une simple vape - c'est une d\u00e9claration technologique. Avec <strong data-start=\"421\" data-end=\"444\">jusqu'\u00e0 40.000 bouff\u00e9es<\/strong>, int\u00e9gr\u00e9 <strong data-start=\"459\" data-end=\"473\">Son auto<\/strong>un \u00e9l\u00e9gant <strong data-start=\"491\" data-end=\"513\">\u00c9cran num\u00e9rique \u00e0 LED<\/strong> et sur <strong data-start=\"523\" data-end=\"558\">25 vari\u00e9t\u00e9s au go\u00fbt intense<\/strong> cette vape jetable est parfaite pour ceux qui <strong data-start=\"604\" data-end=\"637\">Style, performance et innovation<\/strong> chercher.<\/p>\n<p data-start=\"647\" data-end=\"997\">Gr\u00e2ce \u00e0 la <strong data-start=\"656\" data-end=\"686\">Technologie Dual Mesh Coil<\/strong> le Star 40K assure une vapeur constamment dense et riche en saveurs. Le site <strong data-start=\"760\" data-end=\"782\">Contr\u00f4le par puce MCU<\/strong> garantit un contr\u00f4le pr\u00e9cis de la puissance, tandis que la fonction int\u00e9gr\u00e9e <strong data-start=\"850\" data-end=\"904\">Fonction son activ\u00e9e automatiquement \u00e0 chaque coup<\/strong> Un v\u00e9ritable point fort pour tous ceux qui souhaitent profiter de leur exp\u00e9rience de vapotage \u00e9galement sur le plan acoustique.<\/p>\n<p data-start=\"999\" data-end=\"1165\">Que tu cherches <strong data-start=\"1010\" data-end=\"1024\">VOZOL Pods<\/strong>un produit de haute qualit\u00e9 <strong data-start=\"1045\" data-end=\"1059\">VOZOL Vape<\/strong>ou un <strong data-start=\"1072\" data-end=\"1095\">Vape avec son auto<\/strong> cherche - chez <strong data-start=\"1109\" data-end=\"1128\">fumot-vaping.fr<\/strong> tu trouveras exactement l'appareil qu'il te faut.<\/p>\n<h2><strong data-start=\"1178\" data-end=\"1215\">Donn\u00e9es techniques - VOZOL Star 40K<\/strong><\/h2>\n<div class=\"_tableContainer_16hzy_1\">\n<div class=\"_tableWrapper_16hzy_14 group flex w-fit flex-col-reverse\" tabindex=\"-1\">\n<ul data-start=\"119\" data-end=\"699\">\n<li data-start=\"119\" data-end=\"154\">\n<p data-start=\"121\" data-end=\"154\"><strong data-start=\"121\" data-end=\"138\">Trains (puffs) :<\/strong> Jusqu'\u00e0 40.000<\/p>\n<\/li>\n<li data-start=\"155\" data-end=\"207\">\n<p data-start=\"157\" data-end=\"207\"><strong data-start=\"157\" data-end=\"170\">batterie :<\/strong> 1000mAh, rechargeable via USB-C<\/p>\n<\/li>\n<li data-start=\"208\" data-end=\"258\">\n<p data-start=\"210\" data-end=\"258\"><strong data-start=\"210\" data-end=\"223\">E-liquide :<\/strong> Pr\u00e9-rempli, 20mg\/ml ou 50mg\/ml<\/p>\n<\/li>\n<li data-start=\"259\" data-end=\"315\">\n<p data-start=\"261\" data-end=\"315\"><strong data-start=\"261\" data-end=\"279\">Teneur en nicotine :<\/strong> Disponible avec 2% ou 5% de nicotine<\/p>\n<\/li>\n<li data-start=\"316\" data-end=\"381\">\n<p data-start=\"318\" data-end=\"381\"><strong data-start=\"318\" data-end=\"339\">Technologie Coil :<\/strong> Coil Dual Mesh pour un go\u00fbt intense<\/p>\n<\/li>\n<li data-start=\"382\" data-end=\"457\">\n<p data-start=\"384\" data-end=\"457\"><strong data-start=\"384\" data-end=\"396\">Annonce :<\/strong> \u00e9cran num\u00e9rique LED pour un aper\u00e7u de l'\u00e9tat de la batterie &amp; du liquide<\/p>\n<\/li>\n<li data-start=\"458\" data-end=\"529\">\n<p data-start=\"460\" data-end=\"529\"><strong data-start=\"460\" data-end=\"469\">puce :<\/strong> Puce MCU int\u00e9gr\u00e9e pour une gestion intelligente de la puissance<\/p>\n<\/li>\n<li data-start=\"530\" data-end=\"572\">\n<p data-start=\"532\" data-end=\"572\"><strong data-start=\"532\" data-end=\"550\">Prise de charge :<\/strong> Port USB-C moderne<\/p>\n<\/li>\n<li data-start=\"573\" data-end=\"633\">\n<p data-start=\"575\" data-end=\"633\"><strong data-start=\"575\" data-end=\"592\">Particularit\u00e9 :<\/strong> Fonction sonore automatique lors du tirage<\/p>\n<\/li>\n<li data-start=\"634\" data-end=\"699\">\n<p data-start=\"636\" data-end=\"699\"><strong data-start=\"636\" data-end=\"657\">des saveurs :<\/strong> Plus de 25 ar\u00f4mes uniques au choix<\/p>\n<\/li>\n<\/ul>\n<div class=\"sticky end-(--thread-content-margin) h-0 self-end select-none\">\n<h2><strong>Aper\u00e7u des saveurs<\/strong><\/h2>\n<div class=\"absolute end-0 flex items-end\"><\/div>\n<\/div>\n<\/div>\n<\/div>\n<ol data-start=\"2032\" data-end=\"2545\">\n<li data-start=\"2032\" data-end=\"2050\">\n<p data-start=\"2035\" data-end=\"2050\">Blue Razz Ice<\/p>\n<\/li>\n<li data-start=\"2051\" data-end=\"2069\">\n<p data-start=\"2054\" data-end=\"2069\">Glace aux myrtilles<\/p>\n<\/li>\n<li data-start=\"2070\" data-end=\"2089\">\n<p data-start=\"2073\" data-end=\"2089\">Blueberry Mint<\/p>\n<\/li>\n<li data-start=\"2090\" data-end=\"2115\">\n<p data-start=\"2093\" data-end=\"2115\">Blueberry Past\u00e8que<\/p>\n<\/li>\n<li data-start=\"2116\" data-end=\"2149\">\n<p data-start=\"2119\" data-end=\"2149\">Cherimoya Pamplemousse Berries<\/p>\n<\/li>\n<li data-start=\"2150\" data-end=\"2166\">\n<p data-start=\"2153\" data-end=\"2166\">Cola cerise<\/p>\n<\/li>\n<li data-start=\"2167\" data-end=\"2181\">\n<p data-start=\"2170\" data-end=\"2181\">Cool Mint<\/p>\n<\/li>\n<li data-start=\"2182\" data-end=\"2196\">\n<p data-start=\"2185\" data-end=\"2196\">Glace au raisin<\/p>\n<\/li>\n<li data-start=\"2197\" data-end=\"2211\">\n<p data-start=\"2200\" data-end=\"2211\">Glace \u00e0 la mangue<\/p>\n<\/li>\n<li data-start=\"2212\" data-end=\"2229\">\n<p data-start=\"2216\" data-end=\"2229\">Mangue P\u00eache<\/p>\n<\/li>\n<li data-start=\"2230\" data-end=\"2245\">\n<p data-start=\"2234\" data-end=\"2245\">Gomme de melon<\/p>\n<\/li>\n<li data-start=\"2246\" data-end=\"2261\">\n<p data-start=\"2250\" data-end=\"2261\">Glace au melon<\/p>\n<\/li>\n<li data-start=\"2262\" data-end=\"2277\">\n<p data-start=\"2266\" data-end=\"2277\">Glace \u00e0 la p\u00eache<\/p>\n<\/li>\n<li data-start=\"2278\" data-end=\"2298\">\n<p data-start=\"2282\" data-end=\"2298\">Glace \u00e0 la pomme acidul\u00e9e<\/p>\n<\/li>\n<li data-start=\"2299\" data-end=\"2319\">\n<p data-start=\"2303\" data-end=\"2319\">Glace \u00e0 la fraise<\/p>\n<\/li>\n<li data-start=\"2320\" data-end=\"2341\">\n<p data-start=\"2324\" data-end=\"2341\">Kiwi \u00e0 la fraise<\/p>\n<\/li>\n<li data-start=\"2342\" data-end=\"2369\">\n<p data-start=\"2346\" data-end=\"2369\">Past\u00e8que \u00e0 la fraise<\/p>\n<\/li>\n<li data-start=\"2370\" data-end=\"2392\">\n<p data-start=\"2374\" data-end=\"2392\">Strawmelon Peach<\/p>\n<\/li>\n<li data-start=\"2393\" data-end=\"2405\">\n<p data-start=\"2397\" data-end=\"2405\">Vzbull<\/p>\n<\/li>\n<li data-start=\"2406\" data-end=\"2433\">\n<p data-start=\"2410\" data-end=\"2433\">Past\u00e8que Bubble Gum<\/p>\n<\/li>\n<li data-start=\"2434\" data-end=\"2468\">\n<p data-start=\"2438\" data-end=\"2468\">Past\u00e8que Pamplemousse Fraises de Boysenberry<\/p>\n<\/li>\n<li data-start=\"2469\" data-end=\"2489\">\n<p data-start=\"2473\" data-end=\"2489\">Glace \u00e0 la past\u00e8que<\/p>\n<\/li>\n<li data-start=\"2490\" data-end=\"2517\">\n<p data-start=\"2494\" data-end=\"2517\">Past\u00e8que Sour Peach<\/p>\n<\/li>\n<li data-start=\"2518\" data-end=\"2545\">\n<p data-start=\"2522\" data-end=\"2545\">P\u00eache blanche Framboise<\/p>\n<\/li>\n<\/ol>\n<h2 data-start=\"2552\" data-end=\"2599\"><strong data-start=\"2557\" data-end=\"2599\">Avantages de l'achat sur fumot-vaping.fr<\/strong><\/h2>\n<ul data-start=\"2601\" data-end=\"2834\">\n<li data-start=\"2601\" data-end=\"2662\">\n<p data-start=\"2603\" data-end=\"2662\">Revendeur officiel des produits VOZOL en Allemagne<\/p>\n<\/li>\n<li data-start=\"2663\" data-end=\"2702\">\n<p data-start=\"2665\" data-end=\"2702\">Grand choix de VOZOL Vapes &amp; Pods<\/p>\n<\/li>\n<li data-start=\"2703\" data-end=\"2747\">\n<p data-start=\"2705\" data-end=\"2747\">Envoi \u00e9clair directement depuis l'UE<\/p>\n<\/li>\n<li data-start=\"2748\" data-end=\"2789\">\n<p data-start=\"2750\" data-end=\"2789\">Paiement s\u00e9curis\u00e9 &amp; emballage discret<\/p>\n<\/li>\n<li data-start=\"2790\" data-end=\"2834\">\n<p data-start=\"2792\" data-end=\"2834\">Un service client allemand avec une expertise de la vape<\/p>\n<\/li>\n<\/ul>\n<p data-start=\"2841\" data-end=\"3041\">\ud83d\udc49 D\u00e9couvre maintenant l'innovant <strong data-start=\"2866\" data-end=\"2904\">VOZOL Star 40K Vape avec son auto<\/strong> d\u00e9couvrir -<br data-start=\"2916\" data-end=\"2919\" \/>\ud83d\uded2 Seulement en cas de <a class=\"\" href=\"https:\/\/fumot-vaping.de\" target=\"_new\" rel=\"noopener\" data-start=\"2930\" data-end=\"2976\"><strong data-start=\"2931\" data-end=\"2950\">fumot-vaping.fr<\/strong><\/a> - ta boutique en ligne pour <strong data-start=\"3001\" data-end=\"3025\">VOZOL Vapes et pods<\/strong> en Allemagne !<\/p>","protected":false},"excerpt":{"rendered":"<p><strong>VOZOL Star 40K<\/strong> avec Auto Sound, jusqu'\u00e0 40.000 bouff\u00e9es &amp; 25+ vari\u00e9t\u00e9s. D\u00e9couvrez maintenant la vape VOZOL de haute qualit\u00e9 chez fumot-vaping.fr - rapide, discr\u00e8te &amp; originale.<\/p>","protected":false},"featured_media":16529,"comment_status":"open","ping_status":"closed","template":"","meta":[],"product_brand":[],"product_cat":[107],"product_tag":[],"class_list":{"0":"post-16478","1":"product","2":"type-product","3":"status-publish","4":"has-post-thumbnail","6":"product_cat-vozol-disposable-vape","8":"first","9":"instock","10":"shipping-taxable","11":"purchasable","12":"product-type-variable"},"_links":{"self":[{"href":"https:\/\/fumot-vaping.de\/fr\/wp-json\/wp\/v2\/product\/16478","targetHints":{"allow":["GET"]}}],"collection":[{"href":"https:\/\/fumot-vaping.de\/fr\/wp-json\/wp\/v2\/product"}],"about":[{"href":"https:\/\/fumot-vaping.de\/fr\/wp-json\/wp\/v2\/types\/product"}],"replies":[{"embeddable":true,"href":"https:\/\/fumot-vaping.de\/fr\/wp-json\/wp\/v2\/comments?post=16478"}],"version-history":[{"count":4,"href":"https:\/\/fumot-vaping.de\/fr\/wp-json\/wp\/v2\/product\/16478\/revisions"}],"predecessor-version":[{"id":16536,"href":"https:\/\/fumot-vaping.de\/fr\/wp-json\/wp\/v2\/product\/16478\/revisions\/16536"}],"wp:featuredmedia":[{"embeddable":true,"href":"https:\/\/fumot-vaping.de\/fr\/wp-json\/wp\/v2\/media\/16529"}],"wp:attachment":[{"href":"https:\/\/fumot-vaping.de\/fr\/wp-json\/wp\/v2\/media?parent=16478"}],"wp:term":[{"taxonomy":"product_brand","embeddable":true,"href":"https:\/\/fumot-vaping.de\/fr\/wp-json\/wp\/v2\/product_brand?post=16478"},{"taxonomy":"product_cat","embeddable":true,"href":"https:\/\/fumot-vaping.de\/fr\/wp-json\/wp\/v2\/product_cat?post=16478"},{"taxonomy":"product_tag","embeddable":true,"href":"https:\/\/fumot-vaping.de\/fr\/wp-json\/wp\/v2\/product_tag?post=16478"}],"curies":[{"name":"wp","href":"https:\/\/api.w.org\/{rel}","templated":true}]}}