{"id":16238,"date":"2025-06-24T10:49:44","date_gmt":"2025-06-24T10:49:44","guid":{"rendered":"https:\/\/fumot-vaping.de\/?post_type=product&#038;p=16238"},"modified":"2025-11-20T03:00:43","modified_gmt":"2025-11-20T03:00:43","slug":"jnr-infinity-box-10700-puffs-e-cigarette","status":"publish","type":"product","link":"https:\/\/fumot-vaping.de\/fr\/product\/jnr-infinity-box-10700-puffs-e-cigarette\/","title":{"rendered":"JNR INFINITY-BOX 10700 Puffs - Cigarette \u00e9lectronique"},"content":{"rendered":"<h2 data-start=\"659\" data-end=\"1000\"><strong data-start=\"2278\" data-end=\"2332\">Quelle est la dur\u00e9e de vie de la JNR INFINITY-BOX 10700 Puffs ?<\/strong><\/h2>\n<p data-start=\"659\" data-end=\"1000\">Avec jusqu'\u00e0 <strong data-start=\"2346\" data-end=\"2361\">10700 trains<\/strong> cette e-cigarette est adapt\u00e9e \u00e0 une utilisation tr\u00e8s longue, selon la fr\u00e9quence d'utilisation, elle peut durer plusieurs jours ou m\u00eame semaines.La <strong data-start=\"663\" data-end=\"695\">JNR INFINITY-BOX 10700 Puffs<\/strong> est le choix id\u00e9al pour les vapoteurs qui recherchent une endurance exceptionnelle et une utilisation confortable. Avec une impressionnante <strong data-start=\"830\" data-end=\"851\">Batterie de 2200 mAh<\/strong> et <strong data-start=\"856\" data-end=\"884\">15 ml de sel de nicotine liquide<\/strong> cette e-cigarette jetable offre jusqu'\u00e0 <strong data-start=\"924\" data-end=\"938\">10700 trains<\/strong> - pour une exp\u00e9rience de vapotage exceptionnelle qui dure longtemps.<\/p>\n<p data-start=\"1002\" data-end=\"1283\">Le design ergonomique avec une <strong data-start=\"1036\" data-end=\"1063\">surface magmatique<\/strong> assure un toucher agr\u00e9able et une sensation de qualit\u00e9 dans la main. Le site <strong data-start=\"1142\" data-end=\"1172\">puissance de sortie constante<\/strong> garantit un go\u00fbt et une production de vapeur constants, sans avoir besoin de recharger l'e-cigarette.<\/p>\n<h2 data-start=\"1290\" data-end=\"1328\"><strong data-start=\"1294\" data-end=\"1328\">Aper\u00e7u des fonctions du produit<\/strong><\/h2>\n<ul data-start=\"1330\" data-end=\"1790\">\n<li data-start=\"1330\" data-end=\"1368\">\n<p data-start=\"1332\" data-end=\"1368\"><strong data-start=\"1332\" data-end=\"1350\">Trains maximums :<\/strong> Environ 10 700 trains<\/p>\n<\/li>\n<li data-start=\"1369\" data-end=\"1412\">\n<p data-start=\"1371\" data-end=\"1412\"><strong data-start=\"1371\" data-end=\"1384\">batterie :<\/strong> 2200 mAh, non rechargeable<\/p>\n<\/li>\n<li data-start=\"1413\" data-end=\"1462\">\n<p data-start=\"1415\" data-end=\"1462\"><strong data-start=\"1415\" data-end=\"1435\">Capacit\u00e9 de liquidit\u00e9 :<\/strong> 15 ml de sel de nicotine liquide<\/p>\n<\/li>\n<li data-start=\"1463\" data-end=\"1541\">\n<p data-start=\"1465\" data-end=\"1541\"><strong data-start=\"1465\" data-end=\"1476\">Design :<\/strong> Ergonomique, compact, avec une surface magmatique de haute qualit\u00e9<\/p>\n<\/li>\n<li data-start=\"1542\" data-end=\"1602\">\n<p data-start=\"1544\" data-end=\"1602\"><strong data-start=\"1544\" data-end=\"1557\">performance :<\/strong> Puissance de sortie constante et constante<\/p>\n<\/li>\n<li data-start=\"1603\" data-end=\"1658\">\n<p data-start=\"1605\" data-end=\"1658\"><strong data-start=\"1605\" data-end=\"1621\">Activation :<\/strong> Activation du train, pas besoin de boutons<\/p>\n<\/li>\n<li data-start=\"1659\" data-end=\"1726\">\n<p data-start=\"1661\" data-end=\"1726\"><strong data-start=\"1661\" data-end=\"1688\">la facilit\u00e9 d'utilisation :<\/strong> Toucher confortable &amp; sensation hi-tech<\/p>\n<\/li>\n<li data-start=\"1727\" data-end=\"1790\">\n<p data-start=\"1729\" data-end=\"1790\"><strong data-start=\"1729\" data-end=\"1759\">Pas de recharge n\u00e9cessaire<\/strong> - A usage unique, directement pr\u00eat \u00e0 l'emploi<\/p>\n<\/li>\n<\/ul>\n<h2 data-start=\"1797\" data-end=\"1836\"><strong data-start=\"1801\" data-end=\"1836\">Saveurs disponibles<\/strong><\/h2>\n<ul data-start=\"1838\" data-end=\"2232\">\n<li data-start=\"1838\" data-end=\"1856\">\n<p data-start=\"1840\" data-end=\"1856\">Triple Berries<\/p>\n<\/li>\n<li data-start=\"1857\" data-end=\"1886\">\n<p data-start=\"1859\" data-end=\"1886\">Strawberry Watermelon Ice<\/p>\n<\/li>\n<li data-start=\"1887\" data-end=\"1906\">\n<p data-start=\"1889\" data-end=\"1906\">Kiwi \u00e0 la fraise<\/p>\n<\/li>\n<li data-start=\"1907\" data-end=\"1924\">\n<p data-start=\"1909\" data-end=\"1924\">Glace au Pineapple<\/p>\n<\/li>\n<li data-start=\"1925\" data-end=\"1937\">\n<p data-start=\"1927\" data-end=\"1937\">Amour 419<\/p>\n<\/li>\n<li data-start=\"1938\" data-end=\"1961\">\n<p data-start=\"1940\" data-end=\"1961\">Kiwi Past\u00e8que Ice<\/p>\n<\/li>\n<li data-start=\"1962\" data-end=\"1980\">\n<p data-start=\"1964\" data-end=\"1980\">Glace \u00e0 la past\u00e8que<\/p>\n<\/li>\n<li data-start=\"1981\" data-end=\"2000\">\n<p data-start=\"1983\" data-end=\"2000\">Blueberry Peach<\/p>\n<\/li>\n<li data-start=\"2001\" data-end=\"2021\">\n<p data-start=\"2003\" data-end=\"2021\">Blue Razz Cherry<\/p>\n<\/li>\n<li data-start=\"2022\" data-end=\"2047\">\n<p data-start=\"2024\" data-end=\"2047\">Blueberry Pomegranate<\/p>\n<\/li>\n<li data-start=\"2048\" data-end=\"2060\">\n<p data-start=\"2050\" data-end=\"2060\">Mr. Blue<\/p>\n<\/li>\n<li data-start=\"2061\" data-end=\"2081\">\n<p data-start=\"2063\" data-end=\"2081\">Pamplemousse aux fraises<\/p>\n<\/li>\n<li data-start=\"2082\" data-end=\"2101\">\n<p data-start=\"2084\" data-end=\"2101\">Monstre de la passion<\/p>\n<\/li>\n<li data-start=\"2102\" data-end=\"2130\">\n<p data-start=\"2104\" data-end=\"2130\">Blueberry Sour Raspberry<\/p>\n<\/li>\n<li data-start=\"2131\" data-end=\"2151\">\n<p data-start=\"2133\" data-end=\"2151\">Blueberry On Ice<\/p>\n<\/li>\n<li data-start=\"2152\" data-end=\"2166\">\n<p data-start=\"2154\" data-end=\"2166\">Pomme acidul\u00e9e<\/p>\n<\/li>\n<li data-start=\"2167\" data-end=\"2185\">\n<p data-start=\"2169\" data-end=\"2185\">Glace \u00e0 la fraise<\/p>\n<\/li>\n<li data-start=\"2186\" data-end=\"2201\">\n<p data-start=\"2188\" data-end=\"2201\">P\u00eache Mangue<\/p>\n<\/li>\n<li data-start=\"2202\" data-end=\"2218\">\n<p data-start=\"2204\" data-end=\"2218\">Citron &amp; Citron vert<\/p>\n<\/li>\n<li data-start=\"2219\" data-end=\"2232\">\n<p data-start=\"2221\" data-end=\"2232\">Glace au raisin<\/p>\n<\/li>\n<\/ul>\n<h2 data-start=\"2239\" data-end=\"2276\"><strong data-start=\"2243\" data-end=\"2276\">FAQ\u00a0<\/strong><\/h2>\n<p data-start=\"2278\" data-end=\"2507\"><strong data-start=\"2278\" data-end=\"2332\">\u2753 Quelle est la dur\u00e9e de vie de la JNR INFINITY-BOX 10700 Puffs ?<\/strong><br data-start=\"2332\" data-end=\"2335\" \/>Avec jusqu'\u00e0 <strong data-start=\"2346\" data-end=\"2361\">10700 trains<\/strong> cette e-cigarette est adapt\u00e9e \u00e0 une utilisation tr\u00e8s longue, selon la fr\u00e9quence d'utilisation, elle peut durer plusieurs jours, voire plusieurs semaines.<\/p>\n<p data-start=\"2509\" data-end=\"2671\"><strong data-start=\"2509\" data-end=\"2555\">\u2753 Comment activer le JNR INFINITY-BOX ?<\/strong><br data-start=\"2555\" data-end=\"2558\" \/>L'activation se fait automatiquement en tirant sur l'embout buccal - aucun bouton ou r\u00e9glage n'est n\u00e9cessaire.<\/p>\n<p data-start=\"2673\" data-end=\"2867\"><strong data-start=\"2673\" data-end=\"2718\">\u2753 Dois-je recharger le JNR INFINITY-BOX ?<\/strong><br data-start=\"2718\" data-end=\"2721\" \/>Non, cette e-cigarette jetable est con\u00e7ue pour \u00eatre <strong data-start=\"2780\" data-end=\"2797\">pas de recharge<\/strong> et qui est directement op\u00e9rationnel avec une longue dur\u00e9e d'utilisation.<\/p>\n<p data-start=\"2869\" data-end=\"3090\"><strong data-start=\"2869\" data-end=\"2930\">\u2753 Quelle est la concentration de nicotine dans cette e-cigarette ?<\/strong><br data-start=\"2930\" data-end=\"2933\" \/>Cette version est compatible avec <strong data-start=\"2955\" data-end=\"2971\">Sel de nicotine<\/strong> et d'une <strong data-start=\"2982\" data-end=\"3020\">Concentration de nicotine de 20 mg\/ml<\/strong> id\u00e9al pour ceux qui recherchent une exp\u00e9rience de vapeur puissante.<\/p>\n<p data-start=\"3092\" data-end=\"3290\"><strong data-start=\"3092\" data-end=\"3141\">\u2753 Quels sont les parfums disponibles ?<\/strong><br data-start=\"3141\" data-end=\"3144\" \/>La JNR INFINITY-BOX offre <strong data-start=\"3172\" data-end=\"3223\">une large palette de 20 saveurs<\/strong>La gamme de produits est tr\u00e8s vari\u00e9e, allant du fruit\u00e9 au sucr\u00e9 en passant par le rafra\u00eechissant, id\u00e9al pour tous les go\u00fbts.<\/p>\n<h2 data-start=\"3297\" data-end=\"3319\"><strong data-start=\"3301\" data-end=\"3319\">Alerte \u00e0 la nicotine<\/strong><\/h2>\n<p data-start=\"3321\" data-end=\"3507\">\ud83d\udd1e Ce produit est r\u00e9serv\u00e9 aux adultes de plus de 18 ans.<br data-start=\"3384\" data-end=\"3387\" \/>\u274c Vente et utilisation interdites aux mineurs.<br data-start=\"3436\" data-end=\"3439\" \/>\u26a0\ufe0f La nicotine peut cr\u00e9er une d\u00e9pendance. Veuillez l'utiliser de mani\u00e8re responsable.<\/p>","protected":false},"excerpt":{"rendered":"<p>D\u00e9couvre <strong>JNR INFINITY-BOX 10700 Puffs<\/strong> - jusqu'\u00e0 10700 bouff\u00e9es, batterie de 2200 mAh, 15 ml de liquide, design ergonomique, performance constante. Parfait pour un vapotage de longue dur\u00e9e, pas besoin de recharger.<\/p>","protected":false},"featured_media":16303,"comment_status":"open","ping_status":"closed","template":"","meta":[],"product_brand":[],"product_cat":[106],"product_tag":[],"class_list":{"0":"post-16238","1":"product","2":"type-product","3":"status-publish","4":"has-post-thumbnail","6":"product_cat-jnr-disposable-vape","8":"first","9":"outofstock","10":"shipping-taxable","11":"purchasable","12":"product-type-variable"},"_links":{"self":[{"href":"https:\/\/fumot-vaping.de\/fr\/wp-json\/wp\/v2\/product\/16238","targetHints":{"allow":["GET"]}}],"collection":[{"href":"https:\/\/fumot-vaping.de\/fr\/wp-json\/wp\/v2\/product"}],"about":[{"href":"https:\/\/fumot-vaping.de\/fr\/wp-json\/wp\/v2\/types\/product"}],"replies":[{"embeddable":true,"href":"https:\/\/fumot-vaping.de\/fr\/wp-json\/wp\/v2\/comments?post=16238"}],"version-history":[{"count":2,"href":"https:\/\/fumot-vaping.de\/fr\/wp-json\/wp\/v2\/product\/16238\/revisions"}],"predecessor-version":[{"id":16311,"href":"https:\/\/fumot-vaping.de\/fr\/wp-json\/wp\/v2\/product\/16238\/revisions\/16311"}],"wp:featuredmedia":[{"embeddable":true,"href":"https:\/\/fumot-vaping.de\/fr\/wp-json\/wp\/v2\/media\/16303"}],"wp:attachment":[{"href":"https:\/\/fumot-vaping.de\/fr\/wp-json\/wp\/v2\/media?parent=16238"}],"wp:term":[{"taxonomy":"product_brand","embeddable":true,"href":"https:\/\/fumot-vaping.de\/fr\/wp-json\/wp\/v2\/product_brand?post=16238"},{"taxonomy":"product_cat","embeddable":true,"href":"https:\/\/fumot-vaping.de\/fr\/wp-json\/wp\/v2\/product_cat?post=16238"},{"taxonomy":"product_tag","embeddable":true,"href":"https:\/\/fumot-vaping.de\/fr\/wp-json\/wp\/v2\/product_tag?post=16238"}],"curies":[{"name":"wp","href":"https:\/\/api.w.org\/{rel}","templated":true}]}}