{"id":15217,"date":"2025-06-24T10:48:49","date_gmt":"2025-06-24T10:48:49","guid":{"rendered":"https:\/\/fumot-vaping.de\/?post_type=product&#038;p=15217"},"modified":"2025-11-20T03:00:55","modified_gmt":"2025-11-20T03:00:55","slug":"jnr-31000-radiance-puff-la-vape-parfaite","status":"publish","type":"product","link":"https:\/\/fumot-vaping.de\/fr\/product\/jnr-31000-radiance-puff-la-vape-parfaite\/","title":{"rendered":"JNR 31000 Radiance PUFF - La vape parfaite"},"content":{"rendered":"<h2 data-start=\"0\" data-end=\"83\"><strong data-start=\"0\" data-end=\"83\">JNR 31000 Radiance PUFF - L'exp\u00e9rience de vapotage parfaite pour les vapoteurs exigeants<\/strong><\/h2>\n<p data-start=\"85\" data-end=\"621\">D\u00e9couvre le <strong data-start=\"96\" data-end=\"123\">JNR 31000 Radiance PUFF<\/strong>le vaporisateur ultime pour un plaisir intense et durable. Avec une <strong data-start=\"204\" data-end=\"234\">Capacit\u00e9 de 31 000 trains<\/strong>, <strong data-start=\"236\" data-end=\"253\">28ml d'e-liquide<\/strong> et un <strong data-start=\"264\" data-end=\"296\">batterie puissante de 950mAh<\/strong> cet appareil offre tout ce dont tu as besoin pour un vapotage ininterrompu. Le site <strong data-start=\"379\" data-end=\"397\">Bobine Dual Mesh<\/strong> assure un plaisir vapeur r\u00e9gulier, tandis que le <strong data-start=\"447\" data-end=\"474\">\u00c9cran d'animation intelligent<\/strong> indique \u00e0 tout moment l'\u00e9tat de la batterie et la quantit\u00e9 d'e-liquide restante. L'appareil est rechargeable via <strong data-start=\"579\" data-end=\"589\">Type-C<\/strong>Le syst\u00e8me d'alarme de la voiture a \u00e9t\u00e9 con\u00e7u de mani\u00e8re \u00e0 am\u00e9liorer le confort.<\/p>\n<h2 data-start=\"623\" data-end=\"680\"><strong data-start=\"627\" data-end=\"680\">Caract\u00e9ristiques du produit JNR 31000 Radiance PUFF :<\/strong><\/h2>\n<ul data-start=\"682\" data-end=\"1244\">\n<li data-start=\"682\" data-end=\"728\">\n<p data-start=\"684\" data-end=\"728\"><strong data-start=\"684\" data-end=\"692\">Trains<\/strong>Jusqu'\u00e0 <strong data-start=\"701\" data-end=\"716\">31 000 trains<\/strong> par appareil<\/p>\n<\/li>\n<li data-start=\"729\" data-end=\"785\">\n<p data-start=\"731\" data-end=\"785\"><strong data-start=\"731\" data-end=\"739\">Batterie<\/strong>: <strong data-start=\"741\" data-end=\"751\">950mAh<\/strong>, rechargeable via <strong data-start=\"773\" data-end=\"783\">Type-C<\/strong><\/p>\n<\/li>\n<li data-start=\"786\" data-end=\"858\">\n<p data-start=\"788\" data-end=\"858\"><strong data-start=\"788\" data-end=\"810\">Capacit\u00e9 d'e-liquide<\/strong>: <strong data-start=\"812\" data-end=\"820\">28ml<\/strong>pour des exp\u00e9riences de vapotage de longue dur\u00e9e<\/p>\n<\/li>\n<li data-start=\"859\" data-end=\"921\">\n<p data-start=\"861\" data-end=\"921\"><strong data-start=\"861\" data-end=\"869\">Bobine<\/strong>: <strong data-start=\"871\" data-end=\"894\">1.2\u03a9 Bobine Dual Mesh<\/strong> pour un go\u00fbt intense<\/p>\n<\/li>\n<li data-start=\"922\" data-end=\"1010\">\n<p data-start=\"924\" data-end=\"1010\"><strong data-start=\"924\" data-end=\"935\">\u00c9cran<\/strong>: <strong data-start=\"937\" data-end=\"963\">\u00c9cran d'animation intelligent<\/strong> pour l'affichage du niveau de la batterie et de l'e-liquide<\/p>\n<\/li>\n<li data-start=\"1011\" data-end=\"1080\">\n<p data-start=\"1013\" data-end=\"1080\"><strong data-start=\"1013\" data-end=\"1022\">Taille<\/strong>: <strong data-start=\"1024\" data-end=\"1045\">48.5 x 29 x 108mm<\/strong>design compact et maniable<\/p>\n<\/li>\n<li data-start=\"1081\" data-end=\"1170\">\n<p data-start=\"1083\" data-end=\"1170\"><strong data-start=\"1083\" data-end=\"1100\">Long\u00e9vit\u00e9<\/strong>: grand nombre de bouff\u00e9es et batterie rechargeable pour une utilisation prolong\u00e9e<\/p>\n<\/li>\n<li data-start=\"1171\" data-end=\"1244\">\n<p data-start=\"1173\" data-end=\"1244\"><strong data-start=\"1173\" data-end=\"1197\">Go\u00fbts<\/strong>Plus de 15 ar\u00f4mes diff\u00e9rents au choix<\/p>\n<\/li>\n<\/ul>\n<h2 data-start=\"2425\" data-end=\"2474\"><strong data-start=\"2429\" data-end=\"2474\">Les 15+ saveurs disponibles :<\/strong><\/h2>\n<ul data-start=\"2475\" data-end=\"2821\">\n<li data-start=\"2475\" data-end=\"2497\">\n<p data-start=\"2477\" data-end=\"2497\"><strong data-start=\"2477\" data-end=\"2497\">Blue-Razz-Cherry<\/strong><\/p>\n<\/li>\n<li data-start=\"2498\" data-end=\"2517\">\n<p data-start=\"2500\" data-end=\"2517\"><strong data-start=\"2500\" data-end=\"2517\">Blue-Razz-Ice<\/strong><\/p>\n<\/li>\n<li data-start=\"2518\" data-end=\"2548\">\n<p data-start=\"2520\" data-end=\"2548\"><strong data-start=\"2520\" data-end=\"2548\">Blueberry-Sour-Raspberry<\/strong><\/p>\n<\/li>\n<li data-start=\"2549\" data-end=\"2567\">\n<p data-start=\"2551\" data-end=\"2567\"><strong data-start=\"2551\" data-end=\"2567\">Cherry-Berry<\/strong><\/p>\n<\/li>\n<li data-start=\"2568\" data-end=\"2586\">\n<p data-start=\"2570\" data-end=\"2586\"><strong data-start=\"2570\" data-end=\"2586\">Double-Apple<\/strong><\/p>\n<\/li>\n<li data-start=\"2587\" data-end=\"2610\">\n<p data-start=\"2589\" data-end=\"2610\"><strong data-start=\"2589\" data-end=\"2610\">Fizzy-Cherry-Cola<\/strong><\/p>\n<\/li>\n<li data-start=\"2611\" data-end=\"2623\">\n<p data-start=\"2613\" data-end=\"2623\"><strong data-start=\"2613\" data-end=\"2623\">Hawaii<\/strong><\/p>\n<\/li>\n<li data-start=\"2624\" data-end=\"2643\">\n<p data-start=\"2626\" data-end=\"2643\"><strong data-start=\"2626\" data-end=\"2643\">Mixed-Berries<\/strong><\/p>\n<\/li>\n<li data-start=\"2644\" data-end=\"2668\">\n<p data-start=\"2646\" data-end=\"2668\"><strong data-start=\"2646\" data-end=\"2668\">Passion-Fruit-Kiwi<\/strong><\/p>\n<\/li>\n<li data-start=\"2669\" data-end=\"2696\">\n<p data-start=\"2671\" data-end=\"2696\"><strong data-start=\"2671\" data-end=\"2696\">P\u00eache-Mangue-Pineapple<\/strong><\/p>\n<\/li>\n<li data-start=\"2697\" data-end=\"2717\">\n<p data-start=\"2699\" data-end=\"2717\"><strong data-start=\"2699\" data-end=\"2717\">Glace \u00e0 la fraise<\/strong><\/p>\n<\/li>\n<li data-start=\"2718\" data-end=\"2739\">\n<p data-start=\"2720\" data-end=\"2739\"><strong data-start=\"2720\" data-end=\"2739\">Fraise-Kiwi<\/strong><\/p>\n<\/li>\n<li data-start=\"2740\" data-end=\"2777\">\n<p data-start=\"2742\" data-end=\"2777\"><strong data-start=\"2742\" data-end=\"2777\">Fraise-Raspberry-Cherry-Ice<\/strong><\/p>\n<\/li>\n<li data-start=\"2778\" data-end=\"2800\">\n<p data-start=\"2780\" data-end=\"2800\"><strong data-start=\"2780\" data-end=\"2800\">Summer-Peach-Ice<\/strong><\/p>\n<\/li>\n<li data-start=\"2801\" data-end=\"2821\">\n<p data-start=\"2803\" data-end=\"2821\"><strong data-start=\"2803\" data-end=\"2821\">Past\u00e8que-glace<\/strong><\/p>\n<\/li>\n<\/ul>\n<h2 data-start=\"2823\" data-end=\"2887\"><strong data-start=\"2827\" data-end=\"2887\">Le compagnon id\u00e9al des vapoteurs exigeants<\/strong><\/h2>\n<p data-start=\"2889\" data-end=\"3305\">Le site <strong data-start=\"2893\" data-end=\"2920\">JNR 31000 Radiance PUFF<\/strong> n'est pas seulement un vaporisateur performant, c'est aussi un appareil pratique et facile \u00e0 utiliser au quotidien. Le site <strong data-start=\"3059\" data-end=\"3074\">31 000 trains<\/strong>, <strong data-start=\"3076\" data-end=\"3103\">capacit\u00e9 de 28ml d'e-liquide<\/strong>, qui <strong data-start=\"3109\" data-end=\"3124\">Batterie 950mAh<\/strong>, le <strong data-start=\"3130\" data-end=\"3157\">\u00c9cran d'animation intelligent<\/strong> et les <strong data-start=\"3166\" data-end=\"3184\">Bobine Dual Mesh<\/strong> en font l'une des meilleures options pour tous les vapoteurs \u00e0 la recherche d'une exp\u00e9rience de vapotage durable et agr\u00e9able.<\/p>\n<p data-start=\"3307\" data-end=\"3454\">Visites <strong data-start=\"3315\" data-end=\"3334\">fumot-vaping.fr<\/strong> et d\u00e9couvre plus <strong data-start=\"3362\" data-end=\"3389\">JNR 31000 Radiance PUFF<\/strong> - la vape id\u00e9ale pour un plaisir intense et durable !<\/p>","protected":false},"excerpt":{"rendered":"<p>Vivez l'extraordinaire exp\u00e9rience de la vapeur avec le <strong data-start=\"132\" data-end=\"159\">JNR 31000 Radiance PUFF<\/strong>. 31 000 bouff\u00e9es, 28 ml d'e-liquide, une batterie de 950 mAh, un coil Dual Mesh et l'\u00e9cran Smart Animation offrent un go\u00fbt intense et une puissance durable.<\/p>","protected":false},"featured_media":15267,"comment_status":"open","ping_status":"closed","template":"","meta":[],"product_brand":[],"product_cat":[106],"product_tag":[95,97],"class_list":{"0":"post-15217","1":"product","2":"type-product","3":"status-publish","4":"has-post-thumbnail","6":"product_cat-jnr-disposable-vape","7":"product_tag-low-nicotine-vape","8":"product_tag-rechargeable-vape","10":"first","11":"outofstock","12":"shipping-taxable","13":"purchasable","14":"product-type-variable"},"_links":{"self":[{"href":"https:\/\/fumot-vaping.de\/fr\/wp-json\/wp\/v2\/product\/15217","targetHints":{"allow":["GET"]}}],"collection":[{"href":"https:\/\/fumot-vaping.de\/fr\/wp-json\/wp\/v2\/product"}],"about":[{"href":"https:\/\/fumot-vaping.de\/fr\/wp-json\/wp\/v2\/types\/product"}],"replies":[{"embeddable":true,"href":"https:\/\/fumot-vaping.de\/fr\/wp-json\/wp\/v2\/comments?post=15217"}],"version-history":[{"count":2,"href":"https:\/\/fumot-vaping.de\/fr\/wp-json\/wp\/v2\/product\/15217\/revisions"}],"predecessor-version":[{"id":16310,"href":"https:\/\/fumot-vaping.de\/fr\/wp-json\/wp\/v2\/product\/15217\/revisions\/16310"}],"wp:featuredmedia":[{"embeddable":true,"href":"https:\/\/fumot-vaping.de\/fr\/wp-json\/wp\/v2\/media\/15267"}],"wp:attachment":[{"href":"https:\/\/fumot-vaping.de\/fr\/wp-json\/wp\/v2\/media?parent=15217"}],"wp:term":[{"taxonomy":"product_brand","embeddable":true,"href":"https:\/\/fumot-vaping.de\/fr\/wp-json\/wp\/v2\/product_brand?post=15217"},{"taxonomy":"product_cat","embeddable":true,"href":"https:\/\/fumot-vaping.de\/fr\/wp-json\/wp\/v2\/product_cat?post=15217"},{"taxonomy":"product_tag","embeddable":true,"href":"https:\/\/fumot-vaping.de\/fr\/wp-json\/wp\/v2\/product_tag?post=15217"}],"curies":[{"name":"wp","href":"https:\/\/api.w.org\/{rel}","templated":true}]}}