{"id":14977,"date":"2025-05-10T07:05:50","date_gmt":"2025-05-10T07:05:50","guid":{"rendered":"https:\/\/fumot-vaping.de\/?post_type=product&#038;p=14977"},"modified":"2025-07-18T01:52:46","modified_gmt":"2025-07-18T01:52:46","slug":"randm-tornado-10000-zuege-grape-ice-jetable-vape","status":"publish","type":"product","link":"https:\/\/fumot-vaping.de\/fr\/product\/randm-tornado-10000-zuege-grape-ice-jetable-vape\/","title":{"rendered":"RandM Tornado 10000 bouff\u00e9es Grape Ice Vaporisateur jetable"},"content":{"rendered":"<h2 data-start=\"45\" data-end=\"103\">RandM Tornado 10000 bouff\u00e9es Grape Ice Vaporisateur jetable<\/h2>\n<p class=\"\" data-start=\"146\" data-end=\"401\">Le site <strong>RandM Tornado 10000 bouff\u00e9es Vape jetable<\/strong> est con\u00e7u pour tous ceux qui ne veulent pas faire les choses \u00e0 moiti\u00e9 lorsqu'ils vapotent. Avec jusqu'\u00e0 <strong data-start=\"274\" data-end=\"289\">10000 coups<\/strong> - oui, vraiment dix mille - cet appareil fournit une performance longue et r\u00e9guli\u00e8re qui est tout simplement amusante.<\/p>\n<p class=\"\" data-start=\"403\" data-end=\"738\">Pr\u00e9-rempli avec <strong data-start=\"418\" data-end=\"436\">20 ml d'e-liquide<\/strong> et riche <strong data-start=\"448\" data-end=\"462\">5% Nicotine<\/strong>La Tornado offre une exp\u00e9rience de vaporisation intense mais agr\u00e9ablement douce. La vari\u00e9t\u00e9 <strong data-start=\"549\" data-end=\"562\">Glace au raisin<\/strong>? Imaginez des raisins juteux arros\u00e9s d'un souffle glac\u00e9 - je me suis soudain souvenu que cela rappelait le jus de raisin congel\u00e9 en \u00e9t\u00e9... d\u00e9licieusement rafra\u00eechissant.<\/p>\n<p class=\"\" data-start=\"740\" data-end=\"978\">Le tout est aliment\u00e9 par un <strong data-start=\"777\" data-end=\"792\">batterie 850mAh<\/strong>qui est bien s\u00fbr rechargeable - pas de stress en cas de batterie vide. La fonction int\u00e9gr\u00e9e <strong data-start=\"875\" data-end=\"888\">Bobine de maille<\/strong> assure un go\u00fbt <strong data-start=\"921\" data-end=\"932\">Train MTL<\/strong>Le r\u00e9sultat est un vin qui, pour \u00eatre pr\u00e9cis, est presque velout\u00e9.<\/p>\n<p class=\"\" data-start=\"980\" data-end=\"1238\">Et puis il y a la <strong data-start=\"1006\" data-end=\"1025\">Contr\u00f4le du flux d'air<\/strong>Le syst\u00e8me d'ajustement permet de personnaliser le style de traction. \u00c9troit ou ouvert ? Comme vous voulez. Sans oublier la <strong data-start=\"1143\" data-end=\"1172\">\u00e9clairage RGB en 6 couleurs<\/strong>. Est-ce n\u00e9cessaire ? Peut-\u00eatre pas. Mais c'est d\u00e9finitivement cool.<\/p>\n<p class=\"\" data-start=\"1240\" data-end=\"1422\">En bref : ceux qui recherchent une grande capacit\u00e9, un go\u00fbt authentique et un visuel exceptionnel seront d\u00e9finitivement heureux - ou plut\u00f4t enthousiastes - avec la RandM Tornado 10000 Grape Ice.<\/p>\n<h2 data-start=\"1429\" data-end=\"1477\">RandM Tornado 10000 bouff\u00e9es<br \/>\n<strong data-start=\"1459\" data-end=\"1477\">Caract\u00e9ristiques :<\/strong><\/h2>\n<ul data-start=\"1478\" data-end=\"1706\">\n<li class=\"\" data-start=\"1478\" data-end=\"1499\">\n<p class=\"\" data-start=\"1480\" data-end=\"1499\">Jusqu'\u00e0 10000 trains<\/p>\n<\/li>\n<li class=\"\" data-start=\"1500\" data-end=\"1532\">\n<p class=\"\" data-start=\"1502\" data-end=\"1532\">Pr\u00e9-rempli avec 20ml d'e-liquide<\/p>\n<\/li>\n<li class=\"\" data-start=\"1533\" data-end=\"1566\">\n<p class=\"\" data-start=\"1535\" data-end=\"1566\">batterie rechargeable de 850mAh<\/p>\n<\/li>\n<li class=\"\" data-start=\"1567\" data-end=\"1587\">\n<p class=\"\" data-start=\"1569\" data-end=\"1587\">5% Taux de nicotine<\/p>\n<\/li>\n<li class=\"\" data-start=\"1588\" data-end=\"1613\">\n<p class=\"\" data-start=\"1590\" data-end=\"1613\">Mesh Coil avec tirage MTL<\/p>\n<\/li>\n<li class=\"\" data-start=\"1614\" data-end=\"1649\">\n<p class=\"\" data-start=\"1616\" data-end=\"1649\">Activ\u00e9 par le train (pas besoin de bouton)<\/p>\n<\/li>\n<li class=\"\" data-start=\"1650\" data-end=\"1677\">\n<p class=\"\" data-start=\"1652\" data-end=\"1677\">Arriv\u00e9e d'air r\u00e9glable<\/p>\n<\/li>\n<li class=\"\" data-start=\"1678\" data-end=\"1706\">\n<p class=\"\" data-start=\"1680\" data-end=\"1706\">Lumi\u00e8re RGB avec 6 modes de couleur<\/p>\n<\/li>\n<\/ul>\n<p><strong data-start=\"1708\" data-end=\"1729\">Flavor Highlight :<\/strong><br \/>\n<strong data-start=\"1730\" data-end=\"1743\">Glace au raisin<\/strong> - Doux, frais, intense. Raisin avec effet glac\u00e9 pour une fra\u00eecheur suppl\u00e9mentaire.<\/p>","protected":false},"excerpt":{"rendered":"<p>RandM Tornado 10000 bouff\u00e9es, go\u00fbt Grape Ice, 20ml de liquide, batterie 850mAh, lumi\u00e8re RGB, coil en maille pour une exp\u00e9rience de vapotage intense.<\/p>","protected":false},"featured_media":14980,"comment_status":"open","ping_status":"closed","template":"","meta":[],"product_brand":[],"product_cat":[18],"product_tag":[],"class_list":{"0":"post-14977","1":"product","2":"type-product","3":"status-publish","4":"has-post-thumbnail","6":"product_cat-randm-fumot-einweg-vape","8":"first","9":"outofstock","10":"shipping-taxable","11":"purchasable","12":"product-type-variable"},"_links":{"self":[{"href":"https:\/\/fumot-vaping.de\/fr\/wp-json\/wp\/v2\/product\/14977","targetHints":{"allow":["GET"]}}],"collection":[{"href":"https:\/\/fumot-vaping.de\/fr\/wp-json\/wp\/v2\/product"}],"about":[{"href":"https:\/\/fumot-vaping.de\/fr\/wp-json\/wp\/v2\/types\/product"}],"replies":[{"embeddable":true,"href":"https:\/\/fumot-vaping.de\/fr\/wp-json\/wp\/v2\/comments?post=14977"}],"version-history":[{"count":1,"href":"https:\/\/fumot-vaping.de\/fr\/wp-json\/wp\/v2\/product\/14977\/revisions"}],"predecessor-version":[{"id":14981,"href":"https:\/\/fumot-vaping.de\/fr\/wp-json\/wp\/v2\/product\/14977\/revisions\/14981"}],"wp:featuredmedia":[{"embeddable":true,"href":"https:\/\/fumot-vaping.de\/fr\/wp-json\/wp\/v2\/media\/14980"}],"wp:attachment":[{"href":"https:\/\/fumot-vaping.de\/fr\/wp-json\/wp\/v2\/media?parent=14977"}],"wp:term":[{"taxonomy":"product_brand","embeddable":true,"href":"https:\/\/fumot-vaping.de\/fr\/wp-json\/wp\/v2\/product_brand?post=14977"},{"taxonomy":"product_cat","embeddable":true,"href":"https:\/\/fumot-vaping.de\/fr\/wp-json\/wp\/v2\/product_cat?post=14977"},{"taxonomy":"product_tag","embeddable":true,"href":"https:\/\/fumot-vaping.de\/fr\/wp-json\/wp\/v2\/product_tag?post=14977"}],"curies":[{"name":"wp","href":"https:\/\/api.w.org\/{rel}","templated":true}]}}