{"id":14961,"date":"2025-05-12T11:14:45","date_gmt":"2025-05-12T11:14:45","guid":{"rendered":"https:\/\/fumot-vaping.de\/?post_type=product&#038;p=14961"},"modified":"2025-07-18T01:51:32","modified_gmt":"2025-07-18T01:51:32","slug":"randm-tornado10000-puffs-cool-menthodisposable-vape","status":"publish","type":"product","link":"https:\/\/fumot-vaping.de\/fr\/product\/randm-tornado10000-puffs-cool-menthodisposable-vape\/","title":{"rendered":"RandM Tornado10000 Puffs Cool Mint MenthoDisposable Vape"},"content":{"rendered":"<h2><span class=\"trx_addons_accent\"><strong>RandM Tornado10000 Puffs - Cool Mint Menthol Power Vape<\/strong><\/span><\/h2>\n<p>Le site <strong>RandM Tornado 10000 Puffs Vape jetable<\/strong>\u00a0est destin\u00e9 \u00e0 tous ceux qui recherchent une intensit\u00e9 douce et un go\u00fbt rafra\u00eechissant. Avec jusqu'\u00e0 <strong>10000 bouff\u00e9es<\/strong> cet appareil n'est pas seulement durable, il est \u00e9galement con\u00e7u pour offrir des performances constantes et satisfaisantes. Plus pr\u00e9cis\u00e9ment, il allie endurance et innovation.<\/p>\n<p>La batterie de 850 mAh assure une performance stable du premier au dernier coup. Gr\u00e2ce \u00e0 la fonction de charge rapide via Type-C, vous \u00eates enti\u00e8rement recharg\u00e9 en quelques minutes. Je me suis soudain souvenu de quelque chose : Un design compact ne signifie pas toujours des compromis, et ce vaporisateur le prouve.<\/p>\n<p>Pr\u00e9-rempli avec 20 ml de e-liquide nicotin\u00e9 5% et \u00e9quip\u00e9 d'un coil en maille, il offre un tirage MTL dense avec une diffusion optimis\u00e9e de la vapeur et des saveurs. Gr\u00e2ce \u00e0 l'arriv\u00e9e d'air r\u00e9glable, vous pouvez ajuster finement votre inhalation, que vous la pr\u00e9f\u00e9riez a\u00e9r\u00e9e ou un peu plus restreinte.<\/p>\n<p>Venons-en maintenant au go\u00fbt : menthe-menthol. Celui-ci frappe diff\u00e9remment. Imaginez une brise de montagne fra\u00eeche, encore plus rafra\u00eechie par la fra\u00eecheur de la menthe. Elle est pure, vivifiante et laisse un arri\u00e8re-go\u00fbt glac\u00e9 qui persiste longtemps - pas envahissant, juste assez pour rafra\u00eechir vos sens. Un coup de fouet rafra\u00eechissant qui ne s'estompe pas, m\u00eame apr\u00e8s des dizaines de bouff\u00e9es.<\/p>\n<p>La lumi\u00e8re RGB \u00e0 6 couleurs donne un coup de pouce visuel et transforme votre session de vapotage en un subtil spectacle lumineux.<\/p>\n<p>D\u00e9couvrez le <strong>RandM Tornado 10000 bouff\u00e9es<\/strong> - un m\u00e9lange de fra\u00eecheur menthol\u00e9e, de performances douces et de design marquant qui ne cessera de vous s\u00e9duire. Oui, <strong>10000 bouff\u00e9es<\/strong> semblent beaucoup ... mais honn\u00eatement, avec ce go\u00fbt, cela ne se sentira pas assez.<\/p>\n<h2><span class=\"trx_addons_accent\"><strong>RandM Tornado10000 Puffs<\/strong><\/span><br \/>\n<span class=\"trx_addons_accent\"><strong>Caract\u00e9ristiques :<\/strong><\/span><\/h2>\n<p>Jusqu'\u00e0 10000 puffs<\/p>\n<p>batterie de 850 mAh<\/p>\n<p>Fonction de charge via type-C<\/p>\n<p>20 ml d'e-liquide pr\u00e9-rempli<\/p>\n<p>5 % Nicotine<\/p>\n<p>Mesh Coil, tirage MTL<\/p>\n<p>Activation du train<\/p>\n<p>D\u00e9bit d'air r\u00e9glable<\/p>\n<p>\u00e9clairage RGB en 6 couleurs<\/p>\n<p>Saveur phare :<\/p>\n<p>Menthe-menthol : une fra\u00eecheur glac\u00e9e, menthol\u00e9e et vivifiante \u00e0 chaque bouff\u00e9e. Avec la <strong>RandM Tornado 10000<\/strong><strong>Puffs<\/strong>vous obtenez l'\u00e9quilibre parfait entre des performances durables, une vapeur de haute qualit\u00e9 et des saveurs d\u00e9licieuses qui vous feront revenir pour plus de plaisir.<\/p>","protected":false},"excerpt":{"rendered":"<p><span class=\"trx_addons_accent\"><strong>RandM Tornado10000 Puffs<\/strong><\/span> Vape jetable avec 20ml de liquide, 5% de nicotine, coil en maille, lumi\u00e8re RGB et go\u00fbt frais de menthol - rechargeable et fort en go\u00fbt.<\/p>","protected":false},"featured_media":14964,"comment_status":"open","ping_status":"closed","template":"","meta":[],"product_brand":[],"product_cat":[18],"product_tag":[],"class_list":{"0":"post-14961","1":"product","2":"type-product","3":"status-publish","4":"has-post-thumbnail","6":"product_cat-randm-fumot-einweg-vape","8":"first","9":"outofstock","10":"shipping-taxable","11":"purchasable","12":"product-type-variable"},"_links":{"self":[{"href":"https:\/\/fumot-vaping.de\/fr\/wp-json\/wp\/v2\/product\/14961","targetHints":{"allow":["GET"]}}],"collection":[{"href":"https:\/\/fumot-vaping.de\/fr\/wp-json\/wp\/v2\/product"}],"about":[{"href":"https:\/\/fumot-vaping.de\/fr\/wp-json\/wp\/v2\/types\/product"}],"replies":[{"embeddable":true,"href":"https:\/\/fumot-vaping.de\/fr\/wp-json\/wp\/v2\/comments?post=14961"}],"version-history":[{"count":4,"href":"https:\/\/fumot-vaping.de\/fr\/wp-json\/wp\/v2\/product\/14961\/revisions"}],"predecessor-version":[{"id":15114,"href":"https:\/\/fumot-vaping.de\/fr\/wp-json\/wp\/v2\/product\/14961\/revisions\/15114"}],"wp:featuredmedia":[{"embeddable":true,"href":"https:\/\/fumot-vaping.de\/fr\/wp-json\/wp\/v2\/media\/14964"}],"wp:attachment":[{"href":"https:\/\/fumot-vaping.de\/fr\/wp-json\/wp\/v2\/media?parent=14961"}],"wp:term":[{"taxonomy":"product_brand","embeddable":true,"href":"https:\/\/fumot-vaping.de\/fr\/wp-json\/wp\/v2\/product_brand?post=14961"},{"taxonomy":"product_cat","embeddable":true,"href":"https:\/\/fumot-vaping.de\/fr\/wp-json\/wp\/v2\/product_cat?post=14961"},{"taxonomy":"product_tag","embeddable":true,"href":"https:\/\/fumot-vaping.de\/fr\/wp-json\/wp\/v2\/product_tag?post=14961"}],"curies":[{"name":"wp","href":"https:\/\/api.w.org\/{rel}","templated":true}]}}