{"id":14929,"date":"2025-05-12T11:52:50","date_gmt":"2025-05-12T11:52:50","guid":{"rendered":"https:\/\/fumot-vaping.de\/?post_type=product&#038;p=14929"},"modified":"2025-07-18T01:33:27","modified_gmt":"2025-07-18T01:33:27","slug":"randm-tornado-10000-puffs-rechargeable-rgb","status":"publish","type":"product","link":"https:\/\/fumot-vaping.de\/fr\/product\/randm-tornado-10000-puffs-rechargeable-rgb\/","title":{"rendered":"RandM Tornado 10000 Puffs rechargeable RGB"},"content":{"rendered":"<h2><strong>RandM Tornado 10000 Puffs, Vaporisateur RGB rechargeable jetable<\/strong><\/h2>\n<p>Le site <strong>RandM Tornado 10000 Puffs, Vape jetable<\/strong>, est destin\u00e9 \u00e0 tous ceux qui aiment les bouff\u00e9es puissantes, les go\u00fbts intenses et les longues sessions - le tout dans un appareil \u00e9l\u00e9gant. Avec jusqu'\u00e0 <strong>10000 bouff\u00e9es <\/strong>il offre un plaisir constant de la premi\u00e8re \u00e0 la derni\u00e8re bouff\u00e9e. Et ce plaisir est encore plus doux gr\u00e2ce au mesh coil, qui agr\u00e9mente chaque bouff\u00e9e d'une vapeur riche et d'un go\u00fbt puissant.<\/p>\n<p>Ce vaporisateur est pr\u00e9-rempli avec de g\u00e9n\u00e9reux 20 ml de liquide premium et 5 % de nicotine, ce qui le rend id\u00e9al pour les vapoteurs exp\u00e9riment\u00e9s et tous ceux qui recherchent un throat hit plus intense. Et oui, il est rechargeable - avec une batterie de 850 mAh - pour que vous n'ayez pas \u00e0 vous en d\u00e9barrasser si vite. Recharge via le type-C ? Pas cette fois, malheureusement, mais la batterie tient \u00e9tonnamment bien.<\/p>\n<p>De plus, l'arriv\u00e9e d'air r\u00e9glable te donne un contr\u00f4le total sur ton inhalation : plus serr\u00e9 pour plus d'intensit\u00e9 ou plus rel\u00e2ch\u00e9 pour des bouff\u00e9es plus intenses. Je me suis soudain souvenu en \u00e9crivant - l'\u00e9clairage RGB cr\u00e9e une atmosph\u00e8re futuriste, surtout lorsque tu vapotes la nuit ou dans des conditions de faible luminosit\u00e9. Ce n'est pas seulement un vaporisateur, mais une sorte de mini-spectacle lumineux dans votre main.<\/p>\n<p>Ou plut\u00f4t, lors du <strong>RandM Tornado 10000<\/strong> <strong>Puffs<\/strong>ce n'est pas seulement une question de chiffres \u00e9lev\u00e9s - c'est une question d'exp\u00e9rience. La combinaison d'un tirage confortable, d'un coil en maille MTL et de r\u00e9glages personnalisables en fait l'un des appareils jetables les plus polyvalents du march\u00e9.<\/p>\n<h2><strong>RandM Tornado 10000 bouff\u00e9es<\/strong> - <strong>Caract\u00e9ristiques :<\/strong><\/h2>\n<p>Jusqu'\u00e0 <strong>10000 bouff\u00e9es<\/strong><\/p>\n<p>Pr\u00e9-rempli avec 20 ml de liquide<\/p>\n<p>batterie de 850 mAh<\/p>\n<p>5 % Taux de nicotine<\/p>\n<p>Mesh Coil pour un go\u00fbt complet (tirage MTL)<\/p>\n<p>Activation de la traction pour une manipulation facile<\/p>\n<p>Arriv\u00e9e d'air r\u00e9glable pour des inhalations individuelles<\/p>\n<p>Lumi\u00e8re RGB \u00e0 6 couleurs pour une exp\u00e9rience de vapotage dynamique<\/p>\n<p>Saveurs :<\/p>\n<p>Mangue-Maracuja<\/p>\n<p>Myrtille, framboise acidul\u00e9e<\/p>\n<p>Bonbons \u00e0 la gomme<\/p>\n<p>framboise, fraise<\/p>\n<p>Cocktail orange et citron vert<\/p>\n<p>D\u00e9lice tropical<\/p>\n<p>Glace au raisin<\/p>\n<p>Blue Razz<\/p>\n<p>fraise, past\u00e8que<\/p>\n<p>menthe, menthol<\/p>\n<p>Limonade de past\u00e8que<\/p>\n<p>M\u00e9lange de baies<\/p>\n<p>Donut \u00e0 la fraise<\/p>\n<p>fraise, kiwi<\/p>\n<p>myrtille, cerise<\/p>\n<p>Glace \u00e0 la framboise et \u00e0 la p\u00eache<\/p>\n<p>Qu'il s'agisse de fusion fruit\u00e9e, de menthe fra\u00eeche ou de quelque chose d'inattendu et de sucr\u00e9 comme Gummy Drop, <strong>RandM Tornado 10000 bouff\u00e9es<\/strong> offre un go\u00fbt adapt\u00e9 \u00e0 chaque moment. Et c'est justement ce qui fait sa beaut\u00e9 : le go\u00fbt rencontre la performance, bouff\u00e9e apr\u00e8s bouff\u00e9e.<\/p>\n<h2><strong>FAQ\u00a0<\/strong><\/h2>\n<p>Q : Offrez-vous des livraisons internationales ?<br \/>\nOui, nous exp\u00e9dions dans le monde entier.<\/p>\n<p>Q : Quelle est la dur\u00e9e de l'exp\u00e9dition ?<br \/>\nTypiquement 5 \u00e0 12 jours ouvrables, selon votre lieu de r\u00e9sidence.<\/p>\n<p>Q : Le suivi est-il disponible ?<br \/>\nOui, chaque commande est accompagn\u00e9e d'un num\u00e9ro de suivi.<\/p>\n<p>Q : Que faire si mon colis est endommag\u00e9 ou qu'il manque des \u00e9l\u00e9ments ?<br \/>\nVeuillez nous contacter dans les 48 heures et nous r\u00e9soudrons rapidement le probl\u00e8me.<\/p>\n<p>Q : Existe-t-il des r\u00e9ductions sur les frais de port pour les commandes en vrac ?<br \/>\nOui, nous proposons des tarifs d'exp\u00e9dition avantageux pour les commandes de gros volumes.<\/p>","protected":false},"excerpt":{"rendered":"<p><strong>RandM Tornado 10000 bouff\u00e9es<\/strong>Vape avec 20 ml d'e-liquide, batterie rechargeable de 850 mAh, coil en maille, lumi\u00e8re RGB et arriv\u00e9e d'air r\u00e9glable.<\/p>","protected":false},"featured_media":14953,"comment_status":"open","ping_status":"closed","template":"","meta":[],"product_brand":[],"product_cat":[18],"product_tag":[],"class_list":{"0":"post-14929","1":"product","2":"type-product","3":"status-publish","4":"has-post-thumbnail","6":"product_cat-randm-fumot-einweg-vape","8":"first","9":"outofstock","10":"shipping-taxable","11":"purchasable","12":"product-type-variable"},"_links":{"self":[{"href":"https:\/\/fumot-vaping.de\/fr\/wp-json\/wp\/v2\/product\/14929","targetHints":{"allow":["GET"]}}],"collection":[{"href":"https:\/\/fumot-vaping.de\/fr\/wp-json\/wp\/v2\/product"}],"about":[{"href":"https:\/\/fumot-vaping.de\/fr\/wp-json\/wp\/v2\/types\/product"}],"replies":[{"embeddable":true,"href":"https:\/\/fumot-vaping.de\/fr\/wp-json\/wp\/v2\/comments?post=14929"}],"version-history":[{"count":2,"href":"https:\/\/fumot-vaping.de\/fr\/wp-json\/wp\/v2\/product\/14929\/revisions"}],"predecessor-version":[{"id":15126,"href":"https:\/\/fumot-vaping.de\/fr\/wp-json\/wp\/v2\/product\/14929\/revisions\/15126"}],"wp:featuredmedia":[{"embeddable":true,"href":"https:\/\/fumot-vaping.de\/fr\/wp-json\/wp\/v2\/media\/14953"}],"wp:attachment":[{"href":"https:\/\/fumot-vaping.de\/fr\/wp-json\/wp\/v2\/media?parent=14929"}],"wp:term":[{"taxonomy":"product_brand","embeddable":true,"href":"https:\/\/fumot-vaping.de\/fr\/wp-json\/wp\/v2\/product_brand?post=14929"},{"taxonomy":"product_cat","embeddable":true,"href":"https:\/\/fumot-vaping.de\/fr\/wp-json\/wp\/v2\/product_cat?post=14929"},{"taxonomy":"product_tag","embeddable":true,"href":"https:\/\/fumot-vaping.de\/fr\/wp-json\/wp\/v2\/product_tag?post=14929"}],"curies":[{"name":"wp","href":"https:\/\/api.w.org\/{rel}","templated":true}]}}